{"id":6537,"date":"2025-02-26T10:48:59","date_gmt":"2025-02-26T09:48:59","guid":{"rendered":"https:\/\/serveiseducatius.xtec.cat\/pladelestany\/?page_id=6537"},"modified":"2025-07-11T14:05:48","modified_gmt":"2025-07-11T12:05:48","slug":"que-es","status":"publish","type":"page","link":"https:\/\/serveiseducatius.xtec.cat\/pladelestany\/entorn\/servei-comunitari\/que-es\/","title":{"rendered":"Qu\u00e8 \u00e9s?"},"content":{"rendered":"\n<figure class=\"wp-block-image aligncenter size-large\"><img loading=\"lazy\" decoding=\"async\" width=\"1024\" height=\"256\" src=\"https:\/\/serveiseducatius.xtec.cat\/pladelestany\/wp-content\/uploads\/usu771\/2025\/02\/4-4-1024x256.png\" alt=\"\" class=\"wp-image-6538\" srcset=\"https:\/\/serveiseducatius.xtec.cat\/pladelestany\/wp-content\/uploads\/usu771\/2025\/02\/4-4-1024x256.png 1024w, https:\/\/serveiseducatius.xtec.cat\/pladelestany\/wp-content\/uploads\/usu771\/2025\/02\/4-4-300x75.png 300w, https:\/\/serveiseducatius.xtec.cat\/pladelestany\/wp-content\/uploads\/usu771\/2025\/02\/4-4-768x192.png 768w, https:\/\/serveiseducatius.xtec.cat\/pladelestany\/wp-content\/uploads\/usu771\/2025\/02\/4-4-1536x384.png 1536w, https:\/\/serveiseducatius.xtec.cat\/pladelestany\/wp-content\/uploads\/usu771\/2025\/02\/4-4.png 1920w\" sizes=\"auto, (max-width: 1024px) 100vw, 1024px\" \/><\/figure>\n\n\n\n<p>El&nbsp;Servei Comunitari&nbsp;\u00e9s una acci\u00f3 educativa que es realitza durant el segon cicle de l\u2019Educaci\u00f3 Secund\u00e0ria Obligat\u00f2ria&nbsp;amb l\u2019objectiu de fer part\u00edcip l\u2019alumnat en accions socials i que combina processos d\u2019aprenentatge&nbsp;i de&nbsp;servei&nbsp;a la comunitat. Permet a l\u2019alumnat analitzar l\u2019entorn, elaborar propostes de millora i desenvolupar-les des de la pr\u00e0ctica, la implicaci\u00f3 i el comprom\u00eds.<\/p>\n\n\n\n<ul class=\"wp-block-list\">\n<li>Implica aprenentatge, \u00e9s vivencial<\/li>\n\n\n\n<li>Desenvolupa habilitats<\/li>\n\n\n\n<li>Afavoreix el creixement personal i social de l&#8217;alumnat<\/li>\n\n\n\n<li>Afavoreix l&#8217;arrelament al territori<\/li>\n\n\n\n<li>Permet descobrir vocacions i recuperar la llavor del voluntariat<\/li>\n\n\n\n<li>Sensibilitza cap a la comunitat<\/li>\n\n\n\n<li>Dona visibilitat a les entitats de la zona<\/li>\n<\/ul>\n\n\n\n<p>L\u2019impuls del Servei Comunitari \u00e9s una acci\u00f3 que vol promoure que l\u2019alumnat&nbsp;experimenti&nbsp;i&nbsp;protagonitzi&nbsp;accions de comprom\u00eds c\u00edvic, que aprengui en l\u2019exercici actiu de la ciutadania, i que posi en joc els seus coneixements i capacitats&nbsp;al servei de la comunitat.<\/p>\n\n\n\n<h4 class=\"wp-block-heading\" id=\"h.re6ffun9ixlj_l\"><a href=\"https:\/\/sites.google.com\/a\/xtec.cat\/serveicomunitaripladelestany\/home\/qu%C3%A8-%C3%A9s#h.re6ffun9ixlj\"><\/a><a href=\"https:\/\/sites.google.com\/a\/xtec.cat\/serveicomunitaripladelestany\/home\/qu%C3%A8-%C3%A9s#h.re6ffun9ixlj\"><\/a>Aquest espai \u00e9s el&nbsp;punt de trobada i de difusi\u00f3&nbsp;entre&nbsp;Instituts del Pla de l\u2019Estany&nbsp;i les&nbsp;entitats, els&nbsp;ajuntaments, les&nbsp;federacions&nbsp;o el&nbsp;Consell Comarcal&nbsp;per a donar visibilitat als projectes que s\u2019engeguen des dels centres educatius de secund\u00e0ria.<\/h4>\n\n\n\n<p>Les entitats i els Instituts tenen un&nbsp;<strong>repte<\/strong>:&nbsp;<span style=\"text-decoration: underline;\">Qu\u00e8 podeu fer vosaltres, joves, per col\u00b7laborar?<\/span><\/p>\n\n\n\n<p>Penseu, cerqueu, plantegeu, organitzeu, dinamitzeu i reflexioneu!<\/p>\n\n\n\n<p>Els principis que regeixen el Servei comunitari s\u00f3n:&nbsp;<\/p>\n\n\n\n<ol class=\"wp-block-list\">\n<li>Educaci\u00f3 en valors. Una acci\u00f3 educativa basada en l\u2019experi\u00e8ncia, la viv\u00e8ncia i la construcci\u00f3 d\u2019h\u00e0bits i valors.&nbsp;<\/li>\n\n\n\n<li>Participaci\u00f3 activa i democr\u00e0tica. La participaci\u00f3 activa de l\u2019alumnat en un servei que es duu a terme en benefici de la comunitat&nbsp;&nbsp;<\/li>\n\n\n\n<li>Resposta a les necessitats socials emergents. L\u2019atenci\u00f3 de necessitats reals i sentides per la comunitat.&nbsp;<\/li>\n\n\n\n<li>Treball en xarxa i corresponsabilitzaci\u00f3.&nbsp;El treball en xarxa dels diferents agents educatius d\u2019un territori a partir d\u2019uns objectius compartits.&nbsp;<\/li>\n\n\n\n<li>Millora constant. Indicadors que permetin fer un seguiment i elaborar propostes de millora.&nbsp;<\/li>\n<\/ol>\n\n\n\n<figure class=\"wp-block-embed is-type-video is-provider-youtube wp-block-embed-youtube wp-embed-aspect-4-3 wp-has-aspect-ratio\"><div class=\"wp-block-embed__wrapper\">\n<div class=\"ast-oembed-container \" style=\"height: 100%;\"><iframe loading=\"lazy\" title=\"Promoci\u00f3 del Servei Comunitari\" width=\"500\" height=\"375\" src=\"https:\/\/www.youtube.com\/embed\/drlFRyH_5Ko?start=4&#038;feature=oembed\" frameborder=\"0\" allow=\"accelerometer; autoplay; clipboard-write; encrypted-media; gyroscope; picture-in-picture; web-share\" referrerpolicy=\"strict-origin-when-cross-origin\" allowfullscreen><\/iframe><\/div>\n<\/div><\/figure>\n\n\n\n<figure class=\"wp-block-image aligncenter size-large is-resized\"><a href=\"https:\/\/serveiseducatius.xtec.cat\/pladelestany\/entorn\/servei-comunitari\/que-es\/nou-curriculum\/\"><img loading=\"lazy\" decoding=\"async\" width=\"1024\" height=\"1024\" src=\"https:\/\/serveiseducatius.xtec.cat\/pladelestany\/wp-content\/uploads\/usu771\/2025\/02\/9-1-1024x1024.png\" alt=\"\" class=\"wp-image-6542\" style=\"width:300px;height:auto\" srcset=\"https:\/\/serveiseducatius.xtec.cat\/pladelestany\/wp-content\/uploads\/usu771\/2025\/02\/9-1-1024x1024.png 1024w, https:\/\/serveiseducatius.xtec.cat\/pladelestany\/wp-content\/uploads\/usu771\/2025\/02\/9-1-300x300.png 300w, https:\/\/serveiseducatius.xtec.cat\/pladelestany\/wp-content\/uploads\/usu771\/2025\/02\/9-1-150x150.png 150w, https:\/\/serveiseducatius.xtec.cat\/pladelestany\/wp-content\/uploads\/usu771\/2025\/02\/9-1-768x768.png 768w, https:\/\/serveiseducatius.xtec.cat\/pladelestany\/wp-content\/uploads\/usu771\/2025\/02\/9-1.png 1080w\" sizes=\"auto, (max-width: 1024px) 100vw, 1024px\" \/><\/a><\/figure>\n\n\n\n<figure class=\"wp-block-image alignright size-large is-resized\"><a href=\"https:\/\/serveiseducatius.xtec.cat\/pladelestany\/entorn\/servei-comunitari\/\"><img loading=\"lazy\" decoding=\"async\" width=\"1024\" height=\"1024\" src=\"https:\/\/serveiseducatius.xtec.cat\/pladelestany\/wp-content\/uploads\/usu771\/2025\/02\/11-1-1024x1024.png\" alt=\"\" class=\"wp-image-6543\" style=\"width:142px;height:auto\" srcset=\"https:\/\/serveiseducatius.xtec.cat\/pladelestany\/wp-content\/uploads\/usu771\/2025\/02\/11-1-1024x1024.png 1024w, https:\/\/serveiseducatius.xtec.cat\/pladelestany\/wp-content\/uploads\/usu771\/2025\/02\/11-1-300x300.png 300w, https:\/\/serveiseducatius.xtec.cat\/pladelestany\/wp-content\/uploads\/usu771\/2025\/02\/11-1-150x150.png 150w, https:\/\/serveiseducatius.xtec.cat\/pladelestany\/wp-content\/uploads\/usu771\/2025\/02\/11-1-768x768.png 768w, https:\/\/serveiseducatius.xtec.cat\/pladelestany\/wp-content\/uploads\/usu771\/2025\/02\/11-1.png 1080w\" sizes=\"auto, (max-width: 1024px) 100vw, 1024px\" \/><\/a><\/figure>\n","protected":false},"excerpt":{"rendered":"<p>El&nbsp;Servei Comunitari&nbsp;\u00e9s una acci\u00f3 educativa que es realitza durant el segon cicle de l\u2019Educaci\u00f3 Secund\u00e0ria Obligat\u00f2ria&nbsp;amb l\u2019objectiu de fer part\u00edcip [&hellip;]<\/p>\n","protected":false},"author":5,"featured_media":0,"parent":6514,"menu_order":1,"comment_status":"closed","ping_status":"close","template":"","meta":{"site-sidebar-layout":"default","site-content-layout":"","ast-site-content-layout":"default","site-content-style":"default","site-sidebar-style":"default","ast-global-header-display":"","ast-banner-title-visibility":"","ast-main-header-display":"","ast-hfb-above-header-display":"","ast-hfb-below-header-display":"","ast-hfb-mobile-header-display":"","site-post-title":"disabled","ast-breadcrumbs-content":"","ast-featured-img":"","footer-sml-layout":"","theme-transparent-header-meta":"","adv-header-id-meta":"","stick-header-meta":"","header-above-stick-meta":"","header-main-stick-meta":"","header-below-stick-meta":"","astra-migrate-meta-layouts":"set","ast-page-background-enabled":"default","ast-page-background-meta":{"desktop":{"background-color":"var(--ast-global-color-4)","background-image":"","background-repeat":"repeat","background-position":"center center","background-size":"auto","background-attachment":"scroll","background-type":"","background-media":"","overlay-type":"","overlay-color":"","overlay-opacity":"","overlay-gradient":""},"tablet":{"background-color":"","background-image":"","background-repeat":"repeat","background-position":"center center","background-size":"auto","background-attachment":"scroll","background-type":"","background-media":"","overlay-type":"","overlay-color":"","overlay-opacity":"","overlay-gradient":""},"mobile":{"background-color":"","background-image":"","background-repeat":"repeat","background-position":"center center","background-size":"auto","background-attachment":"scroll","background-type":"","background-media":"","overlay-type":"","overlay-color":"","overlay-opacity":"","overlay-gradient":""}},"ast-content-background-meta":{"desktop":{"background-color":"var(--ast-global-color-5)","background-image":"","background-repeat":"repeat","background-position":"center center","background-size":"auto","background-attachment":"scroll","background-type":"","background-media":"","overlay-type":"","overlay-color":"","overlay-opacity":"","overlay-gradient":""},"tablet":{"background-color":"var(--ast-global-color-5)","background-image":"","background-repeat":"repeat","background-position":"center center","background-size":"auto","background-attachment":"scroll","background-type":"","background-media":"","overlay-type":"","overlay-color":"","overlay-opacity":"","overlay-gradient":""},"mobile":{"background-color":"var(--ast-global-color-5)","background-image":"","background-repeat":"repeat","background-position":"center center","background-size":"auto","background-attachment":"scroll","background-type":"","background-media":"","overlay-type":"","overlay-color":"","overlay-opacity":"","overlay-gradient":""}},"footnotes":""},"class_list":["post-6537","page","type-page","status-publish","hentry"],"post_mailing_queue_ids":[],"_links":{"self":[{"href":"https:\/\/serveiseducatius.xtec.cat\/pladelestany\/wp-json\/wp\/v2\/pages\/6537","targetHints":{"allow":["GET"]}}],"collection":[{"href":"https:\/\/serveiseducatius.xtec.cat\/pladelestany\/wp-json\/wp\/v2\/pages"}],"about":[{"href":"https:\/\/serveiseducatius.xtec.cat\/pladelestany\/wp-json\/wp\/v2\/types\/page"}],"author":[{"embeddable":true,"href":"https:\/\/serveiseducatius.xtec.cat\/pladelestany\/wp-json\/wp\/v2\/users\/5"}],"replies":[{"embeddable":true,"href":"https:\/\/serveiseducatius.xtec.cat\/pladelestany\/wp-json\/wp\/v2\/comments?post=6537"}],"version-history":[{"count":5,"href":"https:\/\/serveiseducatius.xtec.cat\/pladelestany\/wp-json\/wp\/v2\/pages\/6537\/revisions"}],"predecessor-version":[{"id":6675,"href":"https:\/\/serveiseducatius.xtec.cat\/pladelestany\/wp-json\/wp\/v2\/pages\/6537\/revisions\/6675"}],"up":[{"embeddable":true,"href":"https:\/\/serveiseducatius.xtec.cat\/pladelestany\/wp-json\/wp\/v2\/pages\/6514"}],"wp:attachment":[{"href":"https:\/\/serveiseducatius.xtec.cat\/pladelestany\/wp-json\/wp\/v2\/media?parent=6537"}],"curies":[{"name":"wp","href":"https:\/\/api.w.org\/{rel}","templated":true}]}}