{"id":6313,"date":"2025-02-23T14:47:17","date_gmt":"2025-02-23T13:47:17","guid":{"rendered":"https:\/\/serveiseducatius.xtec.cat\/pladelestany\/?page_id=6313"},"modified":"2025-02-23T14:47:17","modified_gmt":"2025-02-23T13:47:17","slug":"com-ser-el-millor-suport-per-al-teu-alumnat-tecnificat-2","status":"publish","type":"page","link":"https:\/\/serveiseducatius.xtec.cat\/pladelestany\/les-nostres-activitats\/seminaris\/com-ser-el-millor-suport-per-al-teu-alumnat-tecnificat-2\/","title":{"rendered":"Com ser el millor suport per al teu alumnat tecnificat 2"},"content":{"rendered":"\n<p>Seminari de coordinaci\u00f3. Secund\u00e0ria en general<\/p>\n\n\n\n<p>Es treballa amb una metodologia contrastada amb altres centres i clubs d&#8217;Europa amb l&#8217;objectiu de compaginar un bon rendiment acad\u00e8mic i una alta exig\u00e8ncia esportiva, de manera que es demostri que no s\u00f3n nom\u00e9s compatibles sin\u00f3 tamb\u00e9 complementaris.<\/p>\n\n\n\n<p>Coneixerem els fonaments basats en un treball conjunt dels \u00e0mbits esportiu, acad\u00e8mic i personal per part dels agents que intervenen en el proc\u00e9s: entrenador, fam\u00edlia, professorat i alumne\/esportista. Desenvoluparem la pr\u00e0ctica recollida en el programa pilot elaborat a partir de les experi\u00e8ncies recollides a nivell europeu en l&#8217;\u00e0mbit de Carreres Duals i que contempla reunions a 4 bandes, propostes d&#8217;objectius, trobades amb els diferents professionals\u2026 i observarem el resultat a trav\u00e9s, entre d&#8217;altres, del sistema de seguiment digital dels alumnes\/esportistes participants. Tamb\u00e9 hi haur\u00e0 l&#8217;estudi de casos d&#8217;\u00e8xit.<\/p>\n","protected":false},"excerpt":{"rendered":"<p>Seminari de coordinaci\u00f3. Secund\u00e0ria en general Es treballa amb una metodologia contrastada amb altres centres i clubs d&#8217;Europa amb l&#8217;objectiu [&hellip;]<\/p>\n","protected":false},"author":5,"featured_media":0,"parent":6217,"menu_order":10,"comment_status":"closed","ping_status":"close","template":"","meta":{"site-sidebar-layout":"default","site-content-layout":"","ast-site-content-layout":"default","site-content-style":"default","site-sidebar-style":"default","ast-global-header-display":"","ast-banner-title-visibility":"","ast-main-header-display":"","ast-hfb-above-header-display":"","ast-hfb-below-header-display":"","ast-hfb-mobile-header-display":"","site-post-title":"","ast-breadcrumbs-content":"","ast-featured-img":"","footer-sml-layout":"","theme-transparent-header-meta":"","adv-header-id-meta":"","stick-header-meta":"","header-above-stick-meta":"","header-main-stick-meta":"","header-below-stick-meta":"","astra-migrate-meta-layouts":"set","ast-page-background-enabled":"default","ast-page-background-meta":{"desktop":{"background-color":"var(--ast-global-color-4)","background-image":"","background-repeat":"repeat","background-position":"center center","background-size":"auto","background-attachment":"scroll","background-type":"","background-media":"","overlay-type":"","overlay-color":"","overlay-opacity":"","overlay-gradient":""},"tablet":{"background-color":"","background-image":"","background-repeat":"repeat","background-position":"center center","background-size":"auto","background-attachment":"scroll","background-type":"","background-media":"","overlay-type":"","overlay-color":"","overlay-opacity":"","overlay-gradient":""},"mobile":{"background-color":"","background-image":"","background-repeat":"repeat","background-position":"center center","background-size":"auto","background-attachment":"scroll","background-type":"","background-media":"","overlay-type":"","overlay-color":"","overlay-opacity":"","overlay-gradient":""}},"ast-content-background-meta":{"desktop":{"background-color":"var(--ast-global-color-5)","background-image":"","background-repeat":"repeat","background-position":"center center","background-size":"auto","background-attachment":"scroll","background-type":"","background-media":"","overlay-type":"","overlay-color":"","overlay-opacity":"","overlay-gradient":""},"tablet":{"background-color":"var(--ast-global-color-5)","background-image":"","background-repeat":"repeat","background-position":"center center","background-size":"auto","background-attachment":"scroll","background-type":"","background-media":"","overlay-type":"","overlay-color":"","overlay-opacity":"","overlay-gradient":""},"mobile":{"background-color":"var(--ast-global-color-5)","background-image":"","background-repeat":"repeat","background-position":"center center","background-size":"auto","background-attachment":"scroll","background-type":"","background-media":"","overlay-type":"","overlay-color":"","overlay-opacity":"","overlay-gradient":""}},"footnotes":""},"class_list":["post-6313","page","type-page","status-publish","hentry"],"post_mailing_queue_ids":[],"_links":{"self":[{"href":"https:\/\/serveiseducatius.xtec.cat\/pladelestany\/wp-json\/wp\/v2\/pages\/6313","targetHints":{"allow":["GET"]}}],"collection":[{"href":"https:\/\/serveiseducatius.xtec.cat\/pladelestany\/wp-json\/wp\/v2\/pages"}],"about":[{"href":"https:\/\/serveiseducatius.xtec.cat\/pladelestany\/wp-json\/wp\/v2\/types\/page"}],"author":[{"embeddable":true,"href":"https:\/\/serveiseducatius.xtec.cat\/pladelestany\/wp-json\/wp\/v2\/users\/5"}],"replies":[{"embeddable":true,"href":"https:\/\/serveiseducatius.xtec.cat\/pladelestany\/wp-json\/wp\/v2\/comments?post=6313"}],"version-history":[{"count":1,"href":"https:\/\/serveiseducatius.xtec.cat\/pladelestany\/wp-json\/wp\/v2\/pages\/6313\/revisions"}],"predecessor-version":[{"id":6316,"href":"https:\/\/serveiseducatius.xtec.cat\/pladelestany\/wp-json\/wp\/v2\/pages\/6313\/revisions\/6316"}],"up":[{"embeddable":true,"href":"https:\/\/serveiseducatius.xtec.cat\/pladelestany\/wp-json\/wp\/v2\/pages\/6217"}],"wp:attachment":[{"href":"https:\/\/serveiseducatius.xtec.cat\/pladelestany\/wp-json\/wp\/v2\/media?parent=6313"}],"curies":[{"name":"wp","href":"https:\/\/api.w.org\/{rel}","templated":true}]}}