{"id":6285,"date":"2025-02-22T16:39:02","date_gmt":"2025-02-22T15:39:02","guid":{"rendered":"https:\/\/serveiseducatius.xtec.cat\/pladelestany\/?page_id=6285"},"modified":"2025-06-19T09:31:40","modified_gmt":"2025-06-19T07:31:40","slug":"xarxa-de-competencies-basiques","status":"publish","type":"page","link":"https:\/\/serveiseducatius.xtec.cat\/pladelestany\/les-nostres-activitats\/xarxa-de-competencies-basiques\/","title":{"rendered":"Xarxa de compet\u00e8ncies b\u00e0siques"},"content":{"rendered":"\n<figure class=\"wp-block-image alignleft size-full\"><a href=\"https:\/\/serveiseducatius.xtec.cat\/pladelestany\/wp-content\/uploads\/usu771\/2025\/02\/baixa-1.png\"><img loading=\"lazy\" decoding=\"async\" width=\"378\" height=\"133\" src=\"https:\/\/serveiseducatius.xtec.cat\/pladelestany\/wp-content\/uploads\/usu771\/2025\/02\/baixa-1.png\" alt=\"\" class=\"wp-image-6287\" srcset=\"https:\/\/serveiseducatius.xtec.cat\/pladelestany\/wp-content\/uploads\/usu771\/2025\/02\/baixa-1.png 378w, https:\/\/serveiseducatius.xtec.cat\/pladelestany\/wp-content\/uploads\/usu771\/2025\/02\/baixa-1-300x106.png 300w\" sizes=\"auto, (max-width: 378px) 100vw, 378px\" \/><\/a><\/figure>\n\n\n\n<p><\/p>\n\n\n\n<p><\/p>\n\n\n\n<p><\/p>\n\n\n\n<p><\/p>\n\n\n\n<p>La Xarxa de Compet\u00e8ncies B\u00e0siques Territorial est\u00e0 formada per un equip de docents que desenvolupen el treball per compet\u00e8ncies als seus centres, elaboren instruments de suport per orientar els processos de reflexi\u00f3 i la gesti\u00f3 del curr\u00edculum, i comparteixen processos d\u2019autoavaluaci\u00f3.<\/p>\n\n\n\n<p>Aquest curs 2024-25, set\u00e8 any de la xarxa 11, en formen part els seg\u00fcents centres del Pla de l\u2019Estany:<\/p>\n\n\n\n<p>Escola de St. Esteve de Guialbes<\/p>\n\n\n\n<p><\/p>\n\n\n\n<p>El fet de pert\u00e0nyer a una xarxa docent entre iguals, com la Xarxa de Compet\u00e8ncies B\u00e0siques, empeny a crear espais pedag\u00f2gics en el si de cada centre i a aprendre dels altres centres en un context de formaci\u00f3 cont\u00ednua entre iguals, que combina l\u2019acci\u00f3 i la reflexi\u00f3, amb la finalitat de consolidar projectes educatius transformadors i basats en el treball en equip de tots els agents de la comunitat educativa. La Xarxa CB inicial es va posar en marxa el curs 2000-2001, i ara s\u2019ha ampliat fins a implicar un total de 715 centres (uns 12.000 docents) i 57 CRPs de tota Catalunya.<\/p>\n\n\n\n<p>Acc\u00e9s a:<\/p>\n\n\n\n<p><a href=\"https:\/\/odissea.xtec.cat\/enrol\/index.php?id=211991\" target=\"_blank\" rel=\"noreferrer noopener\">ENTORN ODISSEA 24-25<\/a>&nbsp;(cal identificar-se amb usuari xtec)<br><a href=\"https:\/\/projectes.xtec.cat\/xarxacb\/projectes\/\" target=\"_blank\" rel=\"noreferrer noopener\">PROJECTES XCBT<\/a><\/p>\n\n\n\n<h2 class=\"wp-block-heading\">Articles<\/h2>\n\n\n        <div class=\"wp-block-getwid-custom-post-type custom-post-type-post has-layout-grid has-spacing-normal\">\n            <div class=\"wp-block-getwid-custom-post-type__wrapper getwid-columns getwid-columns-4\">\n                \t\t\t\t\t\t\t\t<div class='wp-block-getwid-custom-post-type__post'>\n\t\t\t\t\t\t\t\t\t\n<div class=\"wp-block-getwid-custom-post-type__post-wrapper\">\n            <div class=\"wp-block-getwid-custom-post-type__post-thumbnail\">\n            <a href=\"https:\/\/serveiseducatius.xtec.cat\/pladelestany\/general\/evidencies_2425_xdc11\/\"><img loading=\"lazy\" decoding=\"async\" width=\"2000\" height=\"2000\" src=\"https:\/\/serveiseducatius.xtec.cat\/pladelestany\/wp-content\/uploads\/usu771\/2025\/06\/Imatges-destacades-articles-19.png\" class=\"attachment-post-thumbnail size-post-thumbnail wp-post-image\" alt=\"\" srcset=\"https:\/\/serveiseducatius.xtec.cat\/pladelestany\/wp-content\/uploads\/usu771\/2025\/06\/Imatges-destacades-articles-19.png 2000w, https:\/\/serveiseducatius.xtec.cat\/pladelestany\/wp-content\/uploads\/usu771\/2025\/06\/Imatges-destacades-articles-19-300x300.png 300w, https:\/\/serveiseducatius.xtec.cat\/pladelestany\/wp-content\/uploads\/usu771\/2025\/06\/Imatges-destacades-articles-19-1024x1024.png 1024w, https:\/\/serveiseducatius.xtec.cat\/pladelestany\/wp-content\/uploads\/usu771\/2025\/06\/Imatges-destacades-articles-19-150x150.png 150w, https:\/\/serveiseducatius.xtec.cat\/pladelestany\/wp-content\/uploads\/usu771\/2025\/06\/Imatges-destacades-articles-19-768x768.png 768w, https:\/\/serveiseducatius.xtec.cat\/pladelestany\/wp-content\/uploads\/usu771\/2025\/06\/Imatges-destacades-articles-19-1536x1536.png 1536w\" sizes=\"auto, (max-width: 2000px) 100vw, 2000px\" \/><\/a>\n        <\/div>\n        <div class=\"wp-block-getwid-custom-post-type__content-wrapper\">\n        <div class=\"wp-block-getwid-custom-post-type__post-header\">\n            <h3 class=\"wp-block-getwid-custom-post-type__post-title\"><a href=\"https:\/\/serveiseducatius.xtec.cat\/pladelestany\/general\/evidencies_2425_xdc11\/\">El que hem apr\u00e8s durant el curs 24-25 a la XdCT-11<\/a><\/h3>        <\/div>\n        <div class=\"wp-block-getwid-custom-post-type__post-excerpt \"><p>Us mostrem tot all\u00f2 que han fet els centres de la Xarxa 11 (Baix Empord\u00e0, Alt Empord\u00e0, Pla de l\u2019Estany [&hellip;]<\/p>\n<\/div>\n    <\/div>\n<\/div>\n\t\t\t\t\t\t\t\t<\/div>\n\t\t\t\t\t\t\t\t\t\t\t\t\t\t\t<div class='wp-block-getwid-custom-post-type__post'>\n\t\t\t\t\t\t\t\t\t\n<div class=\"wp-block-getwid-custom-post-type__post-wrapper\">\n            <div class=\"wp-block-getwid-custom-post-type__post-thumbnail\">\n            <a href=\"https:\/\/serveiseducatius.xtec.cat\/pladelestany\/general\/xdc2324-final\/\"><img loading=\"lazy\" decoding=\"async\" width=\"400\" height=\"400\" src=\"https:\/\/serveiseducatius.xtec.cat\/pladelestany\/wp-content\/uploads\/usu771\/2022\/01\/XCB_.jpg\" class=\"attachment-post-thumbnail size-post-thumbnail wp-post-image\" alt=\"\" srcset=\"https:\/\/serveiseducatius.xtec.cat\/pladelestany\/wp-content\/uploads\/usu771\/2022\/01\/XCB_.jpg 400w, https:\/\/serveiseducatius.xtec.cat\/pladelestany\/wp-content\/uploads\/usu771\/2022\/01\/XCB_-300x300.jpg 300w, https:\/\/serveiseducatius.xtec.cat\/pladelestany\/wp-content\/uploads\/usu771\/2022\/01\/XCB_-150x150.jpg 150w\" sizes=\"auto, (max-width: 400px) 100vw, 400px\" \/><\/a>\n        <\/div>\n        <div class=\"wp-block-getwid-custom-post-type__content-wrapper\">\n        <div class=\"wp-block-getwid-custom-post-type__post-header\">\n            <h3 class=\"wp-block-getwid-custom-post-type__post-title\"><a href=\"https:\/\/serveiseducatius.xtec.cat\/pladelestany\/general\/xdc2324-final\/\">El que hem apr\u00e8s durant el curs 23-24 a la XdCT-11<\/a><\/h3>        <\/div>\n        <div class=\"wp-block-getwid-custom-post-type__post-excerpt \"><p>Us mostrem tot all\u00f2 que han fet els centres de la Xarxa 11 (Baix Empord\u00e0, Alt Empord\u00e0, Pla de l\u2019Estany [&hellip;]<\/p>\n<\/div>\n    <\/div>\n<\/div>\n\t\t\t\t\t\t\t\t<\/div>\n\t\t\t\t\t\t\t\t\t\t\t\t\t\t\t<div class='wp-block-getwid-custom-post-type__post'>\n\t\t\t\t\t\t\t\t\t\n<div class=\"wp-block-getwid-custom-post-type__post-wrapper\">\n            <div class=\"wp-block-getwid-custom-post-type__post-thumbnail\">\n            <a href=\"https:\/\/serveiseducatius.xtec.cat\/pladelestany\/general\/xdc2223-final\/\"><img loading=\"lazy\" decoding=\"async\" width=\"2387\" height=\"845\" src=\"https:\/\/serveiseducatius.xtec.cat\/pladelestany\/wp-content\/uploads\/usu771\/2024\/02\/Nou-logo-cb.jpg\" class=\"attachment-post-thumbnail size-post-thumbnail wp-post-image\" alt=\"\" srcset=\"https:\/\/serveiseducatius.xtec.cat\/pladelestany\/wp-content\/uploads\/usu771\/2024\/02\/Nou-logo-cb.jpg 2387w, https:\/\/serveiseducatius.xtec.cat\/pladelestany\/wp-content\/uploads\/usu771\/2024\/02\/Nou-logo-cb-300x106.jpg 300w, https:\/\/serveiseducatius.xtec.cat\/pladelestany\/wp-content\/uploads\/usu771\/2024\/02\/Nou-logo-cb-1024x362.jpg 1024w, https:\/\/serveiseducatius.xtec.cat\/pladelestany\/wp-content\/uploads\/usu771\/2024\/02\/Nou-logo-cb-768x272.jpg 768w, https:\/\/serveiseducatius.xtec.cat\/pladelestany\/wp-content\/uploads\/usu771\/2024\/02\/Nou-logo-cb-1536x544.jpg 1536w, https:\/\/serveiseducatius.xtec.cat\/pladelestany\/wp-content\/uploads\/usu771\/2024\/02\/Nou-logo-cb-2048x725.jpg 2048w\" sizes=\"auto, (max-width: 2387px) 100vw, 2387px\" \/><\/a>\n        <\/div>\n        <div class=\"wp-block-getwid-custom-post-type__content-wrapper\">\n        <div class=\"wp-block-getwid-custom-post-type__post-header\">\n            <h3 class=\"wp-block-getwid-custom-post-type__post-title\"><a href=\"https:\/\/serveiseducatius.xtec.cat\/pladelestany\/general\/xdc2223-final\/\">El que hem apr\u00e8s durant el curs 22-23 a la XdCT-11<\/a><\/h3>        <\/div>\n        <div class=\"wp-block-getwid-custom-post-type__post-excerpt \"><p>\ufeff\ufeff\ufeff<\/p>\n<\/div>\n    <\/div>\n<\/div>\n\t\t\t\t\t\t\t\t<\/div>\n\t\t\t\t\t\t\t\t\t\t\t\t\t\t\t<div class='wp-block-getwid-custom-post-type__post'>\n\t\t\t\t\t\t\t\t\t\n<div class=\"wp-block-getwid-custom-post-type__post-wrapper\">\n            <div class=\"wp-block-getwid-custom-post-type__post-thumbnail\">\n            <a href=\"https:\/\/serveiseducatius.xtec.cat\/pladelestany\/general\/el-que-hem-apres-durant-el-curs-21-22-a-la-xcbt-11\/\"><img loading=\"lazy\" decoding=\"async\" width=\"300\" height=\"106\" src=\"https:\/\/serveiseducatius.xtec.cat\/pladelestany\/wp-content\/uploads\/usu771\/2022\/06\/Nou-logo-cb.jpg\" class=\"attachment-post-thumbnail size-post-thumbnail wp-post-image\" alt=\"\" \/><\/a>\n        <\/div>\n        <div class=\"wp-block-getwid-custom-post-type__content-wrapper\">\n        <div class=\"wp-block-getwid-custom-post-type__post-header\">\n            <h3 class=\"wp-block-getwid-custom-post-type__post-title\"><a href=\"https:\/\/serveiseducatius.xtec.cat\/pladelestany\/general\/el-que-hem-apres-durant-el-curs-21-22-a-la-xcbt-11\/\">El que hem apr\u00e8s durant el curs 21-22 a la XCBT-11<\/a><\/h3>        <\/div>\n        <div class=\"wp-block-getwid-custom-post-type__post-excerpt \"><p>Recull del que hem treballat i apr\u00e8s aquest curs a la XCB<\/p>\n<\/div>\n    <\/div>\n<\/div>\n\t\t\t\t\t\t\t\t<\/div>\n\t\t\t\t\t\t\t\t\t\t\t\t\t\t\t<div class='wp-block-getwid-custom-post-type__post'>\n\t\t\t\t\t\t\t\t\t\n<div class=\"wp-block-getwid-custom-post-type__post-wrapper\">\n            <div class=\"wp-block-getwid-custom-post-type__post-thumbnail\">\n            <a href=\"https:\/\/serveiseducatius.xtec.cat\/pladelestany\/general\/jornada-anual-xarxa-de-competencies-basiques\/\"><img loading=\"lazy\" decoding=\"async\" width=\"300\" height=\"106\" src=\"https:\/\/serveiseducatius.xtec.cat\/pladelestany\/wp-content\/uploads\/usu771\/2022\/06\/Nou-logo-cb.jpg\" class=\"attachment-post-thumbnail size-post-thumbnail wp-post-image\" alt=\"\" \/><\/a>\n        <\/div>\n        <div class=\"wp-block-getwid-custom-post-type__content-wrapper\">\n        <div class=\"wp-block-getwid-custom-post-type__post-header\">\n            <h3 class=\"wp-block-getwid-custom-post-type__post-title\"><a href=\"https:\/\/serveiseducatius.xtec.cat\/pladelestany\/general\/jornada-anual-xarxa-de-competencies-basiques\/\">Jornada anual Xarxa de Compet\u00e8ncies B\u00e0siques<\/a><\/h3>        <\/div>\n        <div class=\"wp-block-getwid-custom-post-type__post-excerpt \"><p>Us convidem a la jornada anual de la Xarxa de compet\u00e8ncies, que es realitzar\u00e0 el pr\u00f2xim 8 de juliol de [&hellip;]<\/p>\n<\/div>\n    <\/div>\n<\/div>\n\t\t\t\t\t\t\t\t<\/div>\n\t\t\t\t\t\t\t\t\t\t\t\t\t\t\t<div class='wp-block-getwid-custom-post-type__post'>\n\t\t\t\t\t\t\t\t\t\n<div class=\"wp-block-getwid-custom-post-type__post-wrapper\">\n            <div class=\"wp-block-getwid-custom-post-type__post-thumbnail\">\n            <a href=\"https:\/\/serveiseducatius.xtec.cat\/pladelestany\/portada\/xcbt11-recullfinal\/\"><img loading=\"lazy\" decoding=\"async\" width=\"300\" height=\"101\" src=\"https:\/\/serveiseducatius.xtec.cat\/pladelestany\/wp-content\/uploads\/usu771\/2019\/10\/xcb-300x101.png\" class=\"attachment-post-thumbnail size-post-thumbnail wp-post-image\" alt=\"\" \/><\/a>\n        <\/div>\n        <div class=\"wp-block-getwid-custom-post-type__content-wrapper\">\n        <div class=\"wp-block-getwid-custom-post-type__post-header\">\n            <h3 class=\"wp-block-getwid-custom-post-type__post-title\"><a href=\"https:\/\/serveiseducatius.xtec.cat\/pladelestany\/portada\/xcbt11-recullfinal\/\">El que hem apr\u00e8s durant el curs 20-21 a la XCBT-11<\/a><\/h3>        <\/div>\n        <div class=\"wp-block-getwid-custom-post-type__post-excerpt \"><p>Recull del que hem treballat i apr\u00e8s aquest curs a la XCB<\/p>\n<\/div>\n    <\/div>\n<\/div>\n\t\t\t\t\t\t\t\t<\/div>\n\t\t\t\t\t\t\t\t\t\t\t\t\t\t\t<div class='wp-block-getwid-custom-post-type__post'>\n\t\t\t\t\t\t\t\t\t\n<div class=\"wp-block-getwid-custom-post-type__post-wrapper\">\n            <div class=\"wp-block-getwid-custom-post-type__post-thumbnail\">\n            <a href=\"https:\/\/serveiseducatius.xtec.cat\/pladelestany\/general\/pe-xcb11\/\"><img loading=\"lazy\" decoding=\"async\" width=\"378\" height=\"133\" src=\"https:\/\/serveiseducatius.xtec.cat\/pladelestany\/wp-content\/uploads\/usu771\/2021\/02\/baixa.png\" class=\"attachment-post-thumbnail size-post-thumbnail wp-post-image\" alt=\"\" srcset=\"https:\/\/serveiseducatius.xtec.cat\/pladelestany\/wp-content\/uploads\/usu771\/2021\/02\/baixa.png 378w, https:\/\/serveiseducatius.xtec.cat\/pladelestany\/wp-content\/uploads\/usu771\/2021\/02\/baixa-300x106.png 300w\" sizes=\"auto, (max-width: 378px) 100vw, 378px\" \/><\/a>\n        <\/div>\n        <div class=\"wp-block-getwid-custom-post-type__content-wrapper\">\n        <div class=\"wp-block-getwid-custom-post-type__post-header\">\n            <h3 class=\"wp-block-getwid-custom-post-type__post-title\"><a href=\"https:\/\/serveiseducatius.xtec.cat\/pladelestany\/general\/pe-xcb11\/\">Xarxa de Compet\u00e8ncies Territorial 11 (Alt Empord\u00e0, Baix Empord\u00e0, Pla de l\u2019Estany i Ripoll\u00e8s)<\/a><\/h3>        <\/div>\n        <div class=\"wp-block-getwid-custom-post-type__post-excerpt \"><p>La Xarxa de Compet\u00e8ncies B\u00e0siques Territorial est\u00e0 formada per un equip de docents que desenvolupen el treball per compet\u00e8ncies als [&hellip;]<\/p>\n<\/div>\n    <\/div>\n<\/div>\n\t\t\t\t\t\t\t\t<\/div>\n\t\t\t\t\t\t\t\t\t\t\t\t\t\t\t<div class='wp-block-getwid-custom-post-type__post'>\n\t\t\t\t\t\t\t\t\t\n<div class=\"wp-block-getwid-custom-post-type__post-wrapper\">\n            <div class=\"wp-block-getwid-custom-post-type__post-thumbnail\">\n            <a href=\"https:\/\/serveiseducatius.xtec.cat\/pladelestany\/portada\/xviii-jornada-anual-xarxa-cb-2\/\"><img loading=\"lazy\" decoding=\"async\" width=\"271\" height=\"271\" src=\"https:\/\/serveiseducatius.xtec.cat\/pladelestany\/wp-content\/uploads\/usu771\/2020\/07\/XVIII-jXCB.jpg\" class=\"attachment-post-thumbnail size-post-thumbnail wp-post-image\" alt=\"\" srcset=\"https:\/\/serveiseducatius.xtec.cat\/pladelestany\/wp-content\/uploads\/usu771\/2020\/07\/XVIII-jXCB.jpg 271w, https:\/\/serveiseducatius.xtec.cat\/pladelestany\/wp-content\/uploads\/usu771\/2020\/07\/XVIII-jXCB-150x150.jpg 150w\" sizes=\"auto, (max-width: 271px) 100vw, 271px\" \/><\/a>\n        <\/div>\n        <div class=\"wp-block-getwid-custom-post-type__content-wrapper\">\n        <div class=\"wp-block-getwid-custom-post-type__post-header\">\n            <h3 class=\"wp-block-getwid-custom-post-type__post-title\"><a href=\"https:\/\/serveiseducatius.xtec.cat\/pladelestany\/portada\/xviii-jornada-anual-xarxa-cb-2\/\">XVIII Jornada anual Xarxa Cb. V\u00eddeos de la jornada<\/a><\/h3>        <\/div>\n        <div class=\"wp-block-getwid-custom-post-type__post-excerpt \"><p>La jornada de la XCB  es van tractar temes molt interessant.<br \/>\nUs compartim el v\u00eddeo de la jornada per si no la vau poder seguir o en voleu recuperar alguna part.<\/p>\n<\/div>\n    <\/div>\n<\/div>\n\t\t\t\t\t\t\t\t<\/div>\n\t\t\t\t\t\t\t            <\/div>\n\n                    <\/div>\n        \n\n\n<p><\/p>\n","protected":false},"excerpt":{"rendered":"<p>La Xarxa de Compet\u00e8ncies B\u00e0siques Territorial est\u00e0 formada per un equip de docents que desenvolupen el treball per compet\u00e8ncies als [&hellip;]<\/p>\n","protected":false},"author":5,"featured_media":0,"parent":6208,"menu_order":4,"comment_status":"closed","ping_status":"close","template":"","meta":{"site-sidebar-layout":"default","site-content-layout":"","ast-site-content-layout":"default","site-content-style":"default","site-sidebar-style":"default","ast-global-header-display":"","ast-banner-title-visibility":"","ast-main-header-display":"","ast-hfb-above-header-display":"","ast-hfb-below-header-display":"","ast-hfb-mobile-header-display":"","site-post-title":"","ast-breadcrumbs-content":"","ast-featured-img":"","footer-sml-layout":"","theme-transparent-header-meta":"","adv-header-id-meta":"","stick-header-meta":"","header-above-stick-meta":"","header-main-stick-meta":"","header-below-stick-meta":"","astra-migrate-meta-layouts":"set","ast-page-background-enabled":"default","ast-page-background-meta":{"desktop":{"background-color":"var(--ast-global-color-4)","background-image":"","background-repeat":"repeat","background-position":"center center","background-size":"auto","background-attachment":"scroll","background-type":"","background-media":"","overlay-type":"","overlay-color":"","overlay-opacity":"","overlay-gradient":""},"tablet":{"background-color":"","background-image":"","background-repeat":"repeat","background-position":"center center","background-size":"auto","background-attachment":"scroll","background-type":"","background-media":"","overlay-type":"","overlay-color":"","overlay-opacity":"","overlay-gradient":""},"mobile":{"background-color":"","background-image":"","background-repeat":"repeat","background-position":"center center","background-size":"auto","background-attachment":"scroll","background-type":"","background-media":"","overlay-type":"","overlay-color":"","overlay-opacity":"","overlay-gradient":""}},"ast-content-background-meta":{"desktop":{"background-color":"var(--ast-global-color-5)","background-image":"","background-repeat":"repeat","background-position":"center center","background-size":"auto","background-attachment":"scroll","background-type":"","background-media":"","overlay-type":"","overlay-color":"","overlay-opacity":"","overlay-gradient":""},"tablet":{"background-color":"var(--ast-global-color-5)","background-image":"","background-repeat":"repeat","background-position":"center center","background-size":"auto","background-attachment":"scroll","background-type":"","background-media":"","overlay-type":"","overlay-color":"","overlay-opacity":"","overlay-gradient":""},"mobile":{"background-color":"var(--ast-global-color-5)","background-image":"","background-repeat":"repeat","background-position":"center center","background-size":"auto","background-attachment":"scroll","background-type":"","background-media":"","overlay-type":"","overlay-color":"","overlay-opacity":"","overlay-gradient":""}},"footnotes":""},"class_list":["post-6285","page","type-page","status-publish","hentry"],"post_mailing_queue_ids":[],"_links":{"self":[{"href":"https:\/\/serveiseducatius.xtec.cat\/pladelestany\/wp-json\/wp\/v2\/pages\/6285","targetHints":{"allow":["GET"]}}],"collection":[{"href":"https:\/\/serveiseducatius.xtec.cat\/pladelestany\/wp-json\/wp\/v2\/pages"}],"about":[{"href":"https:\/\/serveiseducatius.xtec.cat\/pladelestany\/wp-json\/wp\/v2\/types\/page"}],"author":[{"embeddable":true,"href":"https:\/\/serveiseducatius.xtec.cat\/pladelestany\/wp-json\/wp\/v2\/users\/5"}],"replies":[{"embeddable":true,"href":"https:\/\/serveiseducatius.xtec.cat\/pladelestany\/wp-json\/wp\/v2\/comments?post=6285"}],"version-history":[{"count":5,"href":"https:\/\/serveiseducatius.xtec.cat\/pladelestany\/wp-json\/wp\/v2\/pages\/6285\/revisions"}],"predecessor-version":[{"id":7933,"href":"https:\/\/serveiseducatius.xtec.cat\/pladelestany\/wp-json\/wp\/v2\/pages\/6285\/revisions\/7933"}],"up":[{"embeddable":true,"href":"https:\/\/serveiseducatius.xtec.cat\/pladelestany\/wp-json\/wp\/v2\/pages\/6208"}],"wp:attachment":[{"href":"https:\/\/serveiseducatius.xtec.cat\/pladelestany\/wp-json\/wp\/v2\/media?parent=6285"}],"curies":[{"name":"wp","href":"https:\/\/api.w.org\/{rel}","templated":true}]}}