{"id":6181,"date":"2025-02-21T11:05:01","date_gmt":"2025-02-21T10:05:01","guid":{"rendered":"https:\/\/serveiseducatius.xtec.cat\/pladelestany\/?page_id=6181"},"modified":"2025-09-03T10:15:57","modified_gmt":"2025-09-03T08:15:57","slug":"bases-de-participacio","status":"publish","type":"page","link":"https:\/\/serveiseducatius.xtec.cat\/pladelestany\/les-nostres-activitats\/club-de-booktubers\/bases-de-participacio\/","title":{"rendered":"Bases de participaci\u00f3"},"content":{"rendered":"\n<figure class=\"wp-block-image size-full is-resized\"><a href=\"https:\/\/serveiseducatius.xtec.cat\/pladelestany\/wp-content\/uploads\/usu771\/2025\/02\/Logo-Club-Book-Tubers.png\"><img loading=\"lazy\" decoding=\"async\" width=\"500\" height=\"500\" src=\"https:\/\/serveiseducatius.xtec.cat\/pladelestany\/wp-content\/uploads\/usu771\/2025\/02\/Logo-Club-Book-Tubers.png\" alt=\"\" class=\"wp-image-6391\" style=\"width:243px;height:auto\" srcset=\"https:\/\/serveiseducatius.xtec.cat\/pladelestany\/wp-content\/uploads\/usu771\/2025\/02\/Logo-Club-Book-Tubers.png 500w, https:\/\/serveiseducatius.xtec.cat\/pladelestany\/wp-content\/uploads\/usu771\/2025\/02\/Logo-Club-Book-Tubers-300x300.png 300w, https:\/\/serveiseducatius.xtec.cat\/pladelestany\/wp-content\/uploads\/usu771\/2025\/02\/Logo-Club-Book-Tubers-150x150.png 150w\" sizes=\"auto, (max-width: 500px) 100vw, 500px\" \/><\/a><\/figure>\n\n\n\n<p>Data l\u00edmit d&#8217;entrega de treballs:\u00a0 curs 25-26: <strong>27\u00a0de mar\u00e7\u00a0<\/strong>de 2026<\/p>\n\n\n\n<p>Utilitzarem\u00a0l&#8217;eina\u00a0DRIVE per entregar els treballs, una carpeta en una &#8216;Unitat compartida&#8217;. Es compartir\u00e0 amb cada centre participant (amb el correu del centre i el de\u00a0la persona referent). Es\u00a0crea i comparteix\u00a0des del compte\u00a0<a href=\"mailto:imatges@sepladelestany.cat\" target=\"_blank\" rel=\"noreferrer noopener\">imatges@sepladelestany.cat<\/a>\u00a0).<\/p>\n\n\n\n<p>De cada alumne participant s&#8217;ha de compartir:<\/p>\n\n\n\n<ul class=\"wp-block-list\">\n<li>V\u00eddeo o \u00e0udio amb la recomanaci\u00f3 liter\u00e0ria (si \u00e9s un v\u00eddeo l&#8217;enregistrament ha de ser en HORITZONTAL)<\/li>\n\n\n\n<li>Coberta del llibre o conte (fotografia en format .jpg o .png)<\/li>\n\n\n\n<li>Autoritzaci\u00f3 de la fam\u00edlia (o alumna en cas que sigui major de 14 anys)<\/li>\n<\/ul>\n\n\n\n<p>Tots els documents s&#8217;ha d&#8217;anomenar igual, amb\u00a0<strong><em>codi del centre_Nom_Cognom alumn@_Titol del llibre<\/em><\/strong>)\u00a0<\/p>\n\n\n\n<p class=\"has-text-align-center\">Exemple:<\/p>\n\n\n\n<p class=\"has-text-align-center\">17990106_Nom_Congom_Tu voldries ser el meu avi? (v\u00eddeo\/\u00e0udio)<\/p>\n\n\n\n<p class=\"has-text-align-center\">17990106_Nom_Congom_Tu voldries ser el meu avi? (coberta .jpg \/ .png)<\/p>\n\n\n\n<p><\/p>\n\n\n\n<p>La publicaci\u00f3 d&#8217;aquests treballs es far\u00e0&nbsp;per la&nbsp;diada de Sant Jordi a la p\u00e0gina web del&nbsp;Servei Educatiu.&nbsp;&nbsp;La durada de la publicaci\u00f3 dels v\u00eddeos, ser\u00e0 d&#8217;un any, tal com s&#8217;indica en els drets d&#8217;imatge per participar en el Club de Booktubers.<\/p>\n\n\n\n<p>Per preparar la documentaci\u00f3 de permisos de drets d&#8217;imatge i difusi\u00f3,&nbsp;compartim amb vosaltres&nbsp;aquests&nbsp;<strong>Models d&#8217;autoritzaci\u00f3<\/strong><strong>&nbsp;<\/strong>per a les fam\u00edlies:<\/p>\n\n\n\n<ul class=\"wp-block-list\">\n<li><a href=\"https:\/\/drive.google.com\/file\/d\/1WkWHTt_5-LqaBmITjOtp3z7IPAKxt9v-\/view?usp=drive_link\" target=\"_blank\" rel=\"noreferrer noopener\">MENORS de 14 anys<\/a><\/li>\n\n\n\n<li><a href=\"https:\/\/drive.google.com\/file\/d\/1OI5KaQEafmhJuIG5VlIkJjw9A-NOgNFg\/view?usp=drive_link\" target=\"_blank\" rel=\"noreferrer noopener\">MAJORS de 14 anys<\/a><\/li>\n<\/ul>\n\n\n\n<p>Per a qualsevol dubte, referent a contingut, edici\u00f3, participaci\u00f3 o tramesa, trucar 972573456 o enviar&nbsp;per correu electr\u00f2nic&nbsp;a&nbsp;<a href=\"mailto:b7990106@xtec.cat\" target=\"_blank\" rel=\"noreferrer noopener\">b7990106@xtec.cat<\/a><\/p>\n\n\n\n<figure class=\"wp-block-image alignright size-full is-resized\"><a href=\"https:\/\/serveiseducatius.xtec.cat\/pladelestany\/les-nostres-activitats\/club-de-booktubers\/\"><img loading=\"lazy\" decoding=\"async\" width=\"500\" height=\"500\" src=\"https:\/\/serveiseducatius.xtec.cat\/pladelestany\/wp-content\/uploads\/usu771\/2025\/02\/Logo-Club-Book-Tubers-1.png\" alt=\"\" class=\"wp-image-6406\" style=\"width:172px;height:auto\" srcset=\"https:\/\/serveiseducatius.xtec.cat\/pladelestany\/wp-content\/uploads\/usu771\/2025\/02\/Logo-Club-Book-Tubers-1.png 500w, https:\/\/serveiseducatius.xtec.cat\/pladelestany\/wp-content\/uploads\/usu771\/2025\/02\/Logo-Club-Book-Tubers-1-300x300.png 300w, https:\/\/serveiseducatius.xtec.cat\/pladelestany\/wp-content\/uploads\/usu771\/2025\/02\/Logo-Club-Book-Tubers-1-150x150.png 150w\" sizes=\"auto, (max-width: 500px) 100vw, 500px\" \/><\/a><\/figure>\n\n\n\n<div style=\"height:23px\" aria-hidden=\"true\" class=\"wp-block-spacer\"><\/div>\n","protected":false},"excerpt":{"rendered":"<p>Data l\u00edmit d&#8217;entrega de treballs:\u00a0 curs 25-26: 27\u00a0de mar\u00e7\u00a0de 2026 Utilitzarem\u00a0l&#8217;eina\u00a0DRIVE per entregar els treballs, una carpeta en una &#8216;Unitat [&hellip;]<\/p>\n","protected":false},"author":5,"featured_media":0,"parent":6154,"menu_order":0,"comment_status":"closed","ping_status":"close","template":"","meta":{"site-sidebar-layout":"default","site-content-layout":"","ast-site-content-layout":"default","site-content-style":"default","site-sidebar-style":"default","ast-global-header-display":"","ast-banner-title-visibility":"","ast-main-header-display":"","ast-hfb-above-header-display":"","ast-hfb-below-header-display":"","ast-hfb-mobile-header-display":"","site-post-title":"","ast-breadcrumbs-content":"","ast-featured-img":"","footer-sml-layout":"","theme-transparent-header-meta":"","adv-header-id-meta":"","stick-header-meta":"","header-above-stick-meta":"","header-main-stick-meta":"","header-below-stick-meta":"","astra-migrate-meta-layouts":"set","ast-page-background-enabled":"default","ast-page-background-meta":{"desktop":{"background-color":"var(--ast-global-color-4)","background-image":"","background-repeat":"repeat","background-position":"center center","background-size":"auto","background-attachment":"scroll","background-type":"","background-media":"","overlay-type":"","overlay-color":"","overlay-opacity":"","overlay-gradient":""},"tablet":{"background-color":"","background-image":"","background-repeat":"repeat","background-position":"center center","background-size":"auto","background-attachment":"scroll","background-type":"","background-media":"","overlay-type":"","overlay-color":"","overlay-opacity":"","overlay-gradient":""},"mobile":{"background-color":"","background-image":"","background-repeat":"repeat","background-position":"center center","background-size":"auto","background-attachment":"scroll","background-type":"","background-media":"","overlay-type":"","overlay-color":"","overlay-opacity":"","overlay-gradient":""}},"ast-content-background-meta":{"desktop":{"background-color":"var(--ast-global-color-5)","background-image":"","background-repeat":"repeat","background-position":"center center","background-size":"auto","background-attachment":"scroll","background-type":"","background-media":"","overlay-type":"","overlay-color":"","overlay-opacity":"","overlay-gradient":""},"tablet":{"background-color":"var(--ast-global-color-5)","background-image":"","background-repeat":"repeat","background-position":"center center","background-size":"auto","background-attachment":"scroll","background-type":"","background-media":"","overlay-type":"","overlay-color":"","overlay-opacity":"","overlay-gradient":""},"mobile":{"background-color":"var(--ast-global-color-5)","background-image":"","background-repeat":"repeat","background-position":"center center","background-size":"auto","background-attachment":"scroll","background-type":"","background-media":"","overlay-type":"","overlay-color":"","overlay-opacity":"","overlay-gradient":""}},"footnotes":""},"class_list":["post-6181","page","type-page","status-publish","hentry"],"post_mailing_queue_ids":[],"_links":{"self":[{"href":"https:\/\/serveiseducatius.xtec.cat\/pladelestany\/wp-json\/wp\/v2\/pages\/6181","targetHints":{"allow":["GET"]}}],"collection":[{"href":"https:\/\/serveiseducatius.xtec.cat\/pladelestany\/wp-json\/wp\/v2\/pages"}],"about":[{"href":"https:\/\/serveiseducatius.xtec.cat\/pladelestany\/wp-json\/wp\/v2\/types\/page"}],"author":[{"embeddable":true,"href":"https:\/\/serveiseducatius.xtec.cat\/pladelestany\/wp-json\/wp\/v2\/users\/5"}],"replies":[{"embeddable":true,"href":"https:\/\/serveiseducatius.xtec.cat\/pladelestany\/wp-json\/wp\/v2\/comments?post=6181"}],"version-history":[{"count":6,"href":"https:\/\/serveiseducatius.xtec.cat\/pladelestany\/wp-json\/wp\/v2\/pages\/6181\/revisions"}],"predecessor-version":[{"id":7789,"href":"https:\/\/serveiseducatius.xtec.cat\/pladelestany\/wp-json\/wp\/v2\/pages\/6181\/revisions\/7789"}],"up":[{"embeddable":true,"href":"https:\/\/serveiseducatius.xtec.cat\/pladelestany\/wp-json\/wp\/v2\/pages\/6154"}],"wp:attachment":[{"href":"https:\/\/serveiseducatius.xtec.cat\/pladelestany\/wp-json\/wp\/v2\/media?parent=6181"}],"curies":[{"name":"wp","href":"https:\/\/api.w.org\/{rel}","templated":true}]}}