{"id":6154,"date":"2025-02-21T10:45:12","date_gmt":"2025-02-21T09:45:12","guid":{"rendered":"https:\/\/serveiseducatius.xtec.cat\/pladelestany\/?page_id=6154"},"modified":"2025-10-15T13:47:40","modified_gmt":"2025-10-15T11:47:40","slug":"club-de-booktubers","status":"publish","type":"page","link":"https:\/\/serveiseducatius.xtec.cat\/pladelestany\/les-nostres-activitats\/club-de-booktubers\/","title":{"rendered":"Club de Booktubers"},"content":{"rendered":"\n<figure class=\"wp-block-image aligncenter size-large\"><img loading=\"lazy\" decoding=\"async\" width=\"1024\" height=\"256\" src=\"https:\/\/serveiseducatius.xtec.cat\/pladelestany\/wp-content\/uploads\/usu771\/2025\/02\/Portada-Booktubers-3-1024x256.png\" alt=\"\" class=\"wp-image-6414\" srcset=\"https:\/\/serveiseducatius.xtec.cat\/pladelestany\/wp-content\/uploads\/usu771\/2025\/02\/Portada-Booktubers-3-1024x256.png 1024w, https:\/\/serveiseducatius.xtec.cat\/pladelestany\/wp-content\/uploads\/usu771\/2025\/02\/Portada-Booktubers-3-300x75.png 300w, https:\/\/serveiseducatius.xtec.cat\/pladelestany\/wp-content\/uploads\/usu771\/2025\/02\/Portada-Booktubers-3-768x192.png 768w, https:\/\/serveiseducatius.xtec.cat\/pladelestany\/wp-content\/uploads\/usu771\/2025\/02\/Portada-Booktubers-3-1536x384.png 1536w, https:\/\/serveiseducatius.xtec.cat\/pladelestany\/wp-content\/uploads\/usu771\/2025\/02\/Portada-Booktubers-3.png 1920w\" sizes=\"auto, (max-width: 1024px) 100vw, 1024px\" \/><\/figure>\n\n\n\n<p>Des de la&nbsp;<a href=\"https:\/\/www.bibgirona.cat\/biblioteca\/bibliotecadebanyoles\" target=\"_blank\" rel=\"noreferrer noopener\">Biblioteca comarcal del Pla de l&#8217;Estany a Banyoles<\/a>&nbsp;i el&nbsp;<a href=\"https:\/\/serveiseducatius.xtec.cat\/pladelestany\/\" target=\"_blank\" rel=\"noreferrer noopener\">Servei Educatiu del Pla de l&#8217;Estany<\/a>&nbsp;organitzem el&nbsp;CLUB DE BOOKTUBERS!<\/p>\n\n\n\n<div class=\"wp-block-columns is-layout-flex wp-container-core-columns-is-layout-1 wp-block-columns-is-layout-flex\">\n<div class=\"wp-block-column is-layout-flow wp-block-column-is-layout-flow\">\n<figure class=\"wp-block-image size-full\"><a href=\"https:\/\/view.genially.com\/6810de69fcb83b68e84d1740\" target=\"_blank\" rel=\" noreferrer noopener\"><img loading=\"lazy\" decoding=\"async\" width=\"427\" height=\"220\" src=\"https:\/\/serveiseducatius.xtec.cat\/pladelestany\/wp-content\/uploads\/usu771\/2025\/02\/6-1-e1749130369916.png\" alt=\"\" class=\"wp-image-6479\" srcset=\"https:\/\/serveiseducatius.xtec.cat\/pladelestany\/wp-content\/uploads\/usu771\/2025\/02\/6-1-e1749130369916.png 427w, https:\/\/serveiseducatius.xtec.cat\/pladelestany\/wp-content\/uploads\/usu771\/2025\/02\/6-1-e1749130369916-300x155.png 300w\" sizes=\"auto, (max-width: 427px) 100vw, 427px\" \/><\/a><\/figure>\n<\/div>\n\n\n\n<div class=\"wp-block-column is-layout-flow wp-block-column-is-layout-flow\">\n<figure class=\"wp-block-image size-full\"><a href=\"https:\/\/serveiseducatius.xtec.cat\/pladelestany\/les-nostres-activitats\/club-de-booktubers\/decaleg-booktubers\/\"><img loading=\"lazy\" decoding=\"async\" width=\"438\" height=\"215\" src=\"https:\/\/serveiseducatius.xtec.cat\/pladelestany\/wp-content\/uploads\/usu771\/2025\/06\/Logo-Club-de-BookTubers-13-e1749130198484.png\" alt=\"\" class=\"wp-image-7120\" srcset=\"https:\/\/serveiseducatius.xtec.cat\/pladelestany\/wp-content\/uploads\/usu771\/2025\/06\/Logo-Club-de-BookTubers-13-e1749130198484.png 438w, https:\/\/serveiseducatius.xtec.cat\/pladelestany\/wp-content\/uploads\/usu771\/2025\/06\/Logo-Club-de-BookTubers-13-e1749130198484-300x147.png 300w\" sizes=\"auto, (max-width: 438px) 100vw, 438px\" \/><\/a><\/figure>\n<\/div>\n<\/div>\n\n\n\n<div class=\"wp-block-columns is-layout-flex wp-container-core-columns-is-layout-2 wp-block-columns-is-layout-flex\">\n<div class=\"wp-block-column is-layout-flow wp-block-column-is-layout-flow\">\n<figure class=\"wp-block-image aligncenter size-full\"><a href=\"https:\/\/serveiseducatius.xtec.cat\/pladelestany\/les-nostres-activitats\/club-de-booktubers\/bases-de-participacio\/\"><img loading=\"lazy\" decoding=\"async\" width=\"500\" height=\"221\" src=\"https:\/\/serveiseducatius.xtec.cat\/pladelestany\/wp-content\/uploads\/usu771\/2025\/02\/7-1-e1740559124101.png\" alt=\"\" class=\"wp-image-6480\" srcset=\"https:\/\/serveiseducatius.xtec.cat\/pladelestany\/wp-content\/uploads\/usu771\/2025\/02\/7-1-e1740559124101.png 500w, https:\/\/serveiseducatius.xtec.cat\/pladelestany\/wp-content\/uploads\/usu771\/2025\/02\/7-1-e1740559124101-300x133.png 300w\" sizes=\"auto, (max-width: 500px) 100vw, 500px\" \/><\/a><\/figure>\n<\/div>\n<\/div>\n\n\n\n<p><strong>L&#8217;objectiu \u00e9s<\/strong>&nbsp;potenciar el gust i el plaer per la lectura i est\u00e0 destinat a tots els trams educatius, amb les lectures que es desitgin.<\/p>\n\n\n\n<p>El primer trimestre convidem persones que fan recomanacions liter\u00e0ries a trav\u00e9s de v\u00eddeos \/ p\u00f2dcast (Booktubers \/ Booktokers \/ P\u00f2dcasts) a fer un taller amb l&#8217;alumnat.&nbsp;<\/p>\n\n\n\n<p>Cada curs va a dos centres diferents (un de prim\u00e0ria i un de secund\u00e0ria) i despr\u00e9s compartim la gravaci\u00f3 amb la resta de centres.&nbsp;<\/p>\n\n\n\n<p>Tot seguit podeu veure qui ens ha visitat al llarg d&#8217;aquests cinc anys:<\/p>\n\n\n\n<figure class=\"wp-block-image aligncenter size-full\"><a href=\"https:\/\/serveiseducatius.xtec.cat\/pladelestany\/les-nostres-activitats\/club-de-booktubers\/tallers-amb-booktubers\/\"><img loading=\"lazy\" decoding=\"async\" width=\"500\" height=\"224\" src=\"https:\/\/serveiseducatius.xtec.cat\/pladelestany\/wp-content\/uploads\/usu771\/2025\/02\/8-e1740559018456.png\" alt=\"\" class=\"wp-image-6481\" srcset=\"https:\/\/serveiseducatius.xtec.cat\/pladelestany\/wp-content\/uploads\/usu771\/2025\/02\/8-e1740559018456.png 500w, https:\/\/serveiseducatius.xtec.cat\/pladelestany\/wp-content\/uploads\/usu771\/2025\/02\/8-e1740559018456-300x134.png 300w\" sizes=\"auto, (max-width: 500px) 100vw, 500px\" \/><\/a><\/figure>\n\n\n\n<p><strong>Termini d&#8217;entrega<\/strong>\u00a0dels treballs: segon trimestre, aproximadament un mes abans de Sant Jordi (curs 25-26: divendres\u00a0<strong>27 de mar\u00e7 de 2026<\/strong>) <\/p>\n\n\n\n<p>A l&#8217;apartat BASES DE PARTICIPACI\u00d3 hi trobareu tota la informaci\u00f3.<\/p>\n\n\n\n<p class=\"has-white-color has-text-color has-link-color wp-elements-7e4ac651328708ea719ac0894fa30934\">.<\/p>\n\n\n\n<p>Al tercer trimestre, compartim&nbsp;els v\u00eddeos que els Booktubers dels diferents centres de la comarca del Pla de l&#8217;Estany hagin creat.&nbsp;<\/p>\n\n\n\n<figure class=\"wp-block-image aligncenter size-full is-resized\"><a href=\"https:\/\/edumet.cat\/areatac\/presentacions\/index.php?ID=16ORyJVNImJa-dLpYV3oeq3IGRyi5XDaPOI5FZzWckcE&amp;config=Config_1\" target=\"_blank\" rel=\"noreferrer noopener\"><img loading=\"lazy\" decoding=\"async\" width=\"500\" height=\"281\" src=\"https:\/\/serveiseducatius.xtec.cat\/pladelestany\/wp-content\/uploads\/usu771\/2025\/05\/Logo-Club-de-BookTubers-edited.jpg\" alt=\"\" class=\"wp-image-7073\" style=\"width:484px;height:auto\" srcset=\"https:\/\/serveiseducatius.xtec.cat\/pladelestany\/wp-content\/uploads\/usu771\/2025\/05\/Logo-Club-de-BookTubers-edited.jpg 500w, https:\/\/serveiseducatius.xtec.cat\/pladelestany\/wp-content\/uploads\/usu771\/2025\/05\/Logo-Club-de-BookTubers-edited-300x169.jpg 300w\" sizes=\"auto, (max-width: 500px) 100vw, 500px\" \/><\/a><\/figure>\n\n\n\n<p>&nbsp;Us animem a despertar l&#8217;<strong>esperit Booktuber<\/strong>&nbsp;entre el vostre alumnat i que en participin!<\/p>\n\n\n\n<p class=\"has-white-color has-text-color has-link-color wp-elements-7e4ac651328708ea719ac0894fa30934\">.<\/p>\n\n\n\n<figure class=\"wp-block-image aligncenter size-full\"><a href=\"https:\/\/serveiseducatius.xtec.cat\/pladelestany\/les-nostres-activitats\/club-de-booktubers\/articles\/\"><img loading=\"lazy\" decoding=\"async\" width=\"500\" height=\"219\" src=\"https:\/\/serveiseducatius.xtec.cat\/pladelestany\/wp-content\/uploads\/usu771\/2025\/02\/10-e1740558853567.png\" alt=\"\" class=\"wp-image-6483\" srcset=\"https:\/\/serveiseducatius.xtec.cat\/pladelestany\/wp-content\/uploads\/usu771\/2025\/02\/10-e1740558853567.png 500w, https:\/\/serveiseducatius.xtec.cat\/pladelestany\/wp-content\/uploads\/usu771\/2025\/02\/10-e1740558853567-300x131.png 300w\" sizes=\"auto, (max-width: 500px) 100vw, 500px\" \/><\/a><\/figure>\n\n\n\n<p><\/p>\n\n\n\n<p>No sou de la comarca del Pla de l&#8217;Estany i voleu participar en el nostre club?&nbsp;Ompliu el seg\u00fcent formulari:<\/p>\n\n\n\n<figure class=\"wp-block-image aligncenter size-full is-resized\"><a href=\"https:\/\/docs.google.com\/forms\/d\/e\/1FAIpQLSeGAQIq57DD_08ThOBC-oSFgO5fR5ljo2s5RajuJIPJyQNbRw\/viewform?usp=sharing&amp;ouid=116934625452882489367\" target=\"_blank\" rel=\" noreferrer noopener\"><img loading=\"lazy\" decoding=\"async\" width=\"500\" height=\"226\" src=\"https:\/\/serveiseducatius.xtec.cat\/pladelestany\/wp-content\/uploads\/usu771\/2025\/02\/11-e1740559193677.png\" alt=\"\" class=\"wp-image-6484\" style=\"width:323px;height:auto\" srcset=\"https:\/\/serveiseducatius.xtec.cat\/pladelestany\/wp-content\/uploads\/usu771\/2025\/02\/11-e1740559193677.png 500w, https:\/\/serveiseducatius.xtec.cat\/pladelestany\/wp-content\/uploads\/usu771\/2025\/02\/11-e1740559193677-300x136.png 300w\" sizes=\"auto, (max-width: 500px) 100vw, 500px\" \/><\/a><\/figure>\n\n\n\n<p><\/p>\n","protected":false},"excerpt":{"rendered":"<p>Des de la&nbsp;Biblioteca comarcal del Pla de l&#8217;Estany a Banyoles&nbsp;i el&nbsp;Servei Educatiu del Pla de l&#8217;Estany&nbsp;organitzem el&nbsp;CLUB DE BOOKTUBERS! L&#8217;objectiu [&hellip;]<\/p>\n","protected":false},"author":5,"featured_media":0,"parent":6208,"menu_order":0,"comment_status":"closed","ping_status":"close","template":"","meta":{"site-sidebar-layout":"left-sidebar","site-content-layout":"","ast-site-content-layout":"default","site-content-style":"default","site-sidebar-style":"default","ast-global-header-display":"","ast-banner-title-visibility":"","ast-main-header-display":"","ast-hfb-above-header-display":"","ast-hfb-below-header-display":"","ast-hfb-mobile-header-display":"","site-post-title":"","ast-breadcrumbs-content":"","ast-featured-img":"","footer-sml-layout":"","theme-transparent-header-meta":"","adv-header-id-meta":"","stick-header-meta":"","header-above-stick-meta":"","header-main-stick-meta":"","header-below-stick-meta":"","astra-migrate-meta-layouts":"set","ast-page-background-enabled":"default","ast-page-background-meta":{"desktop":{"background-color":"var(--ast-global-color-4)","background-image":"","background-repeat":"repeat","background-position":"center center","background-size":"auto","background-attachment":"scroll","background-type":"","background-media":"","overlay-type":"","overlay-color":"","overlay-opacity":"","overlay-gradient":""},"tablet":{"background-color":"","background-image":"","background-repeat":"repeat","background-position":"center center","background-size":"auto","background-attachment":"scroll","background-type":"","background-media":"","overlay-type":"","overlay-color":"","overlay-opacity":"","overlay-gradient":""},"mobile":{"background-color":"","background-image":"","background-repeat":"repeat","background-position":"center center","background-size":"auto","background-attachment":"scroll","background-type":"","background-media":"","overlay-type":"","overlay-color":"","overlay-opacity":"","overlay-gradient":""}},"ast-content-background-meta":{"desktop":{"background-color":"var(--ast-global-color-5)","background-image":"","background-repeat":"repeat","background-position":"center center","background-size":"auto","background-attachment":"scroll","background-type":"","background-media":"","overlay-type":"","overlay-color":"","overlay-opacity":"","overlay-gradient":""},"tablet":{"background-color":"var(--ast-global-color-5)","background-image":"","background-repeat":"repeat","background-position":"center center","background-size":"auto","background-attachment":"scroll","background-type":"","background-media":"","overlay-type":"","overlay-color":"","overlay-opacity":"","overlay-gradient":""},"mobile":{"background-color":"var(--ast-global-color-5)","background-image":"","background-repeat":"repeat","background-position":"center center","background-size":"auto","background-attachment":"scroll","background-type":"","background-media":"","overlay-type":"","overlay-color":"","overlay-opacity":"","overlay-gradient":""}},"footnotes":""},"class_list":["post-6154","page","type-page","status-publish","hentry"],"post_mailing_queue_ids":[],"_links":{"self":[{"href":"https:\/\/serveiseducatius.xtec.cat\/pladelestany\/wp-json\/wp\/v2\/pages\/6154","targetHints":{"allow":["GET"]}}],"collection":[{"href":"https:\/\/serveiseducatius.xtec.cat\/pladelestany\/wp-json\/wp\/v2\/pages"}],"about":[{"href":"https:\/\/serveiseducatius.xtec.cat\/pladelestany\/wp-json\/wp\/v2\/types\/page"}],"author":[{"embeddable":true,"href":"https:\/\/serveiseducatius.xtec.cat\/pladelestany\/wp-json\/wp\/v2\/users\/5"}],"replies":[{"embeddable":true,"href":"https:\/\/serveiseducatius.xtec.cat\/pladelestany\/wp-json\/wp\/v2\/comments?post=6154"}],"version-history":[{"count":6,"href":"https:\/\/serveiseducatius.xtec.cat\/pladelestany\/wp-json\/wp\/v2\/pages\/6154\/revisions"}],"predecessor-version":[{"id":8006,"href":"https:\/\/serveiseducatius.xtec.cat\/pladelestany\/wp-json\/wp\/v2\/pages\/6154\/revisions\/8006"}],"up":[{"embeddable":true,"href":"https:\/\/serveiseducatius.xtec.cat\/pladelestany\/wp-json\/wp\/v2\/pages\/6208"}],"wp:attachment":[{"href":"https:\/\/serveiseducatius.xtec.cat\/pladelestany\/wp-json\/wp\/v2\/media?parent=6154"}],"curies":[{"name":"wp","href":"https:\/\/api.w.org\/{rel}","templated":true}]}}