{"id":448,"date":"2015-11-25T17:19:24","date_gmt":"2015-11-25T16:19:24","guid":{"rendered":"http:\/\/serveiseducatius.xtec.cat\/se-pladelestany\/?page_id=448"},"modified":"2021-09-09T12:04:55","modified_gmt":"2021-09-09T10:04:55","slug":"certificats","status":"publish","type":"page","link":"https:\/\/serveiseducatius.xtec.cat\/pladelestany\/formacio\/pfz-assistents\/certificats\/","title":{"rendered":"Els meus certificats"},"content":{"rendered":"<p>Acc\u00e9s a les aplicacions de certificaci\u00f3. Si teniu problemes de visualitzaci\u00f3, llegiu les instruccions del Consorci d&#8217;Administraci\u00f3 Oberta de Catalunya.<\/p>\n<p style=\"padding-left: 40px;\">\u21d2 <a href=\"https:\/\/aplicacions.gestioeducativa.gencat.cat\/pls\/e13_cert_pub\/certificacio_formacio.llistat?p_xtec_modul=FP\">Consulta\/obtenci\u00f3 de certificats de formaci\u00f3 permanent<\/a><br \/>\n\u21d2 <a href=\"https:\/\/aplicacions.gestioeducativa.gencat.cat\/pls\/e13_cert_pub\/certificacio_formacio.llistat_innovacio?p_xtec_modul=IN\">Consulta\/obtenci\u00f3 de certificats d&#8217;innovaci\u00f3<\/a><br \/>\n\u21d2 <a href=\"https:\/\/aplicacions.gestioeducativa.gencat.cat\/pls\/e13_cert_pub\/certificacio_formacio.llistat_uni?p_xtec_modul=TU\">Consulta\/obtenci\u00f3 de certificats de m\u00e0sters, postgraus i titulacions pr\u00f2pies de les universitats<\/a><br \/>\n\u21d2 <a href=\"https:\/\/aplicacions.gestioeducativa.gencat.cat\/pls\/e13_cert_pub\/certificacio_formacio.llistat_tut?p_xtec_modul=TP\">Consulta\/obtenci\u00f3 de certificats de tutoria\/coordinaci\u00f3 de pr\u00e0ctiques d&#8217;estudiants universitaris<\/a><br \/>\n\u21d2 <a href=\"https:\/\/aplicacions.gestioeducativa.gencat.cat\/pls\/e13_cert_pub\/certificacio_formacio.consultaCRC?p_url_retorn=\/pls\/e13_cert_pub\/\">Verificaci\u00f3 d&#8217;un certificat<\/a><\/p>\n","protected":false},"excerpt":{"rendered":"<p>Acc\u00e9s a les aplicacions de certificaci\u00f3. Si teniu problemes de visualitzaci\u00f3, llegiu les instruccions del Consorci d&#8217;Administraci\u00f3 Oberta de Catalunya. [&hellip;]<\/p>\n","protected":false},"author":1,"featured_media":0,"parent":2337,"menu_order":32,"comment_status":"closed","ping_status":"closed","template":"page-templates\/side-menu.php","meta":{"site-sidebar-layout":"default","site-content-layout":"","ast-site-content-layout":"","site-content-style":"default","site-sidebar-style":"default","ast-global-header-display":"","ast-banner-title-visibility":"","ast-main-header-display":"","ast-hfb-above-header-display":"","ast-hfb-below-header-display":"","ast-hfb-mobile-header-display":"","site-post-title":"","ast-breadcrumbs-content":"","ast-featured-img":"","footer-sml-layout":"","theme-transparent-header-meta":"","adv-header-id-meta":"","stick-header-meta":"","header-above-stick-meta":"","header-main-stick-meta":"","header-below-stick-meta":"","astra-migrate-meta-layouts":"default","ast-page-background-enabled":"default","ast-page-background-meta":{"desktop":{"background-color":"var(--ast-global-color-4)","background-image":"","background-repeat":"repeat","background-position":"center center","background-size":"auto","background-attachment":"scroll","background-type":"","background-media":"","overlay-type":"","overlay-color":"","overlay-opacity":"","overlay-gradient":""},"tablet":{"background-color":"","background-image":"","background-repeat":"repeat","background-position":"center center","background-size":"auto","background-attachment":"scroll","background-type":"","background-media":"","overlay-type":"","overlay-color":"","overlay-opacity":"","overlay-gradient":""},"mobile":{"background-color":"","background-image":"","background-repeat":"repeat","background-position":"center center","background-size":"auto","background-attachment":"scroll","background-type":"","background-media":"","overlay-type":"","overlay-color":"","overlay-opacity":"","overlay-gradient":""}},"ast-content-background-meta":{"desktop":{"background-color":"var(--ast-global-color-5)","background-image":"","background-repeat":"repeat","background-position":"center center","background-size":"auto","background-attachment":"scroll","background-type":"","background-media":"","overlay-type":"","overlay-color":"","overlay-opacity":"","overlay-gradient":""},"tablet":{"background-color":"var(--ast-global-color-5)","background-image":"","background-repeat":"repeat","background-position":"center center","background-size":"auto","background-attachment":"scroll","background-type":"","background-media":"","overlay-type":"","overlay-color":"","overlay-opacity":"","overlay-gradient":""},"mobile":{"background-color":"var(--ast-global-color-5)","background-image":"","background-repeat":"repeat","background-position":"center center","background-size":"auto","background-attachment":"scroll","background-type":"","background-media":"","overlay-type":"","overlay-color":"","overlay-opacity":"","overlay-gradient":""}},"footnotes":""},"class_list":["post-448","page","type-page","status-publish","hentry"],"post_mailing_queue_ids":[],"_links":{"self":[{"href":"https:\/\/serveiseducatius.xtec.cat\/pladelestany\/wp-json\/wp\/v2\/pages\/448","targetHints":{"allow":["GET"]}}],"collection":[{"href":"https:\/\/serveiseducatius.xtec.cat\/pladelestany\/wp-json\/wp\/v2\/pages"}],"about":[{"href":"https:\/\/serveiseducatius.xtec.cat\/pladelestany\/wp-json\/wp\/v2\/types\/page"}],"author":[{"embeddable":true,"href":"https:\/\/serveiseducatius.xtec.cat\/pladelestany\/wp-json\/wp\/v2\/users\/1"}],"replies":[{"embeddable":true,"href":"https:\/\/serveiseducatius.xtec.cat\/pladelestany\/wp-json\/wp\/v2\/comments?post=448"}],"version-history":[{"count":3,"href":"https:\/\/serveiseducatius.xtec.cat\/pladelestany\/wp-json\/wp\/v2\/pages\/448\/revisions"}],"predecessor-version":[{"id":3875,"href":"https:\/\/serveiseducatius.xtec.cat\/pladelestany\/wp-json\/wp\/v2\/pages\/448\/revisions\/3875"}],"up":[{"embeddable":true,"href":"https:\/\/serveiseducatius.xtec.cat\/pladelestany\/wp-json\/wp\/v2\/pages\/2337"}],"wp:attachment":[{"href":"https:\/\/serveiseducatius.xtec.cat\/pladelestany\/wp-json\/wp\/v2\/media?parent=448"}],"curies":[{"name":"wp","href":"https:\/\/api.w.org\/{rel}","templated":true}]}}