{"id":420,"date":"2023-07-15T08:00:29","date_gmt":"2023-07-15T06:00:29","guid":{"rendered":"http:\/\/serveiseducatius.xtec.cat\/se-pladelestany\/?page_id=420"},"modified":"2024-09-13T12:28:56","modified_gmt":"2024-09-13T10:28:56","slug":"activitats","status":"publish","type":"page","link":"https:\/\/serveiseducatius.xtec.cat\/pladelestany\/formacio\/formacio-permanent\/activitats\/","title":{"rendered":"Oferta d&#8217;activitats del PFZ"},"content":{"rendered":"<p>El Pla de Formaci\u00f3 de Zona del Pla de l&#8217;Estany \u00e9s un recurs de formaci\u00f3 al servei de la millora dels centres i el professorat de la nostra comarca.<br \/>\nActivitats del Pla de Formaci\u00f3 de Zona del curs actual.<\/p>\n<hr \/>\n<h6><em><strong>Activitats de formaci\u00f3 en centre:<\/strong><\/em><br \/>\n<iframe loading=\"lazy\" src=\"https:\/\/aplicacions.gestioeducativa.gencat.cat\/pls\/soloas\/pk_for_mod_ins.p_for_cons_activitats?p_totes=S&amp;p_paginar=N&amp;p_any=2024-2025&amp;p_crp=506&amp;p_codi=5060011506,5060021506,5060031506,5060040547,5060051506,5060061506,5060081506,5060091506,5060101506,5060111506,5060120540,5060131506,5060140512,5060161506,5060170512,5060180512,5060190540,5060210555\" width=\"800\" height=\"200px\"><\/iframe><\/h6>\n<hr \/>\n<h6><em><strong>Activitats de formaci\u00f3 per a diversos centres<\/strong><\/em><br \/>\n<iframe loading=\"lazy\" src=\"https:\/\/aplicacions.gestioeducativa.gencat.cat\/pls\/soloas\/pk_for_mod_ins.p_for_cons_activitats?p_totes=S&amp;p_paginar=N&amp;p_any=2024-2025&amp;p_crp=506&amp;p_codi=5061011506,5061021506,5061031506,5061041506,5061051506,5061061506,5061071506,5061081506,5061091506,5061101506,5061110509,5061120541,5061130529,5061140529,5061150512,5061160532,5061170509,5061181506,5061191506,5061200555,5061210529,5061220529,5061230529,5061240529,5061250529,5061260529,5061270529,5061281506,5061291506,5061301506,5061311506\" width=\"800\" height=\"200px\"><\/iframe><\/h6>\n","protected":false},"excerpt":{"rendered":"<p>El Pla de Formaci\u00f3 de Zona del Pla de l&#8217;Estany \u00e9s un recurs de formaci\u00f3 al servei de la millora [&hellip;]<\/p>\n","protected":false},"author":1,"featured_media":0,"parent":2319,"menu_order":21,"comment_status":"closed","ping_status":"closed","template":"page-templates\/side-menu.php","meta":{"site-sidebar-layout":"default","site-content-layout":"","ast-site-content-layout":"","site-content-style":"default","site-sidebar-style":"default","ast-global-header-display":"","ast-banner-title-visibility":"","ast-main-header-display":"","ast-hfb-above-header-display":"","ast-hfb-below-header-display":"","ast-hfb-mobile-header-display":"","site-post-title":"","ast-breadcrumbs-content":"","ast-featured-img":"","footer-sml-layout":"","theme-transparent-header-meta":"","adv-header-id-meta":"","stick-header-meta":"","header-above-stick-meta":"","header-main-stick-meta":"","header-below-stick-meta":"","astra-migrate-meta-layouts":"default","ast-page-background-enabled":"default","ast-page-background-meta":{"desktop":{"background-color":"var(--ast-global-color-4)","background-image":"","background-repeat":"repeat","background-position":"center center","background-size":"auto","background-attachment":"scroll","background-type":"","background-media":"","overlay-type":"","overlay-color":"","overlay-opacity":"","overlay-gradient":""},"tablet":{"background-color":"","background-image":"","background-repeat":"repeat","background-position":"center center","background-size":"auto","background-attachment":"scroll","background-type":"","background-media":"","overlay-type":"","overlay-color":"","overlay-opacity":"","overlay-gradient":""},"mobile":{"background-color":"","background-image":"","background-repeat":"repeat","background-position":"center center","background-size":"auto","background-attachment":"scroll","background-type":"","background-media":"","overlay-type":"","overlay-color":"","overlay-opacity":"","overlay-gradient":""}},"ast-content-background-meta":{"desktop":{"background-color":"var(--ast-global-color-5)","background-image":"","background-repeat":"repeat","background-position":"center center","background-size":"auto","background-attachment":"scroll","background-type":"","background-media":"","overlay-type":"","overlay-color":"","overlay-opacity":"","overlay-gradient":""},"tablet":{"background-color":"var(--ast-global-color-5)","background-image":"","background-repeat":"repeat","background-position":"center center","background-size":"auto","background-attachment":"scroll","background-type":"","background-media":"","overlay-type":"","overlay-color":"","overlay-opacity":"","overlay-gradient":""},"mobile":{"background-color":"var(--ast-global-color-5)","background-image":"","background-repeat":"repeat","background-position":"center center","background-size":"auto","background-attachment":"scroll","background-type":"","background-media":"","overlay-type":"","overlay-color":"","overlay-opacity":"","overlay-gradient":""}},"footnotes":""},"class_list":["post-420","page","type-page","status-publish","hentry"],"post_mailing_queue_ids":[],"_links":{"self":[{"href":"https:\/\/serveiseducatius.xtec.cat\/pladelestany\/wp-json\/wp\/v2\/pages\/420","targetHints":{"allow":["GET"]}}],"collection":[{"href":"https:\/\/serveiseducatius.xtec.cat\/pladelestany\/wp-json\/wp\/v2\/pages"}],"about":[{"href":"https:\/\/serveiseducatius.xtec.cat\/pladelestany\/wp-json\/wp\/v2\/types\/page"}],"author":[{"embeddable":true,"href":"https:\/\/serveiseducatius.xtec.cat\/pladelestany\/wp-json\/wp\/v2\/users\/1"}],"replies":[{"embeddable":true,"href":"https:\/\/serveiseducatius.xtec.cat\/pladelestany\/wp-json\/wp\/v2\/comments?post=420"}],"version-history":[{"count":8,"href":"https:\/\/serveiseducatius.xtec.cat\/pladelestany\/wp-json\/wp\/v2\/pages\/420\/revisions"}],"predecessor-version":[{"id":5616,"href":"https:\/\/serveiseducatius.xtec.cat\/pladelestany\/wp-json\/wp\/v2\/pages\/420\/revisions\/5616"}],"up":[{"embeddable":true,"href":"https:\/\/serveiseducatius.xtec.cat\/pladelestany\/wp-json\/wp\/v2\/pages\/2319"}],"wp:attachment":[{"href":"https:\/\/serveiseducatius.xtec.cat\/pladelestany\/wp-json\/wp\/v2\/media?parent=420"}],"curies":[{"name":"wp","href":"https:\/\/api.w.org\/{rel}","templated":true}]}}