{"id":416,"date":"2015-11-25T15:58:53","date_gmt":"2015-11-25T14:58:53","guid":{"rendered":"http:\/\/serveiseducatius.xtec.cat\/se-pladelestany\/?page_id=416"},"modified":"2025-04-29T13:02:55","modified_gmt":"2025-04-29T11:02:55","slug":"formacio","status":"publish","type":"page","link":"https:\/\/serveiseducatius.xtec.cat\/pladelestany\/formacio\/","title":{"rendered":"Formaci\u00f3 permanent del professorat"},"content":{"rendered":"<p>La formaci\u00f3 del professorat \u00e9s un recurs que ha de contribuir a la millora dels projectes educatius dels centres i a l\u2019enfortiment de les compet\u00e8ncies professionals del professorat.<\/p>\n<p>La redacci\u00f3 del document de Criteris, instruccions i orientacions de la formaci\u00f3 permanent del professorat ha estat coordinada per la Subdirecci\u00f3 General d\u2019Innovaci\u00f3 i Formaci\u00f3 i s\u2019ha reorganitzat per facilitar als gestors de la formaci\u00f3 l\u2019acc\u00e9s a la informaci\u00f3 sobre el proc\u00e9s a seguir en la gesti\u00f3 de les activitats formatives.<\/p>\n<p>Aquest model organitzatiu ha de permetre establir un model d\u2019avaluaci\u00f3 compartit entre tots els agents de la formaci\u00f3 que contribueixi a generar una cultura avaluadora que ha de permetre identificar i constatar en quina mesura es produeixen millores en les actuacions del professorat i dels centres docents relacionades amb les activitats formatives desenvolupades.<\/p>\n<p>El fet de preveure que aquest document tingui una vig\u00e8ncia anual no descarta que sigui un document obert a noves iniciatives. En aquest cas, els canvis s\u2019hauran de consensuar amb tots els agents implicats en la formaci\u00f3.<\/p>\n<p>Des de la Sub-direcci\u00f3 General d\u2019Innovaci\u00f3 i Formaci\u00f3 volem agrair a tots els col\u00b7lectius professionals implicats en la formaci\u00f3 del professorat el seu alt nivell de comprom\u00eds, esfor\u00e7 i dedicaci\u00f3. Comprom\u00eds, esfor\u00e7 i dedicaci\u00f3 que fan possible desenvolupar, any rere any, les propostes de formaci\u00f3 del Departament d\u2019Ensenyament, i que han de permetre construir una nova proposta formativa per al curs 2019-2020 que, des dels centres, contribueixi a l\u2019\u00e8xit educatiu de l\u2019alumnat de Catalunya.<\/p>\n","protected":false},"excerpt":{"rendered":"<p>La formaci\u00f3 del professorat \u00e9s un recurs que ha de contribuir a la millora dels projectes educatius dels centres i [&hellip;]<\/p>\n","protected":false},"author":1,"featured_media":0,"parent":0,"menu_order":0,"comment_status":"closed","ping_status":"closed","template":"page-templates\/side-menu.php","meta":{"site-sidebar-layout":"default","site-content-layout":"","ast-site-content-layout":"default","site-content-style":"default","site-sidebar-style":"default","ast-global-header-display":"","ast-banner-title-visibility":"","ast-main-header-display":"","ast-hfb-above-header-display":"","ast-hfb-below-header-display":"","ast-hfb-mobile-header-display":"","site-post-title":"","ast-breadcrumbs-content":"","ast-featured-img":"","footer-sml-layout":"","theme-transparent-header-meta":"","adv-header-id-meta":"","stick-header-meta":"","header-above-stick-meta":"","header-main-stick-meta":"","header-below-stick-meta":"","astra-migrate-meta-layouts":"set","ast-page-background-enabled":"default","ast-page-background-meta":{"desktop":{"background-color":"var(--ast-global-color-4)","background-image":"","background-repeat":"repeat","background-position":"center center","background-size":"auto","background-attachment":"scroll","background-type":"","background-media":"","overlay-type":"","overlay-color":"","overlay-opacity":"","overlay-gradient":""},"tablet":{"background-color":"","background-image":"","background-repeat":"repeat","background-position":"center center","background-size":"auto","background-attachment":"scroll","background-type":"","background-media":"","overlay-type":"","overlay-color":"","overlay-opacity":"","overlay-gradient":""},"mobile":{"background-color":"","background-image":"","background-repeat":"repeat","background-position":"center center","background-size":"auto","background-attachment":"scroll","background-type":"","background-media":"","overlay-type":"","overlay-color":"","overlay-opacity":"","overlay-gradient":""}},"ast-content-background-meta":{"desktop":{"background-color":"var(--ast-global-color-5)","background-image":"","background-repeat":"repeat","background-position":"center center","background-size":"auto","background-attachment":"scroll","background-type":"","background-media":"","overlay-type":"","overlay-color":"","overlay-opacity":"","overlay-gradient":""},"tablet":{"background-color":"var(--ast-global-color-5)","background-image":"","background-repeat":"repeat","background-position":"center center","background-size":"auto","background-attachment":"scroll","background-type":"","background-media":"","overlay-type":"","overlay-color":"","overlay-opacity":"","overlay-gradient":""},"mobile":{"background-color":"var(--ast-global-color-5)","background-image":"","background-repeat":"repeat","background-position":"center center","background-size":"auto","background-attachment":"scroll","background-type":"","background-media":"","overlay-type":"","overlay-color":"","overlay-opacity":"","overlay-gradient":""}},"footnotes":""},"class_list":["post-416","page","type-page","status-publish","hentry"],"post_mailing_queue_ids":[],"_links":{"self":[{"href":"https:\/\/serveiseducatius.xtec.cat\/pladelestany\/wp-json\/wp\/v2\/pages\/416","targetHints":{"allow":["GET"]}}],"collection":[{"href":"https:\/\/serveiseducatius.xtec.cat\/pladelestany\/wp-json\/wp\/v2\/pages"}],"about":[{"href":"https:\/\/serveiseducatius.xtec.cat\/pladelestany\/wp-json\/wp\/v2\/types\/page"}],"author":[{"embeddable":true,"href":"https:\/\/serveiseducatius.xtec.cat\/pladelestany\/wp-json\/wp\/v2\/users\/1"}],"replies":[{"embeddable":true,"href":"https:\/\/serveiseducatius.xtec.cat\/pladelestany\/wp-json\/wp\/v2\/comments?post=416"}],"version-history":[{"count":5,"href":"https:\/\/serveiseducatius.xtec.cat\/pladelestany\/wp-json\/wp\/v2\/pages\/416\/revisions"}],"predecessor-version":[{"id":6897,"href":"https:\/\/serveiseducatius.xtec.cat\/pladelestany\/wp-json\/wp\/v2\/pages\/416\/revisions\/6897"}],"wp:attachment":[{"href":"https:\/\/serveiseducatius.xtec.cat\/pladelestany\/wp-json\/wp\/v2\/media?parent=416"}],"curies":[{"name":"wp","href":"https:\/\/api.w.org\/{rel}","templated":true}]}}