{"id":414,"date":"2021-03-18T12:35:37","date_gmt":"2021-03-18T11:35:37","guid":{"rendered":"http:\/\/serveiseducatius.xtec.cat\/se-pladelestany\/?page_id=414"},"modified":"2025-05-01T10:11:12","modified_gmt":"2025-05-01T08:11:12","slug":"pla-de-formacio-de-zona-pfz","status":"publish","type":"page","link":"https:\/\/serveiseducatius.xtec.cat\/pladelestany\/formacio\/pla-de-formacio-de-zona-pfz\/","title":{"rendered":"Pla de formaci\u00f3 de zona (PFZ)"},"content":{"rendered":"\n<div class=\"wp-block-buttons has-custom-font-size is-content-justification-left is-layout-flex wp-container-core-buttons-is-layout-1 wp-block-buttons-is-layout-flex\" style=\"margin-top:var(--wp--preset--spacing--40);margin-bottom:var(--wp--preset--spacing--40);font-size:19px\">\n<div class=\"wp-block-button is-style-fill\"><a class=\"wp-block-button__link has-text-align-center wp-element-button\"><strong>Espai Assistents<\/strong><\/a><\/div>\n\n\n\n<div class=\"wp-block-button\"><a class=\"wp-block-button__link wp-element-button\"><strong>Espai Formadors<\/strong><\/a><\/div>\n<\/div>\n\n\n\n<figure class=\"wp-block-image alignleft is-resized has-custom-border\"><a href=\"http:\/\/serveiseducatius.xtec.cat\/se-pladelestany\/wp-content\/uploads\/usu771\/2015\/11\/pfz.jpg\"><img loading=\"lazy\" decoding=\"async\" width=\"258\" height=\"195\" src=\"http:\/\/serveiseducatius.xtec.cat\/se-pladelestany\/wp-content\/uploads\/usu771\/2015\/11\/pfz.jpg\" alt=\"pfz\" class=\"wp-image-422\" style=\"border-style:none;border-width:0px;border-radius:0px;width:258px;height:auto\" srcset=\"https:\/\/serveiseducatius.xtec.cat\/pladelestany\/wp-content\/uploads\/usu771\/2015\/11\/pfz.jpg 258w, https:\/\/serveiseducatius.xtec.cat\/pladelestany\/wp-content\/uploads\/usu771\/2015\/11\/pfz-200x150.jpg 200w\" sizes=\"auto, (max-width: 258px) 100vw, 258px\" \/><\/a><\/figure>\n\n\n\n<p><\/p>\n\n\n\n<div class=\"wp-block-buttons has-custom-font-size has-small-font-size is-horizontal is-nowrap is-layout-flex wp-container-core-buttons-is-layout-2 wp-block-buttons-is-layout-flex\">\n<div class=\"wp-block-button\"><a class=\"wp-block-button__link wp-element-button\"><strong>Funcionament del PFZ<\/strong><\/a><\/div>\n\n\n\n<div class=\"wp-block-button\"><a class=\"wp-block-button__link wp-element-button\" href=\"https:\/\/docs.google.com\/document\/d\/1HPAmkgAfaZQsQ1Hu2V3WeH4037hR2UZX-L7QelZ0eqc\/edit?usp=sharing\"><strong>Circular informativa<\/strong><\/a><\/div>\n\n\n\n<div class=\"wp-block-button\"><a class=\"wp-block-button__link wp-element-button\"><strong>Comissi\u00f3 PFZ<\/strong><\/a><\/div>\n\n\n\n<div class=\"wp-block-button\"><a class=\"wp-block-button__link wp-element-button\"><strong>Modalitats<\/strong><\/a><\/div>\n<\/div>\n\n\n\n<div class=\"entry-content\">\n<figure><\/figure>\n<p>El Departament d\u2019Ensenyament ha establert un conjunt d\u2019<a href=\"http:\/\/xtec.gencat.cat\/ca\/formacio\/info-general\/objectius-formacio\/\" target=\"_blank\" rel=\"noopener noreferrer\">objectius de formaci\u00f3 permanent<\/a>\u00a0per donar resposta a les necessitats de formaci\u00f3 permanent dels centres educatius i dels docents de Catalunya.<\/p>\n<p><strong>El Pla de Formaci\u00f3 de Zona del Pla de l&#8217;Estany<\/strong> \u00e9s la planificaci\u00f3 a escala comarcal de la formaci\u00f3 permanent del professorat, la qual engloba les activitats de formaci\u00f3 en centre i les adre\u00e7ades a tot el professorat de la comarca. El professorat hi participa a trav\u00e9s del proc\u00e9s de detecci\u00f3 de necessitats\u00a0 i mitjan\u00e7ant la seva representaci\u00f3 en la comissi\u00f3 del PFZ del Pla de l&#8217;Estany 2025-26.<\/p>\n<div id=\"container\">\n<figure><a href=\"https:\/\/docs.google.com\/forms\/d\/e\/1FAIpQLSdmJfT3bjHzm7f_HHLvzD0yLbRQvV_uEdevmJFpaYop15C5vA\/viewform?usp=header\"><img loading=\"lazy\" decoding=\"async\" class=\"aire alignnone wp-image-1650\" src=\"https:\/\/serveiseducatius.xtec.cat\/pladelestany\/wp-content\/uploads\/usu771\/2018\/10\/google-form-icon-29.jpg-300x278.png\" alt=\"\" width=\"30\" height=\"28\" \/><\/a> \u00a0<a href=\"https:\/\/docs.google.com\/forms\/d\/e\/1FAIpQLSdmJfT3bjHzm7f_HHLvzD0yLbRQvV_uEdevmJFpaYop15C5vA\/viewform?usp=header\" target=\"_blank\" rel=\"noopener noreferrer\" data-wplink-edit=\"true\">Sol\u00b7licita una\u00a0 activitat <\/a><\/figure>\n<\/div>\n<h6>Calendari 2025-2026. Activitats de 1r torn<\/h6>\n<table class=\"table\" style=\"width: 100%; height: 278px;\" border=\"0\" width=\"100%\" cellspacing=\"0\" cellpadding=\"0\">\n<tbody>\n<tr style=\"height: 31px;\">\n<td style=\"background-color: #00688b; border-style: solid; border-color: #00688b; height: 31px; width: 72.0087%;\"><span style=\"color: #ffffff;\"><b>Proc\u00e9s<\/b><\/span><\/td>\n<td style=\"background-color: #00688b; border-style: solid; border-color: #00688b; height: 31px; width: 14.6482%; text-align: center;\"><span style=\"color: #ffffff;\"><b>Inici<\/b><\/span><\/td>\n<td style=\"background-color: #00688b; border-style: solid; border-color: #00688b; height: 31px; width: 13.198%; text-align: center;\"><span style=\"color: #ffffff;\"><b>Fi<\/b><\/span><\/td>\n<\/tr>\n<tr style=\"height: 31px;\">\n<td style=\"border-style: solid; border-color: #00688b; height: 31px; width: 72.0087%;\">Detecci\u00f3 de necessitats<\/td>\n<td style=\"border-style: solid; border-color: #00688b; height: 31px; width: 14.6482%; text-align: center;\"><span style=\"color: #000000;\">04-25<\/span><\/td>\n<td style=\"border-style: solid; border-color: #00688b; height: 31px; width: 13.198%; text-align: center;\"><span style=\"color: #000000;\">05-25<\/span><\/td>\n<\/tr>\n<tr style=\"height: 31px;\">\n<td style=\"border-style: solid; border-color: #00688b; height: 31px; width: 72.0087%;\">Selecci\u00f3 i prioritzaci\u00f3 de les sol\u00b7licituds<\/td>\n<td style=\"border-style: solid; border-color: #00688b; height: 31px; width: 14.6482%; text-align: center;\"><span style=\"color: #000000;\">05-25<\/span><\/td>\n<td style=\"border-style: solid; border-color: #00688b; height: 31px; width: 13.198%; text-align: center;\"><span style=\"color: #000000;\">06-25<\/span><\/td>\n<\/tr>\n<tr style=\"height: 23px;\">\n<td style=\"border-style: solid; border-color: #00688b; width: 72.0087%; height: 23px;\">Aprovaci\u00f3 de la proposta formativa a la comissi\u00f3 del PFZ<\/td>\n<td style=\"border-style: solid; border-color: #00688b; text-align: center; width: 27.8462%; height: 23px;\" colspan=\"2\"><span style=\"color: #000000;\">Abans del 16 de juny<\/span><\/td>\n<\/tr>\n<tr style=\"height: 23px;\">\n<td style=\"border-style: solid; border-color: #00688b; width: 72.0087%; height: 23px;\">Revisi\u00f3 i aprovaci\u00f3 de l&#8217;oferta global del ST de Girona<\/td>\n<td style=\"border-style: solid; border-color: #00688b; text-align: center; width: 27.8462%; height: 23px;\" colspan=\"2\"><span style=\"color: #000000;\">Abans del 20 de juny<\/span><\/td>\n<\/tr>\n<tr style=\"height: 23px;\">\n<td style=\"border-style: solid; border-color: #00688b; width: 72.0087%; height: 23px;\">Revisi\u00f3 i aprovaci\u00f3 de l&#8217;oferta global del Departament d&#8217;Educaci\u00f3<\/td>\n<td style=\"border-style: solid; border-color: #00688b; width: 27.8462%; text-align: center; height: 23px;\" colspan=\"2\"><span style=\"color: #000000;\">Abans del 27 de juny<\/span><\/td>\n<\/tr>\n<tr style=\"height: 31px;\">\n<td style=\"border-style: solid; border-color: #00688b; height: 31px; width: 72.0087%;\">Publicaci\u00f3\u00a0de les activitats aprovades<\/td>\n<td style=\"border-style: solid; border-color: #00688b; height: 31px; width: 27.8462%; text-align: center;\" colspan=\"2\"><span style=\"color: #000000;\">juliol &#8211; agost 2024<\/span><\/td>\n<\/tr>\n<tr style=\"height: 31px;\">\n<td style=\"border-style: solid; border-color: #00688b; height: 31px; width: 72.0087%;\">Inscripci\u00f3 a les activitats<\/td>\n<td style=\"border-style: solid; border-color: #00688b; height: 31px; width: 14.6482%; text-align: center;\"><span style=\"color: #000000;\">05-09-25<\/span><\/td>\n<td style=\"border-style: solid; border-color: #00688b; height: 31px; width: 13.198%; text-align: center;\"><span style=\"color: #000000;\">21-09-25<\/span><\/td>\n<\/tr>\n<tr style=\"height: 23px;\">\n<td style=\"border-style: solid; border-color: #00688b; width: 72.0087%; height: 23px;\">Consulta d&#8217;assignacions<\/td>\n<td style=\"border-style: solid; border-color: #00688b; width: 27.8462%; text-align: center; height: 23px;\" colspan=\"2\"><span style=\"color: #000000;\">a partir del 7 d&#8217;octubre<\/span><\/td>\n<\/tr>\n<tr style=\"height: 31px;\">\n<td style=\"border-style: solid; border-color: #00688b; height: 31px; width: 72.0087%;\">Inici de les activitats<\/td>\n<td style=\"border-style: solid; border-color: #00688b; height: 31px; text-align: center; width: 27.8462%;\" colspan=\"2\"><span style=\"color: #000000;\">a partir del 13 d&#8217;octubre<\/span><\/td>\n<\/tr>\n<\/tbody>\n<\/table>\n<h6>Calendari 2025-2026. Activitats de 2n torn<\/h6>\n<table class=\"table\" style=\"width: 99.9771%; height: 200px;\" border=\"0\" cellspacing=\"0\" cellpadding=\"0\">\n<tbody>\n<tr style=\"height: 31px;\">\n<td style=\"background-color: #00688b; border-style: solid; border-color: #00688b; height: 31px; width: 72.0087%;\"><span style=\"color: #ffffff;\"><b>Proc\u00e9s<\/b><\/span><\/td>\n<td style=\"background-color: #00688b; border-style: solid; border-color: #00688b; height: 31px; width: 14.6482%; text-align: center;\"><span style=\"color: #ffffff;\"><b>Inici<\/b><\/span><\/td>\n<td style=\"background-color: #00688b; border-style: solid; border-color: #00688b; height: 31px; width: 13.198%; text-align: center;\"><span style=\"color: #ffffff;\"><b>Fi<\/b><\/span><\/td>\n<\/tr>\n<tr style=\"height: 31px;\">\n<td style=\"border-style: solid; border-color: #00688b; height: 31px; width: 72.0087%;\">Detecci\u00f3 de necessitats<\/td>\n<td style=\"text-align: center;\">24-10-25<\/td>\n<td style=\"border-style: solid; border-color: #00688b; height: 31px; width: 13.198%; text-align: center;\">13-11-25<\/td>\n<\/tr>\n<tr style=\"height: 31px;\">\n<td style=\"border-style: solid; border-color: #00688b; height: 31px; width: 72.0087%;\">Selecci\u00f3 i prioritzaci\u00f3 de les sol\u00b7licituds<\/td>\n<td style=\"border-style: solid; border-color: #00688b; height: 31px; width: 14.6482%; text-align: center;\"><span style=\"color: #000000;\">23-11-25<\/span><\/td>\n<td style=\"border-style: solid; border-color: #00688b; height: 31px; width: 13.198%; text-align: center;\"><span style=\"color: #000000;\">30-11-25<\/span><\/td>\n<\/tr>\n<tr style=\"height: 31px;\">\n<td style=\"border-style: solid; border-color: #00688b; height: 31px; width: 72.0087%;\">Publicaci\u00f3\u00a0de les activitats aprovades<\/td>\n<td style=\"border-style: solid; border-color: #00688b; height: 31px; width: 27.8462%; text-align: center;\" colspan=\"2\"><span style=\"color: #000000;\">Abans del 10 de desembre<\/span><\/td>\n<\/tr>\n<tr style=\"height: 31px;\">\n<td style=\"border-style: solid; border-color: #00688b; height: 31px; width: 72.0087%;\">Inscripci\u00f3 a les activitats<\/td>\n<td style=\"border-style: solid; border-color: #00688b; height: 31px; width: 14.6482%; text-align: center;\"><span style=\"color: #000000;\">07-01-26<\/span><\/td>\n<td style=\"border-style: solid; border-color: #00688b; height: 31px; width: 13.198%; text-align: center;\"><span style=\"color: #000000;\">15-01-26<\/span><\/td>\n<\/tr>\n<tr style=\"height: 14px;\">\n<td style=\"border-style: solid; border-color: #00688b; width: 72.0087%; height: 14px;\">Consulta d&#8217;assignacions<\/td>\n<td style=\"border-style: solid; border-color: #00688b; width: 27.8462%; text-align: center; height: 14px;\" colspan=\"2\"><span style=\"color: #000000;\">a partir del 30 de gener<\/span><\/td>\n<\/tr>\n<tr style=\"height: 31px;\">\n<td style=\"border-style: solid; border-color: #00688b; height: 31px; width: 72.0087%;\">Inici de les activitats<\/td>\n<td style=\"border-style: solid; border-color: #00688b; height: 31px; text-align: center; width: 27.8462%;\" colspan=\"2\"><span style=\"color: #000000;\">a partir del 5 de febrer<\/span><\/td>\n<\/tr>\n<\/tbody>\n<\/table>\n<\/div>\n","protected":false},"excerpt":{"rendered":"<p>El Departament d\u2019Ensenyament ha establert un conjunt d\u2019objectius de formaci\u00f3 permanent\u00a0per donar resposta a les necessitats de formaci\u00f3 permanent dels [&hellip;]<\/p>\n","protected":false},"author":5,"featured_media":0,"parent":416,"menu_order":10,"comment_status":"closed","ping_status":"closed","template":"","meta":{"site-sidebar-layout":"default","site-content-layout":"","ast-site-content-layout":"default","site-content-style":"default","site-sidebar-style":"default","ast-global-header-display":"","ast-banner-title-visibility":"","ast-main-header-display":"","ast-hfb-above-header-display":"","ast-hfb-below-header-display":"","ast-hfb-mobile-header-display":"","site-post-title":"","ast-breadcrumbs-content":"","ast-featured-img":"","footer-sml-layout":"","theme-transparent-header-meta":"","adv-header-id-meta":"","stick-header-meta":"","header-above-stick-meta":"","header-main-stick-meta":"","header-below-stick-meta":"","astra-migrate-meta-layouts":"set","ast-page-background-enabled":"default","ast-page-background-meta":{"desktop":{"background-color":"var(--ast-global-color-4)","background-image":"","background-repeat":"repeat","background-position":"center center","background-size":"auto","background-attachment":"scroll","background-type":"","background-media":"","overlay-type":"","overlay-color":"","overlay-opacity":"","overlay-gradient":""},"tablet":{"background-color":"","background-image":"","background-repeat":"repeat","background-position":"center center","background-size":"auto","background-attachment":"scroll","background-type":"","background-media":"","overlay-type":"","overlay-color":"","overlay-opacity":"","overlay-gradient":""},"mobile":{"background-color":"","background-image":"","background-repeat":"repeat","background-position":"center center","background-size":"auto","background-attachment":"scroll","background-type":"","background-media":"","overlay-type":"","overlay-color":"","overlay-opacity":"","overlay-gradient":""}},"ast-content-background-meta":{"desktop":{"background-color":"var(--ast-global-color-5)","background-image":"","background-repeat":"repeat","background-position":"center center","background-size":"auto","background-attachment":"scroll","background-type":"","background-media":"","overlay-type":"","overlay-color":"","overlay-opacity":"","overlay-gradient":""},"tablet":{"background-color":"var(--ast-global-color-5)","background-image":"","background-repeat":"repeat","background-position":"center center","background-size":"auto","background-attachment":"scroll","background-type":"","background-media":"","overlay-type":"","overlay-color":"","overlay-opacity":"","overlay-gradient":""},"mobile":{"background-color":"var(--ast-global-color-5)","background-image":"","background-repeat":"repeat","background-position":"center center","background-size":"auto","background-attachment":"scroll","background-type":"","background-media":"","overlay-type":"","overlay-color":"","overlay-opacity":"","overlay-gradient":""}},"footnotes":""},"class_list":["post-414","page","type-page","status-publish","hentry"],"post_mailing_queue_ids":[],"_links":{"self":[{"href":"https:\/\/serveiseducatius.xtec.cat\/pladelestany\/wp-json\/wp\/v2\/pages\/414","targetHints":{"allow":["GET"]}}],"collection":[{"href":"https:\/\/serveiseducatius.xtec.cat\/pladelestany\/wp-json\/wp\/v2\/pages"}],"about":[{"href":"https:\/\/serveiseducatius.xtec.cat\/pladelestany\/wp-json\/wp\/v2\/types\/page"}],"author":[{"embeddable":true,"href":"https:\/\/serveiseducatius.xtec.cat\/pladelestany\/wp-json\/wp\/v2\/users\/5"}],"replies":[{"embeddable":true,"href":"https:\/\/serveiseducatius.xtec.cat\/pladelestany\/wp-json\/wp\/v2\/comments?post=414"}],"version-history":[{"count":6,"href":"https:\/\/serveiseducatius.xtec.cat\/pladelestany\/wp-json\/wp\/v2\/pages\/414\/revisions"}],"predecessor-version":[{"id":6900,"href":"https:\/\/serveiseducatius.xtec.cat\/pladelestany\/wp-json\/wp\/v2\/pages\/414\/revisions\/6900"}],"up":[{"embeddable":true,"href":"https:\/\/serveiseducatius.xtec.cat\/pladelestany\/wp-json\/wp\/v2\/pages\/416"}],"wp:attachment":[{"href":"https:\/\/serveiseducatius.xtec.cat\/pladelestany\/wp-json\/wp\/v2\/media?parent=414"}],"curies":[{"name":"wp","href":"https:\/\/api.w.org\/{rel}","templated":true}]}}