{"id":3944,"date":"2021-10-22T10:06:47","date_gmt":"2021-10-22T08:06:47","guid":{"rendered":"https:\/\/serveiseducatius.xtec.cat\/pladelestany\/?page_id=3944"},"modified":"2025-12-10T11:00:34","modified_gmt":"2025-12-10T10:00:34","slug":"protocols-dactuacio","status":"publish","type":"page","link":"https:\/\/serveiseducatius.xtec.cat\/pladelestany\/escola-inclusiva\/protocols-dactuacio\/","title":{"rendered":"Protocols d&#8217;actuaci\u00f3"},"content":{"rendered":"\n<div class=\"wp-block-columns is-layout-flex wp-container-core-columns-is-layout-1 wp-block-columns-is-layout-flex\">\n<div class=\"wp-block-column is-layout-flow wp-block-column-is-layout-flow\">\n<figure class=\"wp-block-image aligncenter\"><a href=\"https:\/\/espai.educacio.gencat.cat\/Recursos\/Cataleg-protocols\/Pagines\/default.aspx\" target=\"_blank\" rel=\"noopener\"><img loading=\"lazy\" decoding=\"async\" width=\"305\" height=\"275\" src=\"https:\/\/serveiseducatius.xtec.cat\/pladelestany\/wp-content\/uploads\/usu771\/2021\/10\/Logos_CatalProtoc_C1-5.png\" alt=\"Cat\u00e0leg de protocols del departament d'educaci\u00f3\" class=\"wp-image-3960\" srcset=\"https:\/\/serveiseducatius.xtec.cat\/pladelestany\/wp-content\/uploads\/usu771\/2021\/10\/Logos_CatalProtoc_C1-5.png 305w, https:\/\/serveiseducatius.xtec.cat\/pladelestany\/wp-content\/uploads\/usu771\/2021\/10\/Logos_CatalProtoc_C1-5-300x270.png 300w\" sizes=\"auto, (max-width: 305px) 100vw, 305px\" \/><\/a><\/figure>\n<\/div>\n\n\n\n<div class=\"wp-block-column is-layout-flow wp-block-column-is-layout-flow\">\n<figure class=\"wp-block-image aligncenter\"><a href=\"https:\/\/xtec.gencat.cat\/ca\/centres\/projeducatiu\/convivencia\/protocols\/atencio-acompanyament-alumnat-transgenere\/index.html\" target=\"_blank\" rel=\"noopener\"><img loading=\"lazy\" decoding=\"async\" width=\"305\" height=\"275\" src=\"https:\/\/serveiseducatius.xtec.cat\/pladelestany\/wp-content\/uploads\/usu771\/2021\/10\/Logos_trans_c-3.png\" alt=\"Protocol per a l\u2019atenci\u00f3 i acompanyament de l\u2019alumnat transg\u00e8nere en els centres educatius\" class=\"wp-image-3959\" srcset=\"https:\/\/serveiseducatius.xtec.cat\/pladelestany\/wp-content\/uploads\/usu771\/2021\/10\/Logos_trans_c-3.png 305w, https:\/\/serveiseducatius.xtec.cat\/pladelestany\/wp-content\/uploads\/usu771\/2021\/10\/Logos_trans_c-3-300x270.png 300w\" sizes=\"auto, (max-width: 305px) 100vw, 305px\" \/><\/a><\/figure>\n<\/div>\n\n\n\n<div class=\"wp-block-column is-layout-flow wp-block-column-is-layout-flow\">\n<figure class=\"wp-block-image aligncenter\"><img loading=\"lazy\" decoding=\"async\" width=\"305\" height=\"275\" src=\"https:\/\/serveiseducatius.xtec.cat\/pladelestany\/wp-content\/uploads\/usu771\/2022\/03\/Protocols_DesplcGuerra.png\" alt=\"\" class=\"wp-image-4217\" srcset=\"https:\/\/serveiseducatius.xtec.cat\/pladelestany\/wp-content\/uploads\/usu771\/2022\/03\/Protocols_DesplcGuerra.png 305w, https:\/\/serveiseducatius.xtec.cat\/pladelestany\/wp-content\/uploads\/usu771\/2022\/03\/Protocols_DesplcGuerra-300x270.png 300w\" sizes=\"auto, (max-width: 305px) 100vw, 305px\" \/><\/figure>\n<\/div>\n\n\n\n<div class=\"wp-block-column is-layout-flow wp-block-column-is-layout-flow\">\n<figure class=\"wp-block-image aligncenter\"><a href=\"https:\/\/educacio.gencat.cat\/ca\/departament\/publicacions\/protocols\/actuacio-davant-violencia-ambit-educatiu\/\" target=\"_blank\" rel=\"noopener\"><img decoding=\"async\" src=\"https:\/\/serveiseducatius.xtec.cat\/pladelestany\/wp-content\/uploads\/usu771\/2023\/09\/ProtocolViolencia.png\" alt=\"Protocol d'actuaci\u00f3 davant de qualsevol tipus de viol\u00e8ncia en l'\u00e0mbit educatiu\" class=\"wp-image-3959\"\/><\/a><\/figure>\n<\/div>\n<\/div>\n\n\n\n<p><a style=\"color: #2795b6;\" href=\"https:\/\/espai.educacio.gencat.cat\/Alumnes\/Situacions\/Acollida-refugiats-ucraina\/Pagines\/default.aspx\" target=\"_blank\" rel=\"noopener\"><span style=\"color: #2795b6;\"><\/span><\/a><\/p>\n","protected":false},"excerpt":{"rendered":"","protected":false},"author":5,"featured_media":0,"parent":8386,"menu_order":0,"comment_status":"closed","ping_status":"closed","template":"","meta":{"site-sidebar-layout":"default","site-content-layout":"","ast-site-content-layout":"default","site-content-style":"default","site-sidebar-style":"default","ast-global-header-display":"","ast-banner-title-visibility":"","ast-main-header-display":"","ast-hfb-above-header-display":"","ast-hfb-below-header-display":"","ast-hfb-mobile-header-display":"","site-post-title":"","ast-breadcrumbs-content":"","ast-featured-img":"","footer-sml-layout":"","theme-transparent-header-meta":"","adv-header-id-meta":"","stick-header-meta":"","header-above-stick-meta":"","header-main-stick-meta":"","header-below-stick-meta":"","astra-migrate-meta-layouts":"set","ast-page-background-enabled":"default","ast-page-background-meta":{"desktop":{"background-color":"var(--ast-global-color-4)","background-image":"","background-repeat":"repeat","background-position":"center center","background-size":"auto","background-attachment":"scroll","background-type":"","background-media":"","overlay-type":"","overlay-color":"","overlay-opacity":"","overlay-gradient":""},"tablet":{"background-color":"","background-image":"","background-repeat":"repeat","background-position":"center center","background-size":"auto","background-attachment":"scroll","background-type":"","background-media":"","overlay-type":"","overlay-color":"","overlay-opacity":"","overlay-gradient":""},"mobile":{"background-color":"","background-image":"","background-repeat":"repeat","background-position":"center center","background-size":"auto","background-attachment":"scroll","background-type":"","background-media":"","overlay-type":"","overlay-color":"","overlay-opacity":"","overlay-gradient":""}},"ast-content-background-meta":{"desktop":{"background-color":"var(--ast-global-color-5)","background-image":"","background-repeat":"repeat","background-position":"center center","background-size":"auto","background-attachment":"scroll","background-type":"","background-media":"","overlay-type":"","overlay-color":"","overlay-opacity":"","overlay-gradient":""},"tablet":{"background-color":"var(--ast-global-color-5)","background-image":"","background-repeat":"repeat","background-position":"center center","background-size":"auto","background-attachment":"scroll","background-type":"","background-media":"","overlay-type":"","overlay-color":"","overlay-opacity":"","overlay-gradient":""},"mobile":{"background-color":"var(--ast-global-color-5)","background-image":"","background-repeat":"repeat","background-position":"center center","background-size":"auto","background-attachment":"scroll","background-type":"","background-media":"","overlay-type":"","overlay-color":"","overlay-opacity":"","overlay-gradient":""}},"footnotes":""},"class_list":["post-3944","page","type-page","status-publish","hentry"],"post_mailing_queue_ids":[],"_links":{"self":[{"href":"https:\/\/serveiseducatius.xtec.cat\/pladelestany\/wp-json\/wp\/v2\/pages\/3944","targetHints":{"allow":["GET"]}}],"collection":[{"href":"https:\/\/serveiseducatius.xtec.cat\/pladelestany\/wp-json\/wp\/v2\/pages"}],"about":[{"href":"https:\/\/serveiseducatius.xtec.cat\/pladelestany\/wp-json\/wp\/v2\/types\/page"}],"author":[{"embeddable":true,"href":"https:\/\/serveiseducatius.xtec.cat\/pladelestany\/wp-json\/wp\/v2\/users\/5"}],"replies":[{"embeddable":true,"href":"https:\/\/serveiseducatius.xtec.cat\/pladelestany\/wp-json\/wp\/v2\/comments?post=3944"}],"version-history":[{"count":3,"href":"https:\/\/serveiseducatius.xtec.cat\/pladelestany\/wp-json\/wp\/v2\/pages\/3944\/revisions"}],"predecessor-version":[{"id":8385,"href":"https:\/\/serveiseducatius.xtec.cat\/pladelestany\/wp-json\/wp\/v2\/pages\/3944\/revisions\/8385"}],"up":[{"embeddable":true,"href":"https:\/\/serveiseducatius.xtec.cat\/pladelestany\/wp-json\/wp\/v2\/pages\/8386"}],"wp:attachment":[{"href":"https:\/\/serveiseducatius.xtec.cat\/pladelestany\/wp-json\/wp\/v2\/media?parent=3944"}],"curies":[{"name":"wp","href":"https:\/\/api.w.org\/{rel}","templated":true}]}}