{"id":2562,"date":"2020-05-09T15:19:02","date_gmt":"2020-05-09T13:19:02","guid":{"rendered":"http:\/\/serveiseducatius.xtec.cat\/pladelestany\/?page_id=2562"},"modified":"2025-12-10T10:48:49","modified_gmt":"2025-12-10T09:48:49","slug":"discalculia","status":"publish","type":"page","link":"https:\/\/serveiseducatius.xtec.cat\/pladelestany\/escola-inclusiva\/necessitats-educatives-que-condicionen-laprenentatge\/discalculia\/","title":{"rendered":"Discalc\u00falia"},"content":{"rendered":"\n<div class=\"wp-block-getwid-tabs\" data-active-tab=\"0\"><ul class=\"wp-block-getwid-tabs__nav-links\"><\/ul>\n<div class=\"wp-block-getwid-tabs__nav-link\"><span class=\"wp-block-getwid-tabs__title-wrapper\"><a href=\"#\"><span class=\"wp-block-getwid-tabs__title\"><strong>Definici\u00f3<\/strong><\/span><\/a><\/span><\/div><div class=\"wp-block-getwid-tabs__tab-content-wrapper\"><div class=\"wp-block-getwid-tabs__tab-content\">\n<div class=\"wp-block-columns is-layout-flex wp-container-core-columns-is-layout-1 wp-block-columns-is-layout-flex\">\n<div class=\"wp-block-column is-layout-flow wp-block-column-is-layout-flow\" style=\"flex-basis:33.33%\">\n<figure class=\"wp-block-image aligncenter size-large is-resized\"><a href=\"https:\/\/serveiseducatius.xtec.cat\/pladelestany\/wp-content\/uploads\/usu771\/2025\/12\/TEA-scaled.jpg\"><img decoding=\"async\" src=\"https:\/\/serveiseducatius.xtec.cat\/pladelestany\/wp-content\/uploads\/usu771\/2020\/05\/Discalc\u00falia.jpg\" alt=\"\" style=\"width:348px;height:auto\"\/><\/a><\/figure>\n<\/div>\n\n\n\n<div class=\"wp-block-column is-layout-flow wp-block-column-is-layout-flow\" style=\"flex-basis:66.66%\">\n<p><\/p>\n\n\n\n<p class=\"has-medium-font-size\">Trastorn espec\u00edfic caracteritzat per dificultats en el processament num\u00e8ric i el c\u00e0lcul que afecten d\u2019una manera significativa el rendiment acad\u00e8mic o a les activitats de la vida quotidiana. Acostuma a manifestar-se en nens i nenes amb una capacitat intel\u00b7lectual normal i amb un nivell educatiu adequat.<\/p>\n\n\n\n<p class=\"has-medium-font-size\"><\/p>\n<\/div>\n<\/div>\n<\/div><\/div>\n\n\n\n<div class=\"wp-block-getwid-tabs__nav-link\"><span class=\"wp-block-getwid-tabs__title-wrapper\"><a href=\"#\"><span class=\"wp-block-getwid-tabs__title\"><strong>Signes d&#8217;alerta<\/strong><\/span><\/a><\/span><\/div><div class=\"wp-block-getwid-tabs__tab-content-wrapper\"><div class=\"wp-block-getwid-tabs__tab-content\">\n<p>Podem sospitar de discalc\u00falia, en general, quan hi ha un decalatge significatiu entre el coeficient intel\u00b7lectual i el processament num\u00e8ric segons l\u2019edat, i en particular, quan el nen mostra algun d\u2019aquests s\u00edmptomes:<\/p>\n\n\n\n<ul class=\"wp-block-list\">\n<li>Utilitza molt els dits per comptar.<\/li>\n\n\n\n<li>T\u00e9 moltes dificultats per comptar cap enrere.<\/li>\n\n\n\n<li>Li resulta molt complicat fer c\u00e0lculs aproximats.<\/li>\n\n\n\n<li>Li costa molt manipular xifres grans, com centenes o milers.<\/li>\n\n\n\n<li>Mostra problemes per saber quina operaci\u00f3 s\u2019ha d\u2019aplicar per resoldre un problema.<\/li>\n\n\n\n<li>Li resulta molt dif\u00edcil memoritzar les taules de multiplicar, sent possible que les oblidi d\u2019un dia per l\u2019altre.<\/li>\n\n\n\n<li>T\u00e9 errors de transcripci\u00f3, com per exemple quan ha d\u2019escriure n\u00fameros dictats.<\/li>\n\n\n\n<li>Acostuma a dedicar molt de temps i esfor\u00e7 a fer els deures en les \u00e0rees de matem\u00e0tiques sense obtenir resultats positius. <\/li>\n\n\n\n<li>A mesura que passa el temps \u00e9s freq\u00fcent que es manifesti ansietat o bloqueig cap a les tasques matem\u00e0tiques, ja que existeix sensaci\u00f3 de frac\u00e0s.<\/li>\n<\/ul>\n<\/div><\/div>\n\n\n\n<div class=\"wp-block-getwid-tabs__nav-link\"><span class=\"wp-block-getwid-tabs__title-wrapper\"><a href=\"#\"><span class=\"wp-block-getwid-tabs__title\"><strong>Orientacions<\/strong><\/span><\/a><\/span><\/div><div class=\"wp-block-getwid-tabs__tab-content-wrapper\"><div class=\"wp-block-getwid-tabs__tab-content\">\n<ul class=\"wp-block-list\">\n<li>Donar m\u00e9s temps per fer els exercicis.<\/li>\n\n\n\n<li>Donar estrat\u00e8gies externes que facin les matem\u00e0tiques menys abstractes.<\/li>\n\n\n\n<li>Prioritzar l\u2019\u00fas de material multisensorial, experimental i vivencial.<\/li>\n\n\n\n<li>Proposar guions o esquemes que facilitin la resoluci\u00f3 de problemes. Autoinstruccions.<\/li>\n\n\n\n<li>Reduir la quantitat d\u2019exercicis en un mateix full.<\/li>\n\n\n\n<li>Marcar amb color diferent les dades destacables.<\/li>\n\n\n\n<li>Fomentar la revisi\u00f3 per evitar els errors.<\/li>\n\n\n\n<li>Utilitzar fulls quadriculats per facilitar la ubicaci\u00f3 espacial dels n\u00fameros.<\/li>\n<\/ul>\n<\/div><\/div>\n<\/div>\n\n\n\n<p class=\"has-white-color has-text-color has-link-color wp-elements-7e4ac651328708ea719ac0894fa30934\">.<\/p>\n\n\n\n<p>(A. Sanguinetti i J. M. Serra Grabulosa. <em>La neuropsicologia infantil en l\u2019\u00e0mbit educatiu<\/em>.)<\/p>\n\n\n\n<p><\/p>\n","protected":false},"excerpt":{"rendered":"<p>. (A. Sanguinetti i J. M. Serra Grabulosa. La neuropsicologia infantil en l\u2019\u00e0mbit educatiu.)<\/p>\n","protected":false},"author":5,"featured_media":0,"parent":1860,"menu_order":0,"comment_status":"closed","ping_status":"closed","template":"","meta":{"site-sidebar-layout":"default","site-content-layout":"","ast-site-content-layout":"default","site-content-style":"default","site-sidebar-style":"default","ast-global-header-display":"","ast-banner-title-visibility":"","ast-main-header-display":"","ast-hfb-above-header-display":"","ast-hfb-below-header-display":"","ast-hfb-mobile-header-display":"","site-post-title":"","ast-breadcrumbs-content":"","ast-featured-img":"","footer-sml-layout":"","theme-transparent-header-meta":"","adv-header-id-meta":"","stick-header-meta":"","header-above-stick-meta":"","header-main-stick-meta":"","header-below-stick-meta":"","astra-migrate-meta-layouts":"set","ast-page-background-enabled":"default","ast-page-background-meta":{"desktop":{"background-color":"var(--ast-global-color-4)","background-image":"","background-repeat":"repeat","background-position":"center center","background-size":"auto","background-attachment":"scroll","background-type":"","background-media":"","overlay-type":"","overlay-color":"","overlay-opacity":"","overlay-gradient":""},"tablet":{"background-color":"","background-image":"","background-repeat":"repeat","background-position":"center center","background-size":"auto","background-attachment":"scroll","background-type":"","background-media":"","overlay-type":"","overlay-color":"","overlay-opacity":"","overlay-gradient":""},"mobile":{"background-color":"","background-image":"","background-repeat":"repeat","background-position":"center center","background-size":"auto","background-attachment":"scroll","background-type":"","background-media":"","overlay-type":"","overlay-color":"","overlay-opacity":"","overlay-gradient":""}},"ast-content-background-meta":{"desktop":{"background-color":"var(--ast-global-color-5)","background-image":"","background-repeat":"repeat","background-position":"center center","background-size":"auto","background-attachment":"scroll","background-type":"","background-media":"","overlay-type":"","overlay-color":"","overlay-opacity":"","overlay-gradient":""},"tablet":{"background-color":"var(--ast-global-color-5)","background-image":"","background-repeat":"repeat","background-position":"center center","background-size":"auto","background-attachment":"scroll","background-type":"","background-media":"","overlay-type":"","overlay-color":"","overlay-opacity":"","overlay-gradient":""},"mobile":{"background-color":"var(--ast-global-color-5)","background-image":"","background-repeat":"repeat","background-position":"center center","background-size":"auto","background-attachment":"scroll","background-type":"","background-media":"","overlay-type":"","overlay-color":"","overlay-opacity":"","overlay-gradient":""}},"footnotes":""},"class_list":["post-2562","page","type-page","status-publish","hentry"],"post_mailing_queue_ids":[],"_links":{"self":[{"href":"https:\/\/serveiseducatius.xtec.cat\/pladelestany\/wp-json\/wp\/v2\/pages\/2562","targetHints":{"allow":["GET"]}}],"collection":[{"href":"https:\/\/serveiseducatius.xtec.cat\/pladelestany\/wp-json\/wp\/v2\/pages"}],"about":[{"href":"https:\/\/serveiseducatius.xtec.cat\/pladelestany\/wp-json\/wp\/v2\/types\/page"}],"author":[{"embeddable":true,"href":"https:\/\/serveiseducatius.xtec.cat\/pladelestany\/wp-json\/wp\/v2\/users\/5"}],"replies":[{"embeddable":true,"href":"https:\/\/serveiseducatius.xtec.cat\/pladelestany\/wp-json\/wp\/v2\/comments?post=2562"}],"version-history":[{"count":5,"href":"https:\/\/serveiseducatius.xtec.cat\/pladelestany\/wp-json\/wp\/v2\/pages\/2562\/revisions"}],"predecessor-version":[{"id":8381,"href":"https:\/\/serveiseducatius.xtec.cat\/pladelestany\/wp-json\/wp\/v2\/pages\/2562\/revisions\/8381"}],"up":[{"embeddable":true,"href":"https:\/\/serveiseducatius.xtec.cat\/pladelestany\/wp-json\/wp\/v2\/pages\/1860"}],"wp:attachment":[{"href":"https:\/\/serveiseducatius.xtec.cat\/pladelestany\/wp-json\/wp\/v2\/media?parent=2562"}],"curies":[{"name":"wp","href":"https:\/\/api.w.org\/{rel}","templated":true}]}}