{"id":1731,"date":"2019-05-05T18:58:25","date_gmt":"2019-05-05T16:58:25","guid":{"rendered":"http:\/\/serveiseducatius.xtec.cat\/pladelestany\/?page_id=1731"},"modified":"2025-07-07T09:56:54","modified_gmt":"2025-07-07T07:56:54","slug":"teatre","status":"publish","type":"page","link":"https:\/\/serveiseducatius.xtec.cat\/pladelestany\/les-nostres-activitats\/teatre\/","title":{"rendered":"Mostra de teatre escolar del Pla de l&#8217;Estany"},"content":{"rendered":"<h6><a href=\"https:\/\/serveiseducatius.xtec.cat\/pladelestany\/wp-content\/uploads\/usu771\/2019\/05\/MdT.png\"><img loading=\"lazy\" decoding=\"async\" class=\"alignnone wp-image-1732 size-full\" src=\"https:\/\/serveiseducatius.xtec.cat\/pladelestany\/wp-content\/uploads\/usu771\/2019\/05\/MdT.png\" alt=\"\" width=\"851\" height=\"315\" srcset=\"https:\/\/serveiseducatius.xtec.cat\/pladelestany\/wp-content\/uploads\/usu771\/2019\/05\/MdT.png 851w, https:\/\/serveiseducatius.xtec.cat\/pladelestany\/wp-content\/uploads\/usu771\/2019\/05\/MdT-300x111.png 300w, https:\/\/serveiseducatius.xtec.cat\/pladelestany\/wp-content\/uploads\/usu771\/2019\/05\/MdT-768x284.png 768w\" sizes=\"auto, (max-width: 851px) 100vw, 851px\" \/><\/a><\/h6>\n<p>El teatre que es fa als centres escolars abasta tots els nivells i totes les intencions i sovint s&#8217;assumeix com a eina pedag\u00f2gica, l\u00fadica i\/o per a la pr\u00e0ctica de la integraci\u00f3 social. \u00c9s de gran utilitat en el proc\u00e9s formatiu dels i les alumnes:<\/p>\n<ul>\n<li>Perqu\u00e8 potencia la compet\u00e8ncia comunicativa.<\/li>\n<li>Perqu\u00e8 s&#8217;apr\u00e8n a parlar i a escoltar.<\/li>\n<li>Perqu\u00e8 refor\u00e7a la mem\u00f2ria.<\/li>\n<li>Perqu\u00e8 \u00e9s divertit i desinhibidor.<\/li>\n<li>Perqu\u00e8 \u00e9s un treball d&#8217;equip i cohesiona el grup.<\/li>\n<li>Perqu\u00e8 desenvolupa l&#8217;autoexpressi\u00f3.<\/li>\n<li>Perqu\u00e8 millora l&#8217;autonomia.<\/li>\n<li>Perqu\u00e8 estimula la creativitat i la imaginaci\u00f3.<\/li>\n<\/ul>\n<p>Amb aquest punt de vista el teatre ha entrat a les nostres escoles i forma part del treball habitual dels centres. I sempre que sigui possible ha de tenir una projecci\u00f3 externa i compartir les activitats entre els diferents centres de la comarca.<\/p>\n<p>\u00c9s des d&#8217;aquestes consideracions generals que hem d&#8217;emmarcar la Mostra de Teatre Escolar del Pla de l&#8217;Estany, experi\u00e8ncia teatral que permet la possibilitat d&#8217;intercanviar activitats i a la vegada veure qu\u00e8 es fa arreu de la comarca. Les escoles del Pla de l&#8217;Estany valoren que el teatre.<\/p>\n<p>\u00a0<\/p>\n<h4><strong>BASES PER PARTICIPAR EN LA MOSTRA:<\/strong><\/h4>\n<ul>\n<li>El tema i g\u00e8nere de les obres que es representin \u00e9s lliure.<\/li>\n<li>Les obres teatrals poden realitzar-se en qualsevol llengua.<\/li>\n<li>El nombre m\u00e0xim d\u2019obres a representar per centre i dia ser\u00e0 de dues.<\/li>\n<li>Tots els centres que aporten obres portaran espectadors per veure els seus companys\/es.<\/li>\n<li>L\u2019organitzaci\u00f3, en el programa, ja comentar\u00e0 quin \u00e9s el m\u00e0xim de nombre d\u2019espectadors que pot portar cada centre.<\/li>\n<li>Durada m\u00e0xima aproximada de 30 minuts per obra.<\/li>\n<li>Hi ha la possibilitat de nom\u00e9s ser centre espectador, per\u00f2 aleshores \u00e9s el centre que assumeix el transport en cas de necessitar-lo.<\/li>\n<\/ul>\n<p>\u00a0<\/p>\n<h4><strong>DESENVOLUPAMENT DE L&#8217;ACTIVITAT:<\/strong><\/h4>\n<ul>\n<li style=\"font-weight: 400;\" aria-level=\"1\"><span style=\"font-weight: 400;\">Arribada de l\u2019alumnat a l\u2019auditori de Banyoles (<\/span>esperarem a fora).<\/li>\n<li style=\"font-weight: 400;\" aria-level=\"1\"><span style=\"font-weight: 400;\">S\u2019asseuran sota les indicacions de l\u2019organitzaci\u00f3.<\/span><\/li>\n<li style=\"font-weight: 400;\" aria-level=\"1\"><span style=\"font-weight: 400;\">Els docents es fan c\u00e0rrec de l\u2019alumnat durant l\u2019activitat. <\/span><span style=\"font-weight: 400;\">(Recomanem que els docents quedin intercalats entre l\u2019alumnat per un millor desenvolupament d&#8217;aquesta.)<\/span><\/li>\n<li style=\"font-weight: 400;\" aria-level=\"1\"><span style=\"font-weight: 400;\">El canvi d\u2019obres es realitzar\u00e0 de manera ordenada. \u00c9s a dir, els que han d\u2019actuar intentarem que quedin situats a les dues primeres files<\/span><\/li>\n<li style=\"font-weight: 400;\" aria-level=\"1\"><span style=\"font-weight: 400;\">Moment d\u2019esbarjo per esmorzar (20 min aprox). Es podr\u00e0 esmorzar a la pla\u00e7a. En cas de pluja podrem sortir a fora sota els porxos.\u00a0<\/span><\/li>\n<li style=\"font-weight: 400;\" aria-level=\"1\"><span style=\"font-weight: 400;\">Despr\u00e9s d\u2019esmorzar s\u2019entrar\u00e0 en ordre i ens ubicarem en el mateix lloc on est\u00e0vem.\u00a0<\/span><\/li>\n<li style=\"font-weight: 400;\" aria-level=\"1\"><span style=\"font-weight: 400;\">Inici de la 2a part de la mostra de teatre.<\/span><\/li>\n<li style=\"font-weight: 400;\" aria-level=\"1\"><span style=\"font-weight: 400;\">Sortida alegre i ordenada.<\/span><\/li>\n<\/ul>\n\n\n<p><\/p>\n\n\n\n<h2 class=\"wp-block-heading\">Articles<\/h2>\n\n\n        <div class=\"wp-block-getwid-custom-post-type custom-post-type-post has-layout-grid\">\n            <div class=\"wp-block-getwid-custom-post-type__wrapper getwid-columns getwid-columns-3\">\n                \t\t\t\t\t\t\t\t<div class='wp-block-getwid-custom-post-type__post'>\n\t\t\t\t\t\t\t\t\t\n<div class=\"wp-block-getwid-custom-post-type__post-wrapper\">\n            <div class=\"wp-block-getwid-custom-post-type__post-thumbnail\">\n            <a href=\"https:\/\/serveiseducatius.xtec.cat\/pladelestany\/portada\/xxx-mostra-de-teatre\/\"><img loading=\"lazy\" decoding=\"async\" width=\"2000\" height=\"2000\" src=\"https:\/\/serveiseducatius.xtec.cat\/pladelestany\/wp-content\/uploads\/usu771\/2025\/05\/Imatges-destacades-articles-15.png\" class=\"attachment-post-thumbnail size-post-thumbnail wp-post-image\" alt=\"\" srcset=\"https:\/\/serveiseducatius.xtec.cat\/pladelestany\/wp-content\/uploads\/usu771\/2025\/05\/Imatges-destacades-articles-15.png 2000w, https:\/\/serveiseducatius.xtec.cat\/pladelestany\/wp-content\/uploads\/usu771\/2025\/05\/Imatges-destacades-articles-15-300x300.png 300w, https:\/\/serveiseducatius.xtec.cat\/pladelestany\/wp-content\/uploads\/usu771\/2025\/05\/Imatges-destacades-articles-15-1024x1024.png 1024w, https:\/\/serveiseducatius.xtec.cat\/pladelestany\/wp-content\/uploads\/usu771\/2025\/05\/Imatges-destacades-articles-15-150x150.png 150w, https:\/\/serveiseducatius.xtec.cat\/pladelestany\/wp-content\/uploads\/usu771\/2025\/05\/Imatges-destacades-articles-15-768x768.png 768w, https:\/\/serveiseducatius.xtec.cat\/pladelestany\/wp-content\/uploads\/usu771\/2025\/05\/Imatges-destacades-articles-15-1536x1536.png 1536w\" sizes=\"auto, (max-width: 2000px) 100vw, 2000px\" \/><\/a>\n        <\/div>\n        <div class=\"wp-block-getwid-custom-post-type__content-wrapper\">\n        <div class=\"wp-block-getwid-custom-post-type__post-header\">\n            <h3 class=\"wp-block-getwid-custom-post-type__post-title\"><a href=\"https:\/\/serveiseducatius.xtec.cat\/pladelestany\/portada\/xxx-mostra-de-teatre\/\">XXX Mostra de teatre<\/a><\/h3>        <\/div>\n        <div class=\"wp-block-getwid-custom-post-type__post-excerpt \"><p>Aquest any celebrem la XXX Mostra de teatre escolar al Pla de l&#8217;Estany. Felicitem les escoles, l&#8217;alumnat actrius i actors, [&hellip;]<\/p>\n<\/div>\n    <\/div>\n<\/div>\n\t\t\t\t\t\t\t\t<\/div>\n\t\t\t\t\t\t\t\t\t\t\t\t\t\t\t<div class='wp-block-getwid-custom-post-type__post'>\n\t\t\t\t\t\t\t\t\t\n<div class=\"wp-block-getwid-custom-post-type__post-wrapper\">\n            <div class=\"wp-block-getwid-custom-post-type__post-thumbnail\">\n            <a href=\"https:\/\/serveiseducatius.xtec.cat\/pladelestany\/general\/xxv_mdt_somnis\/\"><img loading=\"lazy\" decoding=\"async\" width=\"480\" height=\"360\" src=\"https:\/\/serveiseducatius.xtec.cat\/pladelestany\/wp-content\/uploads\/usu771\/2021\/06\/0-7.jpg\" class=\"attachment-post-thumbnail size-post-thumbnail wp-post-image\" alt=\"\" srcset=\"https:\/\/serveiseducatius.xtec.cat\/pladelestany\/wp-content\/uploads\/usu771\/2021\/06\/0-7.jpg 480w, https:\/\/serveiseducatius.xtec.cat\/pladelestany\/wp-content\/uploads\/usu771\/2021\/06\/0-7-300x225.jpg 300w, https:\/\/serveiseducatius.xtec.cat\/pladelestany\/wp-content\/uploads\/usu771\/2021\/06\/0-7-200x150.jpg 200w\" sizes=\"auto, (max-width: 480px) 100vw, 480px\" \/><\/a>\n        <\/div>\n        <div class=\"wp-block-getwid-custom-post-type__content-wrapper\">\n        <div class=\"wp-block-getwid-custom-post-type__post-header\">\n            <h3 class=\"wp-block-getwid-custom-post-type__post-title\"><a href=\"https:\/\/serveiseducatius.xtec.cat\/pladelestany\/general\/xxv_mdt_somnis\/\">Protegit: XXVMdT. Somnis a l&#8217;aire<\/a><\/h3>        <\/div>\n        <div class=\"wp-block-getwid-custom-post-type__post-excerpt \"><p>No hi ha extracte perqu\u00e8 \u00e9s un article protegit.<\/p>\n<\/div>\n    <\/div>\n<\/div>\n\t\t\t\t\t\t\t\t<\/div>\n\t\t\t\t\t\t\t\t\t\t\t\t\t\t\t<div class='wp-block-getwid-custom-post-type__post'>\n\t\t\t\t\t\t\t\t\t\n<div class=\"wp-block-getwid-custom-post-type__post-wrapper\">\n            <div class=\"wp-block-getwid-custom-post-type__post-thumbnail\">\n            <a href=\"https:\/\/serveiseducatius.xtec.cat\/pladelestany\/general\/xxv_mdt\/\"><img loading=\"lazy\" decoding=\"async\" width=\"600\" height=\"200\" src=\"https:\/\/serveiseducatius.xtec.cat\/pladelestany\/wp-content\/uploads\/usu771\/2021\/06\/25_MdT.png\" class=\"attachment-post-thumbnail size-post-thumbnail wp-post-image\" alt=\"\" srcset=\"https:\/\/serveiseducatius.xtec.cat\/pladelestany\/wp-content\/uploads\/usu771\/2021\/06\/25_MdT.png 600w, https:\/\/serveiseducatius.xtec.cat\/pladelestany\/wp-content\/uploads\/usu771\/2021\/06\/25_MdT-300x100.png 300w\" sizes=\"auto, (max-width: 600px) 100vw, 600px\" \/><\/a>\n        <\/div>\n        <div class=\"wp-block-getwid-custom-post-type__content-wrapper\">\n        <div class=\"wp-block-getwid-custom-post-type__post-header\">\n            <h3 class=\"wp-block-getwid-custom-post-type__post-title\"><a href=\"https:\/\/serveiseducatius.xtec.cat\/pladelestany\/general\/xxv_mdt\/\">XXV mostra de teatre del Pla de l&#8217;Estany<\/a><\/h3>        <\/div>\n        <div class=\"wp-block-getwid-custom-post-type__post-excerpt \"><p>Benvinguts al Teatre! Arriba la 25a Mostra de Teatre Escolar del Pla de l&#8217;Estany! Aquest curs, a causa de la [&hellip;]<\/p>\n<\/div>\n    <\/div>\n<\/div>\n\t\t\t\t\t\t\t\t<\/div>\n\t\t\t\t\t\t\t\t\t\t\t\t\t\t\t<div class='wp-block-getwid-custom-post-type__post'>\n\t\t\t\t\t\t\t\t\t\n<div class=\"wp-block-getwid-custom-post-type__post-wrapper\">\n            <div class=\"wp-block-getwid-custom-post-type__post-thumbnail\">\n            <a href=\"https:\/\/serveiseducatius.xtec.cat\/pladelestany\/dinamitzacio\/mostra-de-teatre\/xxv_mdt_esquelet\/\"><img loading=\"lazy\" decoding=\"async\" width=\"300\" height=\"169\" src=\"https:\/\/serveiseducatius.xtec.cat\/pladelestany\/wp-content\/uploads\/usu771\/2021\/06\/vlcsnap-2021-06-04-10h57m19s853-e1622805743750.png\" class=\"attachment-post-thumbnail size-post-thumbnail wp-post-image\" alt=\"\" \/><\/a>\n        <\/div>\n        <div class=\"wp-block-getwid-custom-post-type__content-wrapper\">\n        <div class=\"wp-block-getwid-custom-post-type__post-header\">\n            <h3 class=\"wp-block-getwid-custom-post-type__post-title\"><a href=\"https:\/\/serveiseducatius.xtec.cat\/pladelestany\/dinamitzacio\/mostra-de-teatre\/xxv_mdt_esquelet\/\">Protegit: XXVMdT. El misteri de l\u2019esquelet de balena<\/a><\/h3>        <\/div>\n        <div class=\"wp-block-getwid-custom-post-type__post-excerpt \"><p>No hi ha extracte perqu\u00e8 \u00e9s un article protegit.<\/p>\n<\/div>\n    <\/div>\n<\/div>\n\t\t\t\t\t\t\t\t<\/div>\n\t\t\t\t\t\t\t\t\t\t\t\t\t\t\t<div class='wp-block-getwid-custom-post-type__post'>\n\t\t\t\t\t\t\t\t\t\n<div class=\"wp-block-getwid-custom-post-type__post-wrapper\">\n            <div class=\"wp-block-getwid-custom-post-type__post-thumbnail\">\n            <a href=\"https:\/\/serveiseducatius.xtec.cat\/pladelestany\/dinamitzacio\/mostra-de-teatre\/xxv_mdt_jumanji\/\"><img loading=\"lazy\" decoding=\"async\" width=\"300\" height=\"169\" src=\"https:\/\/serveiseducatius.xtec.cat\/pladelestany\/wp-content\/uploads\/usu771\/2021\/06\/vlcsnap-2021-06-04-10h55m39s262-e1622805723865.png\" class=\"attachment-post-thumbnail size-post-thumbnail wp-post-image\" alt=\"\" \/><\/a>\n        <\/div>\n        <div class=\"wp-block-getwid-custom-post-type__content-wrapper\">\n        <div class=\"wp-block-getwid-custom-post-type__post-header\">\n            <h3 class=\"wp-block-getwid-custom-post-type__post-title\"><a href=\"https:\/\/serveiseducatius.xtec.cat\/pladelestany\/dinamitzacio\/mostra-de-teatre\/xxv_mdt_jumanji\/\">Protegit: XXVMdT. Jumanji<\/a><\/h3>        <\/div>\n        <div class=\"wp-block-getwid-custom-post-type__post-excerpt \"><p>No hi ha extracte perqu\u00e8 \u00e9s un article protegit.<\/p>\n<\/div>\n    <\/div>\n<\/div>\n\t\t\t\t\t\t\t\t<\/div>\n\t\t\t\t\t\t\t\t\t\t\t\t\t\t\t<div class='wp-block-getwid-custom-post-type__post'>\n\t\t\t\t\t\t\t\t\t\n<div class=\"wp-block-getwid-custom-post-type__post-wrapper\">\n            <div class=\"wp-block-getwid-custom-post-type__post-thumbnail\">\n            <a href=\"https:\/\/serveiseducatius.xtec.cat\/pladelestany\/dinamitzacio\/mostra-de-teatre\/xxv_mdt_coronavirus\/\"><img loading=\"lazy\" decoding=\"async\" width=\"300\" height=\"169\" src=\"https:\/\/serveiseducatius.xtec.cat\/pladelestany\/wp-content\/uploads\/usu771\/2021\/06\/vlcsnap-2021-06-04-10h50m33s728-e1622805702785.png\" class=\"attachment-post-thumbnail size-post-thumbnail wp-post-image\" alt=\"\" \/><\/a>\n        <\/div>\n        <div class=\"wp-block-getwid-custom-post-type__content-wrapper\">\n        <div class=\"wp-block-getwid-custom-post-type__post-header\">\n            <h3 class=\"wp-block-getwid-custom-post-type__post-title\"><a href=\"https:\/\/serveiseducatius.xtec.cat\/pladelestany\/dinamitzacio\/mostra-de-teatre\/xxv_mdt_coronavirus\/\">Protegit: XXVMdT. La fi del Coronavirus<\/a><\/h3>        <\/div>\n        <div class=\"wp-block-getwid-custom-post-type__post-excerpt \"><p>No hi ha extracte perqu\u00e8 \u00e9s un article protegit.<\/p>\n<\/div>\n    <\/div>\n<\/div>\n\t\t\t\t\t\t\t\t<\/div>\n\t\t\t\t\t\t\t\t\t\t\t\t\t\t\t<div class='wp-block-getwid-custom-post-type__post'>\n\t\t\t\t\t\t\t\t\t\n<div class=\"wp-block-getwid-custom-post-type__post-wrapper\">\n            <div class=\"wp-block-getwid-custom-post-type__post-thumbnail\">\n            <a href=\"https:\/\/serveiseducatius.xtec.cat\/pladelestany\/dinamitzacio\/mostra-de-teatre\/xxv_mdt_assassins\/\"><img loading=\"lazy\" decoding=\"async\" width=\"300\" height=\"169\" src=\"https:\/\/serveiseducatius.xtec.cat\/pladelestany\/wp-content\/uploads\/usu771\/2021\/06\/vlcsnap-2021-06-04-10h49m52s452-e1622805685712.png\" class=\"attachment-post-thumbnail size-post-thumbnail wp-post-image\" alt=\"\" \/><\/a>\n        <\/div>\n        <div class=\"wp-block-getwid-custom-post-type__content-wrapper\">\n        <div class=\"wp-block-getwid-custom-post-type__post-header\">\n            <h3 class=\"wp-block-getwid-custom-post-type__post-title\"><a href=\"https:\/\/serveiseducatius.xtec.cat\/pladelestany\/dinamitzacio\/mostra-de-teatre\/xxv_mdt_assassins\/\">Protegit: XXVMdT. Reality Assassins<\/a><\/h3>        <\/div>\n        <div class=\"wp-block-getwid-custom-post-type__post-excerpt \"><p>No hi ha extracte perqu\u00e8 \u00e9s un article protegit.<\/p>\n<\/div>\n    <\/div>\n<\/div>\n\t\t\t\t\t\t\t\t<\/div>\n\t\t\t\t\t\t\t\t\t\t\t\t\t\t\t<div class='wp-block-getwid-custom-post-type__post'>\n\t\t\t\t\t\t\t\t\t\n<div class=\"wp-block-getwid-custom-post-type__post-wrapper\">\n            <div class=\"wp-block-getwid-custom-post-type__post-thumbnail\">\n            <a href=\"https:\/\/serveiseducatius.xtec.cat\/pladelestany\/dinamitzacio\/mostra-de-teatre\/xxv_mdt_repla\/\"><img loading=\"lazy\" decoding=\"async\" width=\"300\" height=\"165\" src=\"https:\/\/serveiseducatius.xtec.cat\/pladelestany\/wp-content\/uploads\/usu771\/2021\/06\/vlcsnap-2021-06-04-10h51m21s377-e1622806053222.png\" class=\"attachment-post-thumbnail size-post-thumbnail wp-post-image\" alt=\"\" \/><\/a>\n        <\/div>\n        <div class=\"wp-block-getwid-custom-post-type__content-wrapper\">\n        <div class=\"wp-block-getwid-custom-post-type__post-header\">\n            <h3 class=\"wp-block-getwid-custom-post-type__post-title\"><a href=\"https:\/\/serveiseducatius.xtec.cat\/pladelestany\/dinamitzacio\/mostra-de-teatre\/xxv_mdt_repla\/\">Protegit: XXVMdT. Historietes del Repl\u00e0<\/a><\/h3>        <\/div>\n        <div class=\"wp-block-getwid-custom-post-type__post-excerpt \"><p>No hi ha extracte perqu\u00e8 \u00e9s un article protegit.<\/p>\n<\/div>\n    <\/div>\n<\/div>\n\t\t\t\t\t\t\t\t<\/div>\n\t\t\t\t\t\t\t\t\t\t\t\t\t\t\t<div class='wp-block-getwid-custom-post-type__post'>\n\t\t\t\t\t\t\t\t\t\n<div class=\"wp-block-getwid-custom-post-type__post-wrapper\">\n            <div class=\"wp-block-getwid-custom-post-type__post-thumbnail\">\n            <a href=\"https:\/\/serveiseducatius.xtec.cat\/pladelestany\/general\/xxv_mdt_caputxetes\/\"><img loading=\"lazy\" decoding=\"async\" width=\"300\" height=\"165\" src=\"https:\/\/serveiseducatius.xtec.cat\/pladelestany\/wp-content\/uploads\/usu771\/2021\/06\/vlcsnap-2021-06-04-10h51m59s243-e1622805646798.png\" class=\"attachment-post-thumbnail size-post-thumbnail wp-post-image\" alt=\"\" \/><\/a>\n        <\/div>\n        <div class=\"wp-block-getwid-custom-post-type__content-wrapper\">\n        <div class=\"wp-block-getwid-custom-post-type__post-header\">\n            <h3 class=\"wp-block-getwid-custom-post-type__post-title\"><a href=\"https:\/\/serveiseducatius.xtec.cat\/pladelestany\/general\/xxv_mdt_caputxetes\/\">Protegit: XXVMdT. Les Caputxetes Vermelles<\/a><\/h3>        <\/div>\n        <div class=\"wp-block-getwid-custom-post-type__post-excerpt \"><p>No hi ha extracte perqu\u00e8 \u00e9s un article protegit.<\/p>\n<\/div>\n    <\/div>\n<\/div>\n\t\t\t\t\t\t\t\t<\/div>\n\t\t\t\t\t\t\t\t\t\t\t\t\t\t\t<div class='wp-block-getwid-custom-post-type__post'>\n\t\t\t\t\t\t\t\t\t\n<div class=\"wp-block-getwid-custom-post-type__post-wrapper\">\n            <div class=\"wp-block-getwid-custom-post-type__post-thumbnail\">\n            <a href=\"https:\/\/serveiseducatius.xtec.cat\/pladelestany\/general\/xxv_mdt_stjordi\/\"><img loading=\"lazy\" decoding=\"async\" width=\"300\" height=\"169\" src=\"https:\/\/serveiseducatius.xtec.cat\/pladelestany\/wp-content\/uploads\/usu771\/2021\/06\/vlcsnap-2021-06-04-10h50m50s822-e1622805617887.png\" class=\"attachment-post-thumbnail size-post-thumbnail wp-post-image\" alt=\"\" \/><\/a>\n        <\/div>\n        <div class=\"wp-block-getwid-custom-post-type__content-wrapper\">\n        <div class=\"wp-block-getwid-custom-post-type__post-header\">\n            <h3 class=\"wp-block-getwid-custom-post-type__post-title\"><a href=\"https:\/\/serveiseducatius.xtec.cat\/pladelestany\/general\/xxv_mdt_stjordi\/\">Protegit: XXVMdT. La Llegenda de Sant Jordi<\/a><\/h3>        <\/div>\n        <div class=\"wp-block-getwid-custom-post-type__post-excerpt \"><p>No hi ha extracte perqu\u00e8 \u00e9s un article protegit.<\/p>\n<\/div>\n    <\/div>\n<\/div>\n\t\t\t\t\t\t\t\t<\/div>\n\t\t\t\t\t\t\t\t\t\t\t\t\t\t\t<div class='wp-block-getwid-custom-post-type__post'>\n\t\t\t\t\t\t\t\t\t\n<div class=\"wp-block-getwid-custom-post-type__post-wrapper\">\n            <div class=\"wp-block-getwid-custom-post-type__post-thumbnail\">\n            <a href=\"https:\/\/serveiseducatius.xtec.cat\/pladelestany\/general\/xxiv_mdt\/\"><img loading=\"lazy\" decoding=\"async\" width=\"600\" height=\"200\" src=\"https:\/\/serveiseducatius.xtec.cat\/pladelestany\/wp-content\/uploads\/usu771\/2019\/05\/24_mdt-1.png\" class=\"attachment-post-thumbnail size-post-thumbnail wp-post-image\" alt=\"\" srcset=\"https:\/\/serveiseducatius.xtec.cat\/pladelestany\/wp-content\/uploads\/usu771\/2019\/05\/24_mdt-1.png 600w, https:\/\/serveiseducatius.xtec.cat\/pladelestany\/wp-content\/uploads\/usu771\/2019\/05\/24_mdt-1-300x100.png 300w\" sizes=\"auto, (max-width: 600px) 100vw, 600px\" \/><\/a>\n        <\/div>\n        <div class=\"wp-block-getwid-custom-post-type__content-wrapper\">\n        <div class=\"wp-block-getwid-custom-post-type__post-header\">\n            <h3 class=\"wp-block-getwid-custom-post-type__post-title\"><a href=\"https:\/\/serveiseducatius.xtec.cat\/pladelestany\/general\/xxiv_mdt\/\">XXIV Mostra de teatre del Pla de l&#8217;Estany<\/a><\/h3>        <\/div>\n        <div class=\"wp-block-getwid-custom-post-type__post-excerpt \"><p>L&#8217;edici\u00f3 d&#8217;aquest curs ser\u00e0 del 27 al 31 de maig i podrem veure obres de les escoles Alzina Reclamadora, Bora Gran, Can Puig, Carles de Foruny, La Draga, L&#8217;Entorn, Pla de l&#8217;Ametller i Sant Esteve de Guialbes.<\/p>\n<\/div>\n    <\/div>\n<\/div>\n\t\t\t\t\t\t\t\t<\/div>\n\t\t\t\t\t\t\t            <\/div>\n\n                    <\/div>\n        ","protected":false},"excerpt":{"rendered":"<p>El teatre que es fa als centres escolars abasta tots els nivells i totes les intencions i sovint s&#8217;assumeix com [&hellip;]<\/p>\n","protected":false},"author":5,"featured_media":0,"parent":6208,"menu_order":5,"comment_status":"closed","ping_status":"closed","template":"","meta":{"site-sidebar-layout":"default","site-content-layout":"","ast-site-content-layout":"default","site-content-style":"default","site-sidebar-style":"default","ast-global-header-display":"","ast-banner-title-visibility":"","ast-main-header-display":"","ast-hfb-above-header-display":"","ast-hfb-below-header-display":"","ast-hfb-mobile-header-display":"","site-post-title":"","ast-breadcrumbs-content":"","ast-featured-img":"","footer-sml-layout":"","theme-transparent-header-meta":"","adv-header-id-meta":"","stick-header-meta":"","header-above-stick-meta":"","header-main-stick-meta":"","header-below-stick-meta":"","astra-migrate-meta-layouts":"set","ast-page-background-enabled":"default","ast-page-background-meta":{"desktop":{"background-color":"var(--ast-global-color-4)","background-image":"","background-repeat":"repeat","background-position":"center center","background-size":"auto","background-attachment":"scroll","background-type":"","background-media":"","overlay-type":"","overlay-color":"","overlay-opacity":"","overlay-gradient":""},"tablet":{"background-color":"","background-image":"","background-repeat":"repeat","background-position":"center center","background-size":"auto","background-attachment":"scroll","background-type":"","background-media":"","overlay-type":"","overlay-color":"","overlay-opacity":"","overlay-gradient":""},"mobile":{"background-color":"","background-image":"","background-repeat":"repeat","background-position":"center center","background-size":"auto","background-attachment":"scroll","background-type":"","background-media":"","overlay-type":"","overlay-color":"","overlay-opacity":"","overlay-gradient":""}},"ast-content-background-meta":{"desktop":{"background-color":"var(--ast-global-color-5)","background-image":"","background-repeat":"repeat","background-position":"center center","background-size":"auto","background-attachment":"scroll","background-type":"","background-media":"","overlay-type":"","overlay-color":"","overlay-opacity":"","overlay-gradient":""},"tablet":{"background-color":"var(--ast-global-color-5)","background-image":"","background-repeat":"repeat","background-position":"center center","background-size":"auto","background-attachment":"scroll","background-type":"","background-media":"","overlay-type":"","overlay-color":"","overlay-opacity":"","overlay-gradient":""},"mobile":{"background-color":"var(--ast-global-color-5)","background-image":"","background-repeat":"repeat","background-position":"center center","background-size":"auto","background-attachment":"scroll","background-type":"","background-media":"","overlay-type":"","overlay-color":"","overlay-opacity":"","overlay-gradient":""}},"footnotes":""},"class_list":["post-1731","page","type-page","status-publish","hentry"],"post_mailing_queue_ids":[],"_links":{"self":[{"href":"https:\/\/serveiseducatius.xtec.cat\/pladelestany\/wp-json\/wp\/v2\/pages\/1731","targetHints":{"allow":["GET"]}}],"collection":[{"href":"https:\/\/serveiseducatius.xtec.cat\/pladelestany\/wp-json\/wp\/v2\/pages"}],"about":[{"href":"https:\/\/serveiseducatius.xtec.cat\/pladelestany\/wp-json\/wp\/v2\/types\/page"}],"author":[{"embeddable":true,"href":"https:\/\/serveiseducatius.xtec.cat\/pladelestany\/wp-json\/wp\/v2\/users\/5"}],"replies":[{"embeddable":true,"href":"https:\/\/serveiseducatius.xtec.cat\/pladelestany\/wp-json\/wp\/v2\/comments?post=1731"}],"version-history":[{"count":6,"href":"https:\/\/serveiseducatius.xtec.cat\/pladelestany\/wp-json\/wp\/v2\/pages\/1731\/revisions"}],"predecessor-version":[{"id":7486,"href":"https:\/\/serveiseducatius.xtec.cat\/pladelestany\/wp-json\/wp\/v2\/pages\/1731\/revisions\/7486"}],"up":[{"embeddable":true,"href":"https:\/\/serveiseducatius.xtec.cat\/pladelestany\/wp-json\/wp\/v2\/pages\/6208"}],"wp:attachment":[{"href":"https:\/\/serveiseducatius.xtec.cat\/pladelestany\/wp-json\/wp\/v2\/media?parent=1731"}],"curies":[{"name":"wp","href":"https:\/\/api.w.org\/{rel}","templated":true}]}}