{"id":1480,"date":"2018-09-09T17:52:03","date_gmt":"2018-09-09T15:52:03","guid":{"rendered":"http:\/\/serveiseducatius.xtec.cat\/pladelestany\/?page_id=1480"},"modified":"2023-04-11T21:52:29","modified_gmt":"2023-04-11T19:52:29","slug":"visita-formativa-en-centre","status":"publish","type":"page","link":"https:\/\/serveiseducatius.xtec.cat\/pladelestany\/formacio\/pla-de-formacio-de-zona-pfz\/modalitats\/visita-formativa-en-centre\/","title":{"rendered":"Visita formativa en centre"},"content":{"rendered":"<p>La modalitat de visita formativa a centre promou visites de caire pedag\u00f2gic entre centres i posa en valor l&#8217;aprenentatge entre iguals. Neix d&#8217;un aprenentatge actiu i reflexiu que promou la construcci\u00f3 compartida del coneixement i fa que els centres educatius esdevinguin comunitats de pr\u00e0ctica transformadora. A vegades fins i tot, aquestes visites puntuals deriven en col\u00b7laboracions de m\u00e9s llarga durada i en materials compartits.<\/p>\n<p>Aix\u00ed tamb\u00e9, a partir de les visites a centres es promou formes col\u00b7laboratives de gesti\u00f3 de l&#8217;aprenentatge, es potencia l&#8217;inter\u00e8s per experimentar i avaluar la pr\u00f2pia pr\u00e0ctica i, en definitiva, afavoreix la millora d&#8217;algun aspecte pedag\u00f2gic i\/o organitzatiu del centre.<\/p>\n<p>Per una banda, en haver de mostrar l&#8217;experi\u00e8ncia, els centres visitats aprenen a construir un relat \u00fatil per al creixement professional individual i col\u2022lectiu i per intercanviar i difondre les seves pr\u00e0ctiques. I per altra, als centres visitants els hi dona l&#8217;oportunitat de con\u00e8ixer una experi\u00e8ncia que els ajudi a dissenyar propostes d&#8217;acci\u00f3 per implementar en el propi centre. Les finalitat de la modalitat formativa s\u00f3n:<\/p>\n<ul class=\"fix-media-list-overlap\">\n<li class=\"level1\">\n<div class=\"li\">Con\u00e8ixer pr\u00e0ctiques educatives i experi\u00e8ncies d&#8217;\u00e8xit amb la implicaci\u00f3 d&#8217;una majoria de l&#8217;equip<\/div>\n<\/li>\n<li class=\"level2\">\n<div class=\"li\">Dissenyar propostes d&#8217;acci\u00f3 i implementar millores en el propi centre.<\/div>\n<\/li>\n<li class=\"level2\">\n<div class=\"li\">Facilitar l&#8217;an\u00e0lisi de pr\u00e0ctiques que puguin ser transferibles en el propi context<\/div>\n<\/li>\n<li class=\"level2\">\n<div class=\"li\">Generar transformacions en els centres reflexionant sobre experi\u00e8ncies observades en altres centres<\/div>\n<\/li>\n<\/ul>\n<p>Trobareu la informaci\u00f3 omplerta de l&#8217;activitat al seg\u00fcent <a href=\"http:\/\/ateneu.xtec.cat\/wikiform\/wikiexport\/materials\/vfac\/index\" target=\"_blank\" rel=\"noopener noreferrer\">enlla\u00e7<\/a>.<\/p>\n<p>Si voleu engegar una visita formativa en centre, poseu-vos en contacte amb nosaltres: <a href=\"mailto:crp-pladelestany@xtec.cat\">crp-pladelestany@xtec.cat<\/a><\/p>\n<p><iframe loading=\"lazy\" src=\"https:\/\/drive.google.com\/file\/d\/1Xzn-ibEByh5dwte1nlxl7ZvU3M3vSX2_\/preview\" width=\"800\" height=\"1100\"><\/iframe><\/p>\n","protected":false},"excerpt":{"rendered":"<p>La modalitat de visita formativa a centre promou visites de caire pedag\u00f2gic entre centres i posa en valor l&#8217;aprenentatge entre [&hellip;]<\/p>\n","protected":false},"author":1,"featured_media":0,"parent":1476,"menu_order":30,"comment_status":"closed","ping_status":"closed","template":"page-templates\/side-menu.php","meta":{"site-sidebar-layout":"default","site-content-layout":"","ast-site-content-layout":"","site-content-style":"default","site-sidebar-style":"default","ast-global-header-display":"","ast-banner-title-visibility":"","ast-main-header-display":"","ast-hfb-above-header-display":"","ast-hfb-below-header-display":"","ast-hfb-mobile-header-display":"","site-post-title":"","ast-breadcrumbs-content":"","ast-featured-img":"","footer-sml-layout":"","theme-transparent-header-meta":"","adv-header-id-meta":"","stick-header-meta":"","header-above-stick-meta":"","header-main-stick-meta":"","header-below-stick-meta":"","astra-migrate-meta-layouts":"default","ast-page-background-enabled":"default","ast-page-background-meta":{"desktop":{"background-color":"var(--ast-global-color-4)","background-image":"","background-repeat":"repeat","background-position":"center center","background-size":"auto","background-attachment":"scroll","background-type":"","background-media":"","overlay-type":"","overlay-color":"","overlay-opacity":"","overlay-gradient":""},"tablet":{"background-color":"","background-image":"","background-repeat":"repeat","background-position":"center center","background-size":"auto","background-attachment":"scroll","background-type":"","background-media":"","overlay-type":"","overlay-color":"","overlay-opacity":"","overlay-gradient":""},"mobile":{"background-color":"","background-image":"","background-repeat":"repeat","background-position":"center center","background-size":"auto","background-attachment":"scroll","background-type":"","background-media":"","overlay-type":"","overlay-color":"","overlay-opacity":"","overlay-gradient":""}},"ast-content-background-meta":{"desktop":{"background-color":"var(--ast-global-color-5)","background-image":"","background-repeat":"repeat","background-position":"center center","background-size":"auto","background-attachment":"scroll","background-type":"","background-media":"","overlay-type":"","overlay-color":"","overlay-opacity":"","overlay-gradient":""},"tablet":{"background-color":"var(--ast-global-color-5)","background-image":"","background-repeat":"repeat","background-position":"center center","background-size":"auto","background-attachment":"scroll","background-type":"","background-media":"","overlay-type":"","overlay-color":"","overlay-opacity":"","overlay-gradient":""},"mobile":{"background-color":"var(--ast-global-color-5)","background-image":"","background-repeat":"repeat","background-position":"center center","background-size":"auto","background-attachment":"scroll","background-type":"","background-media":"","overlay-type":"","overlay-color":"","overlay-opacity":"","overlay-gradient":""}},"footnotes":""},"class_list":["post-1480","page","type-page","status-publish","hentry"],"post_mailing_queue_ids":[],"_links":{"self":[{"href":"https:\/\/serveiseducatius.xtec.cat\/pladelestany\/wp-json\/wp\/v2\/pages\/1480","targetHints":{"allow":["GET"]}}],"collection":[{"href":"https:\/\/serveiseducatius.xtec.cat\/pladelestany\/wp-json\/wp\/v2\/pages"}],"about":[{"href":"https:\/\/serveiseducatius.xtec.cat\/pladelestany\/wp-json\/wp\/v2\/types\/page"}],"author":[{"embeddable":true,"href":"https:\/\/serveiseducatius.xtec.cat\/pladelestany\/wp-json\/wp\/v2\/users\/1"}],"replies":[{"embeddable":true,"href":"https:\/\/serveiseducatius.xtec.cat\/pladelestany\/wp-json\/wp\/v2\/comments?post=1480"}],"version-history":[{"count":3,"href":"https:\/\/serveiseducatius.xtec.cat\/pladelestany\/wp-json\/wp\/v2\/pages\/1480\/revisions"}],"predecessor-version":[{"id":5051,"href":"https:\/\/serveiseducatius.xtec.cat\/pladelestany\/wp-json\/wp\/v2\/pages\/1480\/revisions\/5051"}],"up":[{"embeddable":true,"href":"https:\/\/serveiseducatius.xtec.cat\/pladelestany\/wp-json\/wp\/v2\/pages\/1476"}],"wp:attachment":[{"href":"https:\/\/serveiseducatius.xtec.cat\/pladelestany\/wp-json\/wp\/v2\/media?parent=1480"}],"curies":[{"name":"wp","href":"https:\/\/api.w.org\/{rel}","templated":true}]}}