{"id":1477,"date":"2018-09-09T17:49:07","date_gmt":"2018-09-09T15:49:07","guid":{"rendered":"http:\/\/serveiseducatius.xtec.cat\/pladelestany\/?page_id=1477"},"modified":"2023-04-11T21:51:23","modified_gmt":"2023-04-11T19:51:23","slug":"formacio-interna-de-centre-fic","status":"publish","type":"page","link":"https:\/\/serveiseducatius.xtec.cat\/pladelestany\/formacio\/pla-de-formacio-de-zona-pfz\/modalitats\/formacio-interna-de-centre-fic\/","title":{"rendered":"Formaci\u00f3 interna de centre (FIC)"},"content":{"rendered":"<header class=\"entry-header\"><img loading=\"lazy\" decoding=\"async\" class=\" wp-image-574 alignleft\" src=\"http:\/\/serveiseducatius.xtec.cat\/baixcamp\/wp-content\/uploads\/usu950\/2015\/11\/fic1.png\" alt=\"fic\" width=\"96\" height=\"91\" \/><\/p>\n<p class=\"entry-title\">La formaci\u00f3 interna de centre (FIC) recull la tradici\u00f3 de treball intern que els centres porten a terme des de fa molts anys. T\u00e9 com a finalitat contribuir a l&#8217;actualitzaci\u00f3 metodol\u00f2gica del professorat dels centres, donant valor a la seva experi\u00e8ncia i saber, per afavorir l&#8217;increment de l&#8217;\u00e8xit educatiu de l&#8217;alumnat.<\/p>\n<\/header>\n<div class=\"entry-content\">\n<ul>\n<li>\u00c9s liderat i dinamitzat per un equip de coordinaci\u00f3 format per tres persones del centre entre les quals almenys una \u00e9s de l&#8217;equip directiu. No hi ha un formador extern.<\/li>\n<li><strong>Itineraris formatius:<\/strong>\n<ul>\n<li><strong>Itineraris guiats<\/strong> tenen una durada de 45 hores, de les quals 30 han de ser de treball conjunt i 15 s&#8217;han de dedicar a treball individual o en grups redu\u00efts<!--; podeu consultar les seves caracter\u00edstiques i les propostes actuals al seg\u00fcent <a href=\"http:\/\/xtec.gencat.cat\/ca\/formacio\/formaciogeneralprofessorat\/curriculum-competencies-avaluacio\/fic\/itineraris\/guiats\/\" target=\"_blank\" rel=\"noopener noreferrer\">enlla\u00e7<\/a>-->. A l&#8217;Ateneu podeu consultar els <a href=\"http:\/\/ateneu.xtec.cat\/wikiform\/wikiexport\/fic\/dir\/index\" target=\"_blank\" rel=\"noopener noreferrer\">materials de diversos itineraris<\/a> que s&#8217;han fet p\u00fablics.<\/li>\n<li><strong>Itineraris propis<\/strong> tenen una durada de 30 hores, de les quals entre 5 i 10 es destinen al treball individual o en grups redu\u00efts i la resta s\u00f3n de treball conjunt.<\/li>\n<\/ul>\n<\/li>\n<\/ul>\n<p>Si voleu engegar una formaci\u00f3 interna al vostre centre, poseu-vos en contacte amb nosaltres <a href=\"mailto:crp-pladelestany@xtec.cat\">crp-pladelestany@xtec.cat<\/a><\/p>\n<\/div>\n<p><iframe loading=\"lazy\" src=\"https:\/\/drive.google.com\/file\/d\/1tI7urgBmz5XG5_Cj0WWSWdUI90k4xCmr\/preview\" width=\"800\" height=\"1100\"><\/iframe><\/p>\n","protected":false},"excerpt":{"rendered":"<p>La formaci\u00f3 interna de centre (FIC) recull la tradici\u00f3 de treball intern que els centres porten a terme des de [&hellip;]<\/p>\n","protected":false},"author":1,"featured_media":0,"parent":1476,"menu_order":20,"comment_status":"closed","ping_status":"closed","template":"page-templates\/side-menu.php","meta":{"site-sidebar-layout":"default","site-content-layout":"","ast-site-content-layout":"","site-content-style":"default","site-sidebar-style":"default","ast-global-header-display":"","ast-banner-title-visibility":"","ast-main-header-display":"","ast-hfb-above-header-display":"","ast-hfb-below-header-display":"","ast-hfb-mobile-header-display":"","site-post-title":"","ast-breadcrumbs-content":"","ast-featured-img":"","footer-sml-layout":"","theme-transparent-header-meta":"","adv-header-id-meta":"","stick-header-meta":"","header-above-stick-meta":"","header-main-stick-meta":"","header-below-stick-meta":"","astra-migrate-meta-layouts":"default","ast-page-background-enabled":"default","ast-page-background-meta":{"desktop":{"background-color":"var(--ast-global-color-4)","background-image":"","background-repeat":"repeat","background-position":"center center","background-size":"auto","background-attachment":"scroll","background-type":"","background-media":"","overlay-type":"","overlay-color":"","overlay-opacity":"","overlay-gradient":""},"tablet":{"background-color":"","background-image":"","background-repeat":"repeat","background-position":"center center","background-size":"auto","background-attachment":"scroll","background-type":"","background-media":"","overlay-type":"","overlay-color":"","overlay-opacity":"","overlay-gradient":""},"mobile":{"background-color":"","background-image":"","background-repeat":"repeat","background-position":"center center","background-size":"auto","background-attachment":"scroll","background-type":"","background-media":"","overlay-type":"","overlay-color":"","overlay-opacity":"","overlay-gradient":""}},"ast-content-background-meta":{"desktop":{"background-color":"var(--ast-global-color-5)","background-image":"","background-repeat":"repeat","background-position":"center center","background-size":"auto","background-attachment":"scroll","background-type":"","background-media":"","overlay-type":"","overlay-color":"","overlay-opacity":"","overlay-gradient":""},"tablet":{"background-color":"var(--ast-global-color-5)","background-image":"","background-repeat":"repeat","background-position":"center center","background-size":"auto","background-attachment":"scroll","background-type":"","background-media":"","overlay-type":"","overlay-color":"","overlay-opacity":"","overlay-gradient":""},"mobile":{"background-color":"var(--ast-global-color-5)","background-image":"","background-repeat":"repeat","background-position":"center center","background-size":"auto","background-attachment":"scroll","background-type":"","background-media":"","overlay-type":"","overlay-color":"","overlay-opacity":"","overlay-gradient":""}},"footnotes":""},"class_list":["post-1477","page","type-page","status-publish","hentry"],"post_mailing_queue_ids":[],"_links":{"self":[{"href":"https:\/\/serveiseducatius.xtec.cat\/pladelestany\/wp-json\/wp\/v2\/pages\/1477","targetHints":{"allow":["GET"]}}],"collection":[{"href":"https:\/\/serveiseducatius.xtec.cat\/pladelestany\/wp-json\/wp\/v2\/pages"}],"about":[{"href":"https:\/\/serveiseducatius.xtec.cat\/pladelestany\/wp-json\/wp\/v2\/types\/page"}],"author":[{"embeddable":true,"href":"https:\/\/serveiseducatius.xtec.cat\/pladelestany\/wp-json\/wp\/v2\/users\/1"}],"replies":[{"embeddable":true,"href":"https:\/\/serveiseducatius.xtec.cat\/pladelestany\/wp-json\/wp\/v2\/comments?post=1477"}],"version-history":[{"count":4,"href":"https:\/\/serveiseducatius.xtec.cat\/pladelestany\/wp-json\/wp\/v2\/pages\/1477\/revisions"}],"predecessor-version":[{"id":5050,"href":"https:\/\/serveiseducatius.xtec.cat\/pladelestany\/wp-json\/wp\/v2\/pages\/1477\/revisions\/5050"}],"up":[{"embeddable":true,"href":"https:\/\/serveiseducatius.xtec.cat\/pladelestany\/wp-json\/wp\/v2\/pages\/1476"}],"wp:attachment":[{"href":"https:\/\/serveiseducatius.xtec.cat\/pladelestany\/wp-json\/wp\/v2\/media?parent=1477"}],"curies":[{"name":"wp","href":"https:\/\/api.w.org\/{rel}","templated":true}]}}