{"id":1476,"date":"2018-09-09T17:17:26","date_gmt":"2018-09-09T15:17:26","guid":{"rendered":"http:\/\/serveiseducatius.xtec.cat\/pladelestany\/?page_id=1476"},"modified":"2025-02-20T14:11:50","modified_gmt":"2025-02-20T13:11:50","slug":"modalitats","status":"publish","type":"page","link":"https:\/\/serveiseducatius.xtec.cat\/pladelestany\/formacio\/pla-de-formacio-de-zona-pfz\/modalitats\/","title":{"rendered":"Modalitats"},"content":{"rendered":"<div class=\"entry-content\">\n<p>El Pla de Formaci\u00f3 de Zona (PFZ) disposa de diverses modalitats de formaci\u00f3 permanent del professorat; cadascuna respon a una finalitat de l&#8217;acci\u00f3 formativa i implica una din\u00e0mica espec\u00edfica de treball del professorat participant.<\/p>\n<p>Les modalitats per al curs <strong>2024-25<\/strong>\u00a0s\u00f3n les seg\u00fcents:<\/p>\n<table>\n<tbody>\n<tr>\n<td><strong>Esquema<\/strong><\/p>\n<p><strong><a href=\"https:\/\/serveiseducatius.xtec.cat\/pladelestany\/wp-content\/uploads\/usu771\/2020\/03\/PFZ-Modalitats.png\"><img loading=\"lazy\" decoding=\"async\" class=\"aligncenter wp-image-4336 \" src=\"https:\/\/serveiseducatius.xtec.cat\/pladelestany\/wp-content\/uploads\/usu771\/2022\/05\/EsquemaPFZ.png\" alt=\"\" width=\"715\" height=\"399\" srcset=\"https:\/\/serveiseducatius.xtec.cat\/pladelestany\/wp-content\/uploads\/usu771\/2022\/05\/EsquemaPFZ.png 1266w, https:\/\/serveiseducatius.xtec.cat\/pladelestany\/wp-content\/uploads\/usu771\/2022\/05\/EsquemaPFZ-300x167.png 300w, https:\/\/serveiseducatius.xtec.cat\/pladelestany\/wp-content\/uploads\/usu771\/2022\/05\/EsquemaPFZ-1024x571.png 1024w, https:\/\/serveiseducatius.xtec.cat\/pladelestany\/wp-content\/uploads\/usu771\/2022\/05\/EsquemaPFZ-768x428.png 768w\" sizes=\"auto, (max-width: 715px) 100vw, 715px\" \/><\/a><\/strong><\/td>\n<td><strong>Per saber-ne m\u00e9s<br \/>\n<\/strong><\/p>\n<ul>\n<li>\n<h6><a href=\"http:\/\/serveiseducatius.xtec.cat\/pladelestany\/formacio\/pla-de-formacio-de-zona-pfz\/modalitats\/formacio-en-centre\/\">Formaci\u00f3 en centre<\/a><\/h6>\n<ul>\n<li>\n<h6><a href=\"http:\/\/serveiseducatius.xtec.cat\/pladelestany\/formacio\/pla-de-formacio-de-zona-pfz\/modalitats\/formacio-interna-de-centre-fic\/\">FIC<\/a><\/h6>\n<\/li>\n<li>\n<h6><a href=\"http:\/\/serveiseducatius.xtec.cat\/pladelestany\/formacio\/pla-de-formacio-de-zona-pfz\/modalitats\/visita-formativa-en-centre\/\">Visita formativa<\/a><\/h6>\n<\/li>\n<\/ul>\n<\/li>\n<li>\n<h6><a href=\"http:\/\/serveiseducatius.xtec.cat\/pladelestany\/formacio\/pla-de-formacio-de-zona-pfz\/modalitats\/formacio-per-a-centres\/\">Formaci\u00f3 per a centres<\/a><\/h6>\n<\/li>\n<li>\n<h6><a href=\"http:\/\/serveiseducatius.xtec.cat\/pladelestany\/formacio\/pla-de-formacio-de-zona-pfz\/modalitats\/formacio-individual\/\">Formaci\u00f3 individual<\/a><\/h6>\n<\/li>\n<\/ul>\n<\/td>\n<\/tr>\n<\/tbody>\n<\/table>\n<h5><strong>Formats de formaci\u00f3<\/strong><\/h5>\n<p><em><strong>Presencial<\/strong><\/em><\/p>\n<p>Totes les sessions s\u00f3n presencials (en un espai f\u00edsic concret).<\/p>\n<p><em><strong>Semipresencial<\/strong><\/em><\/p>\n<p>Combinaci\u00f3 de sessions presencials i sessions en l\u00ednia.<br \/>\nLes sessions en l\u00ednia poden ser s\u00edncrones, as\u00edncrones (*) o mixtes.<\/p>\n<p><em><strong>No presencial<\/strong><\/em><\/p>\n<p>Totes les sessions s\u00f3n en l\u00ednia.<br \/>\nLes sessions en l\u00ednia poden ser s\u00edncrones, as\u00edncrones (*) o mixtes.<\/p>\n<\/div>\n<p>(*)<sub><em> Les hores as\u00edncrones de les formacions en l\u00ednia o semipresencials no poden superar:<\/em><\/sub><\/p>\n<ul>\n<li style=\"list-style-type: none;\">\n<ul>\n<li><sub><em>10 hores en l\u00ednia per setmana en per\u00edode de perman\u00e8ncia al centre<\/em><\/sub><\/li>\n<li><sub><em>15 hores en l\u00ednia per setmana en per\u00edode de no perman\u00e8ncia al centre<\/em><\/sub><\/li>\n<\/ul>\n<\/li>\n<\/ul>\n<p><sub><em>La limitaci\u00f3 d\u2019hores a realitzar per setmana nom\u00e9s afecta al disseny de cada activitat, per\u00f2 no a les persones participants, que poden inscriure&#8217;s a les activitats que vulguin sense l\u00edmit d&#8217;hores.<\/em><br \/>\n<\/sub><\/p>\n","protected":false},"excerpt":{"rendered":"<p>El Pla de Formaci\u00f3 de Zona (PFZ) disposa de diverses modalitats de formaci\u00f3 permanent del professorat; cadascuna respon a una [&hellip;]<\/p>\n","protected":false},"author":1,"featured_media":0,"parent":414,"menu_order":12,"comment_status":"closed","ping_status":"closed","template":"","meta":{"site-sidebar-layout":"default","site-content-layout":"","ast-site-content-layout":"default","site-content-style":"default","site-sidebar-style":"default","ast-global-header-display":"","ast-banner-title-visibility":"","ast-main-header-display":"","ast-hfb-above-header-display":"","ast-hfb-below-header-display":"","ast-hfb-mobile-header-display":"","site-post-title":"","ast-breadcrumbs-content":"","ast-featured-img":"","footer-sml-layout":"","theme-transparent-header-meta":"default","adv-header-id-meta":"","stick-header-meta":"","header-above-stick-meta":"","header-main-stick-meta":"","header-below-stick-meta":"","astra-migrate-meta-layouts":"set","ast-page-background-enabled":"default","ast-page-background-meta":{"desktop":{"background-color":"var(--ast-global-color-4)","background-image":"","background-repeat":"repeat","background-position":"center center","background-size":"auto","background-attachment":"scroll","background-type":"","background-media":"","overlay-type":"","overlay-color":"","overlay-opacity":"","overlay-gradient":""},"tablet":{"background-color":"","background-image":"","background-repeat":"repeat","background-position":"center center","background-size":"auto","background-attachment":"scroll","background-type":"","background-media":"","overlay-type":"","overlay-color":"","overlay-opacity":"","overlay-gradient":""},"mobile":{"background-color":"","background-image":"","background-repeat":"repeat","background-position":"center center","background-size":"auto","background-attachment":"scroll","background-type":"","background-media":"","overlay-type":"","overlay-color":"","overlay-opacity":"","overlay-gradient":""}},"ast-content-background-meta":{"desktop":{"background-color":"var(--ast-global-color-5)","background-image":"","background-repeat":"repeat","background-position":"center center","background-size":"auto","background-attachment":"scroll","background-type":"","background-media":"","overlay-type":"","overlay-color":"","overlay-opacity":"","overlay-gradient":""},"tablet":{"background-color":"var(--ast-global-color-5)","background-image":"","background-repeat":"repeat","background-position":"center center","background-size":"auto","background-attachment":"scroll","background-type":"","background-media":"","overlay-type":"","overlay-color":"","overlay-opacity":"","overlay-gradient":""},"mobile":{"background-color":"var(--ast-global-color-5)","background-image":"","background-repeat":"repeat","background-position":"center center","background-size":"auto","background-attachment":"scroll","background-type":"","background-media":"","overlay-type":"","overlay-color":"","overlay-opacity":"","overlay-gradient":""}},"footnotes":""},"class_list":["post-1476","page","type-page","status-publish","hentry"],"post_mailing_queue_ids":[],"_links":{"self":[{"href":"https:\/\/serveiseducatius.xtec.cat\/pladelestany\/wp-json\/wp\/v2\/pages\/1476","targetHints":{"allow":["GET"]}}],"collection":[{"href":"https:\/\/serveiseducatius.xtec.cat\/pladelestany\/wp-json\/wp\/v2\/pages"}],"about":[{"href":"https:\/\/serveiseducatius.xtec.cat\/pladelestany\/wp-json\/wp\/v2\/types\/page"}],"author":[{"embeddable":true,"href":"https:\/\/serveiseducatius.xtec.cat\/pladelestany\/wp-json\/wp\/v2\/users\/1"}],"replies":[{"embeddable":true,"href":"https:\/\/serveiseducatius.xtec.cat\/pladelestany\/wp-json\/wp\/v2\/comments?post=1476"}],"version-history":[{"count":4,"href":"https:\/\/serveiseducatius.xtec.cat\/pladelestany\/wp-json\/wp\/v2\/pages\/1476\/revisions"}],"predecessor-version":[{"id":1501,"href":"https:\/\/serveiseducatius.xtec.cat\/pladelestany\/wp-json\/wp\/v2\/pages\/1476\/revisions\/1501"}],"up":[{"embeddable":true,"href":"https:\/\/serveiseducatius.xtec.cat\/pladelestany\/wp-json\/wp\/v2\/pages\/414"}],"wp:attachment":[{"href":"https:\/\/serveiseducatius.xtec.cat\/pladelestany\/wp-json\/wp\/v2\/media?parent=1476"}],"curies":[{"name":"wp","href":"https:\/\/api.w.org\/{rel}","templated":true}]}}