{"id":1431,"date":"2018-09-09T09:06:17","date_gmt":"2018-09-09T07:06:17","guid":{"rendered":"http:\/\/serveiseducatius.xtec.cat\/pladelestany\/?page_id=1431"},"modified":"2025-09-18T12:31:01","modified_gmt":"2025-09-18T10:31:01","slug":"lic","status":"publish","type":"page","link":"https:\/\/serveiseducatius.xtec.cat\/pladelestany\/el-servei-educatiu\/equip\/lic\/","title":{"rendered":"LIC"},"content":{"rendered":"\n<figure class=\"wp-block-image aligncenter size-large is-resized\"><a href=\"https:\/\/serveiseducatius.xtec.cat\/pladelestany\/wp-content\/uploads\/usu771\/2025\/02\/lic-1.png\"><img loading=\"lazy\" decoding=\"async\" width=\"1024\" height=\"1024\" src=\"https:\/\/serveiseducatius.xtec.cat\/pladelestany\/wp-content\/uploads\/usu771\/2025\/02\/lic-1-1024x1024.png\" alt=\"\" class=\"wp-image-6421\" style=\"width:317px;height:auto\" srcset=\"https:\/\/serveiseducatius.xtec.cat\/pladelestany\/wp-content\/uploads\/usu771\/2025\/02\/lic-1-1024x1024.png 1024w, https:\/\/serveiseducatius.xtec.cat\/pladelestany\/wp-content\/uploads\/usu771\/2025\/02\/lic-1-300x300.png 300w, https:\/\/serveiseducatius.xtec.cat\/pladelestany\/wp-content\/uploads\/usu771\/2025\/02\/lic-1-150x150.png 150w, https:\/\/serveiseducatius.xtec.cat\/pladelestany\/wp-content\/uploads\/usu771\/2025\/02\/lic-1-768x768.png 768w, https:\/\/serveiseducatius.xtec.cat\/pladelestany\/wp-content\/uploads\/usu771\/2025\/02\/lic-1.png 1181w\" sizes=\"auto, (max-width: 1024px) 100vw, 1024px\" \/><\/a><\/figure>\n\n\n\n<p>Al Servei Educatiu del Pla de l&#8217;Estany hi treballa una assessora LIC (assessora i orientadora en llengua, interculturalitat i cohesi\u00f3 social)<\/p>\n\n\n\n<div class=\"wp-block-getwid-tabs\" data-active-tab=\"0\"><ul class=\"wp-block-getwid-tabs__nav-links\"><\/ul>\n<div class=\"wp-block-getwid-tabs__nav-link\"><span class=\"wp-block-getwid-tabs__title-wrapper\"><a href=\"#\"><span class=\"wp-block-getwid-tabs__title\">Objectius<\/span><\/a><\/span><\/div><div class=\"wp-block-getwid-tabs__tab-content-wrapper\"><div class=\"wp-block-getwid-tabs__tab-content\">\n<ul class=\"wp-block-list\">\n<li>Orientar els tutors\/es d\u2019aula d\u2019acollida i del suport ling\u00fc\u00edstic i social en l\u2019organitzaci\u00f3 i funcionament de l\u2019AA i del SLS.<\/li>\n\n\n\n<li>Assessorar en metodologies basades en la immersi\u00f3 ling\u00fc\u00edstica. Aprofundir en l\u2019ensenyament de la llengua oral.<\/li>\n\n\n\n<li>Fer formaci\u00f3 del Pla de l\u2019Impuls de la lectura: compet\u00e8ncia lectora i gust per llegir, saber llegir i llegir per aprendre.<\/li>\n\n\n\n<li>Acompanyar en l\u2019ensenyament del proc\u00e9s d\u2019escriure: cicle de confer\u00e8ncies de l\u2019araESCRIC.<\/li>\n\n\n\n<li>Fer formaci\u00f3 de l\u2019araESCRIC: l\u2019escriptura en un centre educatiu i activitats pr\u00e0ctiques d\u2019expressi\u00f3 escrita.<\/li>\n\n\n\n<li>Assessorar en projectes impulsats per Departament d\u2019Ensenyament: Projecte de Conviv\u00e8ncia, Projecte Ling\u00fc\u00edstic, Pla d\u2019Acollida, Pla de Lectura de centre, etc.<\/li>\n\n\n\n<li>Informar i orientar sobre el Curr\u00edculum i el tractament de les lleng\u00fces. Impuls del tractament integrat de les lleng\u00fces.<\/li>\n\n\n\n<li>Coordinar les classes de les lleng\u00fces de la nova ciutadania (\u00e0rab, xin\u00e8s, etc.).<\/li>\n\n\n\n<li>Dinamitzar i fer el seguiment dels Plans Educatius d\u2019Entorn. Fomentar les activitats en xarxa a la zona.<\/li>\n<\/ul>\n<\/div><\/div>\n\n\n\n<div class=\"wp-block-getwid-tabs__nav-link\"><span class=\"wp-block-getwid-tabs__title-wrapper\"><a href=\"#\"><span class=\"wp-block-getwid-tabs__title\">Tasques<\/span><\/a><\/span><\/div><div class=\"wp-block-getwid-tabs__tab-content-wrapper\"><div class=\"wp-block-getwid-tabs__tab-content\">\n<p><em>Assessoraments puntuals en<\/em><\/p>\n\n\n\n<ul class=\"wp-block-list\">\n<li>Aula Acollida- Suport ling\u00fc\u00edstic<\/li>\n\n\n\n<li>Projecte ling\u00fc\u00edstic de centre<\/li>\n\n\n\n<li>Projecte de conviv\u00e8ncia<\/li>\n\n\n\n<li>Impuls a la lectura<\/li>\n\n\n\n<li>Pla lector<\/li>\n\n\n\n<li>AraESCRIC<\/li>\n\n\n\n<li>Programa Tenim la paraula<\/li>\n\n\n\n<li>Pla Educatiu Entorn<\/li>\n<\/ul>\n\n\n\n<p><em>Altres actuacions<\/em><\/p>\n\n\n\n<ul class=\"wp-block-list\">\n<li>Projecte Rossinyol<\/li>\n\n\n\n<li>Sof\u00e0 de lectura<\/li>\n\n\n\n<li>Jocs Florals<\/li>\n\n\n\n<li>Club de Booktubers<\/li>\n<\/ul>\n<\/div><\/div>\n\n\n\n<div class=\"wp-block-getwid-tabs__nav-link\"><span class=\"wp-block-getwid-tabs__title-wrapper\"><a href=\"#\"><span class=\"wp-block-getwid-tabs__title\">Contacte<\/span><\/a><\/span><\/div><div class=\"wp-block-getwid-tabs__tab-content-wrapper\"><div class=\"wp-block-getwid-tabs__tab-content\">\n<ul class=\"wp-block-list\">\n<li>972 573 803<\/li>\n\n\n\n<li>se-pladelestany@xtec.cat<\/li>\n<\/ul>\n<\/div><\/div>\n\n\n\n<div class=\"wp-block-getwid-tabs__nav-link\"><span class=\"wp-block-getwid-tabs__title-wrapper\"><a href=\"#\"><span class=\"wp-block-getwid-tabs__title\">Per saber-ne m\u00e9s<\/span><\/a><\/span><\/div><div class=\"wp-block-getwid-tabs__tab-content-wrapper\"><div class=\"wp-block-getwid-tabs__tab-content\">\n<p><a href=\"http:\/\/xtec.gencat.cat\/ca\/serveis\/sez\/elic\/\" target=\"_blank\" rel=\"noreferrer noopener\"><strong>Per saber-ne m\u00e9s<\/strong><\/a>&#8230;<\/p>\n<\/div><\/div>\n<\/div>\n","protected":false},"excerpt":{"rendered":"<p>Al Servei Educatiu del Pla de l&#8217;Estany hi treballa una assessora LIC (assessora i orientadora en llengua, interculturalitat i cohesi\u00f3 [&hellip;]<\/p>\n","protected":false},"author":5,"featured_media":0,"parent":306,"menu_order":30,"comment_status":"closed","ping_status":"closed","template":"","meta":{"site-sidebar-layout":"default","site-content-layout":"","ast-site-content-layout":"default","site-content-style":"default","site-sidebar-style":"default","ast-global-header-display":"","ast-banner-title-visibility":"","ast-main-header-display":"","ast-hfb-above-header-display":"","ast-hfb-below-header-display":"","ast-hfb-mobile-header-display":"","site-post-title":"","ast-breadcrumbs-content":"","ast-featured-img":"","footer-sml-layout":"","theme-transparent-header-meta":"","adv-header-id-meta":"","stick-header-meta":"","header-above-stick-meta":"","header-main-stick-meta":"","header-below-stick-meta":"","astra-migrate-meta-layouts":"set","ast-page-background-enabled":"default","ast-page-background-meta":{"desktop":{"background-color":"var(--ast-global-color-4)","background-image":"","background-repeat":"repeat","background-position":"center center","background-size":"auto","background-attachment":"scroll","background-type":"","background-media":"","overlay-type":"","overlay-color":"","overlay-opacity":"","overlay-gradient":""},"tablet":{"background-color":"","background-image":"","background-repeat":"repeat","background-position":"center center","background-size":"auto","background-attachment":"scroll","background-type":"","background-media":"","overlay-type":"","overlay-color":"","overlay-opacity":"","overlay-gradient":""},"mobile":{"background-color":"","background-image":"","background-repeat":"repeat","background-position":"center center","background-size":"auto","background-attachment":"scroll","background-type":"","background-media":"","overlay-type":"","overlay-color":"","overlay-opacity":"","overlay-gradient":""}},"ast-content-background-meta":{"desktop":{"background-color":"var(--ast-global-color-5)","background-image":"","background-repeat":"repeat","background-position":"center center","background-size":"auto","background-attachment":"scroll","background-type":"","background-media":"","overlay-type":"","overlay-color":"","overlay-opacity":"","overlay-gradient":""},"tablet":{"background-color":"var(--ast-global-color-5)","background-image":"","background-repeat":"repeat","background-position":"center center","background-size":"auto","background-attachment":"scroll","background-type":"","background-media":"","overlay-type":"","overlay-color":"","overlay-opacity":"","overlay-gradient":""},"mobile":{"background-color":"var(--ast-global-color-5)","background-image":"","background-repeat":"repeat","background-position":"center center","background-size":"auto","background-attachment":"scroll","background-type":"","background-media":"","overlay-type":"","overlay-color":"","overlay-opacity":"","overlay-gradient":""}},"footnotes":""},"class_list":["post-1431","page","type-page","status-publish","hentry"],"post_mailing_queue_ids":[],"_links":{"self":[{"href":"https:\/\/serveiseducatius.xtec.cat\/pladelestany\/wp-json\/wp\/v2\/pages\/1431","targetHints":{"allow":["GET"]}}],"collection":[{"href":"https:\/\/serveiseducatius.xtec.cat\/pladelestany\/wp-json\/wp\/v2\/pages"}],"about":[{"href":"https:\/\/serveiseducatius.xtec.cat\/pladelestany\/wp-json\/wp\/v2\/types\/page"}],"author":[{"embeddable":true,"href":"https:\/\/serveiseducatius.xtec.cat\/pladelestany\/wp-json\/wp\/v2\/users\/5"}],"replies":[{"embeddable":true,"href":"https:\/\/serveiseducatius.xtec.cat\/pladelestany\/wp-json\/wp\/v2\/comments?post=1431"}],"version-history":[{"count":6,"href":"https:\/\/serveiseducatius.xtec.cat\/pladelestany\/wp-json\/wp\/v2\/pages\/1431\/revisions"}],"predecessor-version":[{"id":7826,"href":"https:\/\/serveiseducatius.xtec.cat\/pladelestany\/wp-json\/wp\/v2\/pages\/1431\/revisions\/7826"}],"up":[{"embeddable":true,"href":"https:\/\/serveiseducatius.xtec.cat\/pladelestany\/wp-json\/wp\/v2\/pages\/306"}],"wp:attachment":[{"href":"https:\/\/serveiseducatius.xtec.cat\/pladelestany\/wp-json\/wp\/v2\/media?parent=1431"}],"curies":[{"name":"wp","href":"https:\/\/api.w.org\/{rel}","templated":true}]}}