{"id":1429,"date":"2018-09-09T09:01:32","date_gmt":"2018-09-09T07:01:32","guid":{"rendered":"http:\/\/serveiseducatius.xtec.cat\/pladelestany\/?page_id=1429"},"modified":"2025-02-24T13:27:09","modified_gmt":"2025-02-24T12:27:09","slug":"eap","status":"publish","type":"page","link":"https:\/\/serveiseducatius.xtec.cat\/pladelestany\/el-servei-educatiu\/equip\/eap\/","title":{"rendered":"EAP"},"content":{"rendered":"\n<figure class=\"wp-block-image aligncenter size-large is-resized\"><img loading=\"lazy\" decoding=\"async\" width=\"1024\" height=\"1024\" src=\"https:\/\/serveiseducatius.xtec.cat\/pladelestany\/wp-content\/uploads\/usu771\/2025\/02\/photo_2025-02-24_13-17-01-1024x1024.jpg\" alt=\"\" class=\"wp-image-6429\" style=\"width:390px;height:auto\" srcset=\"https:\/\/serveiseducatius.xtec.cat\/pladelestany\/wp-content\/uploads\/usu771\/2025\/02\/photo_2025-02-24_13-17-01-1024x1024.jpg 1024w, https:\/\/serveiseducatius.xtec.cat\/pladelestany\/wp-content\/uploads\/usu771\/2025\/02\/photo_2025-02-24_13-17-01-300x300.jpg 300w, https:\/\/serveiseducatius.xtec.cat\/pladelestany\/wp-content\/uploads\/usu771\/2025\/02\/photo_2025-02-24_13-17-01-150x150.jpg 150w, https:\/\/serveiseducatius.xtec.cat\/pladelestany\/wp-content\/uploads\/usu771\/2025\/02\/photo_2025-02-24_13-17-01-768x768.jpg 768w, https:\/\/serveiseducatius.xtec.cat\/pladelestany\/wp-content\/uploads\/usu771\/2025\/02\/photo_2025-02-24_13-17-01.jpg 1181w\" sizes=\"auto, (max-width: 1024px) 100vw, 1024px\" \/><\/figure>\n\n\n\n<p><strong>Equip d\u2019Atenci\u00f3 Psicopedag\u00f2gica <\/strong>que dona suport en la resposta a la diversitat de l\u2019alumnat i en relaci\u00f3 amb l&#8217;alumnat que presenten necessitats educatives especials.<\/p>\n\n\n\n<p>El nostre equip est\u00e0 format per 5 professionals de diferents disciplines (3 psicopedagogues, 1 treballadora social, 1 fisioterapeuta i 1 UAO) que treballen de forma coordinada per tal de dur a terme, de la manera m\u00e9s efica\u00e7 possible, les funcions i tasques que per normativa els s\u00f3n assignades.<\/p>\n\n\n\n<h3 class=\"wp-block-heading\"><strong>\u00c0mbits d\u2019intervenci\u00f3<\/strong><\/h3>\n\n\n\n<div class=\"wp-block-getwid-tabs\" data-active-tab=\"0\"><ul class=\"wp-block-getwid-tabs__nav-links\"><\/ul>\n<div class=\"wp-block-getwid-tabs__nav-link\"><span class=\"wp-block-getwid-tabs__title-wrapper\"><a href=\"#\"><span class=\"wp-block-getwid-tabs__title\"><strong>Zona, centres i professors<\/strong><\/span><\/a><\/span><\/div><div class=\"wp-block-getwid-tabs__tab-content-wrapper\"><div class=\"wp-block-getwid-tabs__tab-content\">\n<p><em>Suport, assessorament i orientaci\u00f3 en<\/em><\/p>\n\n\n\n<ul class=\"wp-block-list\">\n<li>Processos d\u2019ensenyament i aprenentatge, de gesti\u00f3 d\u2019aula i d\u2019aplicaci\u00f3 de metodologies flexibles que afavoreixin la participaci\u00f3 i aprenentatge de tots els alumnes.<\/li>\n\n\n\n<li>Avaluaci\u00f3 psicopedag\u00f2gica i\/ o social de les necessitats educatives especials segons demanda.<\/li>\n\n\n\n<li>Proc\u00e9s de transici\u00f3 de les diferents etapes educatives.<\/li>\n\n\n\n<li>Corresponsabilitat fam\u00edlia escola.<\/li>\n\n\n\n<li>Identificaci\u00f3 de pr\u00e0ctiques educatives de refer\u00e8ncia.<\/li>\n<\/ul>\n\n\n\n<p><em>Col\u00b7laboraci\u00f3 i impuls en activitats i dinamitzaci\u00f3 de la zona<\/em><\/p>\n\n\n\n<ul class=\"wp-block-list\">\n<li>Formaci\u00f3 permanent dels professors.<\/li>\n\n\n\n<li>Suports a les xarxes de centres.<\/li>\n\n\n\n<li>Orientaci\u00f3 educativa i acci\u00f3 tutorial.<\/li>\n\n\n\n<li>Treball en xarxa amb altres serveis educatius, institucions i entitats.<\/li>\n<\/ul>\n<\/div><\/div>\n\n\n\n<div class=\"wp-block-getwid-tabs__nav-link\"><span class=\"wp-block-getwid-tabs__title-wrapper\"><a href=\"#\"><span class=\"wp-block-getwid-tabs__title\"><strong>Alumnes i fam\u00edlies<\/strong><\/span><\/a><\/span><\/div><div class=\"wp-block-getwid-tabs__tab-content-wrapper\"><div class=\"wp-block-getwid-tabs__tab-content\">\n<ul class=\"wp-block-list\">\n<li>Avaluaci\u00f3 psicopedag\u00f2gica i\/o social de les necessitats educatives especials de les necessitats educatives dels alumnes.<\/li>\n\n\n\n<li>Seguiment i acompanyament en les transicions educatives.<\/li>\n\n\n\n<li>Informaci\u00f3 i assessorament a les fam\u00edlies sobre recursos que poden afavorir el desenvolupament integral dels alumnes, en especial aquells publicats&nbsp; pel Departament d\u2019Ensenyament.<\/li>\n<\/ul>\n<\/div><\/div>\n<\/div>\n\n\n\n<p><\/p>\n\n\n\n<p><\/p>\n\n\n\n<p><\/p>\n\n\n\n<p><\/p>\n\n\n\n<p>.<\/p>\n\n\n\n<div class=\"wp-block-getwid-tabs\" data-active-tab=\"0\"><ul class=\"wp-block-getwid-tabs__nav-links\"><\/ul>\n<div class=\"wp-block-getwid-tabs__nav-link\"><span class=\"wp-block-getwid-tabs__title-wrapper\"><a href=\"#\"><span class=\"wp-block-getwid-tabs__title\">Horari d\u2019atenci\u00f3 al p\u00fablic<\/span><\/a><\/span><\/div><div class=\"wp-block-getwid-tabs__tab-content-wrapper\"><div class=\"wp-block-getwid-tabs__tab-content\">\n<ul class=\"wp-block-list\">\n<li>Matins: atenci\u00f3 directa a centres<\/li>\n\n\n\n<li>Tardes (visites amb cita concertada): dimarts i dijous de 15:00h a 18:00h i divendres de 15:00h a 17:00h<\/li>\n<\/ul>\n<\/div><\/div>\n\n\n\n<div class=\"wp-block-getwid-tabs__nav-link\"><span class=\"wp-block-getwid-tabs__title-wrapper\"><a href=\"#\"><span class=\"wp-block-getwid-tabs__title\">Contacte<\/span><\/a><\/span><\/div><div class=\"wp-block-getwid-tabs__tab-content-wrapper\"><div class=\"wp-block-getwid-tabs__tab-content\">\n<p>Podeu adre\u00e7ar les vostres demandes presencialment, per correu electr\u00f2nic i telef\u00f2nicament.<a href=\"mailto:e3990102@xtec.cat\">&nbsp;&nbsp;&nbsp;&nbsp;&nbsp;&nbsp;&nbsp;&nbsp; <\/a><\/p>\n\n\n\n<ul class=\"wp-block-list\">\n<li>972 573 803<\/li>\n\n\n\n<li>eap-pladelestany@xtec.cat (b7905271@xtec.cat)<\/li>\n<\/ul>\n<\/div><\/div>\n\n\n\n<div class=\"wp-block-getwid-tabs__nav-link\"><span class=\"wp-block-getwid-tabs__title-wrapper\"><a href=\"#\"><span class=\"wp-block-getwid-tabs__title\">Per saber-ne m\u00e9s<\/span><\/a><\/span><\/div><div class=\"wp-block-getwid-tabs__tab-content-wrapper\"><div class=\"wp-block-getwid-tabs__tab-content\">\n<p><a href=\"http:\/\/xtec.gencat.cat\/ca\/serveis\/sez\/eap\/\" target=\"_blank\" rel=\"noopener noreferrer\"><strong>Per saber-ne m\u00e9s<\/strong><\/a><\/p>\n<\/div><\/div>\n<\/div>\n\n\n\n<p><\/p>\n","protected":false},"excerpt":{"rendered":"<p>Equip d\u2019Atenci\u00f3 Psicopedag\u00f2gica que dona suport en la resposta a la diversitat de l\u2019alumnat i en relaci\u00f3 amb l&#8217;alumnat que [&hellip;]<\/p>\n","protected":false},"author":5,"featured_media":0,"parent":306,"menu_order":20,"comment_status":"closed","ping_status":"closed","template":"page-templates\/side-menu.php","meta":{"site-sidebar-layout":"default","site-content-layout":"","ast-site-content-layout":"default","site-content-style":"default","site-sidebar-style":"default","ast-global-header-display":"","ast-banner-title-visibility":"","ast-main-header-display":"","ast-hfb-above-header-display":"","ast-hfb-below-header-display":"","ast-hfb-mobile-header-display":"","site-post-title":"","ast-breadcrumbs-content":"","ast-featured-img":"","footer-sml-layout":"","theme-transparent-header-meta":"","adv-header-id-meta":"","stick-header-meta":"","header-above-stick-meta":"","header-main-stick-meta":"","header-below-stick-meta":"","astra-migrate-meta-layouts":"set","ast-page-background-enabled":"default","ast-page-background-meta":{"desktop":{"background-color":"var(--ast-global-color-4)","background-image":"","background-repeat":"repeat","background-position":"center center","background-size":"auto","background-attachment":"scroll","background-type":"","background-media":"","overlay-type":"","overlay-color":"","overlay-opacity":"","overlay-gradient":""},"tablet":{"background-color":"","background-image":"","background-repeat":"repeat","background-position":"center center","background-size":"auto","background-attachment":"scroll","background-type":"","background-media":"","overlay-type":"","overlay-color":"","overlay-opacity":"","overlay-gradient":""},"mobile":{"background-color":"","background-image":"","background-repeat":"repeat","background-position":"center center","background-size":"auto","background-attachment":"scroll","background-type":"","background-media":"","overlay-type":"","overlay-color":"","overlay-opacity":"","overlay-gradient":""}},"ast-content-background-meta":{"desktop":{"background-color":"var(--ast-global-color-5)","background-image":"","background-repeat":"repeat","background-position":"center center","background-size":"auto","background-attachment":"scroll","background-type":"","background-media":"","overlay-type":"","overlay-color":"","overlay-opacity":"","overlay-gradient":""},"tablet":{"background-color":"var(--ast-global-color-5)","background-image":"","background-repeat":"repeat","background-position":"center center","background-size":"auto","background-attachment":"scroll","background-type":"","background-media":"","overlay-type":"","overlay-color":"","overlay-opacity":"","overlay-gradient":""},"mobile":{"background-color":"var(--ast-global-color-5)","background-image":"","background-repeat":"repeat","background-position":"center center","background-size":"auto","background-attachment":"scroll","background-type":"","background-media":"","overlay-type":"","overlay-color":"","overlay-opacity":"","overlay-gradient":""}},"footnotes":""},"class_list":["post-1429","page","type-page","status-publish","hentry"],"post_mailing_queue_ids":[],"_links":{"self":[{"href":"https:\/\/serveiseducatius.xtec.cat\/pladelestany\/wp-json\/wp\/v2\/pages\/1429","targetHints":{"allow":["GET"]}}],"collection":[{"href":"https:\/\/serveiseducatius.xtec.cat\/pladelestany\/wp-json\/wp\/v2\/pages"}],"about":[{"href":"https:\/\/serveiseducatius.xtec.cat\/pladelestany\/wp-json\/wp\/v2\/types\/page"}],"author":[{"embeddable":true,"href":"https:\/\/serveiseducatius.xtec.cat\/pladelestany\/wp-json\/wp\/v2\/users\/5"}],"replies":[{"embeddable":true,"href":"https:\/\/serveiseducatius.xtec.cat\/pladelestany\/wp-json\/wp\/v2\/comments?post=1429"}],"version-history":[{"count":6,"href":"https:\/\/serveiseducatius.xtec.cat\/pladelestany\/wp-json\/wp\/v2\/pages\/1429\/revisions"}],"predecessor-version":[{"id":6439,"href":"https:\/\/serveiseducatius.xtec.cat\/pladelestany\/wp-json\/wp\/v2\/pages\/1429\/revisions\/6439"}],"up":[{"embeddable":true,"href":"https:\/\/serveiseducatius.xtec.cat\/pladelestany\/wp-json\/wp\/v2\/pages\/306"}],"wp:attachment":[{"href":"https:\/\/serveiseducatius.xtec.cat\/pladelestany\/wp-json\/wp\/v2\/media?parent=1429"}],"curies":[{"name":"wp","href":"https:\/\/api.w.org\/{rel}","templated":true}]}}