{"id":1424,"date":"2018-09-09T07:26:04","date_gmt":"2018-09-09T05:26:04","guid":{"rendered":"http:\/\/serveiseducatius.xtec.cat\/pladelestany\/?page_id=1424"},"modified":"2025-02-24T13:24:41","modified_gmt":"2025-02-24T12:24:41","slug":"crp","status":"publish","type":"page","link":"https:\/\/serveiseducatius.xtec.cat\/pladelestany\/el-servei-educatiu\/equip\/crp\/","title":{"rendered":"CRP"},"content":{"rendered":"\n<figure class=\"wp-block-image aligncenter size-large is-resized\"><img loading=\"lazy\" decoding=\"async\" width=\"1024\" height=\"1024\" src=\"https:\/\/serveiseducatius.xtec.cat\/pladelestany\/wp-content\/uploads\/usu771\/2025\/02\/crp-1024x1024.png\" alt=\"\" class=\"wp-image-6426\" style=\"width:337px;height:auto\" srcset=\"https:\/\/serveiseducatius.xtec.cat\/pladelestany\/wp-content\/uploads\/usu771\/2025\/02\/crp-1024x1024.png 1024w, https:\/\/serveiseducatius.xtec.cat\/pladelestany\/wp-content\/uploads\/usu771\/2025\/02\/crp-300x300.png 300w, https:\/\/serveiseducatius.xtec.cat\/pladelestany\/wp-content\/uploads\/usu771\/2025\/02\/crp-150x150.png 150w, https:\/\/serveiseducatius.xtec.cat\/pladelestany\/wp-content\/uploads\/usu771\/2025\/02\/crp-768x768.png 768w, https:\/\/serveiseducatius.xtec.cat\/pladelestany\/wp-content\/uploads\/usu771\/2025\/02\/crp.png 1181w\" sizes=\"auto, (max-width: 1024px) 100vw, 1024px\" \/><\/figure>\n\n\n\n<p>Al Centre de Recursos Pedag\u00f2gics del Pla de l&#8217;Estany hi treballen dos professionals i dona suport a l\u2019activitat pedag\u00f2gica dels centres i a la tasca docent especialment en temes de formaci\u00f3 permanent, de recursos pedag\u00f2gics i de dinamitzaci\u00f3 de projectes de centre i de la comarca.<\/p>\n\n\n\n<p><\/p>\n\n\n\n<p>.<\/p>\n\n\n\n<div class=\"wp-block-getwid-tabs\" data-active-tab=\"0\"><ul class=\"wp-block-getwid-tabs__nav-links\"><\/ul>\n<div class=\"wp-block-getwid-tabs__nav-link\"><span class=\"wp-block-getwid-tabs__title-wrapper\"><a href=\"#\"><span class=\"wp-block-getwid-tabs__title\">Les nostres tasques<\/span><\/a><\/span><\/div><div class=\"wp-block-getwid-tabs__tab-content-wrapper\"><div class=\"wp-block-getwid-tabs__tab-content\">\n<ul class=\"wp-block-list\">\n<li>Suport i assessorament en projectes de centre (TAC, Biblioteca Escolar, Servei Comunitari, Educaci\u00f3 per la sostenibilitat, \u2026)<\/li>\n\n\n\n<li>Disseny i organitzaci\u00f3 d\u2019activitats de dinamitzaci\u00f3 de la zona per projectar la figura de l\u2019alumne com a protagonista del seu aprenentatge (Mostra de Teatre, Jocs Florals, Xarxa de Compet\u00e8ncies B\u00e0siques, etc)<\/li>\n\n\n\n<li>Treball en xarxa entre els centres i amb les institucions i serveis de la zona.<\/li>\n\n\n\n<li>Coordinaci\u00f3 i organitzaci\u00f3 de les activitats del Pla de Formaci\u00f3 de Zona (PFZ) del Pla de l&#8217;Estany, incloent la gesti\u00f3 d\u2019activitats de coordinaci\u00f3 de grups de docents i la informaci\u00f3 i assessorament als centres en l\u2019avaluaci\u00f3 del seu aprofitament i de la transfer\u00e8ncia a l\u2019aula.<\/li>\n\n\n\n<li>Disseny, elaboraci\u00f3 i pr\u00e9stec de materials, recursos did\u00e0ctics i maletes pedag\u00f2giques.<\/li>\n\n\n\n<li>Acompanyament als centres per la innovaci\u00f3 metodol\u00f2gica i la inclusi\u00f3 de noves tecnologies i recursos digitals a l\u2019aula.<\/li>\n<\/ul>\n\n\n\n<p>L\u2019acc\u00e9s al servei \u00e9s a partir de demandes dels centres educatius, d\u2019equips docents, de grups de professorat o en la coordinaci\u00f3 amb altres serveis i agents educatius que actuen a la zona.<\/p>\n<\/div><\/div>\n\n\n\n<div class=\"wp-block-getwid-tabs__nav-link\"><span class=\"wp-block-getwid-tabs__title-wrapper\"><a href=\"#\"><span class=\"wp-block-getwid-tabs__title\">Contacte<\/span><\/a><\/span><\/div><div class=\"wp-block-getwid-tabs__tab-content-wrapper\"><div class=\"wp-block-getwid-tabs__tab-content\">\n<p>Podeu adre\u00e7ar les vostres demandes presencialment, per correu electr\u00f2nic i telef\u00f2nicament.<a href=\"mailto:e3990102@xtec.cat\">&nbsp;&nbsp;&nbsp;&nbsp;&nbsp;&nbsp;&nbsp;&nbsp;<\/a><\/p>\n\n\n\n<ul class=\"wp-block-list\">\n<li>972 573 456<\/li>\n\n\n\n<li>crp-pladelestany@xtec.cat&nbsp;(b7990106@xtec.cat)<\/li>\n<\/ul>\n<\/div><\/div>\n\n\n\n<div class=\"wp-block-getwid-tabs__nav-link\"><span class=\"wp-block-getwid-tabs__title-wrapper\"><a href=\"#\"><span class=\"wp-block-getwid-tabs__title\">Horari d&#8217;atenci\u00f3 al p\u00fablic<\/span><\/a><\/span><\/div><div class=\"wp-block-getwid-tabs__tab-content-wrapper\"><div class=\"wp-block-getwid-tabs__tab-content\">\n<ul class=\"wp-block-list\">\n<li>Mat\u00ed: de dilluns a divendres de 9 a 14h<\/li>\n\n\n\n<li>Tarda: dilluns, dimarts i dijous de 16 a 18h.<\/li>\n\n\n\n<li>Durant els mesos de setembre, juny i juliol l\u2019horari d\u2019atenci\u00f3 al p\u00fablic \u00e9s de 9 a 14h.<\/li>\n<\/ul>\n<\/div><\/div>\n\n\n\n<div class=\"wp-block-getwid-tabs__nav-link\"><span class=\"wp-block-getwid-tabs__title-wrapper\"><a href=\"#\"><span class=\"wp-block-getwid-tabs__title\">Per saber-ne m\u00e9s<\/span><\/a><\/span><\/div><div class=\"wp-block-getwid-tabs__tab-content-wrapper\"><div class=\"wp-block-getwid-tabs__tab-content\">\n<p><a href=\"http:\/\/xtec.gencat.cat\/ca\/serveis\/sez\/crp\/\" target=\"_blank\" rel=\"noreferrer noopener\"><strong>Per saber-ne m\u00e9s<\/strong><\/a><\/p>\n<\/div><\/div>\n<\/div>\n","protected":false},"excerpt":{"rendered":"<p>Al Centre de Recursos Pedag\u00f2gics del Pla de l&#8217;Estany hi treballen dos professionals i dona suport a l\u2019activitat pedag\u00f2gica dels [&hellip;]<\/p>\n","protected":false},"author":5,"featured_media":0,"parent":306,"menu_order":10,"comment_status":"closed","ping_status":"closed","template":"","meta":{"site-sidebar-layout":"default","site-content-layout":"","ast-site-content-layout":"default","site-content-style":"default","site-sidebar-style":"default","ast-global-header-display":"","ast-banner-title-visibility":"","ast-main-header-display":"","ast-hfb-above-header-display":"","ast-hfb-below-header-display":"","ast-hfb-mobile-header-display":"","site-post-title":"","ast-breadcrumbs-content":"","ast-featured-img":"","footer-sml-layout":"","theme-transparent-header-meta":"","adv-header-id-meta":"","stick-header-meta":"","header-above-stick-meta":"","header-main-stick-meta":"","header-below-stick-meta":"","astra-migrate-meta-layouts":"set","ast-page-background-enabled":"default","ast-page-background-meta":{"desktop":{"background-color":"var(--ast-global-color-4)","background-image":"","background-repeat":"repeat","background-position":"center center","background-size":"auto","background-attachment":"scroll","background-type":"","background-media":"","overlay-type":"","overlay-color":"","overlay-opacity":"","overlay-gradient":""},"tablet":{"background-color":"","background-image":"","background-repeat":"repeat","background-position":"center center","background-size":"auto","background-attachment":"scroll","background-type":"","background-media":"","overlay-type":"","overlay-color":"","overlay-opacity":"","overlay-gradient":""},"mobile":{"background-color":"","background-image":"","background-repeat":"repeat","background-position":"center center","background-size":"auto","background-attachment":"scroll","background-type":"","background-media":"","overlay-type":"","overlay-color":"","overlay-opacity":"","overlay-gradient":""}},"ast-content-background-meta":{"desktop":{"background-color":"var(--ast-global-color-5)","background-image":"","background-repeat":"repeat","background-position":"center center","background-size":"auto","background-attachment":"scroll","background-type":"","background-media":"","overlay-type":"","overlay-color":"","overlay-opacity":"","overlay-gradient":""},"tablet":{"background-color":"var(--ast-global-color-5)","background-image":"","background-repeat":"repeat","background-position":"center center","background-size":"auto","background-attachment":"scroll","background-type":"","background-media":"","overlay-type":"","overlay-color":"","overlay-opacity":"","overlay-gradient":""},"mobile":{"background-color":"var(--ast-global-color-5)","background-image":"","background-repeat":"repeat","background-position":"center center","background-size":"auto","background-attachment":"scroll","background-type":"","background-media":"","overlay-type":"","overlay-color":"","overlay-opacity":"","overlay-gradient":""}},"footnotes":""},"class_list":["post-1424","page","type-page","status-publish","hentry"],"post_mailing_queue_ids":[],"_links":{"self":[{"href":"https:\/\/serveiseducatius.xtec.cat\/pladelestany\/wp-json\/wp\/v2\/pages\/1424","targetHints":{"allow":["GET"]}}],"collection":[{"href":"https:\/\/serveiseducatius.xtec.cat\/pladelestany\/wp-json\/wp\/v2\/pages"}],"about":[{"href":"https:\/\/serveiseducatius.xtec.cat\/pladelestany\/wp-json\/wp\/v2\/types\/page"}],"author":[{"embeddable":true,"href":"https:\/\/serveiseducatius.xtec.cat\/pladelestany\/wp-json\/wp\/v2\/users\/5"}],"replies":[{"embeddable":true,"href":"https:\/\/serveiseducatius.xtec.cat\/pladelestany\/wp-json\/wp\/v2\/comments?post=1424"}],"version-history":[{"count":6,"href":"https:\/\/serveiseducatius.xtec.cat\/pladelestany\/wp-json\/wp\/v2\/pages\/1424\/revisions"}],"predecessor-version":[{"id":6435,"href":"https:\/\/serveiseducatius.xtec.cat\/pladelestany\/wp-json\/wp\/v2\/pages\/1424\/revisions\/6435"}],"up":[{"embeddable":true,"href":"https:\/\/serveiseducatius.xtec.cat\/pladelestany\/wp-json\/wp\/v2\/pages\/306"}],"wp:attachment":[{"href":"https:\/\/serveiseducatius.xtec.cat\/pladelestany\/wp-json\/wp\/v2\/media?parent=1424"}],"curies":[{"name":"wp","href":"https:\/\/api.w.org\/{rel}","templated":true}]}}