{"id":9442,"date":"2018-10-23T12:37:27","date_gmt":"2018-10-23T10:37:27","guid":{"rendered":"http:\/\/serveiseducatius.xtec.cat\/pallars\/?page_id=9442"},"modified":"2024-02-07T19:01:38","modified_gmt":"2024-02-07T18:01:38","slug":"albums-illustrats-i","status":"publish","type":"page","link":"https:\/\/serveiseducatius.xtec.cat\/pallars\/dinamitzacio\/llengua\/pallarslector\/albums-illustrats-i\/","title":{"rendered":"\u00c0lbums il\u00b7lustrats I"},"content":{"rendered":"<h4>Adre\u00e7at a<a href=\"https:\/\/forms.gle\/9WoBz5g5jAbrkYBt9\"><img loading=\"lazy\" decoding=\"async\" class=\"wp-image-19682 alignright\" src=\"https:\/\/serveiseducatius.xtec.cat\/pallars\/wp-content\/uploads\/usu1099\/2022\/11\/formulari-de-prestec.png\" alt=\"\" width=\"232\" height=\"94\" srcset=\"https:\/\/serveiseducatius.xtec.cat\/pallars\/wp-content\/uploads\/usu1099\/2022\/11\/formulari-de-prestec.png 375w, https:\/\/serveiseducatius.xtec.cat\/pallars\/wp-content\/uploads\/usu1099\/2022\/11\/formulari-de-prestec-300x122.png 300w\" sizes=\"auto, (max-width: 232px) 100vw, 232px\" \/><\/a><\/h4>\n<p>educaci\u00f3 infantil, prim\u00e0ria i secund\u00e0ria<\/p>\n<h4>Contingut<\/h4>\n<table class=\"aligncenter\" style=\"height: 100%; width: 120.729%; border-collapse: collapse;\" border=\"1\">\n<tbody>\n<tr style=\"height: 30px;\">\n<td style=\"width: 27.0376%; height: 30px; text-align: center; padding-left: 30px; background-color: #cbf3f0;\"><span style=\"color: #2c5b5e;\"><strong>T\u00cdTOL<\/strong><\/span><\/td>\n<td style=\"text-align: center; height: 30px; width: 23.5391%; background-color: #cbf3f0;\"><span style=\"color: #2c5b5e;\"><strong>GUIA DID\u00c0CTICA<\/strong><\/span><\/td>\n<td style=\"text-align: center; width: 26.7194%; background-color: #cbf3f0;\"><span style=\"color: #2c5b5e;\"><strong>T\u00cdTOL<\/strong><\/span><\/td>\n<td style=\"text-align: center; width: 93.5166%; background-color: #cbf3f0;\"><span style=\"color: #2c5b5e;\"><strong>GUIA DID\u00c0CTICA<\/strong><\/span><\/td>\n<\/tr>\n<tr style=\"height: 30px;\">\n<td style=\"width: 27.0376%; height: 30px; text-align: center;\"><strong><span style=\"font-size: 16px;\">Elmer<\/span><\/strong><\/td>\n<td style=\"height: 30px; width: 23.5391%; text-align: center;\">\u00a0<img loading=\"lazy\" decoding=\"async\" class=\"alignnone wp-image-10336\" src=\"https:\/\/serveiseducatius.xtec.cat\/pallars\/wp-content\/uploads\/usu1099\/2018\/10\/Elmer.jpg\" alt=\"\" width=\"81\" height=\"94\" srcset=\"https:\/\/serveiseducatius.xtec.cat\/pallars\/wp-content\/uploads\/usu1099\/2018\/10\/Elmer.jpg 2395w, https:\/\/serveiseducatius.xtec.cat\/pallars\/wp-content\/uploads\/usu1099\/2018\/10\/Elmer-257x300.jpg 257w, https:\/\/serveiseducatius.xtec.cat\/pallars\/wp-content\/uploads\/usu1099\/2018\/10\/Elmer-768x895.jpg 768w, https:\/\/serveiseducatius.xtec.cat\/pallars\/wp-content\/uploads\/usu1099\/2018\/10\/Elmer-879x1024.jpg 879w\" sizes=\"auto, (max-width: 81px) 100vw, 81px\" \/><\/td>\n<td style=\"width: 26.7194%; height: 30px; text-align: center;\"><span style=\"font-size: 16px;\"><strong>La lluna d&#8217;en Joan<\/strong><\/span><\/td>\n<td style=\"width: 93.5166%; text-align: center;\"><img loading=\"lazy\" decoding=\"async\" class=\"alignnone wp-image-10343\" src=\"https:\/\/serveiseducatius.xtec.cat\/pallars\/wp-content\/uploads\/usu1099\/2018\/10\/la-lluna-den-joan.jpg\" alt=\"\" width=\"77\" height=\"108\" srcset=\"https:\/\/serveiseducatius.xtec.cat\/pallars\/wp-content\/uploads\/usu1099\/2018\/10\/la-lluna-den-joan.jpg 400w, https:\/\/serveiseducatius.xtec.cat\/pallars\/wp-content\/uploads\/usu1099\/2018\/10\/la-lluna-den-joan-214x300.jpg 214w\" sizes=\"auto, (max-width: 77px) 100vw, 77px\" \/><\/td>\n<\/tr>\n<tr style=\"height: 30px;\">\n<td style=\"width: 27.0376%; height: 30px; text-align: center;\"><strong><span style=\"font-size: 16px;\">L&#8217;autob\u00fas de la Rosa<\/span><\/strong><\/td>\n<td style=\"height: 30px; width: 23.5391%; text-align: center;\">\u00a0<a href=\"https:\/\/drive.google.com\/file\/d\/1parIl8-9qex-ci0Ad87fDl6gnzkv1Quw\/view?usp=sharing\"><img loading=\"lazy\" decoding=\"async\" class=\"alignnone wp-image-10345\" src=\"https:\/\/serveiseducatius.xtec.cat\/pallars\/wp-content\/uploads\/usu1099\/2018\/10\/lautobus-de-la-rosa.jpg\" alt=\"\" width=\"125\" height=\"71\" srcset=\"https:\/\/serveiseducatius.xtec.cat\/pallars\/wp-content\/uploads\/usu1099\/2018\/10\/lautobus-de-la-rosa.jpg 1280w, https:\/\/serveiseducatius.xtec.cat\/pallars\/wp-content\/uploads\/usu1099\/2018\/10\/lautobus-de-la-rosa-300x171.jpg 300w, https:\/\/serveiseducatius.xtec.cat\/pallars\/wp-content\/uploads\/usu1099\/2018\/10\/lautobus-de-la-rosa-768x438.jpg 768w, https:\/\/serveiseducatius.xtec.cat\/pallars\/wp-content\/uploads\/usu1099\/2018\/10\/lautobus-de-la-rosa-1024x584.jpg 1024w\" sizes=\"auto, (max-width: 125px) 100vw, 125px\" \/><\/a><\/td>\n<td style=\"width: 26.7194%; height: 30px; text-align: center;\"><span style=\"font-size: 16px;\"><strong>Un goril\u00b7la<\/strong><\/span><\/td>\n<td style=\"width: 93.5166%; text-align: center;\"><a href=\"https:\/\/drive.google.com\/file\/d\/1tf2qa2P_oNFp6AdZayIaBxZEkub1rpa0\/view?usp=sharing\"><img loading=\"lazy\" decoding=\"async\" class=\"alignnone wp-image-10352\" src=\"https:\/\/serveiseducatius.xtec.cat\/pallars\/wp-content\/uploads\/usu1099\/2018\/10\/un-goril\u00b7la.jpg\" alt=\"\" width=\"77\" height=\"89\" srcset=\"https:\/\/serveiseducatius.xtec.cat\/pallars\/wp-content\/uploads\/usu1099\/2018\/10\/un-goril\u00b7la.jpg 518w, https:\/\/serveiseducatius.xtec.cat\/pallars\/wp-content\/uploads\/usu1099\/2018\/10\/un-goril\u00b7la-259x300.jpg 259w\" sizes=\"auto, (max-width: 77px) 100vw, 77px\" \/><\/a><\/td>\n<\/tr>\n<tr style=\"height: 30px;\">\n<td style=\"width: 27.0376%; height: 30px; text-align: center;\"><strong><span style=\"font-size: 16px;\">Neda que neda<\/span><\/strong><\/td>\n<td style=\"height: 30px; width: 23.5391%; text-align: center;\">\u00a0<a href=\"https:\/\/drive.google.com\/file\/d\/1SyWb0HXCP5Jtbshqi66vPW0b--pKwVvt\/view?usp=sharing\"><img loading=\"lazy\" decoding=\"async\" class=\"alignnone wp-image-10349\" src=\"https:\/\/serveiseducatius.xtec.cat\/pallars\/wp-content\/uploads\/usu1099\/2018\/10\/Neda-que-Neda.jpg\" alt=\"\" width=\"88\" height=\"109\" srcset=\"https:\/\/serveiseducatius.xtec.cat\/pallars\/wp-content\/uploads\/usu1099\/2018\/10\/Neda-que-Neda.jpg 322w, https:\/\/serveiseducatius.xtec.cat\/pallars\/wp-content\/uploads\/usu1099\/2018\/10\/Neda-que-Neda-242x300.jpg 242w\" sizes=\"auto, (max-width: 88px) 100vw, 88px\" \/><\/a><\/td>\n<td style=\"width: 26.7194%; height: 30px; text-align: center;\"><strong><span style=\"font-size: 16px;\">El rei de la casa<\/span><\/strong><\/td>\n<td style=\"width: 93.5166%; text-align: center;\"><img loading=\"lazy\" decoding=\"async\" class=\"alignnone wp-image-10335\" src=\"https:\/\/serveiseducatius.xtec.cat\/pallars\/wp-content\/uploads\/usu1099\/2018\/10\/El-rei-de-la-casa.gif\" alt=\"\" width=\"78\" height=\"98\" \/><\/td>\n<\/tr>\n<tr style=\"height: 30px;\">\n<td style=\"width: 27.0376%; height: 30px; text-align: center;\"><strong><span style=\"font-size: 16px;\">El petit blau i el petit groc<\/span><\/strong><\/td>\n<td style=\"height: 30px; width: 23.5391%; text-align: center;\">\u00a0<a href=\"https:\/\/drive.google.com\/file\/d\/1eHGC_TeAma_ia9JpUNxVg3oLCsihESpr\/view?usp=sharing\"><img loading=\"lazy\" decoding=\"async\" class=\"alignnone wp-image-10334\" src=\"https:\/\/serveiseducatius.xtec.cat\/pallars\/wp-content\/uploads\/usu1099\/2018\/10\/El-petit-blau-i-el-petit-groc.jpg\" alt=\"\" width=\"84\" height=\"84\" srcset=\"https:\/\/serveiseducatius.xtec.cat\/pallars\/wp-content\/uploads\/usu1099\/2018\/10\/El-petit-blau-i-el-petit-groc.jpg 400w, https:\/\/serveiseducatius.xtec.cat\/pallars\/wp-content\/uploads\/usu1099\/2018\/10\/El-petit-blau-i-el-petit-groc-150x150.jpg 150w, https:\/\/serveiseducatius.xtec.cat\/pallars\/wp-content\/uploads\/usu1099\/2018\/10\/El-petit-blau-i-el-petit-groc-300x300.jpg 300w\" sizes=\"auto, (max-width: 84px) 100vw, 84px\" \/><\/a><\/td>\n<td style=\"width: 26.7194%; height: 30px; text-align: center;\"><strong><span style=\"font-size: 16px;\">La Talpeta que volia<br \/>\nsaber qui li havia<br \/>\nfet all\u00f2 en el cap<\/span><\/strong><\/td>\n<td style=\"width: 93.5166%; text-align: center;\"><img loading=\"lazy\" decoding=\"async\" class=\"alignnone wp-image-10344\" src=\"https:\/\/serveiseducatius.xtec.cat\/pallars\/wp-content\/uploads\/usu1099\/2018\/10\/La-talpeta.jpg\" alt=\"\" width=\"113\" height=\"88\" srcset=\"https:\/\/serveiseducatius.xtec.cat\/pallars\/wp-content\/uploads\/usu1099\/2018\/10\/La-talpeta.jpg 400w, https:\/\/serveiseducatius.xtec.cat\/pallars\/wp-content\/uploads\/usu1099\/2018\/10\/La-talpeta-300x233.jpg 300w\" sizes=\"auto, (max-width: 113px) 100vw, 113px\" \/><\/td>\n<\/tr>\n<tr style=\"height: 30px;\">\n<td style=\"width: 27.0376%; height: 30px; text-align: center;\"><strong><span style=\"font-size: 16px;\">Els tres bandits<\/span><\/strong><\/td>\n<td style=\"height: 30px; width: 23.5391%; text-align: center;\">\u00a0<img loading=\"lazy\" decoding=\"async\" class=\"alignnone wp-image-10339\" src=\"https:\/\/serveiseducatius.xtec.cat\/pallars\/wp-content\/uploads\/usu1099\/2018\/10\/Els-tres-bandits.jpg\" alt=\"\" width=\"74\" height=\"103\" srcset=\"https:\/\/serveiseducatius.xtec.cat\/pallars\/wp-content\/uploads\/usu1099\/2018\/10\/Els-tres-bandits.jpg 400w, https:\/\/serveiseducatius.xtec.cat\/pallars\/wp-content\/uploads\/usu1099\/2018\/10\/Els-tres-bandits-214x300.jpg 214w\" sizes=\"auto, (max-width: 74px) 100vw, 74px\" \/><\/td>\n<td style=\"width: 26.7194%; text-align: center;\"><strong><span style=\"font-size: 16px;\">Els amants papallona<\/span><\/strong><\/td>\n<td style=\"width: 93.5166%; text-align: center;\"><img loading=\"lazy\" decoding=\"async\" class=\"alignnone wp-image-10337\" src=\"https:\/\/serveiseducatius.xtec.cat\/pallars\/wp-content\/uploads\/usu1099\/2018\/10\/els-amants-papallona.jpg\" alt=\"\" width=\"83\" height=\"120\" srcset=\"https:\/\/serveiseducatius.xtec.cat\/pallars\/wp-content\/uploads\/usu1099\/2018\/10\/els-amants-papallona.jpg 339w, https:\/\/serveiseducatius.xtec.cat\/pallars\/wp-content\/uploads\/usu1099\/2018\/10\/els-amants-papallona-208x300.jpg 208w\" sizes=\"auto, (max-width: 83px) 100vw, 83px\" \/><\/td>\n<\/tr>\n<tr style=\"height: 30px;\">\n<td style=\"width: 27.0376%; height: 30px; text-align: center;\"><strong><span style=\"font-size: 16px;\">Dimitri<\/span><\/strong><\/td>\n<td style=\"height: 30px; width: 23.5391%; text-align: center;\">\u00a0<a href=\"https:\/\/drive.google.com\/file\/d\/1o_7XZwRDAbi-2O-qHZH1TpQVPFvvhd_X\/view?usp=sharing\"><img loading=\"lazy\" decoding=\"async\" class=\"alignnone wp-image-10331\" src=\"https:\/\/serveiseducatius.xtec.cat\/pallars\/wp-content\/uploads\/usu1099\/2018\/10\/Dimitri.jpg\" alt=\"\" width=\"76\" height=\"101\" srcset=\"https:\/\/serveiseducatius.xtec.cat\/pallars\/wp-content\/uploads\/usu1099\/2018\/10\/Dimitri.jpg 339w, https:\/\/serveiseducatius.xtec.cat\/pallars\/wp-content\/uploads\/usu1099\/2018\/10\/Dimitri-227x300.jpg 227w\" sizes=\"auto, (max-width: 76px) 100vw, 76px\" \/><\/a><\/td>\n<td style=\"width: 26.7194%; text-align: center;\"><strong>\u00c0lbums i altres lectures<\/strong><\/td>\n<td style=\"width: 93.5166%; text-align: center;\"><img loading=\"lazy\" decoding=\"async\" class=\"alignnone wp-image-10328\" src=\"https:\/\/serveiseducatius.xtec.cat\/pallars\/wp-content\/uploads\/usu1099\/2018\/10\/\u00e0lbums-i-altres-lectures.jpg\" alt=\"\" width=\"80\" height=\"125\" srcset=\"https:\/\/serveiseducatius.xtec.cat\/pallars\/wp-content\/uploads\/usu1099\/2018\/10\/\u00e0lbums-i-altres-lectures.jpg 218w, https:\/\/serveiseducatius.xtec.cat\/pallars\/wp-content\/uploads\/usu1099\/2018\/10\/\u00e0lbums-i-altres-lectures-192x300.jpg 192w\" sizes=\"auto, (max-width: 80px) 100vw, 80px\" \/><\/td>\n<\/tr>\n<tr style=\"height: 30px;\">\n<td style=\"width: 27.0376%; height: 30px; text-align: center;\"><span style=\"font-size: 16px;\"><strong>Imagina&#8217;t un dia<\/strong><\/span><\/td>\n<td style=\"height: 30px; width: 23.5391%; text-align: center;\">\u00a0<a href=\"https:\/\/drive.google.com\/file\/d\/1eE9q42bNYCV9FGDTHTJFJHEWsPjt_I-9\/view?usp=sharing\"><img loading=\"lazy\" decoding=\"async\" class=\"alignnone wp-image-10341\" src=\"https:\/\/serveiseducatius.xtec.cat\/pallars\/wp-content\/uploads\/usu1099\/2018\/10\/Imaginat-un-dia.jpg\" alt=\"\" width=\"80\" height=\"82\" srcset=\"https:\/\/serveiseducatius.xtec.cat\/pallars\/wp-content\/uploads\/usu1099\/2018\/10\/Imaginat-un-dia.jpg 443w, https:\/\/serveiseducatius.xtec.cat\/pallars\/wp-content\/uploads\/usu1099\/2018\/10\/Imaginat-un-dia-295x300.jpg 295w\" sizes=\"auto, (max-width: 80px) 100vw, 80px\" \/><\/a><\/td>\n<td style=\"width: 26.7194%; text-align: center;\"><\/td>\n<td style=\"width: 93.5166%; text-align: center;\"><\/td>\n<\/tr>\n<\/tbody>\n<\/table>\n<h4>Calendari de disponibilitat<\/h4>\n<p><iframe loading=\"lazy\" style=\"border: solid 1px #777;\" src=\"https:\/\/calendar.google.com\/calendar\/embed?height=600&amp;wkst=1&amp;bgcolor=%23F4511E&amp;ctz=Europe%2FMadrid&amp;showTitle=0&amp;showNav=0&amp;showPrint=0&amp;showTabs=0&amp;showCalendars=0&amp;showTz=0&amp;src=Y19tODhsY3ZsN2doZG1sbGthbnNnbmQ3M2c1b0Bncm91cC5jYWxlbmRhci5nb29nbGUuY29t&amp;color=%23F4511E\" width=\"800\" height=\"600\" frameborder=\"0\" scrolling=\"no\"><\/iframe><\/p>\n","protected":false},"excerpt":{"rendered":"<p>Adre\u00e7at a educaci\u00f3 infantil, prim\u00e0ria i secund\u00e0ria Contingut T\u00cdTOL GUIA DID\u00c0CTICA T\u00cdTOL GUIA DID\u00c0CTICA Elmer \u00a0 La lluna d&#8217;en Joan [&hellip;]<\/p>\n","protected":false},"author":1,"featured_media":0,"parent":20594,"menu_order":4,"comment_status":"closed","ping_status":"closed","template":"","meta":{"_bbp_topic_count":0,"_bbp_reply_count":0,"_bbp_total_topic_count":0,"_bbp_total_reply_count":0,"_bbp_voice_count":0,"_bbp_anonymous_reply_count":0,"_bbp_topic_count_hidden":0,"_bbp_reply_count_hidden":0,"_bbp_forum_subforum_count":0,"site-sidebar-layout":"default","site-content-layout":"","ast-site-content-layout":"","site-content-style":"default","site-sidebar-style":"default","ast-global-header-display":"","ast-banner-title-visibility":"","ast-main-header-display":"","ast-hfb-above-header-display":"","ast-hfb-below-header-display":"","ast-hfb-mobile-header-display":"","site-post-title":"","ast-breadcrumbs-content":"","ast-featured-img":"","footer-sml-layout":"","theme-transparent-header-meta":"","adv-header-id-meta":"","stick-header-meta":"","header-above-stick-meta":"","header-main-stick-meta":"","header-below-stick-meta":"","astra-migrate-meta-layouts":"default","ast-page-background-enabled":"default","ast-page-background-meta":{"desktop":{"background-color":"var(--ast-global-color-4)","background-image":"","background-repeat":"repeat","background-position":"center center","background-size":"auto","background-attachment":"scroll","background-type":"","background-media":"","overlay-type":"","overlay-color":"","overlay-opacity":"","overlay-gradient":""},"tablet":{"background-color":"","background-image":"","background-repeat":"repeat","background-position":"center center","background-size":"auto","background-attachment":"scroll","background-type":"","background-media":"","overlay-type":"","overlay-color":"","overlay-opacity":"","overlay-gradient":""},"mobile":{"background-color":"","background-image":"","background-repeat":"repeat","background-position":"center center","background-size":"auto","background-attachment":"scroll","background-type":"","background-media":"","overlay-type":"","overlay-color":"","overlay-opacity":"","overlay-gradient":""}},"ast-content-background-meta":{"desktop":{"background-color":"var(--ast-global-color-5)","background-image":"","background-repeat":"repeat","background-position":"center center","background-size":"auto","background-attachment":"scroll","background-type":"","background-media":"","overlay-type":"","overlay-color":"","overlay-opacity":"","overlay-gradient":""},"tablet":{"background-color":"var(--ast-global-color-5)","background-image":"","background-repeat":"repeat","background-position":"center center","background-size":"auto","background-attachment":"scroll","background-type":"","background-media":"","overlay-type":"","overlay-color":"","overlay-opacity":"","overlay-gradient":""},"mobile":{"background-color":"var(--ast-global-color-5)","background-image":"","background-repeat":"repeat","background-position":"center center","background-size":"auto","background-attachment":"scroll","background-type":"","background-media":"","overlay-type":"","overlay-color":"","overlay-opacity":"","overlay-gradient":""}},"footnotes":""},"class_list":["post-9442","page","type-page","status-publish","hentry"],"post_mailing_queue_ids":[],"_links":{"self":[{"href":"https:\/\/serveiseducatius.xtec.cat\/pallars\/wp-json\/wp\/v2\/pages\/9442","targetHints":{"allow":["GET"]}}],"collection":[{"href":"https:\/\/serveiseducatius.xtec.cat\/pallars\/wp-json\/wp\/v2\/pages"}],"about":[{"href":"https:\/\/serveiseducatius.xtec.cat\/pallars\/wp-json\/wp\/v2\/types\/page"}],"author":[{"embeddable":true,"href":"https:\/\/serveiseducatius.xtec.cat\/pallars\/wp-json\/wp\/v2\/users\/1"}],"replies":[{"embeddable":true,"href":"https:\/\/serveiseducatius.xtec.cat\/pallars\/wp-json\/wp\/v2\/comments?post=9442"}],"version-history":[{"count":4,"href":"https:\/\/serveiseducatius.xtec.cat\/pallars\/wp-json\/wp\/v2\/pages\/9442\/revisions"}],"predecessor-version":[{"id":21579,"href":"https:\/\/serveiseducatius.xtec.cat\/pallars\/wp-json\/wp\/v2\/pages\/9442\/revisions\/21579"}],"up":[{"embeddable":true,"href":"https:\/\/serveiseducatius.xtec.cat\/pallars\/wp-json\/wp\/v2\/pages\/20594"}],"wp:attachment":[{"href":"https:\/\/serveiseducatius.xtec.cat\/pallars\/wp-json\/wp\/v2\/media?parent=9442"}],"curies":[{"name":"wp","href":"https:\/\/api.w.org\/{rel}","templated":true}]}}