{"id":9185,"date":"2017-12-19T19:08:04","date_gmt":"2017-12-19T18:08:04","guid":{"rendered":"http:\/\/serveiseducatius.xtec.cat\/pallars\/?page_id=9185"},"modified":"2025-06-12T09:59:32","modified_gmt":"2025-06-12T07:59:32","slug":"comissio-pfz","status":"publish","type":"page","link":"https:\/\/serveiseducatius.xtec.cat\/pallars\/formacio\/comissio-pfz\/","title":{"rendered":"Comissi\u00f3 PFZ"},"content":{"rendered":"<h6><strong>Qu\u00e8 \u00e9s?<\/strong><\/h6>\n<p>La Comissi\u00f3 del PFZ dels Pallars \u00e9s l\u2019\u00f2rgan encarregat d\u2019<strong>elaborar la proposta<\/strong> d\u2019activitats del PFZ\u00a0 dels Pallars, de fer-ne el <strong>seguiment<\/strong> i, finalment, l\u2019<strong>avaluaci\u00f3<\/strong>.<\/p>\n<p>La Secci\u00f3 de Serveis Educatius i Formaci\u00f3 Permanent dels Serveis Territorials de l&#8217;Alt Pirineu i Aran analitzar\u00e0 i concretar\u00e0 la proposta de les activitats de territori, en funci\u00f3 de les prioritats i de les demandes no ateses d\u2019alguna zona.<\/p>\n<h6><strong>La seva finalitat<\/strong><\/h6>\n<p>Garantir que la proposta formativa que es desenvolupa a la zona sigui adequada a les necessitats, a la demanda i als recursos; que es prioritzin les actuacions amb criteris objectius, comptant amb la participaci\u00f3 de les persones implicades.<\/p>\n<h6><strong>La comissi\u00f3 del PFZ est\u00e0 integrada per<\/strong><\/h6>\n<ul>\n<li>Un\/a inspector\/a\u00a0 d\u2019educaci\u00f3 de la zona que actua com a president.<\/li>\n<li>Professionals del centre de recursos pedag\u00f2gics (CRP), una de les quals actua com a secret\u00e0ria.<\/li>\n<li>L\u2019equip de la direcci\u00f3 t\u00e8cnica del Servei Educatiu dels Pallars.<\/li>\n<li>Un docent del CdA de Tremp.<\/li>\n<li>Un docent del CdA Valls d&#8217;\u00c0neu.<\/li>\n<li>Una persona de la secci\u00f3 de Serveis Educatius i Formaci\u00f3 Permanent dels Serveis Territorials.<\/li>\n<li>Representants dels centres educatius de la zona amb representaci\u00f3 de les diferents etapes educatives i sectors (p\u00fablic i concertat) i amb una proporcionalitat adequada al nombre de centres.<\/li>\n<li>Un o una representant de l\u2019ICE de la UdL.<\/li>\n<li>Un o una representant de l\u2019\u00e0mbit educatiu del consell comarcal i\/o\u00a0 de l\u2019ajuntament.<\/li>\n<\/ul>\n<h6><strong>Qui organitza la formaci\u00f3?<\/strong><\/h6>\n<p>Les activitats de formaci\u00f3 s\u00f3n organitzades pels Serveis Educatius dels Pallars, per les diferents unitats del Departament d\u2019Educaci\u00f3 i Formaci\u00f3 Professional i les institucions col\u00b7laboradores, especialment els Instituts de Ci\u00e8ncies de l\u2019Educaci\u00f3 de la UdL.<\/p>\n<p>El Centre de Recursos Pedag\u00f2gics\u00a0organitza i coordina l\u2019execuci\u00f3 i el seguiment de les <a href=\"http:\/\/serveiseducatius.xtec.cat\/pallars\/formacio\/activitats\/\">activitats del PFZ<\/a>.<\/p>\n","protected":false},"excerpt":{"rendered":"<p>Qu\u00e8 \u00e9s? La Comissi\u00f3 del PFZ dels Pallars \u00e9s l\u2019\u00f2rgan encarregat d\u2019elaborar la proposta d\u2019activitats del PFZ\u00a0 dels Pallars, de [&hellip;]<\/p>\n","protected":false},"author":1,"featured_media":0,"parent":416,"menu_order":8,"comment_status":"closed","ping_status":"closed","template":"","meta":{"_bbp_topic_count":0,"_bbp_reply_count":0,"_bbp_total_topic_count":0,"_bbp_total_reply_count":0,"_bbp_voice_count":0,"_bbp_anonymous_reply_count":0,"_bbp_topic_count_hidden":0,"_bbp_reply_count_hidden":0,"_bbp_forum_subforum_count":0,"site-sidebar-layout":"default","site-content-layout":"","ast-site-content-layout":"default","site-content-style":"default","site-sidebar-style":"default","ast-global-header-display":"","ast-banner-title-visibility":"","ast-main-header-display":"","ast-hfb-above-header-display":"","ast-hfb-below-header-display":"","ast-hfb-mobile-header-display":"","site-post-title":"","ast-breadcrumbs-content":"","ast-featured-img":"","footer-sml-layout":"","theme-transparent-header-meta":"","adv-header-id-meta":"","stick-header-meta":"","header-above-stick-meta":"","header-main-stick-meta":"","header-below-stick-meta":"","astra-migrate-meta-layouts":"set","ast-page-background-enabled":"default","ast-page-background-meta":{"desktop":{"background-color":"var(--ast-global-color-4)","background-image":"","background-repeat":"repeat","background-position":"center center","background-size":"auto","background-attachment":"scroll","background-type":"","background-media":"","overlay-type":"","overlay-color":"","overlay-opacity":"","overlay-gradient":""},"tablet":{"background-color":"","background-image":"","background-repeat":"repeat","background-position":"center center","background-size":"auto","background-attachment":"scroll","background-type":"","background-media":"","overlay-type":"","overlay-color":"","overlay-opacity":"","overlay-gradient":""},"mobile":{"background-color":"","background-image":"","background-repeat":"repeat","background-position":"center center","background-size":"auto","background-attachment":"scroll","background-type":"","background-media":"","overlay-type":"","overlay-color":"","overlay-opacity":"","overlay-gradient":""}},"ast-content-background-meta":{"desktop":{"background-color":"var(--ast-global-color-5)","background-image":"","background-repeat":"repeat","background-position":"center center","background-size":"auto","background-attachment":"scroll","background-type":"","background-media":"","overlay-type":"","overlay-color":"","overlay-opacity":"","overlay-gradient":""},"tablet":{"background-color":"var(--ast-global-color-5)","background-image":"","background-repeat":"repeat","background-position":"center center","background-size":"auto","background-attachment":"scroll","background-type":"","background-media":"","overlay-type":"","overlay-color":"","overlay-opacity":"","overlay-gradient":""},"mobile":{"background-color":"var(--ast-global-color-5)","background-image":"","background-repeat":"repeat","background-position":"center center","background-size":"auto","background-attachment":"scroll","background-type":"","background-media":"","overlay-type":"","overlay-color":"","overlay-opacity":"","overlay-gradient":""}},"footnotes":""},"class_list":["post-9185","page","type-page","status-publish","hentry"],"post_mailing_queue_ids":[],"_links":{"self":[{"href":"https:\/\/serveiseducatius.xtec.cat\/pallars\/wp-json\/wp\/v2\/pages\/9185","targetHints":{"allow":["GET"]}}],"collection":[{"href":"https:\/\/serveiseducatius.xtec.cat\/pallars\/wp-json\/wp\/v2\/pages"}],"about":[{"href":"https:\/\/serveiseducatius.xtec.cat\/pallars\/wp-json\/wp\/v2\/types\/page"}],"author":[{"embeddable":true,"href":"https:\/\/serveiseducatius.xtec.cat\/pallars\/wp-json\/wp\/v2\/users\/1"}],"replies":[{"embeddable":true,"href":"https:\/\/serveiseducatius.xtec.cat\/pallars\/wp-json\/wp\/v2\/comments?post=9185"}],"version-history":[{"count":5,"href":"https:\/\/serveiseducatius.xtec.cat\/pallars\/wp-json\/wp\/v2\/pages\/9185\/revisions"}],"predecessor-version":[{"id":25873,"href":"https:\/\/serveiseducatius.xtec.cat\/pallars\/wp-json\/wp\/v2\/pages\/9185\/revisions\/25873"}],"up":[{"embeddable":true,"href":"https:\/\/serveiseducatius.xtec.cat\/pallars\/wp-json\/wp\/v2\/pages\/416"}],"wp:attachment":[{"href":"https:\/\/serveiseducatius.xtec.cat\/pallars\/wp-json\/wp\/v2\/media?parent=9185"}],"curies":[{"name":"wp","href":"https:\/\/api.w.org\/{rel}","templated":true}]}}