{"id":8626,"date":"2017-05-24T18:32:03","date_gmt":"2017-05-24T16:32:03","guid":{"rendered":"http:\/\/serveiseducatius.xtec.cat\/pallars\/?page_id=8626"},"modified":"2022-02-09T10:51:12","modified_gmt":"2022-02-09T09:51:12","slug":"full-informatiu-setembre-2018","status":"publish","type":"page","link":"https:\/\/serveiseducatius.xtec.cat\/pallars\/full-informatiu\/fulls-informatius-2018\/full-informatiu-setembre-2018\/","title":{"rendered":"Setembre 2018"},"content":{"rendered":"<p>&nbsp;<\/p>\n<table style=\"height: 1234px; width: 1067px; border-collapse: collapse;\" border=\"1\">\n<tbody>\n<tr>\n<td style=\"width: 300px;\"><a href=\"http:\/\/xtec.gencat.cat\/ca\/formacio\/formacio-permanent-professorat\/cercador-activitats\/\"><img loading=\"lazy\" decoding=\"async\" class=\"size-full wp-image-10022 aligncenter\" src=\"http:\/\/serveiseducatius.xtec.cat\/pallars\/wp-content\/uploads\/usu1099\/2018\/09\/actualitat-553x553-oferta-formativa-1r-torn-18-19.jpg_2147148254.jpg\" alt=\"\" width=\"271\" height=\"271\" srcset=\"https:\/\/serveiseducatius.xtec.cat\/pallars\/wp-content\/uploads\/usu1099\/2018\/09\/actualitat-553x553-oferta-formativa-1r-torn-18-19.jpg_2147148254.jpg 271w, https:\/\/serveiseducatius.xtec.cat\/pallars\/wp-content\/uploads\/usu1099\/2018\/09\/actualitat-553x553-oferta-formativa-1r-torn-18-19.jpg_2147148254-150x150.jpg 150w\" sizes=\"auto, (max-width: 271px) 100vw, 271px\" \/><\/a><\/p>\n<p style=\"text-align: center;\"><span style=\"font-size: 16px;\"><a href=\"http:\/\/xtec.gencat.cat\/ca\/formacio\/formacio-permanent-professorat\/cercador-activitats\/\"><strong>Inscripcions:<\/strong> 12 al 26 de setembre<\/a><\/span><\/p>\n<p>&nbsp;<\/td>\n<td style=\"width: 300px;\">\u00a0<a href=\"http:\/\/serveiseducatius.xtec.cat\/pallars\/wp-content\/uploads\/usu1099\/2018\/09\/pencil-918449_960_720.jpg\"><img loading=\"lazy\" decoding=\"async\" class=\"size-full wp-image-10025 alignnone\" src=\"http:\/\/serveiseducatius.xtec.cat\/pallars\/wp-content\/uploads\/usu1099\/2018\/09\/pencil-918449_960_720.jpg\" alt=\"\" width=\"960\" height=\"640\" \/><\/a><\/p>\n<p><span style=\"font-size: 16px;\"><strong>Confer\u00e8ncia:<\/strong><\/span> <strong><em>&#8220;Els d\u00e8ficits d\u2019aprenentatge i els trastorns d\u2019atenci\u00f3 associats a l\u2019entorn emocional, social i familiar&#8221;.<br \/>\n<\/em><\/strong><\/p>\n<p><span style=\"font-size: 12px;\"><strong>A c\u00e0rrec:<\/strong> Xavier Termens i Iris Shavit<br \/>\n<\/span><span style=\"font-size: 12px;\"><strong>Data:<\/strong> 27 de Setembre<br \/>\n<\/span><span style=\"font-size: 12px;\"><strong>Hora:<\/strong> 17:30<br \/>\n<\/span><span style=\"font-size: 12px;\"><strong>Lloc:<\/strong> Sala Formaci\u00f3 CRP Pallars Juss\u00e0<\/span><\/td>\n<td style=\"width: 300px;\">\u00a0<a href=\"http:\/\/www.futursemprenedors.cat\/index.php\/el-projecte\"><img loading=\"lazy\" decoding=\"async\" class=\" wp-image-10030 aligncenter\" src=\"http:\/\/serveiseducatius.xtec.cat\/pallars\/wp-content\/uploads\/usu1099\/2018\/09\/logotip.png\" alt=\"\" width=\"203\" height=\"224\" \/><br \/>\n<\/a><span style=\"font-size: 16px;\"><strong>Presentaci\u00f3 dels Projectes FER als centres.<\/strong><\/span><strong>A c\u00e0rrec: <\/strong>GAL de la Noguera<br \/>\n<strong>Data:<\/strong> 4 d&#8217;Octubre<br \/>\n<strong>Hora:<\/strong> 17:30<br \/>\n<strong>Lloc:<\/strong> Sala Formaci\u00f3 CRP Pallars Juss\u00e0<\/td>\n<\/tr>\n<tr>\n<td style=\"width: 300px;\">\u00a0<a href=\"https:\/\/sites.google.com\/a\/xtec.cat\/pallarslector\/\"><img loading=\"lazy\" decoding=\"async\" class=\"size-full wp-image-10033 aligncenter\" src=\"http:\/\/serveiseducatius.xtec.cat\/pallars\/wp-content\/uploads\/usu1099\/2018\/09\/\u00edndice.jpg\" alt=\"\" width=\"304\" height=\"166\" srcset=\"https:\/\/serveiseducatius.xtec.cat\/pallars\/wp-content\/uploads\/usu1099\/2018\/09\/\u00edndice.jpg 304w, https:\/\/serveiseducatius.xtec.cat\/pallars\/wp-content\/uploads\/usu1099\/2018\/09\/\u00edndice-300x164.jpg 300w\" sizes=\"auto, (max-width: 304px) 100vw, 304px\" \/><\/a><\/p>\n<p style=\"text-align: center;\"><a href=\"https:\/\/drive.google.com\/file\/d\/19GvxdKvPSRYh-zrav532wxlcv6_v7dX1\/view?usp=sharing\">Itiner\u00e0ncia Prim\u00e0ria<\/a><\/p>\n<p style=\"text-align: center;\"><a href=\"https:\/\/drive.google.com\/file\/d\/1WX3eBL-MWQoyjUuQ6PIxfL7nFUZyVOHx\/view?usp=sharing\">Itiner\u00e0ncia Secundaria<\/a><\/p>\n<\/td>\n<td style=\"width: 233px;\">\n<p style=\"text-align: center;\">\u00a0<a href=\"https:\/\/serveiseducatius.xtec.cat\/pallars\/categoria\/robotica-a-laula\/\"><img loading=\"lazy\" decoding=\"async\" class=\" wp-image-10041 aligncenter\" src=\"http:\/\/serveiseducatius.xtec.cat\/pallars\/wp-content\/uploads\/usu1099\/2018\/09\/Robots.jpg\" alt=\"\" width=\"259\" height=\"260\" srcset=\"https:\/\/serveiseducatius.xtec.cat\/pallars\/wp-content\/uploads\/usu1099\/2018\/09\/Robots.jpg 174w, https:\/\/serveiseducatius.xtec.cat\/pallars\/wp-content\/uploads\/usu1099\/2018\/09\/Robots-150x150.jpg 150w\" sizes=\"auto, (max-width: 259px) 100vw, 259px\" \/><\/a><a href=\"https:\/\/drive.google.com\/file\/d\/1eNOV3l3a-paEfbsnKYz1nSCeJRgU6G1t\/view?usp=sharing\">Itiner\u00e0ncia Beebots<\/a><\/p>\n<p style=\"text-align: center;\"><a href=\"https:\/\/drive.google.com\/file\/d\/1HpINVIV-Pcj1RnQkRoVRbrmBYqMP_oyQ\/view?usp=sharing\">Itiner\u00e0ncia Lego Wedo 2.0<\/a><\/p>\n<\/td>\n<td style=\"width: 300px;\"><a href=\"http:\/\/robocat.cat\/\"><img loading=\"lazy\" decoding=\"async\" class=\"alignnone wp-image-10050\" src=\"http:\/\/serveiseducatius.xtec.cat\/pallars\/wp-content\/uploads\/usu1099\/2018\/09\/robocatlogo.png\" alt=\"\" width=\"335\" height=\"112\" srcset=\"https:\/\/serveiseducatius.xtec.cat\/pallars\/wp-content\/uploads\/usu1099\/2018\/09\/robocatlogo.png 732w, https:\/\/serveiseducatius.xtec.cat\/pallars\/wp-content\/uploads\/usu1099\/2018\/09\/robocatlogo-300x100.png 300w\" sizes=\"auto, (max-width: 335px) 100vw, 335px\" \/><\/a><\/p>\n<p style=\"text-align: center;\"><strong>\u00a0Campionat de Robotica de Catalunya<\/strong><\/p>\n<div class=\"gmail_default\"><strong>C<\/strong><b>ursos de preparaci\u00f3<\/b>, adre\u00e7ats a mestres, professors i educadors que vulguin participar a la RoboCAT, es celebraran el<\/div>\n<div class=\"gmail_default\"><b>Dijous 27 de setembre de 2018<\/b>\u00a0de 18 a 20 hores a Girona<\/div>\n<div class=\"gmail_default\"><b>Divendres 28 de setembre de 2018<\/b>\u00a0de 18 a 20 hores a Barcelona. L&#8217;<b>entrada<\/b>\u00a0\u00e9s lliure i\u00a0<b>gratu\u00efta<\/b>.<\/div>\n<div class=\"gmail_default\"><\/div>\n<\/td>\n<\/tr>\n<tr>\n<td style=\"width: 300px;\"><a href=\"http:\/\/www.sesegria.cat\/projectes\/projecte-les-mil-i-una-nits\"><img loading=\"lazy\" decoding=\"async\" class=\"alignnone size-full wp-image-10057\" src=\"http:\/\/serveiseducatius.xtec.cat\/pallars\/wp-content\/uploads\/usu1099\/2018\/09\/les-mil-i-una-nits-formulari.jpg\" alt=\"\" width=\"405\" height=\"139\" srcset=\"https:\/\/serveiseducatius.xtec.cat\/pallars\/wp-content\/uploads\/usu1099\/2018\/09\/les-mil-i-una-nits-formulari.jpg 405w, https:\/\/serveiseducatius.xtec.cat\/pallars\/wp-content\/uploads\/usu1099\/2018\/09\/les-mil-i-una-nits-formulari-300x103.jpg 300w\" sizes=\"auto, (max-width: 405px) 100vw, 405px\" \/><\/a><\/p>\n<p style=\"text-align: center;\"><a href=\"http:\/\/www.sesegria.cat\/projectes\/projecte-les-mil-i-una-nits\"><span lang=\"CA\" style=\"font-size: 14px; color: #0000ff;\"><b><span class=\"il\"><span style=\"font-size: 24px;\">Projecte<\/span><\/span><span style=\"font-size: 24px;\"> <span class=\"il\">Com\u00fa<\/span> <span class=\"il\">de<\/span> <span class=\"il\">Lectura<\/span><\/span><\/b> <\/span><\/a><\/p>\n<p style=\"text-align: center;\"><span lang=\"CA\" style=\"font-size: 32px; color: #0000ff;\"><b>\u201cLes mil i una nits\u201d<\/b><\/span><\/p>\n<p>&nbsp;<\/td>\n<td style=\"width: 233px;\">\n<p style=\"text-align: center;\"><a href=\"https:\/\/drive.google.com\/file\/d\/1yHXaRMfS8VmQ3WsqAGaOS2yqTBIfWUXj\/view?usp=sharing\"><img loading=\"lazy\" decoding=\"async\" class=\"wp-image-10052 aligncenter\" src=\"http:\/\/serveiseducatius.xtec.cat\/pallars\/wp-content\/uploads\/usu1099\/2018\/09\/Captura.png\" alt=\"\" width=\"218\" height=\"279\" srcset=\"https:\/\/serveiseducatius.xtec.cat\/pallars\/wp-content\/uploads\/usu1099\/2018\/09\/Captura.png 417w, https:\/\/serveiseducatius.xtec.cat\/pallars\/wp-content\/uploads\/usu1099\/2018\/09\/Captura-235x300.png 235w\" sizes=\"auto, (max-width: 218px) 100vw, 218px\" \/><\/a><a href=\"https:\/\/drive.google.com\/file\/d\/1yHXaRMfS8VmQ3WsqAGaOS2yqTBIfWUXj\/view?usp=sharing\"><span style=\"color: #0000ff;\"><strong>PREMI LITERARI ANTON NAVARRO<\/strong><\/span><\/a><\/p>\n<p>Els treballs s&#8217;hauran de lliura al Servei Comarcal de Catal\u00e0 d&#8217;una de les comarques organitzadores.<\/p>\n<p style=\"text-align: center;\"><span style=\"font-size: 12px;\"><strong>Abans del 26 d&#8217;octubre de 2018<\/strong><\/span><\/p>\n<\/td>\n<td style=\"width: 300px;\"><a href=\"http:\/\/serveiseducatius.xtec.cat\/bdrlectura\/#_ga=2.78445203.603950641.1536400158-499314652.1504036010\"><img loading=\"lazy\" decoding=\"async\" class=\"wp-image-10045 aligncenter\" src=\"http:\/\/serveiseducatius.xtec.cat\/pallars\/wp-content\/uploads\/usu1099\/2018\/09\/BANC-DE-RECURSOS.png\" alt=\"\" width=\"219\" height=\"219\" srcset=\"https:\/\/serveiseducatius.xtec.cat\/pallars\/wp-content\/uploads\/usu1099\/2018\/09\/BANC-DE-RECURSOS.png 538w, https:\/\/serveiseducatius.xtec.cat\/pallars\/wp-content\/uploads\/usu1099\/2018\/09\/BANC-DE-RECURSOS-150x150.png 150w, https:\/\/serveiseducatius.xtec.cat\/pallars\/wp-content\/uploads\/usu1099\/2018\/09\/BANC-DE-RECURSOS-300x300.png 300w\" sizes=\"auto, (max-width: 219px) 100vw, 219px\" \/><\/a><\/p>\n<p><span lang=\"ca-ES\" style=\"font-size: 12px;\">El<span style=\"font-size: 16px; color: #ff0000;\"> BDR<\/span> \u00e9s un portal informatiu que cont\u00e9 una selecci\u00f3 de recursos, revisats i actualitzats, sobre la lectura .<\/span><\/td>\n<\/tr>\n<\/tbody>\n<\/table>\n","protected":false},"excerpt":{"rendered":"<p>&nbsp; Inscripcions: 12 al 26 de setembre &nbsp; \u00a0 Confer\u00e8ncia: &#8220;Els d\u00e8ficits d\u2019aprenentatge i els trastorns d\u2019atenci\u00f3 associats a l\u2019entorn [&hellip;]<\/p>\n","protected":false},"author":1,"featured_media":0,"parent":17691,"menu_order":9,"comment_status":"closed","ping_status":"closed","template":"page-templates\/side-menu.php","meta":{"_bbp_topic_count":0,"_bbp_reply_count":0,"_bbp_total_topic_count":0,"_bbp_total_reply_count":0,"_bbp_voice_count":0,"_bbp_anonymous_reply_count":0,"_bbp_topic_count_hidden":0,"_bbp_reply_count_hidden":0,"_bbp_forum_subforum_count":0,"site-sidebar-layout":"default","site-content-layout":"","ast-site-content-layout":"","site-content-style":"default","site-sidebar-style":"default","ast-global-header-display":"","ast-banner-title-visibility":"","ast-main-header-display":"","ast-hfb-above-header-display":"","ast-hfb-below-header-display":"","ast-hfb-mobile-header-display":"","site-post-title":"","ast-breadcrumbs-content":"","ast-featured-img":"","footer-sml-layout":"","theme-transparent-header-meta":"","adv-header-id-meta":"","stick-header-meta":"","header-above-stick-meta":"","header-main-stick-meta":"","header-below-stick-meta":"","astra-migrate-meta-layouts":"default","ast-page-background-enabled":"default","ast-page-background-meta":{"desktop":{"background-color":"var(--ast-global-color-4)","background-image":"","background-repeat":"repeat","background-position":"center center","background-size":"auto","background-attachment":"scroll","background-type":"","background-media":"","overlay-type":"","overlay-color":"","overlay-opacity":"","overlay-gradient":""},"tablet":{"background-color":"","background-image":"","background-repeat":"repeat","background-position":"center center","background-size":"auto","background-attachment":"scroll","background-type":"","background-media":"","overlay-type":"","overlay-color":"","overlay-opacity":"","overlay-gradient":""},"mobile":{"background-color":"","background-image":"","background-repeat":"repeat","background-position":"center center","background-size":"auto","background-attachment":"scroll","background-type":"","background-media":"","overlay-type":"","overlay-color":"","overlay-opacity":"","overlay-gradient":""}},"ast-content-background-meta":{"desktop":{"background-color":"var(--ast-global-color-5)","background-image":"","background-repeat":"repeat","background-position":"center center","background-size":"auto","background-attachment":"scroll","background-type":"","background-media":"","overlay-type":"","overlay-color":"","overlay-opacity":"","overlay-gradient":""},"tablet":{"background-color":"var(--ast-global-color-5)","background-image":"","background-repeat":"repeat","background-position":"center center","background-size":"auto","background-attachment":"scroll","background-type":"","background-media":"","overlay-type":"","overlay-color":"","overlay-opacity":"","overlay-gradient":""},"mobile":{"background-color":"var(--ast-global-color-5)","background-image":"","background-repeat":"repeat","background-position":"center center","background-size":"auto","background-attachment":"scroll","background-type":"","background-media":"","overlay-type":"","overlay-color":"","overlay-opacity":"","overlay-gradient":""}},"footnotes":""},"class_list":["post-8626","page","type-page","status-publish","hentry"],"post_mailing_queue_ids":[],"_links":{"self":[{"href":"https:\/\/serveiseducatius.xtec.cat\/pallars\/wp-json\/wp\/v2\/pages\/8626","targetHints":{"allow":["GET"]}}],"collection":[{"href":"https:\/\/serveiseducatius.xtec.cat\/pallars\/wp-json\/wp\/v2\/pages"}],"about":[{"href":"https:\/\/serveiseducatius.xtec.cat\/pallars\/wp-json\/wp\/v2\/types\/page"}],"author":[{"embeddable":true,"href":"https:\/\/serveiseducatius.xtec.cat\/pallars\/wp-json\/wp\/v2\/users\/1"}],"replies":[{"embeddable":true,"href":"https:\/\/serveiseducatius.xtec.cat\/pallars\/wp-json\/wp\/v2\/comments?post=8626"}],"version-history":[{"count":3,"href":"https:\/\/serveiseducatius.xtec.cat\/pallars\/wp-json\/wp\/v2\/pages\/8626\/revisions"}],"predecessor-version":[{"id":10067,"href":"https:\/\/serveiseducatius.xtec.cat\/pallars\/wp-json\/wp\/v2\/pages\/8626\/revisions\/10067"}],"up":[{"embeddable":true,"href":"https:\/\/serveiseducatius.xtec.cat\/pallars\/wp-json\/wp\/v2\/pages\/17691"}],"wp:attachment":[{"href":"https:\/\/serveiseducatius.xtec.cat\/pallars\/wp-json\/wp\/v2\/media?parent=8626"}],"curies":[{"name":"wp","href":"https:\/\/api.w.org\/{rel}","templated":true}]}}