{"id":797,"date":"2015-11-28T21:06:57","date_gmt":"2015-11-28T20:06:57","guid":{"rendered":"http:\/\/serveiseducatius.xtec.cat\/pallars\/?page_id=797"},"modified":"2026-01-08T14:14:12","modified_gmt":"2026-01-08T13:14:12","slug":"presentacio","status":"publish","type":"page","link":"https:\/\/serveiseducatius.xtec.cat\/pallars\/el-servei-educatiu\/presentacio\/","title":{"rendered":"Presentaci\u00f3"},"content":{"rendered":"\n<figure class=\"wp-block-image size-large\"><a href=\"https:\/\/serveiseducatius.xtec.cat\/pallars\/wp-content\/uploads\/usu1099\/2026\/01\/SE-pallars-_-organigrama-Modif-5.jpg\"><img loading=\"lazy\" decoding=\"async\" width=\"1024\" height=\"576\" src=\"https:\/\/serveiseducatius.xtec.cat\/pallars\/wp-content\/uploads\/usu1099\/2026\/01\/SE-pallars-_-organigrama-Modif-5-1024x576.jpg\" alt=\"\" class=\"wp-image-26654\" srcset=\"https:\/\/serveiseducatius.xtec.cat\/pallars\/wp-content\/uploads\/usu1099\/2026\/01\/SE-pallars-_-organigrama-Modif-5-1024x576.jpg 1024w, https:\/\/serveiseducatius.xtec.cat\/pallars\/wp-content\/uploads\/usu1099\/2026\/01\/SE-pallars-_-organigrama-Modif-5-300x169.jpg 300w, https:\/\/serveiseducatius.xtec.cat\/pallars\/wp-content\/uploads\/usu1099\/2026\/01\/SE-pallars-_-organigrama-Modif-5-768x432.jpg 768w, https:\/\/serveiseducatius.xtec.cat\/pallars\/wp-content\/uploads\/usu1099\/2026\/01\/SE-pallars-_-organigrama-Modif-5-1536x864.jpg 1536w, https:\/\/serveiseducatius.xtec.cat\/pallars\/wp-content\/uploads\/usu1099\/2026\/01\/SE-pallars-_-organigrama-Modif-5.jpg 1920w\" sizes=\"auto, (max-width: 1024px) 100vw, 1024px\" \/><\/a><\/figure>\n\n\n\n<p>Els&nbsp;<strong>Serveis Educatius<\/strong> del Departament d\u2019Educaci\u00f3 donen suport i assessorament als centres educatius p\u00fablics i privats concertats de nivells educatius no universitaris. Compta amb un equip multiprofessional format pels <strong>centres de recursos pedag\u00f2gics (CRP)<\/strong>, els&nbsp;<strong>equips d&#8217;assessorament i orientaci\u00f3 psicopedag\u00f2gica (EAP)<\/strong>&nbsp;i els&nbsp;<strong>equips d&#8217;assessorament en llengua i cohesi\u00f3 social (ELIC)<\/strong>.<\/p>\n\n\n\n<ul class=\"wp-block-list\">\n<li>Els&nbsp;<strong>centres de recursos pedag\u00f2gics<\/strong>, integrats per equips de suport a l&#8217;activitat pedag\u00f2gica dels centres i a la tasca docent de mestres i professors, especialment quant a la formaci\u00f3 permanent, els recursos pedag\u00f2gics i de dinamitzaci\u00f3 de projectes del centre i de la zona.<\/li>\n\n\n\n<li>Els&nbsp;<strong>equips d&#8217;assessorament i orientaci\u00f3 psicopedag\u00f2gica<\/strong>&nbsp;donen suport als professors i als centres en la resposta a la diversitat dels alumnes i en relaci\u00f3 als que presenten necessitats educatives especials, aix\u00ed com a les seves fam\u00edlies.<\/li>\n\n\n\n<li>Els&nbsp;<strong>equips d&#8217;assessorament en llengua i cohesi\u00f3 social<\/strong> assessoren i orienten en els \u00e0mbits de la&nbsp;llengua, la interculturalitat i la cohesi\u00f3 social&nbsp;i donen suport als professors en l\u2019atenci\u00f3 a la diversitat relacionada amb els alumnes, especialment procedents de la immigraci\u00f3 i\/o amb risc d\u2019exclusi\u00f3 social.<\/li>\n<\/ul>\n\n\n\n<p>El Servei Educatiu ofereix els seg\u00fcents serveis:<\/p>\n\n\n\n<ul class=\"wp-block-list\">\n<li>\n<ul class=\"wp-block-list\">\n<li>Suport i assessorament en estrat\u00e8gies organitzades, did\u00e0ctiques i metodol\u00f2giques per a l&#8217;assoliment de les <strong>compet\u00e8ncies b\u00e0siques<\/strong>.<\/li>\n\n\n\n<li><strong>Dissenyar i organitzar activitats i recursos<\/strong> de dinamitzaci\u00f3 i innovaci\u00f3 educativa.<\/li>\n\n\n\n<li><strong>Treball en xarxa<\/strong> amb altres agents socioeducatius de la zona, serveis educatius, i altres programes, institucions, entitats i comunitat educativa.<\/li>\n\n\n\n<li>Planificaci\u00f3 i gesti\u00f3 del cat\u00e0leg de <strong>formaci\u00f3 del professorat<\/strong> de la zona.<\/li>\n\n\n\n<li>Suport en la <strong>tutoria i l&#8217;orientaci\u00f3<\/strong> educativa.<\/li>\n\n\n\n<li><strong>Detecci\u00f3 preco\u00e7<\/strong> de les dificultats d&#8217;aprenentatge, socials, motrius i fer avaluacions psicopedag\u00f2giques.<\/li>\n\n\n\n<li>Assessorament sobre el proc\u00e9s d&#8217;escolaritzaci\u00f3 en <strong>necessitats educatives espec\u00edfiques especials<\/strong> (NESE).<\/li>\n\n\n\n<li>Suport en la <strong>prevenci\u00f3 de l&#8217;abandonament escolar<\/strong> prematur.<\/li>\n\n\n\n<li>Donar suport als centres educatius en la millora de l&#8217;<strong>atenci\u00f3 a la diversitat i la inclusi\u00f3<\/strong>.<\/li>\n\n\n\n<li>Suport en el tractament integrat de <strong>llengua i continguts<\/strong>.<\/li>\n\n\n\n<li><strong>Assessorar<\/strong> en l&#8217;atenci\u00f3 de l&#8217;<strong>alumnat nouvingut<\/strong> (Aules d&#8217;Acollida i Suport Ling\u00fc\u00edstic i Social)<\/li>\n\n\n\n<li><strong>Orientar<\/strong> en l&#8217;aplicaci\u00f3 de la metodologia de la <strong>Immersi\u00f3 ling\u00fc\u00edstica<\/strong>.<\/li>\n\n\n\n<li>Dinamitzar els <strong>Projectes de Conviv\u00e8ncia<\/strong>.<\/li>\n\n\n\n<li>Fer <strong>formaci\u00f3 en centre<\/strong> sobre les diferents <strong>habilitats ling\u00fc\u00edstiques<\/strong>.<\/li>\n<\/ul>\n<\/li>\n<\/ul>\n\n\n\n<h1 class=\"wp-block-heading\">\u00c0mbit d&#8217;actuaci\u00f3<\/h1>\n\n\n\n<p><span style=\"font-family: inherit; font-size: 1em;\">L\u2019\u00e0mbit d\u2019actuaci\u00f3 del Servei Educatiu dels Pallars \u00e9s la comarca del Pallars Juss\u00e0 i la del Pallars Sobir\u00e0.<\/span><\/p>\n\n\n\n<h1 class=\"wp-block-heading\">Demanda<\/h1>\n\n\n\n<h3 class=\"wp-block-heading\">Qui pot fer la demanda dels serveis?<\/h3>\n\n\n\n<ul class=\"wp-block-list\">\n<li>Els centres, mitjan\u00e7ant els seus equips de direcci\u00f3.<\/li>\n\n\n\n<li>Col\u00b7lectius de docents, d\u2019especialitat, de nivell, d\u2019interessos, etc.<\/li>\n\n\n\n<li>Els docents directament.<\/li>\n\n\n\n<li>Altres entitats vinculades a l\u2019educaci\u00f3.<\/li>\n<\/ul>\n\n\n\n<h3 class=\"wp-block-heading\">Com es fa la demanda?<\/h3>\n\n\n\n<h4 class=\"wp-block-heading\">Al CRP<\/h4>\n\n\n\n<p>Trucant al tel\u00e8fon 973 654834 (Tremp), &nbsp;973 621348 (Sort)&nbsp;o enviant un correu electr\u00f2nic a <a href=\"mailto:crp-pallarsjussa@xtec.cat\">crp-pallarsjussa@xtec.cat<\/a> o <a href=\"crp-pallarssobira@xtec.cat\">crp-pallarssobira@xtec.cat. <\/a><\/p>\n\n\n\n<h4 class=\"wp-block-heading\">A l&#8217;EAP<\/h4>\n\n\n\n<p>Directament als centres educatius.<\/p>\n\n\n\n<h4 class=\"wp-block-heading\">A l&#8217;ELIC<\/h4>\n\n\n\n<p>Pallars Juss\u00e0: trucant al tel\u00e8fon 973 654 834 o enviant un correu electr\u00f2nic a <a href=\"mailto:molive82@xtec.cat\">molive82<span class=\"\">@xtec.cat<\/span><\/a><br>Pallars Sobir\u00e0: trucant al tel\u00e8fon 973 621 348 o enviant correu electr\u00f2nic a <a href=\"mailto:ieroles@xtec.cat\">mgime25@xtec.cat<\/a><\/p>\n\n\n\n<p><\/p>\n","protected":false},"excerpt":{"rendered":"<p>Els&nbsp;Serveis Educatius del Departament d\u2019Educaci\u00f3 donen suport i assessorament als centres educatius p\u00fablics i privats concertats de nivells educatius no [&hellip;]<\/p>\n","protected":false},"author":1,"featured_media":0,"parent":806,"menu_order":10,"comment_status":"closed","ping_status":"closed","template":"","meta":{"_bbp_topic_count":0,"_bbp_reply_count":0,"_bbp_total_topic_count":0,"_bbp_total_reply_count":0,"_bbp_voice_count":0,"_bbp_anonymous_reply_count":0,"_bbp_topic_count_hidden":0,"_bbp_reply_count_hidden":0,"_bbp_forum_subforum_count":0,"site-sidebar-layout":"left-sidebar","site-content-layout":"","ast-site-content-layout":"default","site-content-style":"default","site-sidebar-style":"default","ast-global-header-display":"","ast-banner-title-visibility":"","ast-main-header-display":"","ast-hfb-above-header-display":"","ast-hfb-below-header-display":"","ast-hfb-mobile-header-display":"","site-post-title":"","ast-breadcrumbs-content":"","ast-featured-img":"","footer-sml-layout":"","theme-transparent-header-meta":"","adv-header-id-meta":"","stick-header-meta":"","header-above-stick-meta":"","header-main-stick-meta":"","header-below-stick-meta":"","astra-migrate-meta-layouts":"set","ast-page-background-enabled":"default","ast-page-background-meta":{"desktop":{"background-color":"var(--ast-global-color-4)","background-image":"","background-repeat":"repeat","background-position":"center center","background-size":"auto","background-attachment":"scroll","background-type":"","background-media":"","overlay-type":"","overlay-color":"","overlay-opacity":"","overlay-gradient":""},"tablet":{"background-color":"","background-image":"","background-repeat":"repeat","background-position":"center center","background-size":"auto","background-attachment":"scroll","background-type":"","background-media":"","overlay-type":"","overlay-color":"","overlay-opacity":"","overlay-gradient":""},"mobile":{"background-color":"","background-image":"","background-repeat":"repeat","background-position":"center center","background-size":"auto","background-attachment":"scroll","background-type":"","background-media":"","overlay-type":"","overlay-color":"","overlay-opacity":"","overlay-gradient":""}},"ast-content-background-meta":{"desktop":{"background-color":"var(--ast-global-color-5)","background-image":"","background-repeat":"repeat","background-position":"center center","background-size":"auto","background-attachment":"scroll","background-type":"","background-media":"","overlay-type":"","overlay-color":"","overlay-opacity":"","overlay-gradient":""},"tablet":{"background-color":"var(--ast-global-color-5)","background-image":"","background-repeat":"repeat","background-position":"center center","background-size":"auto","background-attachment":"scroll","background-type":"","background-media":"","overlay-type":"","overlay-color":"","overlay-opacity":"","overlay-gradient":""},"mobile":{"background-color":"var(--ast-global-color-5)","background-image":"","background-repeat":"repeat","background-position":"center center","background-size":"auto","background-attachment":"scroll","background-type":"","background-media":"","overlay-type":"","overlay-color":"","overlay-opacity":"","overlay-gradient":""}},"footnotes":""},"class_list":["post-797","page","type-page","status-publish","hentry"],"post_mailing_queue_ids":[],"_links":{"self":[{"href":"https:\/\/serveiseducatius.xtec.cat\/pallars\/wp-json\/wp\/v2\/pages\/797","targetHints":{"allow":["GET"]}}],"collection":[{"href":"https:\/\/serveiseducatius.xtec.cat\/pallars\/wp-json\/wp\/v2\/pages"}],"about":[{"href":"https:\/\/serveiseducatius.xtec.cat\/pallars\/wp-json\/wp\/v2\/types\/page"}],"author":[{"embeddable":true,"href":"https:\/\/serveiseducatius.xtec.cat\/pallars\/wp-json\/wp\/v2\/users\/1"}],"replies":[{"embeddable":true,"href":"https:\/\/serveiseducatius.xtec.cat\/pallars\/wp-json\/wp\/v2\/comments?post=797"}],"version-history":[{"count":6,"href":"https:\/\/serveiseducatius.xtec.cat\/pallars\/wp-json\/wp\/v2\/pages\/797\/revisions"}],"predecessor-version":[{"id":26655,"href":"https:\/\/serveiseducatius.xtec.cat\/pallars\/wp-json\/wp\/v2\/pages\/797\/revisions\/26655"}],"up":[{"embeddable":true,"href":"https:\/\/serveiseducatius.xtec.cat\/pallars\/wp-json\/wp\/v2\/pages\/806"}],"wp:attachment":[{"href":"https:\/\/serveiseducatius.xtec.cat\/pallars\/wp-json\/wp\/v2\/media?parent=797"}],"curies":[{"name":"wp","href":"https:\/\/api.w.org\/{rel}","templated":true}]}}