{"id":572,"date":"2015-11-26T21:44:54","date_gmt":"2015-11-26T20:44:54","guid":{"rendered":"http:\/\/serveiseducatius.xtec.cat\/pallars\/?page_id=572"},"modified":"2024-05-10T13:21:40","modified_gmt":"2024-05-10T11:21:40","slug":"demanda_formacio","status":"publish","type":"page","link":"https:\/\/serveiseducatius.xtec.cat\/pallars\/formacio\/demanda_formacio\/","title":{"rendered":"Demanda de formaci\u00f3"},"content":{"rendered":"<p style=\"text-align: left;\"><span style=\"font-size: 20px;\">Formularis actius fins al <span style=\"color: #ff0000;\"><strong>26 de maig de 2024<\/strong><\/span><\/span><\/p>\n<table style=\"height: 288px; width: 82.5746%;\" width=\"750\">\n<thead>\n<tr style=\"height: 60px;\">\n<td style=\"width: 744px; text-align: center; height: 60px;\" colspan=\"3\">\n<h4><strong>FORMULARI DE DETECCI\u00d3 DE NECESSITATS<\/strong><\/h4>\n<\/td>\n<\/tr>\n<tr style=\"height: 66px;\">\n<td style=\"background-color: #ffffff; text-align: center; height: 66px;\" colspan=\"3\">\n<h6 style=\"font-weight: 400;\">Per tal de con\u00e8ixer les teves necessitats de formaci\u00f3 com a docent pel curs vinent,\u00a0 2023-24\u00a0 us agrairem que ompliu el seg\u00fcent<a href=\"https:\/\/forms.gle\/gwVFxQ3dnzTUQrML7\"> <strong><span style=\"color: #ff0000;\">formulari.<\/span><\/strong><\/a><\/h6>\n<\/td>\n<\/tr>\n<tr style=\"height: 58px;\">\n<td style=\"text-align: center; height: 58px;\" colspan=\"3\">\n<h4><strong>SOL\u00b7LICITUDS DE FORMACI\u00d3<\/strong><\/h4>\n<\/td>\n<\/tr>\n<\/thead>\n<tbody>\n<tr style=\"height: 31px;\">\n<td style=\"width: 379px; text-align: center; height: 31px;\"><strong>PROFESSORAT D&#8217;UN CENTRE<\/strong><\/td>\n<td style=\"text-align: center; height: 31px; width: 363px;\" colspan=\"2\"><strong>PROFESSORAT DE DIFERENTS CENTRES<\/strong><\/td>\n<\/tr>\n<tr style=\"height: 76px;\">\n<td style=\"width: 379px; text-align: center; height: 41px;\"><strong>FORMACI\u00d3 EN CENTRE<\/strong><\/td>\n<td style=\"width: 183px; text-align: center; height: 41px;\"><strong>FORMACI\u00d3<br \/>\nPER A CENTRE<\/strong><\/td>\n<td style=\"width: 178px; text-align: center; height: 41px;\"><strong>FORMACI\u00d3 ENTRECENTRES<\/strong><\/td>\n<\/tr>\n<tr style=\"height: 120px;\">\n<td style=\"width: 379px; height: 22px; text-align: center; vertical-align: middle;\"><a href=\"https:\/\/docs.google.com\/document\/d\/1YFu1o4hr4VrcVvUJpW5HeiYUZrGACHm3ZrwjVDTVb2U\/edit?usp=sharing\"><img loading=\"lazy\" decoding=\"async\" class=\"alignnone wp-image-15952\" src=\"https:\/\/serveiseducatius.xtec.cat\/pallars\/wp-content\/uploads\/usu1099\/2021\/05\/assessorament-o-taller.png\" alt=\"\" width=\"88\" height=\"89\" srcset=\"https:\/\/serveiseducatius.xtec.cat\/pallars\/wp-content\/uploads\/usu1099\/2021\/05\/assessorament-o-taller.png 180w, https:\/\/serveiseducatius.xtec.cat\/pallars\/wp-content\/uploads\/usu1099\/2021\/05\/assessorament-o-taller-150x150.png 150w\" sizes=\"auto, (max-width: 88px) 100vw, 88px\" \/><\/a>\u00a0 \u00a0 <a href=\"https:\/\/docs.google.com\/document\/d\/1x-uOqh4Bpth-YFUI7P12SVUu_QSeL1e1b2cbVRAoqIw\/edit?usp=sharing\"><img loading=\"lazy\" decoding=\"async\" class=\"alignnone wp-image-11386\" src=\"https:\/\/serveiseducatius.xtec.cat\/pallars\/wp-content\/uploads\/usu1099\/2019\/05\/fic.png\" alt=\"\" width=\"89\" height=\"88\" srcset=\"https:\/\/serveiseducatius.xtec.cat\/pallars\/wp-content\/uploads\/usu1099\/2019\/05\/fic.png 185w, https:\/\/serveiseducatius.xtec.cat\/pallars\/wp-content\/uploads\/usu1099\/2019\/05\/fic-150x150.png 150w\" sizes=\"auto, (max-width: 89px) 100vw, 89px\" \/><\/a> \u00a0 <a href=\"https:\/\/docs.google.com\/document\/d\/1-m32l2SDttafSInLV0yE7P38KwzfRiEiuVhXmvxFgw4\/edit?usp=sharing\"><img loading=\"lazy\" decoding=\"async\" class=\"alignnone wp-image-11387\" src=\"https:\/\/serveiseducatius.xtec.cat\/pallars\/wp-content\/uploads\/usu1099\/2019\/05\/visita-formativa.png\" alt=\"\" width=\"86\" height=\"86\" srcset=\"https:\/\/serveiseducatius.xtec.cat\/pallars\/wp-content\/uploads\/usu1099\/2019\/05\/visita-formativa.png 180w, https:\/\/serveiseducatius.xtec.cat\/pallars\/wp-content\/uploads\/usu1099\/2019\/05\/visita-formativa-150x150.png 150w\" sizes=\"auto, (max-width: 86px) 100vw, 86px\" \/>\u00a0\u00a0\u00a0\u00a0\u00a0<\/a><\/p>\n<p>I<a href=\"https:\/\/drive.google.com\/file\/d\/1x2_LM6zkzn9vKAY6H2CPKIyFevJ04HNU\/view?usp=sharing\"><span style=\"font-size: 20px;\"><strong>infografia<\/strong><\/span><\/a><\/td>\n<td style=\"width: 183px; height: 22px; text-align: center;\"><a href=\"https:\/\/docs.google.com\/document\/d\/1eCSWFlFtom5K5ILotRvNqKloYuU27cHjs-8nVcWGQrg\/edit?usp=sharing\"><img loading=\"lazy\" decoding=\"async\" class=\"alignnone wp-image-11388\" src=\"https:\/\/serveiseducatius.xtec.cat\/pallars\/wp-content\/uploads\/usu1099\/2019\/05\/porposta-formaci\u00f3-per-a-centre.png\" alt=\"\" width=\"85\" height=\"86\" srcset=\"https:\/\/serveiseducatius.xtec.cat\/pallars\/wp-content\/uploads\/usu1099\/2019\/05\/porposta-formaci\u00f3-per-a-centre.png 185w, https:\/\/serveiseducatius.xtec.cat\/pallars\/wp-content\/uploads\/usu1099\/2019\/05\/porposta-formaci\u00f3-per-a-centre-150x150.png 150w\" sizes=\"auto, (max-width: 85px) 100vw, 85px\" \/><\/a><\/td>\n<td style=\"width: 178px; height: 22px;\"><a href=\"https:\/\/docs.google.com\/document\/d\/1eCSWFlFtom5K5ILotRvNqKloYuU27cHjs-8nVcWGQrg\/edit?usp=sharing\"><img loading=\"lazy\" decoding=\"async\" class=\"wp-image-11389 aligncenter\" src=\"https:\/\/serveiseducatius.xtec.cat\/pallars\/wp-content\/uploads\/usu1099\/2019\/05\/proposta-formaci\u00f3-indiv.png\" alt=\"\" width=\"91\" height=\"87\" \/><\/a><\/td>\n<\/tr>\n<tr style=\"height: 34px;\">\n<td style=\"width: 744px; height: 10px;\" colspan=\"3\">\n<h4 style=\"text-align: center;\"><strong>CARACTER\u00cdSTIQUES DE LES DIFERENTS MODALITATS<\/strong><\/h4>\n<h5 style=\"text-align: center;\">Abans d\u2019omplir els diferents q\u00fcestionaris \u00e9s recomanable haver consultat el seg\u00fcent document<br \/>\n<a href=\"https:\/\/drive.google.com\/file\/d\/1cLzWrNww9sp-zFRKncSaQBC1eq1B3r38\/view?usp=sharing\"><em style=\"font-family: inherit; font-size: 1em;\">Criteris, instruccions i orientacions curs 2024 &#8211; 2025<\/em><\/a><\/h5>\n<p>&nbsp;<\/td>\n<\/tr>\n<\/tbody>\n<\/table>\n<p>&nbsp;<\/p>\n","protected":false},"excerpt":{"rendered":"<p>Formularis actius fins al 26 de maig de 2024 FORMULARI DE DETECCI\u00d3 DE NECESSITATS Per tal de con\u00e8ixer les teves [&hellip;]<\/p>\n","protected":false},"author":1,"featured_media":0,"parent":416,"menu_order":16,"comment_status":"closed","ping_status":"closed","template":"","meta":{"_bbp_topic_count":0,"_bbp_reply_count":0,"_bbp_total_topic_count":0,"_bbp_total_reply_count":0,"_bbp_voice_count":0,"_bbp_anonymous_reply_count":0,"_bbp_topic_count_hidden":0,"_bbp_reply_count_hidden":0,"_bbp_forum_subforum_count":0,"site-sidebar-layout":"default","site-content-layout":"","ast-site-content-layout":"","site-content-style":"default","site-sidebar-style":"default","ast-global-header-display":"","ast-banner-title-visibility":"","ast-main-header-display":"","ast-hfb-above-header-display":"","ast-hfb-below-header-display":"","ast-hfb-mobile-header-display":"","site-post-title":"","ast-breadcrumbs-content":"","ast-featured-img":"","footer-sml-layout":"","theme-transparent-header-meta":"","adv-header-id-meta":"","stick-header-meta":"","header-above-stick-meta":"","header-main-stick-meta":"","header-below-stick-meta":"","astra-migrate-meta-layouts":"default","ast-page-background-enabled":"default","ast-page-background-meta":{"desktop":{"background-color":"var(--ast-global-color-4)","background-image":"","background-repeat":"repeat","background-position":"center center","background-size":"auto","background-attachment":"scroll","background-type":"","background-media":"","overlay-type":"","overlay-color":"","overlay-opacity":"","overlay-gradient":""},"tablet":{"background-color":"","background-image":"","background-repeat":"repeat","background-position":"center center","background-size":"auto","background-attachment":"scroll","background-type":"","background-media":"","overlay-type":"","overlay-color":"","overlay-opacity":"","overlay-gradient":""},"mobile":{"background-color":"","background-image":"","background-repeat":"repeat","background-position":"center center","background-size":"auto","background-attachment":"scroll","background-type":"","background-media":"","overlay-type":"","overlay-color":"","overlay-opacity":"","overlay-gradient":""}},"ast-content-background-meta":{"desktop":{"background-color":"var(--ast-global-color-5)","background-image":"","background-repeat":"repeat","background-position":"center center","background-size":"auto","background-attachment":"scroll","background-type":"","background-media":"","overlay-type":"","overlay-color":"","overlay-opacity":"","overlay-gradient":""},"tablet":{"background-color":"var(--ast-global-color-5)","background-image":"","background-repeat":"repeat","background-position":"center center","background-size":"auto","background-attachment":"scroll","background-type":"","background-media":"","overlay-type":"","overlay-color":"","overlay-opacity":"","overlay-gradient":""},"mobile":{"background-color":"var(--ast-global-color-5)","background-image":"","background-repeat":"repeat","background-position":"center center","background-size":"auto","background-attachment":"scroll","background-type":"","background-media":"","overlay-type":"","overlay-color":"","overlay-opacity":"","overlay-gradient":""}},"footnotes":""},"class_list":["post-572","page","type-page","status-publish","hentry"],"post_mailing_queue_ids":[],"_links":{"self":[{"href":"https:\/\/serveiseducatius.xtec.cat\/pallars\/wp-json\/wp\/v2\/pages\/572","targetHints":{"allow":["GET"]}}],"collection":[{"href":"https:\/\/serveiseducatius.xtec.cat\/pallars\/wp-json\/wp\/v2\/pages"}],"about":[{"href":"https:\/\/serveiseducatius.xtec.cat\/pallars\/wp-json\/wp\/v2\/types\/page"}],"author":[{"embeddable":true,"href":"https:\/\/serveiseducatius.xtec.cat\/pallars\/wp-json\/wp\/v2\/users\/1"}],"replies":[{"embeddable":true,"href":"https:\/\/serveiseducatius.xtec.cat\/pallars\/wp-json\/wp\/v2\/comments?post=572"}],"version-history":[{"count":7,"href":"https:\/\/serveiseducatius.xtec.cat\/pallars\/wp-json\/wp\/v2\/pages\/572\/revisions"}],"predecessor-version":[{"id":23197,"href":"https:\/\/serveiseducatius.xtec.cat\/pallars\/wp-json\/wp\/v2\/pages\/572\/revisions\/23197"}],"up":[{"embeddable":true,"href":"https:\/\/serveiseducatius.xtec.cat\/pallars\/wp-json\/wp\/v2\/pages\/416"}],"wp:attachment":[{"href":"https:\/\/serveiseducatius.xtec.cat\/pallars\/wp-json\/wp\/v2\/media?parent=572"}],"curies":[{"name":"wp","href":"https:\/\/api.w.org\/{rel}","templated":true}]}}