{"id":379,"date":"2015-11-25T14:19:13","date_gmt":"2015-11-25T13:19:13","guid":{"rendered":"http:\/\/serveiseducatius.xtec.cat\/pallars\/?page_id=379"},"modified":"2022-05-16T15:22:06","modified_gmt":"2022-05-16T13:22:06","slug":"educacio-infantil-i-primaria","status":"publish","type":"page","link":"https:\/\/serveiseducatius.xtec.cat\/pallars\/comunitat\/centres-educatius\/educacio-infantil-i-primaria\/","title":{"rendered":"Educaci\u00f3 infantil i prim\u00e0ria | Pallars Juss\u00e0"},"content":{"rendered":"<p><iframe loading=\"lazy\" src=\"https:\/\/www.instamaps.cat\/instavisor\/54944361\/4112b2fbeb636da7760a168b2059651f\/EDUCACIO_INFANTIL_I_PRIMARIA_JUSSA.html?3D=false&amp;embed=1\" width=\"640\" height=\"480\" frameborder=\"0\" marginwidth=\"0\" marginheight=\"0\" scrolling=\"no\"><\/iframe><\/p>\n<p><strong>ESC AESO<br \/>\n<\/strong>Pla\u00e7a del portal, 26<br \/>\n25650 ISONA<br \/>\nTel. 973 664 072<br \/>\nCorreu electr\u00f2nic:\u00a0c5001886@xtec.cat<br \/>\nWeb: \u00a0<a href=\"http:\/\/www.xtec.cat\/centres\/c5001886\/\">http:\/\/www.xtec.cat\/centres\/c5001886\/<\/a><\/p>\n<p><strong>ESC Espluga de Serra<br \/>\n<\/strong>C. de les Escoles s\/n<br \/>\n25620 TREMP<br \/>\nTel. 973 252 403<br \/>\nCorreu electr\u00f2nic: c5006549@xtec.cat<\/p>\n<p><strong>ESC Maria Immaculada<br \/>\n<\/strong>C. Hospital, 16<br \/>\n25620 TREMP<br \/>\nTel. 973 650 235<br \/>\nCorreu electr\u00f2nic:\u00a0\u00a0info@tremp.colegiosclaretianas.org<br \/>\nWeb:<a href=\"http:\/\/www.tremp.colegiosclaretianas.org\/\">http:\/\/www.tremp.colegiosclaretianas.org\/<\/a><\/p>\n<p><strong>ESC Els Raiers<br \/>\n<\/strong>C.Ind\u00fastria, \u00a0s\/n<br \/>\n25550 LA POBLA DE SEGUR<br \/>\nTel.973 680 232<br \/>\nCorreu electr\u00f2nic:\u00a0c5003688@xtec.cat<br \/>\nWeb:\u00a0<a href=\"https:\/\/agora.xtec.cat\/ceipelsraiers\/\">https:\/\/agora.xtec.cat\/ceipelsraiers\/<\/a><\/p>\n<p><strong>ESC Sal\u00e0s de Pallars<br \/>\n<\/strong>C.\u00a0de les Escoles, 2<br \/>\n25693 SAL\u00c0S DE PALLARS<br \/>\nTel.973 676 274<br \/>\nCorreu electr\u00f2nic:c5010231@xtec.cat<br \/>\nWeb:\u00a0<a href=\"http:\/\/www.xtec.cat\/centres\/c5010231\/index.html\">http:\/\/www.xtec.cat\/centres\/c5010231\/index.html<\/a><\/p>\n<p><strong>ESC Valldeflors<br \/>\n<\/strong>C. Tarragona, 37<br \/>\n25620 TREMP<br \/>\nTel.\u00a0973 652 775<br \/>\nCorreu electr\u00f2nic: c5004772@xtec.cat<br \/>\nWeb:\u00a0<a href=\"http:\/\/agora.xtec.cat\/ceipvalldeflors\/\">http:\/\/agora.xtec.cat\/ceipvalldeflors\/<\/a><\/p>\n<p><strong>ESC Vall Fosca<br \/>\n<\/strong>C. de Murriera, 5<br \/>\n25510 LA PLANA DE MONT-ROS<br \/>\nTel.\u00a0973 663 014<br \/>\nCorreu electr\u00f2nic: c5008765@xtec.cat<br \/>\nWeb:<a href=\"http:\/\/www.xtec.cat\/centres\/c5008765\/index.html\">http:\/\/www.xtec.cat\/centres\/c5008765\/index.html<\/a><\/p>\n<p>&nbsp;<\/p>\n<p>&nbsp;<\/p>\n","protected":false},"excerpt":{"rendered":"<p>ESC AESO Pla\u00e7a del portal, 26 25650 ISONA Tel. 973 664 072 Correu electr\u00f2nic:\u00a0c5001886@xtec.cat Web: \u00a0http:\/\/www.xtec.cat\/centres\/c5001886\/ ESC Espluga de Serra [&hellip;]<\/p>\n","protected":false},"author":1,"featured_media":0,"parent":338,"menu_order":20,"comment_status":"closed","ping_status":"closed","template":"page-templates\/side-menu.php","meta":{"_bbp_topic_count":0,"_bbp_reply_count":0,"_bbp_total_topic_count":0,"_bbp_total_reply_count":0,"_bbp_voice_count":0,"_bbp_anonymous_reply_count":0,"_bbp_topic_count_hidden":0,"_bbp_reply_count_hidden":0,"_bbp_forum_subforum_count":0,"site-sidebar-layout":"default","site-content-layout":"","ast-site-content-layout":"","site-content-style":"default","site-sidebar-style":"default","ast-global-header-display":"","ast-banner-title-visibility":"","ast-main-header-display":"","ast-hfb-above-header-display":"","ast-hfb-below-header-display":"","ast-hfb-mobile-header-display":"","site-post-title":"","ast-breadcrumbs-content":"","ast-featured-img":"","footer-sml-layout":"","theme-transparent-header-meta":"","adv-header-id-meta":"","stick-header-meta":"","header-above-stick-meta":"","header-main-stick-meta":"","header-below-stick-meta":"","astra-migrate-meta-layouts":"default","ast-page-background-enabled":"default","ast-page-background-meta":{"desktop":{"background-color":"var(--ast-global-color-4)","background-image":"","background-repeat":"repeat","background-position":"center center","background-size":"auto","background-attachment":"scroll","background-type":"","background-media":"","overlay-type":"","overlay-color":"","overlay-opacity":"","overlay-gradient":""},"tablet":{"background-color":"","background-image":"","background-repeat":"repeat","background-position":"center center","background-size":"auto","background-attachment":"scroll","background-type":"","background-media":"","overlay-type":"","overlay-color":"","overlay-opacity":"","overlay-gradient":""},"mobile":{"background-color":"","background-image":"","background-repeat":"repeat","background-position":"center center","background-size":"auto","background-attachment":"scroll","background-type":"","background-media":"","overlay-type":"","overlay-color":"","overlay-opacity":"","overlay-gradient":""}},"ast-content-background-meta":{"desktop":{"background-color":"var(--ast-global-color-5)","background-image":"","background-repeat":"repeat","background-position":"center center","background-size":"auto","background-attachment":"scroll","background-type":"","background-media":"","overlay-type":"","overlay-color":"","overlay-opacity":"","overlay-gradient":""},"tablet":{"background-color":"var(--ast-global-color-5)","background-image":"","background-repeat":"repeat","background-position":"center center","background-size":"auto","background-attachment":"scroll","background-type":"","background-media":"","overlay-type":"","overlay-color":"","overlay-opacity":"","overlay-gradient":""},"mobile":{"background-color":"var(--ast-global-color-5)","background-image":"","background-repeat":"repeat","background-position":"center center","background-size":"auto","background-attachment":"scroll","background-type":"","background-media":"","overlay-type":"","overlay-color":"","overlay-opacity":"","overlay-gradient":""}},"footnotes":""},"class_list":["post-379","page","type-page","status-publish","hentry"],"post_mailing_queue_ids":[],"_links":{"self":[{"href":"https:\/\/serveiseducatius.xtec.cat\/pallars\/wp-json\/wp\/v2\/pages\/379","targetHints":{"allow":["GET"]}}],"collection":[{"href":"https:\/\/serveiseducatius.xtec.cat\/pallars\/wp-json\/wp\/v2\/pages"}],"about":[{"href":"https:\/\/serveiseducatius.xtec.cat\/pallars\/wp-json\/wp\/v2\/types\/page"}],"author":[{"embeddable":true,"href":"https:\/\/serveiseducatius.xtec.cat\/pallars\/wp-json\/wp\/v2\/users\/1"}],"replies":[{"embeddable":true,"href":"https:\/\/serveiseducatius.xtec.cat\/pallars\/wp-json\/wp\/v2\/comments?post=379"}],"version-history":[{"count":4,"href":"https:\/\/serveiseducatius.xtec.cat\/pallars\/wp-json\/wp\/v2\/pages\/379\/revisions"}],"predecessor-version":[{"id":18676,"href":"https:\/\/serveiseducatius.xtec.cat\/pallars\/wp-json\/wp\/v2\/pages\/379\/revisions\/18676"}],"up":[{"embeddable":true,"href":"https:\/\/serveiseducatius.xtec.cat\/pallars\/wp-json\/wp\/v2\/pages\/338"}],"wp:attachment":[{"href":"https:\/\/serveiseducatius.xtec.cat\/pallars\/wp-json\/wp\/v2\/media?parent=379"}],"curies":[{"name":"wp","href":"https:\/\/api.w.org\/{rel}","templated":true}]}}