{"id":338,"date":"2015-11-24T18:40:49","date_gmt":"2015-11-24T17:40:49","guid":{"rendered":"http:\/\/serveiseducatius.xtec.cat\/pallars\/?page_id=338"},"modified":"2024-02-08T17:40:37","modified_gmt":"2024-02-08T16:40:37","slug":"centres-educatius","status":"publish","type":"page","link":"https:\/\/serveiseducatius.xtec.cat\/pallars\/comunitat\/centres-educatius\/","title":{"rendered":"Centres educatius"},"content":{"rendered":"<p style=\"text-align: justify;\"><a href=\"https:\/\/serveiseducatius.xtec.cat\/pallars\/wp-content\/uploads\/usu1099\/2023\/07\/comarques.jpg\"><img loading=\"lazy\" decoding=\"async\" class=\" wp-image-21521 alignright\" src=\"https:\/\/serveiseducatius.xtec.cat\/pallars\/wp-content\/uploads\/usu1099\/2023\/07\/comarques.jpg\" alt=\"\" width=\"369\" height=\"404\" srcset=\"https:\/\/serveiseducatius.xtec.cat\/pallars\/wp-content\/uploads\/usu1099\/2023\/07\/comarques.jpg 391w, https:\/\/serveiseducatius.xtec.cat\/pallars\/wp-content\/uploads\/usu1099\/2023\/07\/comarques-274x300.jpg 274w\" sizes=\"auto, (max-width: 369px) 100vw, 369px\" \/><\/a>Al Pallars Juss\u00e0:<br \/>\n&#8211;\u00a0 2 escoles bressol p\u00fabliques municipals i 1 escola bressol privades<br \/>\n<span style=\"font-family: inherit; font-size: 1em;\">&#8211; 2 centres p\u00fablics d\u2019educaci\u00f3 infantil (0-5) i prim\u00e0ria<\/span><br \/>\n<span style=\"font-family: inherit; font-size: 1em;\">&#8211; 4 centres p\u00fablics d\u2019educaci\u00f3 infantil i prim\u00e0ria<br \/>\n&#8211; 1<\/span><span style=\"font-family: inherit; font-size: 1em;\"> centre p\u00fablic d\u2019educaci\u00f3 secund\u00e0ria i batxillerat<br \/>\n&#8211; 1 centre p\u00fablic d\u2019educaci\u00f3 secund\u00e0ria, batxillerat i formaci\u00f3 professional<br \/>\n&#8211;\u00a0 1 centre privats-concertats amb escola bressol i educaci\u00f3 prim\u00e0ria i secund\u00e0ria<br \/>\n&#8211; 1 escola d&#8217;adults<br \/>\n&#8211; 1 escola agr\u00e0ria<br \/>\n&#8211; 1 centre d&#8217;ensenyaments de r\u00e8gim especial (esportius)<\/span><\/p>\n<p style=\"text-align: justify;\">Al Pallars Sobir\u00e0<br \/>\n&#8211; 7 centres p\u00fablics d\u2019educaci\u00f3 infantil i prim\u00e0ria<br \/>\n&#8211; 1 centre p\u00fablic d\u2019educaci\u00f3 secund\u00e0ria<br \/>\n&#8211; 1 centre p\u00fablic d\u2019educaci\u00f3 secund\u00e0ria, batxillerat i formaci\u00f3 professional<br \/>\n&#8211; 4 escoles bressol p\u00fabliques municipals.<\/p>\n<table style=\"height: 192px;\" width=\"856\">\n<tbody>\n<tr style=\"height: 45px;\">\n<td style=\"height: 45px;\">\n<h4><strong>Pallars Juss\u00e0<\/strong><\/h4>\n<\/td>\n<td style=\"height: 45px;\">\n<h4><strong>Pallars Sobir\u00e0<\/strong><\/h4>\n<\/td>\n<\/tr>\n<tr style=\"height: 31px;\">\n<td style=\"height: 31px;\"><a href=\"http:\/\/serveiseducatius.xtec.cat\/pallars\/comunitat\/centres-educatius\/escoles-bressol\/\">\u00a0Escoles Bressol<\/a><\/td>\n<td style=\"height: 31px;\"><a href=\"http:\/\/serveiseducatius.xtec.cat\/pallars\/comunitat\/centres-educatius\/educacio-especial\/\">Escoles Bressol <\/a><\/td>\n<\/tr>\n<tr style=\"height: 31px;\">\n<td style=\"height: 31px;\"><a href=\"http:\/\/serveiseducatius.xtec.cat\/pallars\/comunitat\/centres-educatius\/educacio-infantil-i-primaria\/\">\u00a0Educaci\u00f3 infantil i prim\u00e0ria<\/a><\/td>\n<td style=\"height: 31px;\"><a href=\"http:\/\/serveiseducatius.xtec.cat\/pallars\/comunitat\/centres-educatius\/educacio-infantil-i-primaria-pallars-sobira\/\">Educaci\u00f3 infantil i prim\u00e0ria <\/a><\/td>\n<\/tr>\n<tr style=\"height: 46px;\">\n<td style=\"height: 46px;\"><a href=\"http:\/\/serveiseducatius.xtec.cat\/pallars\/comunitat\/centres-educatius\/ensenyament-secundari-batxillerat-i-formacio-professional\/\">Ensenyament secundari,Batxillerat i Formaci\u00f3 Professional &#8211; Pallars Juss\u00e0<\/a><\/td>\n<td style=\"height: 46px;\"><a href=\"https:\/\/serveiseducatius.xtec.cat\/pallars\/comunitat\/centres-educatius\/ensenyament-secundari-batxillerat-i-formacio-professional-pallars-sobira\/\">Ensenyament secundari, Batxillerat i Formaci\u00f3 professional &#8211; Pallars Sobir\u00e0<\/a><\/td>\n<\/tr>\n<tr style=\"height: 31px;\">\n<td style=\"height: 31px;\">\u00a0Escola d&#8217;adults<\/td>\n<td style=\"height: 31px;\"><\/td>\n<\/tr>\n<\/tbody>\n<\/table>\n<p>&nbsp;<\/p>\n<div id=\"gtx-trans\" style=\"position: absolute; left: 262px; top: 312.125px;\">\n<div class=\"gtx-trans-icon\"><\/div>\n<\/div>\n","protected":false},"excerpt":{"rendered":"<p>Al Pallars Juss\u00e0: &#8211;\u00a0 2 escoles bressol p\u00fabliques municipals i 1 escola bressol privades &#8211; 2 centres p\u00fablics d\u2019educaci\u00f3 infantil [&hellip;]<\/p>\n","protected":false},"author":1,"featured_media":0,"parent":341,"menu_order":10,"comment_status":"closed","ping_status":"closed","template":"","meta":{"_bbp_topic_count":0,"_bbp_reply_count":0,"_bbp_total_topic_count":0,"_bbp_total_reply_count":0,"_bbp_voice_count":0,"_bbp_anonymous_reply_count":0,"_bbp_topic_count_hidden":0,"_bbp_reply_count_hidden":0,"_bbp_forum_subforum_count":0,"site-sidebar-layout":"default","site-content-layout":"","ast-site-content-layout":"","site-content-style":"default","site-sidebar-style":"default","ast-global-header-display":"","ast-banner-title-visibility":"","ast-main-header-display":"","ast-hfb-above-header-display":"","ast-hfb-below-header-display":"","ast-hfb-mobile-header-display":"","site-post-title":"","ast-breadcrumbs-content":"","ast-featured-img":"","footer-sml-layout":"","theme-transparent-header-meta":"","adv-header-id-meta":"","stick-header-meta":"","header-above-stick-meta":"","header-main-stick-meta":"","header-below-stick-meta":"","astra-migrate-meta-layouts":"default","ast-page-background-enabled":"default","ast-page-background-meta":{"desktop":{"background-color":"var(--ast-global-color-4)","background-image":"","background-repeat":"repeat","background-position":"center center","background-size":"auto","background-attachment":"scroll","background-type":"","background-media":"","overlay-type":"","overlay-color":"","overlay-opacity":"","overlay-gradient":""},"tablet":{"background-color":"","background-image":"","background-repeat":"repeat","background-position":"center center","background-size":"auto","background-attachment":"scroll","background-type":"","background-media":"","overlay-type":"","overlay-color":"","overlay-opacity":"","overlay-gradient":""},"mobile":{"background-color":"","background-image":"","background-repeat":"repeat","background-position":"center center","background-size":"auto","background-attachment":"scroll","background-type":"","background-media":"","overlay-type":"","overlay-color":"","overlay-opacity":"","overlay-gradient":""}},"ast-content-background-meta":{"desktop":{"background-color":"var(--ast-global-color-5)","background-image":"","background-repeat":"repeat","background-position":"center center","background-size":"auto","background-attachment":"scroll","background-type":"","background-media":"","overlay-type":"","overlay-color":"","overlay-opacity":"","overlay-gradient":""},"tablet":{"background-color":"var(--ast-global-color-5)","background-image":"","background-repeat":"repeat","background-position":"center center","background-size":"auto","background-attachment":"scroll","background-type":"","background-media":"","overlay-type":"","overlay-color":"","overlay-opacity":"","overlay-gradient":""},"mobile":{"background-color":"var(--ast-global-color-5)","background-image":"","background-repeat":"repeat","background-position":"center center","background-size":"auto","background-attachment":"scroll","background-type":"","background-media":"","overlay-type":"","overlay-color":"","overlay-opacity":"","overlay-gradient":""}},"footnotes":""},"class_list":["post-338","page","type-page","status-publish","hentry"],"post_mailing_queue_ids":[],"_links":{"self":[{"href":"https:\/\/serveiseducatius.xtec.cat\/pallars\/wp-json\/wp\/v2\/pages\/338","targetHints":{"allow":["GET"]}}],"collection":[{"href":"https:\/\/serveiseducatius.xtec.cat\/pallars\/wp-json\/wp\/v2\/pages"}],"about":[{"href":"https:\/\/serveiseducatius.xtec.cat\/pallars\/wp-json\/wp\/v2\/types\/page"}],"author":[{"embeddable":true,"href":"https:\/\/serveiseducatius.xtec.cat\/pallars\/wp-json\/wp\/v2\/users\/1"}],"replies":[{"embeddable":true,"href":"https:\/\/serveiseducatius.xtec.cat\/pallars\/wp-json\/wp\/v2\/comments?post=338"}],"version-history":[{"count":5,"href":"https:\/\/serveiseducatius.xtec.cat\/pallars\/wp-json\/wp\/v2\/pages\/338\/revisions"}],"predecessor-version":[{"id":22654,"href":"https:\/\/serveiseducatius.xtec.cat\/pallars\/wp-json\/wp\/v2\/pages\/338\/revisions\/22654"}],"up":[{"embeddable":true,"href":"https:\/\/serveiseducatius.xtec.cat\/pallars\/wp-json\/wp\/v2\/pages\/341"}],"wp:attachment":[{"href":"https:\/\/serveiseducatius.xtec.cat\/pallars\/wp-json\/wp\/v2\/media?parent=338"}],"curies":[{"name":"wp","href":"https:\/\/api.w.org\/{rel}","templated":true}]}}