{"id":25103,"date":"2025-02-27T10:07:35","date_gmt":"2025-02-27T09:07:35","guid":{"rendered":"https:\/\/serveiseducatius.xtec.cat\/pallars\/?page_id=25103"},"modified":"2025-11-11T09:53:35","modified_gmt":"2025-11-11T08:53:35","slug":"activitats-de-geologia-cda-de-tremp","status":"publish","type":"page","link":"https:\/\/serveiseducatius.xtec.cat\/pallars\/activitats-de-geologia-cda-de-tremp\/","title":{"rendered":"Activitats de geologia. CdA de Tremp"},"content":{"rendered":"\n<figure class=\"wp-block-table\"><table class=\"has-border-color has-white-border-color has-fixed-layout\"><tbody><tr><td class=\"has-text-align-center\" data-align=\"center\"><span style=\"color: #ba1c1c;\"><strong><span style=\"font-size: 20px;\">Tremp, ciutat geol\u00f2gica<\/span><\/strong><\/span><\/td><td class=\"has-text-align-center\" data-align=\"center\"><span style=\"color: #ba1c1c;\"><strong><span style=\"font-size: 20px;\">Els f\u00f2ssils, l&#8217;empremta del passat<\/span><\/strong><\/span><\/td><td class=\"has-text-align-center\" data-align=\"center\"><span style=\"color: #ba1c1c;\"><strong><span style=\"font-size: 20px;\">El m\u00f3n dels \u00faltims dinosaures<\/span><\/strong><\/span><\/td><\/tr><tr><td class=\"has-text-align-center\" data-align=\"center\"><img loading=\"lazy\" decoding=\"async\" width=\"300\" height=\"225\" class=\"wp-image-25106\" style=\"width: 300px;\" src=\"https:\/\/serveiseducatius.xtec.cat\/pallars\/wp-content\/uploads\/usu1099\/2025\/02\/Tremp-ciutat-geologica-scaled.jpg\" alt=\"\" srcset=\"https:\/\/serveiseducatius.xtec.cat\/pallars\/wp-content\/uploads\/usu1099\/2025\/02\/Tremp-ciutat-geologica-scaled.jpg 2560w, https:\/\/serveiseducatius.xtec.cat\/pallars\/wp-content\/uploads\/usu1099\/2025\/02\/Tremp-ciutat-geologica-300x225.jpg 300w, https:\/\/serveiseducatius.xtec.cat\/pallars\/wp-content\/uploads\/usu1099\/2025\/02\/Tremp-ciutat-geologica-1024x768.jpg 1024w, https:\/\/serveiseducatius.xtec.cat\/pallars\/wp-content\/uploads\/usu1099\/2025\/02\/Tremp-ciutat-geologica-768x576.jpg 768w, https:\/\/serveiseducatius.xtec.cat\/pallars\/wp-content\/uploads\/usu1099\/2025\/02\/Tremp-ciutat-geologica-1536x1152.jpg 1536w, https:\/\/serveiseducatius.xtec.cat\/pallars\/wp-content\/uploads\/usu1099\/2025\/02\/Tremp-ciutat-geologica-2048x1536.jpg 2048w\" sizes=\"auto, (max-width: 300px) 100vw, 300px\" \/><\/td><td class=\"has-text-align-center\" data-align=\"center\"><img loading=\"lazy\" decoding=\"async\" width=\"300\" height=\"225\" class=\"wp-image-25110\" style=\"width: 300px;\" src=\"https:\/\/serveiseducatius.xtec.cat\/pallars\/wp-content\/uploads\/usu1099\/2025\/02\/Fossils-impremta-del-passat.jpg\" alt=\"\"><\/td><td class=\"has-text-align-center\" data-align=\"center\"><img loading=\"lazy\" decoding=\"async\" width=\"300\" height=\"225\" class=\"wp-image-25109\" style=\"width: 300px;\" src=\"https:\/\/serveiseducatius.xtec.cat\/pallars\/wp-content\/uploads\/usu1099\/2025\/02\/els-ultims-dinosaures.jpg\" alt=\"\" srcset=\"https:\/\/serveiseducatius.xtec.cat\/pallars\/wp-content\/uploads\/usu1099\/2025\/02\/els-ultims-dinosaures.jpg 768w, https:\/\/serveiseducatius.xtec.cat\/pallars\/wp-content\/uploads\/usu1099\/2025\/02\/els-ultims-dinosaures-300x225.jpg 300w\" sizes=\"auto, (max-width: 300px) 100vw, 300px\" \/><\/td><\/tr><tr><td class=\"has-text-align-center\" data-align=\"center\"><strong>Prim\u00e0ria, ESO, Batxillerat i Cicles Formatius<\/strong><\/td><td class=\"has-text-align-center\" data-align=\"center\"><strong>CM i CS de prim\u00e0ria, ESO, Batxillerat i Cicles Formatius<\/strong><\/td><td class=\"has-text-align-center\" data-align=\"center\"><strong><strong><strong>Prim\u00e0ria, ESO, Batxillerat i Cicles Formatius<\/strong><\/strong><\/strong><\/td><\/tr><tr><td class=\"has-text-align-center\" data-align=\"center\"><strong><a href=\"https:\/\/serveiseducatius.xtec.cat\/cda-tremp\/ambits\/el-bosc\/tremp-ciutat-geologica\/\">M\u00e9s informaci\u00f3<\/a><\/strong><\/td><td class=\"has-text-align-center\" data-align=\"center\"><strong><a href=\"https:\/\/serveiseducatius.xtec.cat\/cda-tremp\/ambits\/el-bosc\/els-fossilslempremta-del-passat\/\">M\u00e9s informaci\u00f3<\/a><\/strong><\/td><td class=\"has-text-align-center\" data-align=\"center\"><strong><a href=\"https:\/\/serveiseducatius.xtec.cat\/cda-tremp\/ambits\/el-bosc\/el-mon-dels-ultims-dinosaures\/\">M\u00e9s informaci\u00f3<\/a><\/strong><\/td><\/tr><tr><td class=\"has-text-align-center\" data-align=\"center\"><\/td><td class=\"has-text-align-center\" data-align=\"center\"><\/td><td class=\"has-text-align-center\" data-align=\"center\"><\/td><\/tr><tr><td class=\"has-text-align-center\" data-align=\"center\"><span style=\"\"><span style=\"color: rgb(186, 28, 28); font-weight: bold; font-size: 20px;\">Llegint pedres<\/span><\/span><\/td><td class=\"has-text-align-center\" data-align=\"center\"><span style=\"\"><span style=\"color: rgb(186, 28, 28); font-weight: bold; font-size: 20px;\">La pell de la Terra<\/span><\/span><\/td><td class=\"has-text-align-center\" data-align=\"center\"><span style=\"\"><span style=\"color: rgb(186, 28, 28); font-weight: bold; font-size: 20px;\">Quan la muntanya es mou<\/span><\/span><\/td><\/tr><tr><td class=\"has-text-align-center\" data-align=\"center\"><img loading=\"lazy\" decoding=\"async\" width=\"220\" height=\"182\" class=\"wp-image-25115\" style=\"width: 220px;\" src=\"https:\/\/serveiseducatius.xtec.cat\/pallars\/wp-content\/uploads\/usu1099\/2025\/02\/llegint-pedres.jpg\" alt=\"\"><\/td><td class=\"has-text-align-center\" data-align=\"center\"><img loading=\"lazy\" decoding=\"async\" width=\"300\" height=\"169\" class=\"wp-image-25114\" style=\"width: 300px;\" src=\"https:\/\/serveiseducatius.xtec.cat\/pallars\/wp-content\/uploads\/usu1099\/2025\/02\/la-pell-de-la-terra.jpg\" alt=\"\" srcset=\"https:\/\/serveiseducatius.xtec.cat\/pallars\/wp-content\/uploads\/usu1099\/2025\/02\/la-pell-de-la-terra.jpg 768w, https:\/\/serveiseducatius.xtec.cat\/pallars\/wp-content\/uploads\/usu1099\/2025\/02\/la-pell-de-la-terra-300x169.jpg 300w\" sizes=\"auto, (max-width: 300px) 100vw, 300px\" \/><\/td><td class=\"has-text-align-center\" data-align=\"center\"><img loading=\"lazy\" decoding=\"async\" width=\"300\" height=\"169\" class=\"wp-image-25116\" style=\"width: 300px;\" src=\"https:\/\/serveiseducatius.xtec.cat\/pallars\/wp-content\/uploads\/usu1099\/2025\/02\/quan-la-muntanya-es-mou.jpg\" alt=\"\" srcset=\"https:\/\/serveiseducatius.xtec.cat\/pallars\/wp-content\/uploads\/usu1099\/2025\/02\/quan-la-muntanya-es-mou.jpg 768w, https:\/\/serveiseducatius.xtec.cat\/pallars\/wp-content\/uploads\/usu1099\/2025\/02\/quan-la-muntanya-es-mou-300x169.jpg 300w\" sizes=\"auto, (max-width: 300px) 100vw, 300px\" \/><\/td><\/tr><tr><td class=\"has-text-align-center\" data-align=\"center\"><strong><strong>CS de prim\u00e0ria, <strong><strong>ESO, Batxillerat i Cicles Formatius<\/strong><\/strong><\/strong><\/strong><\/td><td class=\"has-text-align-center\" data-align=\"center\"><strong>CS de prim\u00e0ria, <strong><strong>ESO, Batxillerat i Cicles Formatius<\/strong><\/strong><\/strong><\/td><td class=\"has-text-align-center\" data-align=\"center\"><strong><strong>ESO, Batxillerat i Cicles Formatius<\/strong><\/strong><\/td><\/tr><tr><td class=\"has-text-align-center\" data-align=\"center\"><strong><a href=\"https:\/\/serveiseducatius.xtec.cat\/cda-tremp\/ambits\/el-bosc\/llegint-les-pedres\/\">M\u00e9s informaci\u00f3<\/a><\/strong><\/td><td class=\"has-text-align-center\" data-align=\"center\"><strong><a href=\"https:\/\/serveiseducatius.xtec.cat\/cda-tremp\/ambits\/el-bosc\/la-pell-de-la-terra\/\">M\u00e9s informaci\u00f3<\/a><\/strong><\/td><td class=\"has-text-align-center\" data-align=\"center\"><strong><a href=\"https:\/\/serveiseducatius.xtec.cat\/cda-tremp\/ambits\/el-bosc\/tot-es-mou\/\">M\u00e9s informaci\u00f3<\/a><\/strong><\/td><\/tr><tr><td class=\"has-text-align-center\" data-align=\"center\"><\/td><td class=\"has-text-align-center\" data-align=\"center\"><\/td><td class=\"has-text-align-center\" data-align=\"center\"><\/td><\/tr><tr><td class=\"has-text-align-center\" data-align=\"center\"><span style=\"\"><span style=\"\"><span style=\"color: rgb(186, 28, 28); font-weight: bold; font-size: 20px;\">La mem\u00f2ria de la Terra<\/span><\/span><\/span><\/td><td class=\"has-text-align-center\" data-align=\"center\"><span style=\"\"><span style=\"color: rgb(186, 28, 28); font-weight: bold; font-size: 20px;\">La interpretaci\u00f3 geol\u00f2gica del paisatge<\/span><\/span><\/td><td class=\"has-text-align-center\" data-align=\"center\"><span style=\"\"><span style=\"color: rgb(186, 28, 28); font-weight: bold; font-size: 20px;\">El paisatge ens parla<\/span><\/span><\/td><\/tr><tr><td class=\"has-text-align-center\" data-align=\"center\"><img loading=\"lazy\" decoding=\"async\" width=\"300\" height=\"169\" class=\"wp-image-25113\" style=\"width: 300px;\" src=\"https:\/\/serveiseducatius.xtec.cat\/pallars\/wp-content\/uploads\/usu1099\/2025\/02\/la-memoria-de-la-terra.jpg\" alt=\"\" srcset=\"https:\/\/serveiseducatius.xtec.cat\/pallars\/wp-content\/uploads\/usu1099\/2025\/02\/la-memoria-de-la-terra.jpg 768w, https:\/\/serveiseducatius.xtec.cat\/pallars\/wp-content\/uploads\/usu1099\/2025\/02\/la-memoria-de-la-terra-300x169.jpg 300w\" sizes=\"auto, (max-width: 300px) 100vw, 300px\" \/><\/td><td class=\"has-text-align-center\" data-align=\"center\"><img loading=\"lazy\" decoding=\"async\" width=\"252\" height=\"183\" class=\"wp-image-25112\" style=\"width: 252px;\" src=\"https:\/\/serveiseducatius.xtec.cat\/pallars\/wp-content\/uploads\/usu1099\/2025\/02\/interpretacio-geologia-del-paisatge.jpg\" alt=\"\" srcset=\"https:\/\/serveiseducatius.xtec.cat\/pallars\/wp-content\/uploads\/usu1099\/2025\/02\/interpretacio-geologia-del-paisatge.jpg 768w, https:\/\/serveiseducatius.xtec.cat\/pallars\/wp-content\/uploads\/usu1099\/2025\/02\/interpretacio-geologia-del-paisatge-300x218.jpg 300w\" sizes=\"auto, (max-width: 252px) 100vw, 252px\" \/><\/td><td class=\"has-text-align-center\" data-align=\"center\"><img loading=\"lazy\" decoding=\"async\" width=\"300\" height=\"169\" class=\"wp-image-25107\" style=\"width: 300px;\" src=\"https:\/\/serveiseducatius.xtec.cat\/pallars\/wp-content\/uploads\/usu1099\/2025\/02\/el-paisatge-ens-parla.jpg\" alt=\"\" srcset=\"https:\/\/serveiseducatius.xtec.cat\/pallars\/wp-content\/uploads\/usu1099\/2025\/02\/el-paisatge-ens-parla.jpg 768w, https:\/\/serveiseducatius.xtec.cat\/pallars\/wp-content\/uploads\/usu1099\/2025\/02\/el-paisatge-ens-parla-300x169.jpg 300w\" sizes=\"auto, (max-width: 300px) 100vw, 300px\" \/><\/td><\/tr><tr><td class=\"has-text-align-center\" data-align=\"center\"><strong><strong>ESO, Batxillerat i Cicles Formatius<\/strong><\/strong><\/td><td class=\"has-text-align-center\" data-align=\"center\"><strong>ESO, Batxillerat i Cicles Formatius<\/strong><\/td><td class=\"has-text-align-center\" data-align=\"center\"><strong>ESO<\/strong><\/td><\/tr><tr><td class=\"has-text-align-center\" data-align=\"center\"><strong><a href=\"https:\/\/serveiseducatius.xtec.cat\/cda-tremp\/ambits\/el-bosc\/la-memoria-de-la-terra\/\">M\u00e9s informaci\u00f3<\/a><\/strong><\/td><td class=\"has-text-align-center\" data-align=\"center\"><strong><a href=\"https:\/\/serveiseducatius.xtec.cat\/cda-tremp\/ambits\/el-bosc\/la-interpretacio-geologica-del-paisatge\/\">M\u00e9s informaci\u00f3<\/a><\/strong><\/td><td class=\"has-text-align-center\" data-align=\"center\"><strong><a href=\"https:\/\/serveiseducatius.xtec.cat\/cda-tremp\/ambits\/el-bosc\/el-paisatge-ens-parla\/\">M\u00e9s informaci\u00f3<\/a><\/strong><\/td><\/tr><tr><td class=\"has-text-align-center\" data-align=\"center\"><\/td><td class=\"has-text-align-center\" data-align=\"center\"><\/td><td class=\"has-text-align-center\" data-align=\"center\"><\/td><\/tr><tr><td class=\"has-text-align-center\" data-align=\"center\"><span style=\"\"><span style=\"color: rgb(186, 28, 28); font-weight: bold; font-size: 20px;\">Relleus als Pirineus<\/span><\/span><\/td><td class=\"has-text-align-center\" data-align=\"center\"><span style=\"\"><span style=\"color: rgb(186, 28, 28); font-weight: bold; font-size: 20px;\">Tot el temps del m\u00f3n, toquem els Pirineus<\/span><\/span><\/td><td class=\"has-text-align-center\" data-align=\"center\"><span style=\"\"><span style=\"color: rgb(186, 28, 28); font-weight: bold; font-size: 20px;\">A cop de pedal<\/span><\/span><\/td><\/tr><tr><td class=\"has-text-align-center\" data-align=\"center\"><img loading=\"lazy\" decoding=\"async\" width=\"300\" height=\"177\" class=\"wp-image-25108\" style=\"width: 300px;\" src=\"https:\/\/serveiseducatius.xtec.cat\/pallars\/wp-content\/uploads\/usu1099\/2025\/02\/el-relleu-dels-pirineus.jpg\" alt=\"\" srcset=\"https:\/\/serveiseducatius.xtec.cat\/pallars\/wp-content\/uploads\/usu1099\/2025\/02\/el-relleu-dels-pirineus.jpg 768w, https:\/\/serveiseducatius.xtec.cat\/pallars\/wp-content\/uploads\/usu1099\/2025\/02\/el-relleu-dels-pirineus-300x177.jpg 300w\" sizes=\"auto, (max-width: 300px) 100vw, 300px\" \/><\/td><td class=\"has-text-align-center\" data-align=\"center\"><img loading=\"lazy\" decoding=\"async\" width=\"250\" height=\"167\" class=\"wp-image-25117\" style=\"width: 250px;\" src=\"https:\/\/serveiseducatius.xtec.cat\/pallars\/wp-content\/uploads\/usu1099\/2025\/02\/tot-el-temps-del-mon.png\" alt=\"\"><\/td><td class=\"has-text-align-center\" data-align=\"center\"><img loading=\"lazy\" decoding=\"async\" width=\"250\" height=\"188\" class=\"wp-image-26439\" style=\"width: 250px;\" src=\"https:\/\/serveiseducatius.xtec.cat\/pallars\/wp-content\/uploads\/usu1099\/2025\/11\/a-cop-de-pedal.jpg\" alt=\"\"><\/td><\/tr><tr><td class=\"has-text-align-center\" data-align=\"center\"><strong>CS de prim\u00e0ria, 1r cicle d&#8217;ESO <\/strong><\/td><td class=\"has-text-align-center\" data-align=\"center\"><strong>ESO, Batxillerat i Cicles Formatius<\/strong><\/td><td class=\"has-text-align-center\" data-align=\"center\"><strong>ESO, Batxillerat i Cicles Formatius<\/strong><\/td><\/tr><tr><td class=\"has-text-align-center\" data-align=\"center\"><strong><a href=\"https:\/\/serveiseducatius.xtec.cat\/cda-tremp\/ambits\/el-bosc\/relleus-als-pirineus\/\">M\u00e9s informaci\u00f3<\/a><\/strong><\/td><td class=\"has-text-align-center\" data-align=\"center\"><strong><a href=\"https:\/\/serveiseducatius.xtec.cat\/cda-tremp\/ambits\/el-bosc\/amb-tot-el-temps-del-mon-toquem-els-pirineus\/\">M\u00e9s informaci\u00f3<\/a><\/strong><\/td><td class=\"has-text-align-center\" data-align=\"center\"><strong><a href=\"https:\/\/serveiseducatius.xtec.cat\/cda-tremp\/ambits\/el-bosc\/a-cop-de-pedal\/\">M\u00e9s informaci\u00f3<\/a><\/strong><\/td><\/tr><tr><td class=\"has-text-align-center\" data-align=\"center\"><\/td><td class=\"has-text-align-center\" data-align=\"center\"><\/td><td class=\"has-text-align-center\" data-align=\"center\"><br><a href=\"https:\/\/serveiseducatius.xtec.cat\/cda-tremp\/\"><img loading=\"lazy\" decoding=\"async\" width=\"150\" height=\"133\" class=\"wp-image-22245\" style=\"width: 150px;\" src=\"https:\/\/serveiseducatius.xtec.cat\/pallars\/wp-content\/uploads\/usu1099\/2023\/11\/logo-CdA-4-1.png\" alt=\"\" srcset=\"https:\/\/serveiseducatius.xtec.cat\/pallars\/wp-content\/uploads\/usu1099\/2023\/11\/logo-CdA-4-1.png 570w, https:\/\/serveiseducatius.xtec.cat\/pallars\/wp-content\/uploads\/usu1099\/2023\/11\/logo-CdA-4-1-300x265.png 300w\" sizes=\"auto, (max-width: 150px) 100vw, 150px\" \/><\/a><\/td><\/tr><\/tbody><\/table><\/figure>\n\n\n\n<p><\/p>\n","protected":false},"excerpt":{"rendered":"<p>Tremp, ciutat geol\u00f2gica Els f\u00f2ssils, l&#8217;empremta del passat El m\u00f3n dels \u00faltims dinosaures Prim\u00e0ria, ESO, Batxillerat i Cicles Formatius CM [&hellip;]<\/p>\n","protected":false},"author":1,"featured_media":0,"parent":0,"menu_order":0,"comment_status":"closed","ping_status":"close","template":"","meta":{"_bbp_topic_count":0,"_bbp_reply_count":0,"_bbp_total_topic_count":0,"_bbp_total_reply_count":0,"_bbp_voice_count":0,"_bbp_anonymous_reply_count":0,"_bbp_topic_count_hidden":0,"_bbp_reply_count_hidden":0,"_bbp_forum_subforum_count":0,"site-sidebar-layout":"default","site-content-layout":"","ast-site-content-layout":"default","site-content-style":"default","site-sidebar-style":"default","ast-global-header-display":"","ast-banner-title-visibility":"","ast-main-header-display":"","ast-hfb-above-header-display":"","ast-hfb-below-header-display":"","ast-hfb-mobile-header-display":"","site-post-title":"","ast-breadcrumbs-content":"","ast-featured-img":"","footer-sml-layout":"","theme-transparent-header-meta":"","adv-header-id-meta":"","stick-header-meta":"","header-above-stick-meta":"","header-main-stick-meta":"","header-below-stick-meta":"","astra-migrate-meta-layouts":"set","ast-page-background-enabled":"default","ast-page-background-meta":{"desktop":{"background-color":"var(--ast-global-color-4)","background-image":"","background-repeat":"repeat","background-position":"center center","background-size":"auto","background-attachment":"scroll","background-type":"","background-media":"","overlay-type":"","overlay-color":"","overlay-opacity":"","overlay-gradient":""},"tablet":{"background-color":"","background-image":"","background-repeat":"repeat","background-position":"center center","background-size":"auto","background-attachment":"scroll","background-type":"","background-media":"","overlay-type":"","overlay-color":"","overlay-opacity":"","overlay-gradient":""},"mobile":{"background-color":"","background-image":"","background-repeat":"repeat","background-position":"center center","background-size":"auto","background-attachment":"scroll","background-type":"","background-media":"","overlay-type":"","overlay-color":"","overlay-opacity":"","overlay-gradient":""}},"ast-content-background-meta":{"desktop":{"background-color":"var(--ast-global-color-5)","background-image":"","background-repeat":"repeat","background-position":"center center","background-size":"auto","background-attachment":"scroll","background-type":"","background-media":"","overlay-type":"","overlay-color":"","overlay-opacity":"","overlay-gradient":""},"tablet":{"background-color":"var(--ast-global-color-5)","background-image":"","background-repeat":"repeat","background-position":"center center","background-size":"auto","background-attachment":"scroll","background-type":"","background-media":"","overlay-type":"","overlay-color":"","overlay-opacity":"","overlay-gradient":""},"mobile":{"background-color":"var(--ast-global-color-5)","background-image":"","background-repeat":"repeat","background-position":"center center","background-size":"auto","background-attachment":"scroll","background-type":"","background-media":"","overlay-type":"","overlay-color":"","overlay-opacity":"","overlay-gradient":""}},"footnotes":""},"class_list":["post-25103","page","type-page","status-publish","hentry"],"post_mailing_queue_ids":[],"_links":{"self":[{"href":"https:\/\/serveiseducatius.xtec.cat\/pallars\/wp-json\/wp\/v2\/pages\/25103","targetHints":{"allow":["GET"]}}],"collection":[{"href":"https:\/\/serveiseducatius.xtec.cat\/pallars\/wp-json\/wp\/v2\/pages"}],"about":[{"href":"https:\/\/serveiseducatius.xtec.cat\/pallars\/wp-json\/wp\/v2\/types\/page"}],"author":[{"embeddable":true,"href":"https:\/\/serveiseducatius.xtec.cat\/pallars\/wp-json\/wp\/v2\/users\/1"}],"replies":[{"embeddable":true,"href":"https:\/\/serveiseducatius.xtec.cat\/pallars\/wp-json\/wp\/v2\/comments?post=25103"}],"version-history":[{"count":5,"href":"https:\/\/serveiseducatius.xtec.cat\/pallars\/wp-json\/wp\/v2\/pages\/25103\/revisions"}],"predecessor-version":[{"id":26440,"href":"https:\/\/serveiseducatius.xtec.cat\/pallars\/wp-json\/wp\/v2\/pages\/25103\/revisions\/26440"}],"wp:attachment":[{"href":"https:\/\/serveiseducatius.xtec.cat\/pallars\/wp-json\/wp\/v2\/media?parent=25103"}],"curies":[{"name":"wp","href":"https:\/\/api.w.org\/{rel}","templated":true}]}}