{"id":25039,"date":"2025-02-26T14:27:39","date_gmt":"2025-02-26T13:27:39","guid":{"rendered":"https:\/\/serveiseducatius.xtec.cat\/pallars\/?page_id=25039"},"modified":"2025-04-30T18:43:47","modified_gmt":"2025-04-30T16:43:47","slug":"1a-jornada-matematica","status":"publish","type":"page","link":"https:\/\/serveiseducatius.xtec.cat\/pallars\/1a-jornada-matematica\/","title":{"rendered":"1a Jornada Fem Matem\u00e0tiques sense l\u00edmit &#8211; Alt Pirineu i Aran"},"content":{"rendered":"\n<p>El passat <strong>26 d\u2019abril de 2025<\/strong> va tenir lloc a Sort la <strong><em>1a Jornada Fem Matem\u00e0tiques sense l\u00edmit<\/em><\/strong>, una iniciativa adre\u00e7ada al professorat d\u2019educaci\u00f3 infantil, prim\u00e0ria i secund\u00e0ria de l\u2019Alt Pirineu i Aran, pensada per aprofundir en noves estrat\u00e8gies i metodologies per a l\u2019ensenyament de les matem\u00e0tiques.<\/p>\n\n\n\n<figure class=\"wp-block-image alignleft size-large is-resized\"><a href=\"https:\/\/serveiseducatius.xtec.cat\/pallars\/wp-content\/uploads\/usu1099\/2025\/03\/Cartell_-I-JORNADA-FEM-MATEMATIQUES-SENSE-LIMITS-1-1.png\"><img loading=\"lazy\" decoding=\"async\" width=\"724\" height=\"1024\" src=\"https:\/\/serveiseducatius.xtec.cat\/pallars\/wp-content\/uploads\/usu1099\/2025\/03\/Cartell_-I-JORNADA-FEM-MATEMATIQUES-SENSE-LIMITS-1-1-724x1024.png\" alt=\"\" class=\"wp-image-25258\" style=\"width:334px;height:auto\" srcset=\"https:\/\/serveiseducatius.xtec.cat\/pallars\/wp-content\/uploads\/usu1099\/2025\/03\/Cartell_-I-JORNADA-FEM-MATEMATIQUES-SENSE-LIMITS-1-1-724x1024.png 724w, https:\/\/serveiseducatius.xtec.cat\/pallars\/wp-content\/uploads\/usu1099\/2025\/03\/Cartell_-I-JORNADA-FEM-MATEMATIQUES-SENSE-LIMITS-1-1-212x300.png 212w, https:\/\/serveiseducatius.xtec.cat\/pallars\/wp-content\/uploads\/usu1099\/2025\/03\/Cartell_-I-JORNADA-FEM-MATEMATIQUES-SENSE-LIMITS-1-1-768x1086.png 768w, https:\/\/serveiseducatius.xtec.cat\/pallars\/wp-content\/uploads\/usu1099\/2025\/03\/Cartell_-I-JORNADA-FEM-MATEMATIQUES-SENSE-LIMITS-1-1-1086x1536.png 1086w, https:\/\/serveiseducatius.xtec.cat\/pallars\/wp-content\/uploads\/usu1099\/2025\/03\/Cartell_-I-JORNADA-FEM-MATEMATIQUES-SENSE-LIMITS-1-1-1448x2048.png 1448w, https:\/\/serveiseducatius.xtec.cat\/pallars\/wp-content\/uploads\/usu1099\/2025\/03\/Cartell_-I-JORNADA-FEM-MATEMATIQUES-SENSE-LIMITS-1-1.png 1587w\" sizes=\"auto, (max-width: 724px) 100vw, 724px\" \/><\/a><\/figure>\n\n\n\n<p>La jornada es va iniciar amb la xerrada <strong>\u201cSense trencar ous no es fan truites. Sobre la innovaci\u00f3 i la formaci\u00f3 en matem\u00e0tiques\u201d<\/strong>, a c\u00e0rrec de <strong>Daniel Ruiz Aguilera<\/strong>, professor de la <strong>Universitat de les Illes Balears<\/strong><\/p>\n\n\n\n<p>Tot seguit, els participants van tenir l\u2019oportunitat d\u2019assistir a <strong>dues franges de tallers especialitzats<\/strong>, adaptats a cada etapa educativa. Els tallers es van centrar en <strong>estrat\u00e8gies innovadores i recursos pr\u00e0ctics<\/strong> per fer les matem\u00e0tiques m\u00e9s <strong>accessibles i motivadores<\/strong> per a l\u2019alumnat.<\/p>\n\n\n\n<p>La jornada es va cloure amb la participaci\u00f3 de <strong>Manel Mart\u00ednez<\/strong> i <strong>Carme Vicens<\/strong>, del <strong>CREAMAT<\/strong>, que van parlar sobre <strong>el material com a instrument per a la conversa matem\u00e0tica<\/strong>.<\/p>\n\n\n\n<p>Aquesta jornada va representar no nom\u00e9s <strong>una oportunitat de formaci\u00f3<\/strong>, sin\u00f3 tamb\u00e9 <strong>un espai de trobada i intercanvi<\/strong> entre professionals compromesos amb la millora de l\u2019ensenyament de les matem\u00e0tiques.<\/p>\n\n\n\n<div class=\"wp-block-columns is-layout-flex wp-container-core-columns-is-layout-1 wp-block-columns-is-layout-flex\">\n<div class=\"wp-block-column is-layout-flow wp-block-column-is-layout-flow\">\n<p><strong><a href=\"https:\/\/drive.google.com\/file\/d\/1Cv1CqUWIeLnq6dbBomNb9B8r6xeGxpdS\/view?usp=sharing\">PROGRAMA<\/a><\/strong><\/p>\n<\/div>\n<\/div>\n\n\n\n<p>Us enllacem les presentacions que van ser utilitzades pels conferenciants i els\/les talleristes a la Jornada.<\/p>\n\n\n\n<ul class=\"wp-block-list\">\n<li>Daniel Ruiz professor de la Universitat de les Illes Balears ens va presentar la seva pon\u00e8ncia,  <em>&#8220;Sense trencar ous no es fan truites. Sobre la innovaci\u00f3 i la formaci\u00f3 en matem\u00e0tiques&#8221;.<\/em>  <strong><a href=\"https:\/\/drive.google.com\/file\/d\/1HmXx8I5snY9EcdqIGUe9LG9Y6qBehw5U\/view?usp=drive_link\">Enlla\u00e7 a la presentaci\u00f3<\/a><\/strong><\/li>\n\n\n\n<li><strong><em>La hist\u00f2ria de la numeraci\u00f3<\/em><\/strong> a c\u00e0rrec de S\u00edlvia Margel\u00ed, del CREAMAT, va ser un dels tallers de prim\u00e0ria.<a href=\"https:\/\/drive.google.com\/file\/d\/1l2oNcq--L5c3n5ug3lr5rL3BdVIlLbtA\/view?usp=drive_link\"> <strong>Enlla\u00e7 a la presentaci\u00f3<\/strong><\/a><\/li>\n\n\n\n<li><strong><em>\u201cEl material: un instrument per a la conversa matem\u00e0tica.\u201d<\/em><\/strong> a c\u00e0rrec de Manel Martinez i Carme Vicens docents de matem\u00e0tiques, i t\u00e8cnics del CREAMAT van tarncar la jornada. <strong><a href=\"https:\/\/drive.google.com\/file\/d\/1CsSNm6LnBOJ9yUdMumY5L8zkcBVovHT-\/view?usp=drive_link\">Enlla\u00e7 a la presentaci\u00f3.<\/a><\/strong><\/li>\n<\/ul>\n","protected":false},"excerpt":{"rendered":"<p>El passat 26 d\u2019abril de 2025 va tenir lloc a Sort la 1a Jornada Fem Matem\u00e0tiques sense l\u00edmit, una iniciativa [&hellip;]<\/p>\n","protected":false},"author":1,"featured_media":0,"parent":0,"menu_order":0,"comment_status":"closed","ping_status":"close","template":"","meta":{"_bbp_topic_count":0,"_bbp_reply_count":0,"_bbp_total_topic_count":0,"_bbp_total_reply_count":0,"_bbp_voice_count":0,"_bbp_anonymous_reply_count":0,"_bbp_topic_count_hidden":0,"_bbp_reply_count_hidden":0,"_bbp_forum_subforum_count":0,"site-sidebar-layout":"default","site-content-layout":"","ast-site-content-layout":"default","site-content-style":"default","site-sidebar-style":"default","ast-global-header-display":"","ast-banner-title-visibility":"","ast-main-header-display":"","ast-hfb-above-header-display":"","ast-hfb-below-header-display":"","ast-hfb-mobile-header-display":"","site-post-title":"","ast-breadcrumbs-content":"","ast-featured-img":"","footer-sml-layout":"","theme-transparent-header-meta":"","adv-header-id-meta":"","stick-header-meta":"","header-above-stick-meta":"","header-main-stick-meta":"","header-below-stick-meta":"","astra-migrate-meta-layouts":"set","ast-page-background-enabled":"default","ast-page-background-meta":{"desktop":{"background-color":"var(--ast-global-color-4)","background-image":"","background-repeat":"repeat","background-position":"center center","background-size":"auto","background-attachment":"scroll","background-type":"","background-media":"","overlay-type":"","overlay-color":"","overlay-opacity":"","overlay-gradient":""},"tablet":{"background-color":"","background-image":"","background-repeat":"repeat","background-position":"center center","background-size":"auto","background-attachment":"scroll","background-type":"","background-media":"","overlay-type":"","overlay-color":"","overlay-opacity":"","overlay-gradient":""},"mobile":{"background-color":"","background-image":"","background-repeat":"repeat","background-position":"center center","background-size":"auto","background-attachment":"scroll","background-type":"","background-media":"","overlay-type":"","overlay-color":"","overlay-opacity":"","overlay-gradient":""}},"ast-content-background-meta":{"desktop":{"background-color":"var(--ast-global-color-5)","background-image":"","background-repeat":"repeat","background-position":"center center","background-size":"auto","background-attachment":"scroll","background-type":"","background-media":"","overlay-type":"","overlay-color":"","overlay-opacity":"","overlay-gradient":""},"tablet":{"background-color":"var(--ast-global-color-5)","background-image":"","background-repeat":"repeat","background-position":"center center","background-size":"auto","background-attachment":"scroll","background-type":"","background-media":"","overlay-type":"","overlay-color":"","overlay-opacity":"","overlay-gradient":""},"mobile":{"background-color":"var(--ast-global-color-5)","background-image":"","background-repeat":"repeat","background-position":"center center","background-size":"auto","background-attachment":"scroll","background-type":"","background-media":"","overlay-type":"","overlay-color":"","overlay-opacity":"","overlay-gradient":""}},"footnotes":""},"class_list":["post-25039","page","type-page","status-publish","hentry"],"post_mailing_queue_ids":[],"_links":{"self":[{"href":"https:\/\/serveiseducatius.xtec.cat\/pallars\/wp-json\/wp\/v2\/pages\/25039","targetHints":{"allow":["GET"]}}],"collection":[{"href":"https:\/\/serveiseducatius.xtec.cat\/pallars\/wp-json\/wp\/v2\/pages"}],"about":[{"href":"https:\/\/serveiseducatius.xtec.cat\/pallars\/wp-json\/wp\/v2\/types\/page"}],"author":[{"embeddable":true,"href":"https:\/\/serveiseducatius.xtec.cat\/pallars\/wp-json\/wp\/v2\/users\/1"}],"replies":[{"embeddable":true,"href":"https:\/\/serveiseducatius.xtec.cat\/pallars\/wp-json\/wp\/v2\/comments?post=25039"}],"version-history":[{"count":6,"href":"https:\/\/serveiseducatius.xtec.cat\/pallars\/wp-json\/wp\/v2\/pages\/25039\/revisions"}],"predecessor-version":[{"id":25599,"href":"https:\/\/serveiseducatius.xtec.cat\/pallars\/wp-json\/wp\/v2\/pages\/25039\/revisions\/25599"}],"wp:attachment":[{"href":"https:\/\/serveiseducatius.xtec.cat\/pallars\/wp-json\/wp\/v2\/media?parent=25039"}],"curies":[{"name":"wp","href":"https:\/\/api.w.org\/{rel}","templated":true}]}}