{"id":23891,"date":"2024-09-30T11:59:14","date_gmt":"2024-09-30T09:59:14","guid":{"rendered":"https:\/\/serveiseducatius.xtec.cat\/pallars\/?page_id=23891"},"modified":"2024-09-30T12:01:40","modified_gmt":"2024-09-30T10:01:40","slug":"funcions","status":"publish","type":"page","link":"https:\/\/serveiseducatius.xtec.cat\/pallars\/el-servei-educatiu\/professionals-de-suport\/funcions\/","title":{"rendered":"Treballadora Social &#8211; Referent de viol\u00e8ncies"},"content":{"rendered":"<h4><strong>FUNCIONS<\/strong><\/h4>\n<p>El Departament d\u2019Educaci\u00f3 i Formaci\u00f3 Professional, fruit de la integraci\u00f3 a les Barnahus, ha incorporat\u00a0<b>referents en viol\u00e8ncies<\/b>\u00a0a cada un dels serveis territorials (treballadores socials) i son el pont entre les Barnahus i els centres educatius en casos de viol\u00e8ncies sexuals.<\/p>\n<p>En concret, \u00e9s<b>\u00a0la persona referent dels casos de viol\u00e8ncies sexuals del territori de l\u2019estrat\u00e8gia Barnahus i en fa el seguiment de les actuacions dutes a terme vinculades amb Barnahus en el territori.<\/b><\/p>\n<p>Aix\u00ed mateix, la referent de viol\u00e8ncies al territori impulsa el Pla de Les Escoles Lliures de Viol\u00e8ncies al territori: forma part de la comissi\u00f3 territorial del Pla LELV, es coordina amb la USAV per planificar, fer el seguiment i valorar les actuacions dutes a terme, es coordina amb els agents del territori quan escaigui amb les situacions de viol\u00e8ncia, detecta les necessitats formatives del territori vinculades a les situacions de viol\u00e8ncia, fa el seguiment de casos del territori que determini la USAV i d\u00f3na suport en l\u2019assessorament i formacions a centres educatius.<\/p>\n","protected":false},"excerpt":{"rendered":"<p>FUNCIONS El Departament d\u2019Educaci\u00f3 i Formaci\u00f3 Professional, fruit de la integraci\u00f3 a les Barnahus, ha incorporat\u00a0referents en viol\u00e8ncies\u00a0a cada un [&hellip;]<\/p>\n","protected":false},"author":1,"featured_media":0,"parent":20738,"menu_order":6,"comment_status":"closed","ping_status":"closed","template":"page-templates\/side-menu.php","meta":{"_bbp_topic_count":0,"_bbp_reply_count":0,"_bbp_total_topic_count":0,"_bbp_total_reply_count":0,"_bbp_voice_count":0,"_bbp_anonymous_reply_count":0,"_bbp_topic_count_hidden":0,"_bbp_reply_count_hidden":0,"_bbp_forum_subforum_count":0,"site-sidebar-layout":"default","site-content-layout":"","ast-site-content-layout":"","site-content-style":"default","site-sidebar-style":"default","ast-global-header-display":"","ast-banner-title-visibility":"","ast-main-header-display":"","ast-hfb-above-header-display":"","ast-hfb-below-header-display":"","ast-hfb-mobile-header-display":"","site-post-title":"","ast-breadcrumbs-content":"","ast-featured-img":"","footer-sml-layout":"","theme-transparent-header-meta":"","adv-header-id-meta":"","stick-header-meta":"","header-above-stick-meta":"","header-main-stick-meta":"","header-below-stick-meta":"","astra-migrate-meta-layouts":"default","ast-page-background-enabled":"default","ast-page-background-meta":{"desktop":{"background-color":"var(--ast-global-color-4)","background-image":"","background-repeat":"repeat","background-position":"center center","background-size":"auto","background-attachment":"scroll","background-type":"","background-media":"","overlay-type":"","overlay-color":"","overlay-opacity":"","overlay-gradient":""},"tablet":{"background-color":"","background-image":"","background-repeat":"repeat","background-position":"center center","background-size":"auto","background-attachment":"scroll","background-type":"","background-media":"","overlay-type":"","overlay-color":"","overlay-opacity":"","overlay-gradient":""},"mobile":{"background-color":"","background-image":"","background-repeat":"repeat","background-position":"center center","background-size":"auto","background-attachment":"scroll","background-type":"","background-media":"","overlay-type":"","overlay-color":"","overlay-opacity":"","overlay-gradient":""}},"ast-content-background-meta":{"desktop":{"background-color":"var(--ast-global-color-5)","background-image":"","background-repeat":"repeat","background-position":"center center","background-size":"auto","background-attachment":"scroll","background-type":"","background-media":"","overlay-type":"","overlay-color":"","overlay-opacity":"","overlay-gradient":""},"tablet":{"background-color":"var(--ast-global-color-5)","background-image":"","background-repeat":"repeat","background-position":"center center","background-size":"auto","background-attachment":"scroll","background-type":"","background-media":"","overlay-type":"","overlay-color":"","overlay-opacity":"","overlay-gradient":""},"mobile":{"background-color":"var(--ast-global-color-5)","background-image":"","background-repeat":"repeat","background-position":"center center","background-size":"auto","background-attachment":"scroll","background-type":"","background-media":"","overlay-type":"","overlay-color":"","overlay-opacity":"","overlay-gradient":""}},"footnotes":""},"class_list":["post-23891","page","type-page","status-publish","hentry"],"post_mailing_queue_ids":[],"_links":{"self":[{"href":"https:\/\/serveiseducatius.xtec.cat\/pallars\/wp-json\/wp\/v2\/pages\/23891","targetHints":{"allow":["GET"]}}],"collection":[{"href":"https:\/\/serveiseducatius.xtec.cat\/pallars\/wp-json\/wp\/v2\/pages"}],"about":[{"href":"https:\/\/serveiseducatius.xtec.cat\/pallars\/wp-json\/wp\/v2\/types\/page"}],"author":[{"embeddable":true,"href":"https:\/\/serveiseducatius.xtec.cat\/pallars\/wp-json\/wp\/v2\/users\/1"}],"replies":[{"embeddable":true,"href":"https:\/\/serveiseducatius.xtec.cat\/pallars\/wp-json\/wp\/v2\/comments?post=23891"}],"version-history":[{"count":2,"href":"https:\/\/serveiseducatius.xtec.cat\/pallars\/wp-json\/wp\/v2\/pages\/23891\/revisions"}],"predecessor-version":[{"id":23894,"href":"https:\/\/serveiseducatius.xtec.cat\/pallars\/wp-json\/wp\/v2\/pages\/23891\/revisions\/23894"}],"up":[{"embeddable":true,"href":"https:\/\/serveiseducatius.xtec.cat\/pallars\/wp-json\/wp\/v2\/pages\/20738"}],"wp:attachment":[{"href":"https:\/\/serveiseducatius.xtec.cat\/pallars\/wp-json\/wp\/v2\/media?parent=23891"}],"curies":[{"name":"wp","href":"https:\/\/api.w.org\/{rel}","templated":true}]}}