{"id":23862,"date":"2024-09-25T15:55:37","date_gmt":"2024-09-25T13:55:37","guid":{"rendered":"https:\/\/serveiseducatius.xtec.cat\/pallars\/?page_id=23862"},"modified":"2026-03-18T14:00:05","modified_gmt":"2026-03-18T13:00:05","slug":"crecdic-centre-de-recursos-educatius-per-a-alumnes-amb-trastorns-del-desenvolupament-i-la-conducta","status":"publish","type":"page","link":"https:\/\/serveiseducatius.xtec.cat\/pallars\/el-servei-educatiu\/professionals-de-suport\/crecdic-centre-de-recursos-educatius-per-a-alumnes-amb-trastorns-del-desenvolupament-i-la-conducta\/","title":{"rendered":"CRETDIC (Centre de Recursos Educatius per a Alumnes amb Trastorns del Desenvolupament i la Conducta)"},"content":{"rendered":"<h4><strong>FUNCIONS<\/strong><\/h4>\n<ul>\n<li>Col\u00b7laboraci\u00f3 amb els equips d&#8217;assessorament i orientaci\u00f3 psicopedag\u00f2gics en la identificaci\u00f3 i l&#8217;avaluaci\u00f3 de les necessitats dels alumnes amb trastorns del desenvolupament i de la conducta, i en l&#8217;orientaci\u00f3 a les fam\u00edlies.<\/li>\n<li>Assessorament i formaci\u00f3 als centres, als equips docents i als serveis educatius sobre criteris organitzatius i metodol\u00f2gics que facilitin l&#8217;atenci\u00f3 de les necessitats dels alumnes amb trastorns del desenvolupament i de la conducta.<\/li>\n<li>Aportaci\u00f3 de suport i de criteris t\u00e8cnics a altres \u00f2rgans del Departament d&#8217;Educaci\u00f3.<\/li>\n<li>Altres funcions que els atribueixi el Departament d&#8217;Educaci\u00f3.<\/li>\n<\/ul>\n","protected":false},"excerpt":{"rendered":"<p>FUNCIONS Col\u00b7laboraci\u00f3 amb els equips d&#8217;assessorament i orientaci\u00f3 psicopedag\u00f2gics en la identificaci\u00f3 i l&#8217;avaluaci\u00f3 de les necessitats dels alumnes amb [&hellip;]<\/p>\n","protected":false},"author":1,"featured_media":0,"parent":20738,"menu_order":4,"comment_status":"closed","ping_status":"closed","template":"","meta":{"_bbp_topic_count":0,"_bbp_reply_count":0,"_bbp_total_topic_count":0,"_bbp_total_reply_count":0,"_bbp_voice_count":0,"_bbp_anonymous_reply_count":0,"_bbp_topic_count_hidden":0,"_bbp_reply_count_hidden":0,"_bbp_forum_subforum_count":0,"site-sidebar-layout":"default","site-content-layout":"","ast-site-content-layout":"default","site-content-style":"default","site-sidebar-style":"default","ast-global-header-display":"","ast-banner-title-visibility":"","ast-main-header-display":"","ast-hfb-above-header-display":"","ast-hfb-below-header-display":"","ast-hfb-mobile-header-display":"","site-post-title":"","ast-breadcrumbs-content":"","ast-featured-img":"","footer-sml-layout":"","theme-transparent-header-meta":"","adv-header-id-meta":"","stick-header-meta":"","header-above-stick-meta":"","header-main-stick-meta":"","header-below-stick-meta":"","astra-migrate-meta-layouts":"set","ast-page-background-enabled":"default","ast-page-background-meta":{"desktop":{"background-color":"var(--ast-global-color-4)","background-image":"","background-repeat":"repeat","background-position":"center center","background-size":"auto","background-attachment":"scroll","background-type":"","background-media":"","overlay-type":"","overlay-color":"","overlay-opacity":"","overlay-gradient":""},"tablet":{"background-color":"","background-image":"","background-repeat":"repeat","background-position":"center center","background-size":"auto","background-attachment":"scroll","background-type":"","background-media":"","overlay-type":"","overlay-color":"","overlay-opacity":"","overlay-gradient":""},"mobile":{"background-color":"","background-image":"","background-repeat":"repeat","background-position":"center center","background-size":"auto","background-attachment":"scroll","background-type":"","background-media":"","overlay-type":"","overlay-color":"","overlay-opacity":"","overlay-gradient":""}},"ast-content-background-meta":{"desktop":{"background-color":"var(--ast-global-color-5)","background-image":"","background-repeat":"repeat","background-position":"center center","background-size":"auto","background-attachment":"scroll","background-type":"","background-media":"","overlay-type":"","overlay-color":"","overlay-opacity":"","overlay-gradient":""},"tablet":{"background-color":"var(--ast-global-color-5)","background-image":"","background-repeat":"repeat","background-position":"center center","background-size":"auto","background-attachment":"scroll","background-type":"","background-media":"","overlay-type":"","overlay-color":"","overlay-opacity":"","overlay-gradient":""},"mobile":{"background-color":"var(--ast-global-color-5)","background-image":"","background-repeat":"repeat","background-position":"center center","background-size":"auto","background-attachment":"scroll","background-type":"","background-media":"","overlay-type":"","overlay-color":"","overlay-opacity":"","overlay-gradient":""}},"footnotes":""},"class_list":["post-23862","page","type-page","status-publish","hentry"],"post_mailing_queue_ids":[],"_links":{"self":[{"href":"https:\/\/serveiseducatius.xtec.cat\/pallars\/wp-json\/wp\/v2\/pages\/23862","targetHints":{"allow":["GET"]}}],"collection":[{"href":"https:\/\/serveiseducatius.xtec.cat\/pallars\/wp-json\/wp\/v2\/pages"}],"about":[{"href":"https:\/\/serveiseducatius.xtec.cat\/pallars\/wp-json\/wp\/v2\/types\/page"}],"author":[{"embeddable":true,"href":"https:\/\/serveiseducatius.xtec.cat\/pallars\/wp-json\/wp\/v2\/users\/1"}],"replies":[{"embeddable":true,"href":"https:\/\/serveiseducatius.xtec.cat\/pallars\/wp-json\/wp\/v2\/comments?post=23862"}],"version-history":[{"count":2,"href":"https:\/\/serveiseducatius.xtec.cat\/pallars\/wp-json\/wp\/v2\/pages\/23862\/revisions"}],"predecessor-version":[{"id":26800,"href":"https:\/\/serveiseducatius.xtec.cat\/pallars\/wp-json\/wp\/v2\/pages\/23862\/revisions\/26800"}],"up":[{"embeddable":true,"href":"https:\/\/serveiseducatius.xtec.cat\/pallars\/wp-json\/wp\/v2\/pages\/20738"}],"wp:attachment":[{"href":"https:\/\/serveiseducatius.xtec.cat\/pallars\/wp-json\/wp\/v2\/media?parent=23862"}],"curies":[{"name":"wp","href":"https:\/\/api.w.org\/{rel}","templated":true}]}}