{"id":20604,"date":"2023-02-06T16:28:25","date_gmt":"2023-02-06T15:28:25","guid":{"rendered":"https:\/\/serveiseducatius.xtec.cat\/pallars\/?page_id=20604"},"modified":"2024-05-30T09:45:25","modified_gmt":"2024-05-30T07:45:25","slug":"activitats-en-angles","status":"publish","type":"page","link":"https:\/\/serveiseducatius.xtec.cat\/pallars\/dinamitzacio\/llengua\/activitats-en-angles\/","title":{"rendered":"Activitats en angl\u00e8s"},"content":{"rendered":"<p><img loading=\"lazy\" decoding=\"async\" class=\"alignleft wp-image-17877\" src=\"https:\/\/serveiseducatius.xtec.cat\/pallars\/wp-content\/uploads\/usu1099\/2022\/03\/english-tallers.png\" alt=\"\" width=\"135\" height=\"138\" \/>L&#8217;aprenentatge de la llengua i m\u00e9s d&#8217;un idioma estranger resulta m\u00e9s motivador a partir de tallers i teatre. El fet que els alumnes tinguin una actitud participativa en l&#8217;activitat fa que hi hagi una major interacci\u00f3 amb l&#8217;activitat motiva a l&#8217;alumnat.<br \/>\nPer aix\u00f2, des del SE dels Pallars es vol continuar potenciant l&#8217;activitat en angl\u00e8s, per\u00f2 des d&#8217;un altre vessant, per aquest motiu s&#8217;ha reconvertit l&#8217;activitat de teatre en angl\u00e8s de secund\u00e0ria en tallers que es realitzaran als diferents centres educatius del Pallars Juss\u00e0 i Pallars Sobir\u00e0. I una activitat de teatre per a Prim\u00e0ria dels centres del Pallars Juss\u00e0.<\/p>\n<p>Aquest curs les activitats que es duran a terme s\u00f3n:<\/p>\n<table style=\"border-collapse: collapse; width: 100%;\">\n<tbody>\n<tr>\n<td style=\"width: 50%; text-align: center;\">\n<h4><strong>Teatre<\/strong><em><strong>: Treasure Island<\/strong><\/em><\/h4>\n<\/td>\n<td style=\"width: 50%;\">\n<h4 class=\"entry-title\" style=\"text-align: center;\"><strong>Tallers danses escoceses<\/strong><\/h4>\n<\/td>\n<\/tr>\n<tr>\n<td style=\"width: 50%;\">\n<h4 class=\"CjVfdc\" style=\"padding-left: 40px;\"><strong><span class=\"C9DxTc \">Nivell<\/span><\/strong><\/h4>\n<p class=\"zfr3Q CDt4Ke \" dir=\"ltr\" style=\"padding-left: 40px;\"><span class=\"C9DxTc \">alumnat de 4t, 5\u00e8 i 6\u00e8 de prim\u00e0ria del Pallars Juss\u00e0<\/span><\/p>\n<h4 class=\"CjVfdc\" style=\"padding-left: 40px;\"><strong><span class=\"C9DxTc \">Descripci\u00f3<\/span><\/strong><\/h4>\n<p class=\"zfr3Q CDt4Ke \" dir=\"ltr\" style=\"padding-left: 40px;\"><span class=\"C9DxTc \">Argument de l\u2019obra:\u00a0<\/span><span class=\"C9DxTc \">Jim troba un mapa del tresor, per\u00f2 comen\u00e7a a patir quan s\u2019assabenta que el vaixell que ha llogat pertany a l\u2019infame pirata \u201cLong John Silver\u201d.\u00a0<\/span><span class=\"C9DxTc \">\u00a0Amb can\u00e7ons, ball i una gran dosi de com\u00e8dia.\u00a0<\/span><\/p>\n<h4 class=\"zfr3Q CDt4Ke \" dir=\"ltr\" style=\"padding-left: 40px;\"><strong><span class=\"C9DxTc \">A c\u00e0rrec<\/span><\/strong><\/h4>\n<p class=\"zfr3Q CDt4Ke \" dir=\"ltr\" style=\"padding-left: 40px;\"><span class=\"C9DxTc \">IPA production<\/span><\/p>\n<h4 class=\"zfr3Q CDt4Ke \" dir=\"ltr\" style=\"padding-left: 40px;\"><span class=\"C9DxTc \"><strong>Data<\/strong><\/span><\/h4>\n<p style=\"padding-left: 40px;\">10 de maig de 2024<\/p>\n<h4 class=\"zfr3Q CDt4Ke \" dir=\"ltr\" style=\"padding-left: 40px;\"><span class=\"C9DxTc \"><strong>Durada<\/strong>\u00a0<\/span><\/h4>\n<p style=\"padding-left: 40px;\">1 hora<\/p>\n<h4 class=\"zfr3Q CDt4Ke \" dir=\"ltr\" style=\"padding-left: 40px;\"><strong><span class=\"C9DxTc \">Lloc i horari<\/span><\/strong><\/h4>\n<p class=\"zfr3Q CDt4Ke \" dir=\"ltr\" style=\"padding-left: 40px;\"><span class=\"C9DxTc \">Tremp \u2013 Espai Cultural La Lira \u2013 10:30 h<\/span><\/p>\n<p class=\"zfr3Q CDt4Ke \" dir=\"ltr\" style=\"padding-left: 40px;\"><span class=\"C9DxTc \">La Pobla de Segur \u2013 Sala Polivalent Esc Els Raiers \u2013 15:15 h<\/span><\/p>\n<h4 class=\"zfr3Q CDt4Ke \" dir=\"ltr\" style=\"padding-left: 40px;\"><span class=\"C9DxTc \"><strong>Col\u00b7labora<\/strong><\/span><\/h4>\n<p class=\"zfr3Q CDt4Ke \" dir=\"ltr\" style=\"padding-left: 40px;\"><span class=\"C9DxTc \">Consell Comarcal del Pallars Juss\u00e0, Ajuntament de Tremp i Esc Els Raiers de La Pobla de Segur<\/span><\/p>\n<\/td>\n<td style=\"width: 50%;\">\n<h4 style=\"padding-left: 40px;\"><strong>Nivell<\/strong><\/h4>\n<p style=\"padding-left: 40px;\">3r i 4t d&#8217;ESO dels centres del Pallars Juss\u00e0 i Sobir\u00e0<\/p>\n<h4 style=\"padding-left: 40px;\"><strong>A c\u00e0rrec<\/strong><\/h4>\n<p style=\"padding-left: 40px;\">David Vivanco<\/p>\n<h4 style=\"padding-left: 40px;\"><strong>Dates<\/strong><\/h4>\n<p style=\"padding-left: 40px;\">28 i 29 de febrer i 17, 18 i 19 d\u2019abril de 2024<\/p>\n<h4 style=\"padding-left: 40px;\"><strong>Horaris<\/strong><\/h4>\n<p style=\"padding-left: 40px;\">Consultar cada centre<\/p>\n<h4 style=\"padding-left: 40px;\"><strong>Adre\u00e7at a\u00a0<\/strong><\/h4>\n<p style=\"padding-left: 40px;\">alumnat de 3r i 4t d\u2019ESO<\/p>\n<h4 style=\"padding-left: 40px;\"><strong>Descripci\u00f3<\/strong><\/h4>\n<p style=\"padding-left: 40px;\">El taller consisteix a experimentar una mostra de la cultura escocesa com el ball en grup \u201cCeildh\u201d i can\u00e7ons folkl\u00f2riques en llengua anglesa. A m\u00e9s a m\u00e9s, escolti i responguin a hist\u00f2ries relacionades amb la hist\u00f2ria d\u2019Esc\u00f2cia, tant de l\u2019antiguitat com la contempor\u00e0nia, aix\u00ed podem practicar la llengua anglesa.<\/p>\n<\/td>\n<\/tr>\n<\/tbody>\n<\/table>\n<p class=\"CDt4Ke zfr3Q\" dir=\"ltr\">\n","protected":false},"excerpt":{"rendered":"<p>L&#8217;aprenentatge de la llengua i m\u00e9s d&#8217;un idioma estranger resulta m\u00e9s motivador a partir de tallers i teatre. El fet [&hellip;]<\/p>\n","protected":false},"author":1,"featured_media":0,"parent":20561,"menu_order":50,"comment_status":"closed","ping_status":"closed","template":"page-templates\/side-menu.php","meta":{"_bbp_topic_count":0,"_bbp_reply_count":0,"_bbp_total_topic_count":0,"_bbp_total_reply_count":0,"_bbp_voice_count":0,"_bbp_anonymous_reply_count":0,"_bbp_topic_count_hidden":0,"_bbp_reply_count_hidden":0,"_bbp_forum_subforum_count":0,"site-sidebar-layout":"default","site-content-layout":"","ast-site-content-layout":"","site-content-style":"default","site-sidebar-style":"default","ast-global-header-display":"","ast-banner-title-visibility":"","ast-main-header-display":"","ast-hfb-above-header-display":"","ast-hfb-below-header-display":"","ast-hfb-mobile-header-display":"","site-post-title":"","ast-breadcrumbs-content":"","ast-featured-img":"","footer-sml-layout":"","theme-transparent-header-meta":"","adv-header-id-meta":"","stick-header-meta":"","header-above-stick-meta":"","header-main-stick-meta":"","header-below-stick-meta":"","astra-migrate-meta-layouts":"default","ast-page-background-enabled":"default","ast-page-background-meta":{"desktop":{"background-color":"var(--ast-global-color-4)","background-image":"","background-repeat":"repeat","background-position":"center center","background-size":"auto","background-attachment":"scroll","background-type":"","background-media":"","overlay-type":"","overlay-color":"","overlay-opacity":"","overlay-gradient":""},"tablet":{"background-color":"","background-image":"","background-repeat":"repeat","background-position":"center center","background-size":"auto","background-attachment":"scroll","background-type":"","background-media":"","overlay-type":"","overlay-color":"","overlay-opacity":"","overlay-gradient":""},"mobile":{"background-color":"","background-image":"","background-repeat":"repeat","background-position":"center center","background-size":"auto","background-attachment":"scroll","background-type":"","background-media":"","overlay-type":"","overlay-color":"","overlay-opacity":"","overlay-gradient":""}},"ast-content-background-meta":{"desktop":{"background-color":"var(--ast-global-color-5)","background-image":"","background-repeat":"repeat","background-position":"center center","background-size":"auto","background-attachment":"scroll","background-type":"","background-media":"","overlay-type":"","overlay-color":"","overlay-opacity":"","overlay-gradient":""},"tablet":{"background-color":"var(--ast-global-color-5)","background-image":"","background-repeat":"repeat","background-position":"center center","background-size":"auto","background-attachment":"scroll","background-type":"","background-media":"","overlay-type":"","overlay-color":"","overlay-opacity":"","overlay-gradient":""},"mobile":{"background-color":"var(--ast-global-color-5)","background-image":"","background-repeat":"repeat","background-position":"center center","background-size":"auto","background-attachment":"scroll","background-type":"","background-media":"","overlay-type":"","overlay-color":"","overlay-opacity":"","overlay-gradient":""}},"footnotes":""},"class_list":["post-20604","page","type-page","status-publish","hentry"],"post_mailing_queue_ids":[],"_links":{"self":[{"href":"https:\/\/serveiseducatius.xtec.cat\/pallars\/wp-json\/wp\/v2\/pages\/20604","targetHints":{"allow":["GET"]}}],"collection":[{"href":"https:\/\/serveiseducatius.xtec.cat\/pallars\/wp-json\/wp\/v2\/pages"}],"about":[{"href":"https:\/\/serveiseducatius.xtec.cat\/pallars\/wp-json\/wp\/v2\/types\/page"}],"author":[{"embeddable":true,"href":"https:\/\/serveiseducatius.xtec.cat\/pallars\/wp-json\/wp\/v2\/users\/1"}],"replies":[{"embeddable":true,"href":"https:\/\/serveiseducatius.xtec.cat\/pallars\/wp-json\/wp\/v2\/comments?post=20604"}],"version-history":[{"count":6,"href":"https:\/\/serveiseducatius.xtec.cat\/pallars\/wp-json\/wp\/v2\/pages\/20604\/revisions"}],"predecessor-version":[{"id":23399,"href":"https:\/\/serveiseducatius.xtec.cat\/pallars\/wp-json\/wp\/v2\/pages\/20604\/revisions\/23399"}],"up":[{"embeddable":true,"href":"https:\/\/serveiseducatius.xtec.cat\/pallars\/wp-json\/wp\/v2\/pages\/20561"}],"wp:attachment":[{"href":"https:\/\/serveiseducatius.xtec.cat\/pallars\/wp-json\/wp\/v2\/media?parent=20604"}],"curies":[{"name":"wp","href":"https:\/\/api.w.org\/{rel}","templated":true}]}}