{"id":20594,"date":"2023-02-06T15:44:40","date_gmt":"2023-02-06T14:44:40","guid":{"rendered":"https:\/\/serveiseducatius.xtec.cat\/pallars\/?page_id=20594"},"modified":"2025-07-07T18:10:14","modified_gmt":"2025-07-07T16:10:14","slug":"pallarslector","status":"publish","type":"page","link":"https:\/\/serveiseducatius.xtec.cat\/pallars\/dinamitzacio\/llengua\/pallarslector\/","title":{"rendered":"PallarsLector"},"content":{"rendered":"\n<figure class=\"wp-block-image alignleft size-full is-resized\"><a href=\"https:\/\/serveiseducatius.xtec.cat\/pallars\/wp-content\/uploads\/usu1099\/2023\/09\/PallarsLector-amb-quadrada.png\"><img loading=\"lazy\" decoding=\"async\" width=\"125\" height=\"125\" src=\"https:\/\/serveiseducatius.xtec.cat\/pallars\/wp-content\/uploads\/usu1099\/2023\/09\/PallarsLector-amb-quadrada.png\" alt=\"\" class=\"wp-image-21706\" style=\"width:147px;height:auto\"\/><\/a><\/figure>\n\n\n\n<p>El projecte <em>PallarsLector<\/em> proposa desenvolupar un seguit d\u2019activitats relacionades amb la compet\u00e8ncia ling\u00fc\u00edstica, tenint com a refer\u00e8ncia una lectura sostenible, ja que la primera actuaci\u00f3 i l\u2019eix vertebrador del projecte rau a compartir de manera itinerant els llibres de lectura entre tots els centres d\u2019infantil-prim\u00e0ria i secund\u00e0ria del Pallars. Es contemplen, tamb\u00e9, diverses accions relacionades amb el fet de llegir:&nbsp;&nbsp;<em>L\u2019escriptor\/a \/ il\u00b7lustrador\/a convidat <\/em>(una xerrada-col\u00b7loqui, per centre, d\u2019un autor d\u2019algun dels t\u00edtols compartits), tallers a centres i a les biblioteques relacionats amb alguna de les lectures.<br>Els impulsors del pla s\u00f3n el Servei Educatiu dels Pallars i els centres educatius d\u2019ambdues comarques.<\/p>\n\n\n\n<figure class=\"wp-block-table aligncenter\"><table class=\"has-border-color has-white-border-color has-fixed-layout\"><tbody><tr><td><a href=\"https:\/\/serveiseducatius.xtec.cat\/pallars\/dinamitzacio\/llengua\/pallarslector\/lectures-obligatories\/\"><img loading=\"lazy\" decoding=\"async\" width=\"350\" height=\"341\" class=\"wp-image-26075\" style=\"width: 350px;\" src=\"https:\/\/serveiseducatius.xtec.cat\/pallars\/wp-content\/uploads\/usu1099\/2025\/06\/PRIMARIA.png\" alt=\"\" srcset=\"https:\/\/serveiseducatius.xtec.cat\/pallars\/wp-content\/uploads\/usu1099\/2025\/06\/PRIMARIA.png 349w, https:\/\/serveiseducatius.xtec.cat\/pallars\/wp-content\/uploads\/usu1099\/2025\/06\/PRIMARIA-300x292.png 300w\" sizes=\"auto, (max-width: 350px) 100vw, 350px\" \/><\/a><\/td><td><a href=\"https:\/\/serveiseducatius.xtec.cat\/pallars\/dinamitzacio\/llengua\/pallarslector\/lectures-obligatories-secundaria\/\"><img loading=\"lazy\" decoding=\"async\" width=\"350\" height=\"341\" class=\"wp-image-26076\" style=\"width: 350px;\" src=\"https:\/\/serveiseducatius.xtec.cat\/pallars\/wp-content\/uploads\/usu1099\/2025\/06\/PRIMARIA-1.png\" alt=\"\" srcset=\"https:\/\/serveiseducatius.xtec.cat\/pallars\/wp-content\/uploads\/usu1099\/2025\/06\/PRIMARIA-1.png 349w, https:\/\/serveiseducatius.xtec.cat\/pallars\/wp-content\/uploads\/usu1099\/2025\/06\/PRIMARIA-1-300x292.png 300w\" sizes=\"auto, (max-width: 350px) 100vw, 350px\" \/><\/a><\/td><td><a href=\"https:\/\/serveiseducatius.xtec.cat\/pallars\/dinamitzacio\/llengua\/pallarslector\/activitats-associades-a-les-lectures\/\"><img loading=\"lazy\" decoding=\"async\" width=\"350\" height=\"341\" class=\"wp-image-26077\" style=\"width: 350px;\" src=\"https:\/\/serveiseducatius.xtec.cat\/pallars\/wp-content\/uploads\/usu1099\/2025\/06\/PRIMARIA-2.png\" alt=\"\" srcset=\"https:\/\/serveiseducatius.xtec.cat\/pallars\/wp-content\/uploads\/usu1099\/2025\/06\/PRIMARIA-2.png 349w, https:\/\/serveiseducatius.xtec.cat\/pallars\/wp-content\/uploads\/usu1099\/2025\/06\/PRIMARIA-2-300x292.png 300w\" sizes=\"auto, (max-width: 350px) 100vw, 350px\" \/><\/a><\/td><td><a href=\"https:\/\/serveiseducatius.xtec.cat\/pallars\/general\/altres-recursos\/\"><img loading=\"lazy\" decoding=\"async\" width=\"350\" height=\"341\" class=\"wp-image-26078\" style=\"width: 350px;\" src=\"https:\/\/serveiseducatius.xtec.cat\/pallars\/wp-content\/uploads\/usu1099\/2025\/06\/Disseny-sense-titol.png\" alt=\"\" srcset=\"https:\/\/serveiseducatius.xtec.cat\/pallars\/wp-content\/uploads\/usu1099\/2025\/06\/Disseny-sense-titol.png 349w, https:\/\/serveiseducatius.xtec.cat\/pallars\/wp-content\/uploads\/usu1099\/2025\/06\/Disseny-sense-titol-300x292.png 300w\" sizes=\"auto, (max-width: 350px) 100vw, 350px\" \/><\/a><\/td><\/tr><\/tbody><\/table><\/figure>\n\n\n\n<p><\/p>\n","protected":false},"excerpt":{"rendered":"<p>El projecte PallarsLector proposa desenvolupar un seguit d\u2019activitats relacionades amb la compet\u00e8ncia ling\u00fc\u00edstica, tenint com a refer\u00e8ncia una lectura sostenible, [&hellip;]<\/p>\n","protected":false},"author":1,"featured_media":0,"parent":20561,"menu_order":0,"comment_status":"closed","ping_status":"closed","template":"","meta":{"_bbp_topic_count":0,"_bbp_reply_count":0,"_bbp_total_topic_count":0,"_bbp_total_reply_count":0,"_bbp_voice_count":0,"_bbp_anonymous_reply_count":0,"_bbp_topic_count_hidden":0,"_bbp_reply_count_hidden":0,"_bbp_forum_subforum_count":0,"site-sidebar-layout":"default","site-content-layout":"","ast-site-content-layout":"default","site-content-style":"default","site-sidebar-style":"default","ast-global-header-display":"","ast-banner-title-visibility":"","ast-main-header-display":"","ast-hfb-above-header-display":"","ast-hfb-below-header-display":"","ast-hfb-mobile-header-display":"","site-post-title":"","ast-breadcrumbs-content":"","ast-featured-img":"","footer-sml-layout":"","theme-transparent-header-meta":"","adv-header-id-meta":"","stick-header-meta":"","header-above-stick-meta":"","header-main-stick-meta":"","header-below-stick-meta":"","astra-migrate-meta-layouts":"set","ast-page-background-enabled":"default","ast-page-background-meta":{"desktop":{"background-color":"var(--ast-global-color-4)","background-image":"","background-repeat":"repeat","background-position":"center center","background-size":"auto","background-attachment":"scroll","background-type":"","background-media":"","overlay-type":"","overlay-color":"","overlay-opacity":"","overlay-gradient":""},"tablet":{"background-color":"","background-image":"","background-repeat":"repeat","background-position":"center center","background-size":"auto","background-attachment":"scroll","background-type":"","background-media":"","overlay-type":"","overlay-color":"","overlay-opacity":"","overlay-gradient":""},"mobile":{"background-color":"","background-image":"","background-repeat":"repeat","background-position":"center center","background-size":"auto","background-attachment":"scroll","background-type":"","background-media":"","overlay-type":"","overlay-color":"","overlay-opacity":"","overlay-gradient":""}},"ast-content-background-meta":{"desktop":{"background-color":"var(--ast-global-color-5)","background-image":"","background-repeat":"repeat","background-position":"center center","background-size":"auto","background-attachment":"scroll","background-type":"","background-media":"","overlay-type":"","overlay-color":"","overlay-opacity":"","overlay-gradient":""},"tablet":{"background-color":"var(--ast-global-color-5)","background-image":"","background-repeat":"repeat","background-position":"center center","background-size":"auto","background-attachment":"scroll","background-type":"","background-media":"","overlay-type":"","overlay-color":"","overlay-opacity":"","overlay-gradient":""},"mobile":{"background-color":"var(--ast-global-color-5)","background-image":"","background-repeat":"repeat","background-position":"center center","background-size":"auto","background-attachment":"scroll","background-type":"","background-media":"","overlay-type":"","overlay-color":"","overlay-opacity":"","overlay-gradient":""}},"footnotes":""},"class_list":["post-20594","page","type-page","status-publish","hentry"],"post_mailing_queue_ids":[],"_links":{"self":[{"href":"https:\/\/serveiseducatius.xtec.cat\/pallars\/wp-json\/wp\/v2\/pages\/20594","targetHints":{"allow":["GET"]}}],"collection":[{"href":"https:\/\/serveiseducatius.xtec.cat\/pallars\/wp-json\/wp\/v2\/pages"}],"about":[{"href":"https:\/\/serveiseducatius.xtec.cat\/pallars\/wp-json\/wp\/v2\/types\/page"}],"author":[{"embeddable":true,"href":"https:\/\/serveiseducatius.xtec.cat\/pallars\/wp-json\/wp\/v2\/users\/1"}],"replies":[{"embeddable":true,"href":"https:\/\/serveiseducatius.xtec.cat\/pallars\/wp-json\/wp\/v2\/comments?post=20594"}],"version-history":[{"count":6,"href":"https:\/\/serveiseducatius.xtec.cat\/pallars\/wp-json\/wp\/v2\/pages\/20594\/revisions"}],"predecessor-version":[{"id":26114,"href":"https:\/\/serveiseducatius.xtec.cat\/pallars\/wp-json\/wp\/v2\/pages\/20594\/revisions\/26114"}],"up":[{"embeddable":true,"href":"https:\/\/serveiseducatius.xtec.cat\/pallars\/wp-json\/wp\/v2\/pages\/20561"}],"wp:attachment":[{"href":"https:\/\/serveiseducatius.xtec.cat\/pallars\/wp-json\/wp\/v2\/media?parent=20594"}],"curies":[{"name":"wp","href":"https:\/\/api.w.org\/{rel}","templated":true}]}}