{"id":20504,"date":"2023-02-06T09:59:37","date_gmt":"2023-02-06T08:59:37","guid":{"rendered":"https:\/\/serveiseducatius.xtec.cat\/pallars\/?page_id=20504"},"modified":"2023-06-16T09:00:03","modified_gmt":"2023-06-16T07:00:03","slug":"setmana-de-la-ciencia","status":"publish","type":"page","link":"https:\/\/serveiseducatius.xtec.cat\/pallars\/dinamitzacio\/steam\/setmana-de-la-ciencia\/","title":{"rendered":"Setmana de la ci\u00e8ncia"},"content":{"rendered":"<p><img loading=\"lazy\" decoding=\"async\" class=\"alignleft wp-image-20506\" src=\"https:\/\/serveiseducatius.xtec.cat\/pallars\/wp-content\/uploads\/usu1099\/2023\/01\/setmana-de-la-ciencia.png\" alt=\"\" width=\"458\" height=\"204\" srcset=\"https:\/\/serveiseducatius.xtec.cat\/pallars\/wp-content\/uploads\/usu1099\/2023\/01\/setmana-de-la-ciencia.png 337w, https:\/\/serveiseducatius.xtec.cat\/pallars\/wp-content\/uploads\/usu1099\/2023\/01\/setmana-de-la-ciencia-300x134.png 300w\" sizes=\"auto, (max-width: 458px) 100vw, 458px\" \/>El Departament d\u2019Ensenyament, conjuntament amb la Fundaci\u00f3 Catalana per a la Recerca i la Innovaci\u00f3, promou el <strong>Dia de la ci\u00e8ncia<\/strong> a les escoles i instituts, dins de la\u00a0<strong>Setmana de la Ci\u00e8ncia. <\/strong>L\u2019objectiu fonamental \u00e9s despertar i potenciar l\u2019inter\u00e8s del jovent vers la ci\u00e8ncia i la tecnologia.<\/p>\n<p>Per facilitar la participaci\u00f3 dels centres en aquesta setmana s\u2019organitzen diverses activitats.<\/p>\n<p><strong>La ci\u00e8ncia en primera persona. Confer\u00e8ncies<\/strong><\/p>\n<p>Es planifiquen m\u00e9s d\u2019un centenar de\u00a0xerrades-col\u00b7loqui a tot el territori adre\u00e7ades a l\u2019alumnat de 4t d\u2019ESO i de Batxillerat. Aquestes sessions van a c\u00e0rrec d\u2019investigadors i d\u2019investigadores que expliquen la seva tasca, tant des del vessant del treball cient\u00edfic, com hum\u00e0. S\u2019organitzen en l\u2019\u00e0mbit del Servei Educatiu de Zona. Aquest any en format on-line.<\/p>\n","protected":false},"excerpt":{"rendered":"<p>El Departament d\u2019Ensenyament, conjuntament amb la Fundaci\u00f3 Catalana per a la Recerca i la Innovaci\u00f3, promou el Dia de la [&hellip;]<\/p>\n","protected":false},"author":1,"featured_media":0,"parent":20404,"menu_order":60,"comment_status":"closed","ping_status":"closed","template":"","meta":{"_bbp_topic_count":0,"_bbp_reply_count":0,"_bbp_total_topic_count":0,"_bbp_total_reply_count":0,"_bbp_voice_count":0,"_bbp_anonymous_reply_count":0,"_bbp_topic_count_hidden":0,"_bbp_reply_count_hidden":0,"_bbp_forum_subforum_count":0,"site-sidebar-layout":"default","site-content-layout":"","ast-site-content-layout":"","site-content-style":"default","site-sidebar-style":"default","ast-global-header-display":"","ast-banner-title-visibility":"","ast-main-header-display":"","ast-hfb-above-header-display":"","ast-hfb-below-header-display":"","ast-hfb-mobile-header-display":"","site-post-title":"","ast-breadcrumbs-content":"","ast-featured-img":"","footer-sml-layout":"","theme-transparent-header-meta":"","adv-header-id-meta":"","stick-header-meta":"","header-above-stick-meta":"","header-main-stick-meta":"","header-below-stick-meta":"","astra-migrate-meta-layouts":"default","ast-page-background-enabled":"default","ast-page-background-meta":{"desktop":{"background-color":"var(--ast-global-color-4)","background-image":"","background-repeat":"repeat","background-position":"center center","background-size":"auto","background-attachment":"scroll","background-type":"","background-media":"","overlay-type":"","overlay-color":"","overlay-opacity":"","overlay-gradient":""},"tablet":{"background-color":"","background-image":"","background-repeat":"repeat","background-position":"center center","background-size":"auto","background-attachment":"scroll","background-type":"","background-media":"","overlay-type":"","overlay-color":"","overlay-opacity":"","overlay-gradient":""},"mobile":{"background-color":"","background-image":"","background-repeat":"repeat","background-position":"center center","background-size":"auto","background-attachment":"scroll","background-type":"","background-media":"","overlay-type":"","overlay-color":"","overlay-opacity":"","overlay-gradient":""}},"ast-content-background-meta":{"desktop":{"background-color":"var(--ast-global-color-5)","background-image":"","background-repeat":"repeat","background-position":"center center","background-size":"auto","background-attachment":"scroll","background-type":"","background-media":"","overlay-type":"","overlay-color":"","overlay-opacity":"","overlay-gradient":""},"tablet":{"background-color":"var(--ast-global-color-5)","background-image":"","background-repeat":"repeat","background-position":"center center","background-size":"auto","background-attachment":"scroll","background-type":"","background-media":"","overlay-type":"","overlay-color":"","overlay-opacity":"","overlay-gradient":""},"mobile":{"background-color":"var(--ast-global-color-5)","background-image":"","background-repeat":"repeat","background-position":"center center","background-size":"auto","background-attachment":"scroll","background-type":"","background-media":"","overlay-type":"","overlay-color":"","overlay-opacity":"","overlay-gradient":""}},"footnotes":""},"class_list":["post-20504","page","type-page","status-publish","hentry"],"post_mailing_queue_ids":[],"_links":{"self":[{"href":"https:\/\/serveiseducatius.xtec.cat\/pallars\/wp-json\/wp\/v2\/pages\/20504","targetHints":{"allow":["GET"]}}],"collection":[{"href":"https:\/\/serveiseducatius.xtec.cat\/pallars\/wp-json\/wp\/v2\/pages"}],"about":[{"href":"https:\/\/serveiseducatius.xtec.cat\/pallars\/wp-json\/wp\/v2\/types\/page"}],"author":[{"embeddable":true,"href":"https:\/\/serveiseducatius.xtec.cat\/pallars\/wp-json\/wp\/v2\/users\/1"}],"replies":[{"embeddable":true,"href":"https:\/\/serveiseducatius.xtec.cat\/pallars\/wp-json\/wp\/v2\/comments?post=20504"}],"version-history":[{"count":2,"href":"https:\/\/serveiseducatius.xtec.cat\/pallars\/wp-json\/wp\/v2\/pages\/20504\/revisions"}],"predecessor-version":[{"id":20507,"href":"https:\/\/serveiseducatius.xtec.cat\/pallars\/wp-json\/wp\/v2\/pages\/20504\/revisions\/20507"}],"up":[{"embeddable":true,"href":"https:\/\/serveiseducatius.xtec.cat\/pallars\/wp-json\/wp\/v2\/pages\/20404"}],"wp:attachment":[{"href":"https:\/\/serveiseducatius.xtec.cat\/pallars\/wp-json\/wp\/v2\/media?parent=20504"}],"curies":[{"name":"wp","href":"https:\/\/api.w.org\/{rel}","templated":true}]}}