{"id":20028,"date":"2023-01-18T13:33:22","date_gmt":"2023-01-18T12:33:22","guid":{"rendered":"https:\/\/serveiseducatius.xtec.cat\/pallars\/?page_id=20028"},"modified":"2024-11-09T13:25:34","modified_gmt":"2024-11-09T12:25:34","slug":"uao","status":"publish","type":"page","link":"https:\/\/serveiseducatius.xtec.cat\/pallars\/el-servei-educatiu\/professionals-de-suport\/uao\/","title":{"rendered":"DEI"},"content":{"rendered":"<p>Aquest curs s\u2019incorporen les DEI, Dinamitzadores d\u2019Educaci\u00f3 Inclusiva, unes noves figures amb l\u2019enc\u00e0rrec de formar i acompanyar als centres en la inclusi\u00f3. S\u00f3n 37 professionals distribu\u00efts pels diferents Serveis Territorials i Consorci d\u2019Educaci\u00f3 de Barcelona.<\/p>\n<p>Les seves funcions s\u00f3n:<\/p>\n<ul>\n<li>Acompanyar, juntament amb la persona referent d\u2019inclusi\u00f3 del territori, als centres educatius i als professionals dels SE en una mirada inclusiva.<\/li>\n<li>Acompanyar i assessorar els centres educatius perqu\u00e8 incorporin pr\u00e0ctiques inclusives que fomentin la igualtat d\u2019oportunitats i l\u2019equitat per a tothom.<\/li>\n<li>Col\u00b7laborar en el disseny i l\u2019elaboraci\u00f3 de documents, materials i difusi\u00f3 de recursos inclusius d\u2019acord amb les directrius del Servei de suports i mesures per a la inclusi\u00f3 de la Direcci\u00f3 general d\u2019Educaci\u00f3 Inclusiva.<\/li>\n<li>Portar a terme actuacions formatives en mesures i suports universals i detecci\u00f3 de barreres des del DUA.<\/li>\n<li>Col\u00b7laborar en la recollida de dades de la realitat del territori en terme d\u2019inclusi\u00f3.<\/li>\n<\/ul>\n","protected":false},"excerpt":{"rendered":"<p>Aquest curs s\u2019incorporen les DEI, Dinamitzadores d\u2019Educaci\u00f3 Inclusiva, unes noves figures amb l\u2019enc\u00e0rrec de formar i acompanyar als centres en [&hellip;]<\/p>\n","protected":false},"author":1,"featured_media":0,"parent":20738,"menu_order":5,"comment_status":"closed","ping_status":"closed","template":"page-templates\/side-menu.php","meta":{"_bbp_topic_count":0,"_bbp_reply_count":0,"_bbp_total_topic_count":0,"_bbp_total_reply_count":0,"_bbp_voice_count":0,"_bbp_anonymous_reply_count":0,"_bbp_topic_count_hidden":0,"_bbp_reply_count_hidden":0,"_bbp_forum_subforum_count":0,"site-sidebar-layout":"default","site-content-layout":"","ast-site-content-layout":"","site-content-style":"default","site-sidebar-style":"default","ast-global-header-display":"","ast-banner-title-visibility":"","ast-main-header-display":"","ast-hfb-above-header-display":"","ast-hfb-below-header-display":"","ast-hfb-mobile-header-display":"","site-post-title":"","ast-breadcrumbs-content":"","ast-featured-img":"","footer-sml-layout":"","theme-transparent-header-meta":"","adv-header-id-meta":"","stick-header-meta":"","header-above-stick-meta":"","header-main-stick-meta":"","header-below-stick-meta":"","astra-migrate-meta-layouts":"default","ast-page-background-enabled":"default","ast-page-background-meta":{"desktop":{"background-color":"var(--ast-global-color-4)","background-image":"","background-repeat":"repeat","background-position":"center center","background-size":"auto","background-attachment":"scroll","background-type":"","background-media":"","overlay-type":"","overlay-color":"","overlay-opacity":"","overlay-gradient":""},"tablet":{"background-color":"","background-image":"","background-repeat":"repeat","background-position":"center center","background-size":"auto","background-attachment":"scroll","background-type":"","background-media":"","overlay-type":"","overlay-color":"","overlay-opacity":"","overlay-gradient":""},"mobile":{"background-color":"","background-image":"","background-repeat":"repeat","background-position":"center center","background-size":"auto","background-attachment":"scroll","background-type":"","background-media":"","overlay-type":"","overlay-color":"","overlay-opacity":"","overlay-gradient":""}},"ast-content-background-meta":{"desktop":{"background-color":"var(--ast-global-color-5)","background-image":"","background-repeat":"repeat","background-position":"center center","background-size":"auto","background-attachment":"scroll","background-type":"","background-media":"","overlay-type":"","overlay-color":"","overlay-opacity":"","overlay-gradient":""},"tablet":{"background-color":"var(--ast-global-color-5)","background-image":"","background-repeat":"repeat","background-position":"center center","background-size":"auto","background-attachment":"scroll","background-type":"","background-media":"","overlay-type":"","overlay-color":"","overlay-opacity":"","overlay-gradient":""},"mobile":{"background-color":"var(--ast-global-color-5)","background-image":"","background-repeat":"repeat","background-position":"center center","background-size":"auto","background-attachment":"scroll","background-type":"","background-media":"","overlay-type":"","overlay-color":"","overlay-opacity":"","overlay-gradient":""}},"footnotes":""},"class_list":["post-20028","page","type-page","status-publish","hentry"],"post_mailing_queue_ids":[],"_links":{"self":[{"href":"https:\/\/serveiseducatius.xtec.cat\/pallars\/wp-json\/wp\/v2\/pages\/20028","targetHints":{"allow":["GET"]}}],"collection":[{"href":"https:\/\/serveiseducatius.xtec.cat\/pallars\/wp-json\/wp\/v2\/pages"}],"about":[{"href":"https:\/\/serveiseducatius.xtec.cat\/pallars\/wp-json\/wp\/v2\/types\/page"}],"author":[{"embeddable":true,"href":"https:\/\/serveiseducatius.xtec.cat\/pallars\/wp-json\/wp\/v2\/users\/1"}],"replies":[{"embeddable":true,"href":"https:\/\/serveiseducatius.xtec.cat\/pallars\/wp-json\/wp\/v2\/comments?post=20028"}],"version-history":[{"count":6,"href":"https:\/\/serveiseducatius.xtec.cat\/pallars\/wp-json\/wp\/v2\/pages\/20028\/revisions"}],"predecessor-version":[{"id":24208,"href":"https:\/\/serveiseducatius.xtec.cat\/pallars\/wp-json\/wp\/v2\/pages\/20028\/revisions\/24208"}],"up":[{"embeddable":true,"href":"https:\/\/serveiseducatius.xtec.cat\/pallars\/wp-json\/wp\/v2\/pages\/20738"}],"wp:attachment":[{"href":"https:\/\/serveiseducatius.xtec.cat\/pallars\/wp-json\/wp\/v2\/media?parent=20028"}],"curies":[{"name":"wp","href":"https:\/\/api.w.org\/{rel}","templated":true}]}}