{"id":20025,"date":"2023-01-18T13:25:57","date_gmt":"2023-01-18T12:25:57","guid":{"rendered":"https:\/\/serveiseducatius.xtec.cat\/pallars\/?page_id=20025"},"modified":"2024-09-19T10:49:04","modified_gmt":"2024-09-19T08:49:04","slug":"mentoria-dedc","status":"publish","type":"page","link":"https:\/\/serveiseducatius.xtec.cat\/pallars\/el-servei-educatiu\/professionals-de-suport\/mentoria-dedc\/","title":{"rendered":"Mentor digital 4.0 al Pallars Sobir\u00e0 i Juss\u00e0"},"content":{"rendered":"<h4><strong>FUNCIONS<\/strong><\/h4>\n<ul>\n<li>Acompanyar els centres educatius i el professorat en la implementaci\u00f3 de les compet\u00e8ncies digitals a l\u2019aula, especialment les referides al pensament computacional, els llenguatges de programaci\u00f3 i la rob\u00f2tica educativa.<\/li>\n<li>Assessorar el professorat per a una incorporaci\u00f3 significativa i efica\u00e7 d\u2019activitats d\u2019ensenyament-aprenentatge que ajudin l\u2019alumnat a desenvolupar el pensament computacional, els llenguatges de programaci\u00f3 i la rob\u00f2tica educativa.<\/li>\n<li>Assessorar els centres educatius en l\u2019actualitzaci\u00f3 i seguiment de l\u2019Estrat\u00e8gia digital de centre, incorporant objectius i actuacions relacionades amb el pensament computacional i la rob\u00f2tica.<\/li>\n<li>Col\u00b7laborar i donar suport al professorat en la implementaci\u00f3 de situacions d\u2019aprenentatge que incloguin elements de pensament computacional, llenguatges de programaci\u00f3 i rob\u00f2tica educativa.<\/li>\n<li>Donar suport al disseny i desenvolupament de plans de formaci\u00f3 que dotin al professorat de les compet\u00e8ncies necess\u00e0ries per implementar el pensament computacional, els llenguatges de programaci\u00f3 i la rob\u00f2tica educativa.<\/li>\n<li>Impulsar, coordinar i gestionar activitats formatives adre\u00e7ades al professorat.<\/li>\n<li>Detectar bones pr\u00e0ctiques educatives relacionades amb el pensament computacional, els llenguatges de programaci\u00f3 i la rob\u00f2tica educativa.<\/li>\n<li>Altres funcions encomanades per la Direcci\u00f3 general d\u2019innovaci\u00f3, digitalitzaci\u00f3 i curr\u00edculum, a trav\u00e9s de l\u2019\u00c0rea de Cultura Digital, associades a les actuacions previstes pel Programa temporal Mentories 4.0.<\/li>\n<\/ul>\n","protected":false},"excerpt":{"rendered":"<p>FUNCIONS Acompanyar els centres educatius i el professorat en la implementaci\u00f3 de les compet\u00e8ncies digitals a l\u2019aula, especialment les referides [&hellip;]<\/p>\n","protected":false},"author":1,"featured_media":0,"parent":20738,"menu_order":4,"comment_status":"closed","ping_status":"closed","template":"page-templates\/side-menu.php","meta":{"_bbp_topic_count":0,"_bbp_reply_count":0,"_bbp_total_topic_count":0,"_bbp_total_reply_count":0,"_bbp_voice_count":0,"_bbp_anonymous_reply_count":0,"_bbp_topic_count_hidden":0,"_bbp_reply_count_hidden":0,"_bbp_forum_subforum_count":0,"site-sidebar-layout":"default","site-content-layout":"","ast-site-content-layout":"","site-content-style":"default","site-sidebar-style":"default","ast-global-header-display":"","ast-banner-title-visibility":"","ast-main-header-display":"","ast-hfb-above-header-display":"","ast-hfb-below-header-display":"","ast-hfb-mobile-header-display":"","site-post-title":"","ast-breadcrumbs-content":"","ast-featured-img":"","footer-sml-layout":"","theme-transparent-header-meta":"","adv-header-id-meta":"","stick-header-meta":"","header-above-stick-meta":"","header-main-stick-meta":"","header-below-stick-meta":"","astra-migrate-meta-layouts":"default","ast-page-background-enabled":"default","ast-page-background-meta":{"desktop":{"background-color":"var(--ast-global-color-4)","background-image":"","background-repeat":"repeat","background-position":"center center","background-size":"auto","background-attachment":"scroll","background-type":"","background-media":"","overlay-type":"","overlay-color":"","overlay-opacity":"","overlay-gradient":""},"tablet":{"background-color":"","background-image":"","background-repeat":"repeat","background-position":"center center","background-size":"auto","background-attachment":"scroll","background-type":"","background-media":"","overlay-type":"","overlay-color":"","overlay-opacity":"","overlay-gradient":""},"mobile":{"background-color":"","background-image":"","background-repeat":"repeat","background-position":"center center","background-size":"auto","background-attachment":"scroll","background-type":"","background-media":"","overlay-type":"","overlay-color":"","overlay-opacity":"","overlay-gradient":""}},"ast-content-background-meta":{"desktop":{"background-color":"var(--ast-global-color-5)","background-image":"","background-repeat":"repeat","background-position":"center center","background-size":"auto","background-attachment":"scroll","background-type":"","background-media":"","overlay-type":"","overlay-color":"","overlay-opacity":"","overlay-gradient":""},"tablet":{"background-color":"var(--ast-global-color-5)","background-image":"","background-repeat":"repeat","background-position":"center center","background-size":"auto","background-attachment":"scroll","background-type":"","background-media":"","overlay-type":"","overlay-color":"","overlay-opacity":"","overlay-gradient":""},"mobile":{"background-color":"var(--ast-global-color-5)","background-image":"","background-repeat":"repeat","background-position":"center center","background-size":"auto","background-attachment":"scroll","background-type":"","background-media":"","overlay-type":"","overlay-color":"","overlay-opacity":"","overlay-gradient":""}},"footnotes":""},"class_list":["post-20025","page","type-page","status-publish","hentry"],"post_mailing_queue_ids":[],"_links":{"self":[{"href":"https:\/\/serveiseducatius.xtec.cat\/pallars\/wp-json\/wp\/v2\/pages\/20025","targetHints":{"allow":["GET"]}}],"collection":[{"href":"https:\/\/serveiseducatius.xtec.cat\/pallars\/wp-json\/wp\/v2\/pages"}],"about":[{"href":"https:\/\/serveiseducatius.xtec.cat\/pallars\/wp-json\/wp\/v2\/types\/page"}],"author":[{"embeddable":true,"href":"https:\/\/serveiseducatius.xtec.cat\/pallars\/wp-json\/wp\/v2\/users\/1"}],"replies":[{"embeddable":true,"href":"https:\/\/serveiseducatius.xtec.cat\/pallars\/wp-json\/wp\/v2\/comments?post=20025"}],"version-history":[{"count":4,"href":"https:\/\/serveiseducatius.xtec.cat\/pallars\/wp-json\/wp\/v2\/pages\/20025\/revisions"}],"predecessor-version":[{"id":23792,"href":"https:\/\/serveiseducatius.xtec.cat\/pallars\/wp-json\/wp\/v2\/pages\/20025\/revisions\/23792"}],"up":[{"embeddable":true,"href":"https:\/\/serveiseducatius.xtec.cat\/pallars\/wp-json\/wp\/v2\/pages\/20738"}],"wp:attachment":[{"href":"https:\/\/serveiseducatius.xtec.cat\/pallars\/wp-json\/wp\/v2\/media?parent=20025"}],"curies":[{"name":"wp","href":"https:\/\/api.w.org\/{rel}","templated":true}]}}