{"id":19810,"date":"2022-12-16T12:59:58","date_gmt":"2022-12-16T11:59:58","guid":{"rendered":"https:\/\/serveiseducatius.xtec.cat\/pallars\/?page_id=19810"},"modified":"2023-02-14T13:28:07","modified_gmt":"2023-02-14T12:28:07","slug":"desembre-2022","status":"publish","type":"page","link":"https:\/\/serveiseducatius.xtec.cat\/pallars\/full-informatiu\/fulls-informatius-2022\/desembre-2022\/","title":{"rendered":"Desembre 2022"},"content":{"rendered":"<table style=\"height: 717px; width: 74.4548%; border-style: none;\">\n<tbody>\n<tr>\n<td style=\"width: 32.6812%; border-style: none; background-color: #a22733; text-align: center;\" colspan=\"3\"><span style=\"color: #008080;\"><strong><span style=\"font-size: 20px;\"><img loading=\"lazy\" decoding=\"async\" class=\"size-full wp-image-19927 aligncenter\" src=\"https:\/\/serveiseducatius.xtec.cat\/pallars\/wp-content\/uploads\/usu1099\/2022\/12\/nadal.png\" alt=\"\" width=\"755\" height=\"48\" srcset=\"https:\/\/serveiseducatius.xtec.cat\/pallars\/wp-content\/uploads\/usu1099\/2022\/12\/nadal.png 755w, https:\/\/serveiseducatius.xtec.cat\/pallars\/wp-content\/uploads\/usu1099\/2022\/12\/nadal-300x19.png 300w\" sizes=\"auto, (max-width: 755px) 100vw, 755px\" \/><\/span><\/strong><\/span><\/td>\n<\/tr>\n<tr style=\"height: 35px;\">\n<td style=\"width: 32.6812%; height: 24px; border-style: none; text-align: center;\"><a href=\"https:\/\/serveiseducatius.xtec.cat\/pallars\/general\/inscripcions-al-segon-torn-pfz\/\"><strong><span style=\"color: #008080;\"><span style=\"font-size: 20px;\">Inscripcions activitats 2n torn<\/span><\/span><\/strong><\/a><span style=\"color: #008080;\"><a style=\"color: #008080;\" href=\"https:\/\/serveiseducatius.xtec.cat\/pallars\/wp-content\/uploads\/usu1099\/2020\/03\/linea.png\"><img loading=\"lazy\" decoding=\"async\" class=\"alignleft size-full wp-image-19030\" src=\"https:\/\/serveiseducatius.xtec.cat\/pallars\/wp-content\/uploads\/usu1099\/2022\/07\/linea.png\" alt=\"\" width=\"290\" height=\"2\" srcset=\"https:\/\/serveiseducatius.xtec.cat\/pallars\/wp-content\/uploads\/usu1099\/2022\/07\/linea.png 290w, https:\/\/serveiseducatius.xtec.cat\/pallars\/wp-content\/uploads\/usu1099\/2022\/07\/linea-150x2.png 150w, https:\/\/serveiseducatius.xtec.cat\/pallars\/wp-content\/uploads\/usu1099\/2022\/07\/linea-200x2.png 200w\" sizes=\"auto, (max-width: 290px) 100vw, 290px\" \/><\/a><\/span><\/td>\n<td style=\"width: 34.8677%; height: 24px; border-style: none; text-align: center;\"><a href=\"https:\/\/serveiseducatius.xtec.cat\/pallars\/general\/oferta-formativa-de-competencia-digital-docent-a1-a2-i-b1\/\"><strong><span style=\"color: #008080;\"><span style=\"font-size: 20px;\">Oferta formativa Compet\u00e8ncia Digital Docent A1, A2 i B1<\/span><\/span><\/strong><\/a><br \/>\n<span style=\"color: #008080;\"><strong><strong><span style=\"font-size: 20px;\"><img loading=\"lazy\" decoding=\"async\" class=\"alignleft size-full wp-image-19030\" src=\"https:\/\/serveiseducatius.xtec.cat\/pallars\/wp-content\/uploads\/usu1099\/2022\/07\/linea.png\" alt=\"\" width=\"290\" height=\"2\" srcset=\"https:\/\/serveiseducatius.xtec.cat\/pallars\/wp-content\/uploads\/usu1099\/2022\/07\/linea.png 290w, https:\/\/serveiseducatius.xtec.cat\/pallars\/wp-content\/uploads\/usu1099\/2022\/07\/linea-150x2.png 150w, https:\/\/serveiseducatius.xtec.cat\/pallars\/wp-content\/uploads\/usu1099\/2022\/07\/linea-200x2.png 200w\" sizes=\"auto, (max-width: 290px) 100vw, 290px\" \/><br \/>\n<\/span><\/strong><\/strong><\/span><\/td>\n<td style=\"width: 34.6154%; height: 24px; border-style: none; text-align: center;\"><span style=\"color: #008080;\"><a href=\"https:\/\/serveiseducatius.xtec.cat\/pallars\/general\/presentacio-de-recursos-de-memoria-democratica\/\"><strong><span style=\"font-size: 20px;\">Presentaci\u00f3 recursos de Mem\u00f2ria Hist\u00f2rica<\/span><\/strong><\/a><img loading=\"lazy\" decoding=\"async\" class=\"alignleft size-full wp-image-19030\" src=\"https:\/\/serveiseducatius.xtec.cat\/pallars\/wp-content\/uploads\/usu1099\/2022\/07\/linea.png\" alt=\"\" width=\"290\" height=\"2\" srcset=\"https:\/\/serveiseducatius.xtec.cat\/pallars\/wp-content\/uploads\/usu1099\/2022\/07\/linea.png 290w, https:\/\/serveiseducatius.xtec.cat\/pallars\/wp-content\/uploads\/usu1099\/2022\/07\/linea-150x2.png 150w, https:\/\/serveiseducatius.xtec.cat\/pallars\/wp-content\/uploads\/usu1099\/2022\/07\/linea-200x2.png 200w\" sizes=\"auto, (max-width: 290px) 100vw, 290px\" \/><br \/>\n<\/span><\/td>\n<\/tr>\n<tr style=\"height: 156px;\">\n<td style=\"width: 32.6812%; height: 156px; border-style: none; text-align: center;\"><a href=\"https:\/\/serveiseducatius.xtec.cat\/pallars\/general\/inscripcions-al-segon-torn-pfz\/\"><img loading=\"lazy\" decoding=\"async\" class=\"size-full wp-image-19812 aligncenter\" src=\"https:\/\/serveiseducatius.xtec.cat\/pallars\/wp-content\/uploads\/usu1099\/2022\/12\/pfz-segon-torn.png\" alt=\"\" width=\"250\" height=\"180\" \/><\/a><\/td>\n<td style=\"width: 34.8677%; height: 156px; border-style: none;\"><a href=\"https:\/\/serveiseducatius.xtec.cat\/pallars\/general\/oferta-formativa-de-competencia-digital-docent-a1-a2-i-b1\/\"><img loading=\"lazy\" decoding=\"async\" class=\"size-full wp-image-19871 aligncenter\" src=\"https:\/\/serveiseducatius.xtec.cat\/pallars\/wp-content\/uploads\/usu1099\/2022\/12\/article.png\" alt=\"\" width=\"251\" height=\"180\" \/><\/a><\/td>\n<td style=\"width: 34.6154%; height: 156px; border-style: none; text-align: center;\"><a href=\"https:\/\/serveiseducatius.xtec.cat\/pallars\/general\/presentacio-de-recursos-de-memoria-democratica\/\"><img loading=\"lazy\" decoding=\"async\" class=\"size-full wp-image-19482 aligncenter\" src=\"https:\/\/serveiseducatius.xtec.cat\/pallars\/wp-content\/uploads\/usu1099\/2022\/11\/seminari-grup-de-treball.jpg\" alt=\"\" width=\"250\" height=\"180\" \/><\/a><\/td>\n<\/tr>\n<tr style=\"height: 33px;\">\n<td style=\"width: 32.6812%; height: 33px; border-style: none;\"><\/td>\n<td style=\"width: 34.8677%; height: 33px; border-style: none;\"><\/td>\n<td style=\"width: 34.6154%; height: 33px; border-style: none;\"><\/td>\n<\/tr>\n<tr style=\"height: 33px;\">\n<td style=\"width: 32.6812%; height: 33px; border-style: none; text-align: center;\"><span style=\"color: #ba1c00;\"><a href=\"https:\/\/serveiseducatius.xtec.cat\/pallars\/general\/fotografiem-lemprenedoria-2023\/\"><strong style=\"color: #222222; font-size: 20px; background-color: #ffffff;\"><span style=\"color: #008080;\"><strong><span style=\"font-size: 20px;\">Concurs Fotografiem l&#8217;emprenedoria-2023<\/span><\/strong><\/span><\/strong><\/a><img loading=\"lazy\" decoding=\"async\" class=\"alignleft size-full wp-image-19030\" src=\"https:\/\/serveiseducatius.xtec.cat\/pallars\/wp-content\/uploads\/usu1099\/2022\/07\/linea.png\" alt=\"\" width=\"290\" height=\"2\" srcset=\"https:\/\/serveiseducatius.xtec.cat\/pallars\/wp-content\/uploads\/usu1099\/2022\/07\/linea.png 290w, https:\/\/serveiseducatius.xtec.cat\/pallars\/wp-content\/uploads\/usu1099\/2022\/07\/linea-150x2.png 150w, https:\/\/serveiseducatius.xtec.cat\/pallars\/wp-content\/uploads\/usu1099\/2022\/07\/linea-200x2.png 200w\" sizes=\"auto, (max-width: 290px) 100vw, 290px\" \/><br \/>\n<\/span><\/td>\n<td style=\"width: 34.8677%; height: 33px; border-style: none; text-align: center;\"><span style=\"color: #008080;\"><span style=\"font-size: 20px;\"><b><a href=\"https:\/\/serveiseducatius.xtec.cat\/pallars\/portada\/premis-treballs-de-recerca-deconomia-social-2023\/\">Premi Treballs de Recerca d&#8217;economia Social 2023<\/a><br \/>\n<\/b><img loading=\"lazy\" decoding=\"async\" class=\"alignleft size-full wp-image-19030\" src=\"https:\/\/serveiseducatius.xtec.cat\/pallars\/wp-content\/uploads\/usu1099\/2022\/07\/linea.png\" alt=\"\" width=\"290\" height=\"2\" srcset=\"https:\/\/serveiseducatius.xtec.cat\/pallars\/wp-content\/uploads\/usu1099\/2022\/07\/linea.png 290w, https:\/\/serveiseducatius.xtec.cat\/pallars\/wp-content\/uploads\/usu1099\/2022\/07\/linea-150x2.png 150w, https:\/\/serveiseducatius.xtec.cat\/pallars\/wp-content\/uploads\/usu1099\/2022\/07\/linea-200x2.png 200w\" sizes=\"auto, (max-width: 290px) 100vw, 290px\" \/><b><br \/>\n<\/b><\/span><\/span><\/td>\n<td style=\"width: 34.6154%; height: 33px; border-style: none; text-align: center;\"><span style=\"color: #008080;\"><span style=\"font-size: 20px;\"><strong><a href=\"https:\/\/serveiseducatius.xtec.cat\/pallars\/general\/dracula-teatre-en-angles\/\"><b>Teatre en angl\u00e8s. Prim\u00e0ria Dracula Pallars Juss\u00e0<\/b><\/a><br \/>\n<img loading=\"lazy\" decoding=\"async\" class=\"alignleft size-full wp-image-19030\" src=\"https:\/\/serveiseducatius.xtec.cat\/pallars\/wp-content\/uploads\/usu1099\/2022\/07\/linea.png\" alt=\"\" width=\"290\" height=\"2\" srcset=\"https:\/\/serveiseducatius.xtec.cat\/pallars\/wp-content\/uploads\/usu1099\/2022\/07\/linea.png 290w, https:\/\/serveiseducatius.xtec.cat\/pallars\/wp-content\/uploads\/usu1099\/2022\/07\/linea-150x2.png 150w, https:\/\/serveiseducatius.xtec.cat\/pallars\/wp-content\/uploads\/usu1099\/2022\/07\/linea-200x2.png 200w\" sizes=\"auto, (max-width: 290px) 100vw, 290px\" \/><\/strong><\/span><\/span><\/td>\n<\/tr>\n<tr style=\"height: 33px;\">\n<td style=\"width: 32.6812%; height: 33px; border-style: none; text-align: center;\"><a href=\"https:\/\/serveiseducatius.xtec.cat\/pallars\/general\/fotografiem-lemprenedoria-2023\/\"><img loading=\"lazy\" decoding=\"async\" class=\"size-full wp-image-19813 aligncenter\" style=\"background-color: #f9f9f9;\" src=\"https:\/\/serveiseducatius.xtec.cat\/pallars\/wp-content\/uploads\/usu1099\/2022\/12\/concurs-de-fotografia1.png\" alt=\"\" width=\"250\" height=\"180\" \/><\/a><\/td>\n<td style=\"width: 34.8677%; height: 33px; border-style: none; text-align: center;\"><a href=\"https:\/\/serveiseducatius.xtec.cat\/pallars\/portada\/premis-treballs-de-recerca-deconomia-social-2023\/\"><img loading=\"lazy\" decoding=\"async\" class=\"size-full wp-image-19814 aligncenter\" src=\"https:\/\/serveiseducatius.xtec.cat\/pallars\/wp-content\/uploads\/usu1099\/2022\/12\/treballs-de-recerca-full.png\" alt=\"\" width=\"251\" height=\"180\" \/><\/a><\/td>\n<td style=\"width: 34.6154%; height: 33px; border-style: none; text-align: center;\"><a href=\"https:\/\/serveiseducatius.xtec.cat\/pallars\/general\/dracula-teatre-en-angles\/\"><img loading=\"lazy\" decoding=\"async\" class=\"size-full wp-image-19815 aligncenter\" src=\"https:\/\/serveiseducatius.xtec.cat\/pallars\/wp-content\/uploads\/usu1099\/2022\/12\/dracula.png\" alt=\"\" width=\"250\" height=\"180\" \/><\/a><\/td>\n<\/tr>\n<tr style=\"height: 31px;\">\n<td style=\"width: 32.6812%; text-align: left; border-style: none; background-color: #fcfcfc; height: 31px;\"><strong>\u00a0<\/strong><\/td>\n<td style=\"width: 34.8677%; text-align: left; border-style: none; background-color: #fcfcfc; height: 31px;\"><strong>\u00a0<\/strong><\/td>\n<td style=\"width: 34.6154%; text-align: left; border-style: none; background-color: #fcfcfc; height: 31px;\"><strong>\u00a0<\/strong><\/td>\n<\/tr>\n<tr style=\"height: 68px;\">\n<td style=\"width: 32.6812%; border-style: none; height: 68px; text-align: center;\"><span style=\"font-size: 20px; color: #008080;\"><strong><a href=\"https:\/\/serveiseducatius.xtec.cat\/pallars\/general\/100tifiques-10-de-febrer-de-2023\/\">\u00a0Inscripcions<\/a><br \/>\n<a style=\"color: #008080;\" href=\"https:\/\/serveiseducatius.xtec.cat\/pallars\/portada\/xiii-premi-per-a-la-diversitat-en-laudiovisual\/\"><img loading=\"lazy\" decoding=\"async\" class=\"alignleft size-full wp-image-19030\" src=\"https:\/\/serveiseducatius.xtec.cat\/pallars\/wp-content\/uploads\/usu1099\/2022\/07\/linea.png\" alt=\"\" width=\"290\" height=\"2\" srcset=\"https:\/\/serveiseducatius.xtec.cat\/pallars\/wp-content\/uploads\/usu1099\/2022\/07\/linea.png 290w, https:\/\/serveiseducatius.xtec.cat\/pallars\/wp-content\/uploads\/usu1099\/2022\/07\/linea-150x2.png 150w, https:\/\/serveiseducatius.xtec.cat\/pallars\/wp-content\/uploads\/usu1099\/2022\/07\/linea-200x2.png 200w\" sizes=\"auto, (max-width: 290px) 100vw, 290px\" \/><\/a><\/strong><\/span><\/td>\n<td style=\"width: 34.8677%; border-style: none; height: 68px; text-align: center;\"><a href=\"https:\/\/serveiseducatius.xtec.cat\/pallars\/general\/vii-concurs-de-whatsapp-relats\/\"><span style=\"font-size: 20px; color: #008080;\"><strong>Concurs<br \/>\nWhatsApp Relats-2023<\/strong><\/span><\/a><br \/>\n<img loading=\"lazy\" decoding=\"async\" class=\"alignleft size-full wp-image-19030\" src=\"https:\/\/serveiseducatius.xtec.cat\/pallars\/wp-content\/uploads\/usu1099\/2022\/07\/linea.png\" alt=\"\" width=\"290\" height=\"2\" srcset=\"https:\/\/serveiseducatius.xtec.cat\/pallars\/wp-content\/uploads\/usu1099\/2022\/07\/linea.png 290w, https:\/\/serveiseducatius.xtec.cat\/pallars\/wp-content\/uploads\/usu1099\/2022\/07\/linea-150x2.png 150w, https:\/\/serveiseducatius.xtec.cat\/pallars\/wp-content\/uploads\/usu1099\/2022\/07\/linea-200x2.png 200w\" sizes=\"auto, (max-width: 290px) 100vw, 290px\" \/><\/td>\n<td style=\"width: 34.6154%; border-style: none; height: 68px; text-align: center;\"><span style=\"font-size: 20px; color: #008080;\"><a href=\"https:\/\/serveiseducatius.xtec.cat\/pallars\/general\/nou-nodes-dels-usos-linguistic\/\"><strong>Nodes Usos Ling\u00fc\u00edstics<\/strong><\/a><br \/>\n<strong><img loading=\"lazy\" decoding=\"async\" class=\"alignleft size-full wp-image-19030\" src=\"https:\/\/serveiseducatius.xtec.cat\/pallars\/wp-content\/uploads\/usu1099\/2022\/07\/linea.png\" alt=\"\" width=\"290\" height=\"2\" srcset=\"https:\/\/serveiseducatius.xtec.cat\/pallars\/wp-content\/uploads\/usu1099\/2022\/07\/linea.png 290w, https:\/\/serveiseducatius.xtec.cat\/pallars\/wp-content\/uploads\/usu1099\/2022\/07\/linea-150x2.png 150w, https:\/\/serveiseducatius.xtec.cat\/pallars\/wp-content\/uploads\/usu1099\/2022\/07\/linea-200x2.png 200w\" sizes=\"auto, (max-width: 290px) 100vw, 290px\" \/><\/strong><\/span><\/td>\n<\/tr>\n<tr style=\"height: 207px;\">\n<td style=\"width: 32.6812%; border-style: none; height: 207px;\"><a href=\"https:\/\/serveiseducatius.xtec.cat\/pallars\/general\/100tifiques-10-de-febrer-de-2023\/\"><img loading=\"lazy\" decoding=\"async\" class=\"size-full wp-image-19870 aligncenter\" src=\"https:\/\/serveiseducatius.xtec.cat\/pallars\/wp-content\/uploads\/usu1099\/2022\/12\/100tifiques-article22.jpg\" alt=\"\" width=\"251\" height=\"180\" \/><\/a><\/td>\n<td style=\"width: 34.8677%; border-style: none; height: 207px;\"><a href=\"https:\/\/serveiseducatius.xtec.cat\/pallars\/general\/vii-concurs-de-whatsapp-relats\/\"><img loading=\"lazy\" decoding=\"async\" class=\"size-full wp-image-19816 aligncenter\" style=\"text-align: center; background-color: #ffffff;\" src=\"https:\/\/serveiseducatius.xtec.cat\/pallars\/wp-content\/uploads\/usu1099\/2022\/12\/concurs-de-whatsappw.png\" alt=\"\" width=\"250\" height=\"180\" \/><\/a><\/td>\n<td style=\"width: 34.6154%; border-style: none; height: 207px;\"><a href=\"https:\/\/serveiseducatius.xtec.cat\/pallars\/general\/nou-nodes-dels-usos-linguistic\/\"><img loading=\"lazy\" decoding=\"async\" class=\"size-full wp-image-19817 aligncenter\" src=\"https:\/\/serveiseducatius.xtec.cat\/pallars\/wp-content\/uploads\/usu1099\/2022\/12\/usos-linguistics-1.png\" alt=\"\" width=\"250\" height=\"180\" \/><\/a><\/td>\n<\/tr>\n<tr>\n<td style=\"width: 32.6812%; border-style: none;\"><\/td>\n<td style=\"width: 34.8677%; border-style: none;\"><\/td>\n<td style=\"width: 34.6154%; border-style: none;\"><\/td>\n<\/tr>\n<tr style=\"height: 68px;\">\n<td style=\"width: 32.6812%; border-style: none; height: 68px; text-align: center;\"><span style=\"font-size: 20px; color: #008080;\"><strong><a href=\"https:\/\/serveiseducatius.xtec.cat\/pallars\/general\/premi-baldiri-reixac-2022-2023\/\">Convocat\u00f2ria<\/a><br \/>\n<a href=\"https:\/\/serveiseducatius.xtec.cat\/pallars\/general\/premi-baldiri-reixac-2022-2023\/\">Premi Baldiri Reixac<\/a><br \/>\n<a style=\"color: #008080;\" href=\"https:\/\/serveiseducatius.xtec.cat\/pallars\/portada\/xiii-premi-per-a-la-diversitat-en-laudiovisual\/\"><img loading=\"lazy\" decoding=\"async\" class=\"alignleft size-full wp-image-19030\" src=\"https:\/\/serveiseducatius.xtec.cat\/pallars\/wp-content\/uploads\/usu1099\/2022\/07\/linea.png\" alt=\"\" width=\"290\" height=\"2\" srcset=\"https:\/\/serveiseducatius.xtec.cat\/pallars\/wp-content\/uploads\/usu1099\/2022\/07\/linea.png 290w, https:\/\/serveiseducatius.xtec.cat\/pallars\/wp-content\/uploads\/usu1099\/2022\/07\/linea-150x2.png 150w, https:\/\/serveiseducatius.xtec.cat\/pallars\/wp-content\/uploads\/usu1099\/2022\/07\/linea-200x2.png 200w\" sizes=\"auto, (max-width: 290px) 100vw, 290px\" \/><\/a><\/strong><\/span><\/td>\n<td style=\"width: 34.8677%; border-style: none; height: 68px; text-align: center;\" rowspan=\"2\"><img loading=\"lazy\" decoding=\"async\" class=\"alignleft size-full wp-image-19893\" src=\"https:\/\/serveiseducatius.xtec.cat\/pallars\/wp-content\/uploads\/usu1099\/2022\/12\/mitjons-article.png\" alt=\"\" width=\"250\" height=\"180\" \/><\/td>\n<td style=\"width: 34.6154%; border-style: none; height: 68px; text-align: center;\"><strong><span style=\"font-size: 20px; color: #008080;\"><a href=\"https:\/\/serveiseducatius.xtec.cat\/pallars\/general\/x-jocs-florals-escolars\/\">X Jocs Florals Escolars <\/a><br \/>\n<img loading=\"lazy\" decoding=\"async\" class=\"alignleft size-full wp-image-19030\" src=\"https:\/\/serveiseducatius.xtec.cat\/pallars\/wp-content\/uploads\/usu1099\/2022\/07\/linea.png\" alt=\"\" width=\"290\" height=\"2\" srcset=\"https:\/\/serveiseducatius.xtec.cat\/pallars\/wp-content\/uploads\/usu1099\/2022\/07\/linea.png 290w, https:\/\/serveiseducatius.xtec.cat\/pallars\/wp-content\/uploads\/usu1099\/2022\/07\/linea-150x2.png 150w, https:\/\/serveiseducatius.xtec.cat\/pallars\/wp-content\/uploads\/usu1099\/2022\/07\/linea-200x2.png 200w\" sizes=\"auto, (max-width: 290px) 100vw, 290px\" \/><\/span><\/strong><\/td>\n<\/tr>\n<tr>\n<td style=\"width: 32.6812%; border-style: none;\"><a href=\"https:\/\/serveiseducatius.xtec.cat\/pallars\/general\/premi-baldiri-reixac-2022-2023\/\"><img loading=\"lazy\" decoding=\"async\" class=\"alignleft size-full wp-image-19818\" style=\"background-color: #f9f9f9;\" src=\"https:\/\/serveiseducatius.xtec.cat\/pallars\/wp-content\/uploads\/usu1099\/2022\/12\/PERMIS-BALDIRI-1.png\" alt=\"\" width=\"251\" height=\"181\" \/><\/a><\/td>\n<td style=\"width: 34.6154%; border-style: none;\"><a href=\"https:\/\/serveiseducatius.xtec.cat\/pallars\/general\/x-jocs-florals-escolars\/\"><img loading=\"lazy\" decoding=\"async\" class=\"size-full wp-image-17802 aligncenter\" src=\"https:\/\/serveiseducatius.xtec.cat\/pallars\/wp-content\/uploads\/usu1099\/2022\/02\/Jocs-florals-22-1.png\" alt=\"\" width=\"250\" height=\"180\" \/><\/a><\/td>\n<\/tr>\n<tr>\n<td style=\"width: 32.6812%; border-style: none; background-color: #a22733; text-align: center;\" colspan=\"3\"><span style=\"color: #ffffff; font-size: 16px; font-family: arial, helvetica, sans-serif;\"><strong>Servei Educatiu dels Pallars &#8211; EdA de Tremp<\/strong><\/span><\/td>\n<\/tr>\n<\/tbody>\n<\/table>\n<p>&nbsp;<\/p>\n","protected":false},"excerpt":{"rendered":"<p>Inscripcions activitats 2n torn Oferta formativa Compet\u00e8ncia Digital Docent A1, A2 i B1 Presentaci\u00f3 recursos de Mem\u00f2ria Hist\u00f2rica Concurs Fotografiem [&hellip;]<\/p>\n","protected":false},"author":1,"featured_media":0,"parent":20176,"menu_order":55,"comment_status":"closed","ping_status":"closed","template":"page-templates\/side-menu.php","meta":{"_bbp_topic_count":0,"_bbp_reply_count":0,"_bbp_total_topic_count":0,"_bbp_total_reply_count":0,"_bbp_voice_count":0,"_bbp_anonymous_reply_count":0,"_bbp_topic_count_hidden":0,"_bbp_reply_count_hidden":0,"_bbp_forum_subforum_count":0,"site-sidebar-layout":"default","site-content-layout":"","ast-site-content-layout":"","site-content-style":"default","site-sidebar-style":"default","ast-global-header-display":"","ast-banner-title-visibility":"","ast-main-header-display":"","ast-hfb-above-header-display":"","ast-hfb-below-header-display":"","ast-hfb-mobile-header-display":"","site-post-title":"","ast-breadcrumbs-content":"","ast-featured-img":"","footer-sml-layout":"","theme-transparent-header-meta":"","adv-header-id-meta":"","stick-header-meta":"","header-above-stick-meta":"","header-main-stick-meta":"","header-below-stick-meta":"","astra-migrate-meta-layouts":"default","ast-page-background-enabled":"default","ast-page-background-meta":{"desktop":{"background-color":"var(--ast-global-color-4)","background-image":"","background-repeat":"repeat","background-position":"center center","background-size":"auto","background-attachment":"scroll","background-type":"","background-media":"","overlay-type":"","overlay-color":"","overlay-opacity":"","overlay-gradient":""},"tablet":{"background-color":"","background-image":"","background-repeat":"repeat","background-position":"center center","background-size":"auto","background-attachment":"scroll","background-type":"","background-media":"","overlay-type":"","overlay-color":"","overlay-opacity":"","overlay-gradient":""},"mobile":{"background-color":"","background-image":"","background-repeat":"repeat","background-position":"center center","background-size":"auto","background-attachment":"scroll","background-type":"","background-media":"","overlay-type":"","overlay-color":"","overlay-opacity":"","overlay-gradient":""}},"ast-content-background-meta":{"desktop":{"background-color":"var(--ast-global-color-5)","background-image":"","background-repeat":"repeat","background-position":"center center","background-size":"auto","background-attachment":"scroll","background-type":"","background-media":"","overlay-type":"","overlay-color":"","overlay-opacity":"","overlay-gradient":""},"tablet":{"background-color":"var(--ast-global-color-5)","background-image":"","background-repeat":"repeat","background-position":"center center","background-size":"auto","background-attachment":"scroll","background-type":"","background-media":"","overlay-type":"","overlay-color":"","overlay-opacity":"","overlay-gradient":""},"mobile":{"background-color":"var(--ast-global-color-5)","background-image":"","background-repeat":"repeat","background-position":"center center","background-size":"auto","background-attachment":"scroll","background-type":"","background-media":"","overlay-type":"","overlay-color":"","overlay-opacity":"","overlay-gradient":""}},"footnotes":""},"class_list":["post-19810","page","type-page","status-publish","hentry"],"post_mailing_queue_ids":[],"_links":{"self":[{"href":"https:\/\/serveiseducatius.xtec.cat\/pallars\/wp-json\/wp\/v2\/pages\/19810","targetHints":{"allow":["GET"]}}],"collection":[{"href":"https:\/\/serveiseducatius.xtec.cat\/pallars\/wp-json\/wp\/v2\/pages"}],"about":[{"href":"https:\/\/serveiseducatius.xtec.cat\/pallars\/wp-json\/wp\/v2\/types\/page"}],"author":[{"embeddable":true,"href":"https:\/\/serveiseducatius.xtec.cat\/pallars\/wp-json\/wp\/v2\/users\/1"}],"replies":[{"embeddable":true,"href":"https:\/\/serveiseducatius.xtec.cat\/pallars\/wp-json\/wp\/v2\/comments?post=19810"}],"version-history":[{"count":3,"href":"https:\/\/serveiseducatius.xtec.cat\/pallars\/wp-json\/wp\/v2\/pages\/19810\/revisions"}],"predecessor-version":[{"id":19928,"href":"https:\/\/serveiseducatius.xtec.cat\/pallars\/wp-json\/wp\/v2\/pages\/19810\/revisions\/19928"}],"up":[{"embeddable":true,"href":"https:\/\/serveiseducatius.xtec.cat\/pallars\/wp-json\/wp\/v2\/pages\/20176"}],"wp:attachment":[{"href":"https:\/\/serveiseducatius.xtec.cat\/pallars\/wp-json\/wp\/v2\/media?parent=19810"}],"curies":[{"name":"wp","href":"https:\/\/api.w.org\/{rel}","templated":true}]}}