{"id":19007,"date":"2022-07-05T12:21:28","date_gmt":"2022-07-05T10:21:28","guid":{"rendered":"https:\/\/serveiseducatius.xtec.cat\/pallars\/?page_id=19007"},"modified":"2023-01-26T10:45:57","modified_gmt":"2023-01-26T09:45:57","slug":"juliol-2022","status":"publish","type":"page","link":"https:\/\/serveiseducatius.xtec.cat\/pallars\/full-informatiu\/fulls-informatius-2022\/juliol-2022\/","title":{"rendered":"Juliol 2022"},"content":{"rendered":"<table style=\"height: 717px; width: 874px; border-style: none;\">\n<tbody>\n<tr style=\"height: 35px;\">\n<td style=\"width: 285.862px; height: 24px; border-style: none; text-align: center;\"><span style=\"color: #008080;\"><a style=\"color: #008080;\" href=\"https:\/\/projectes.xtec.cat\/nou-curriculum\/\"><span style=\"font-size: 20px;\">Nou curr\u00edculum<\/span><\/a><\/span><span style=\"color: #008080;\"><a style=\"color: #008080;\" href=\"https:\/\/serveiseducatius.xtec.cat\/pallars\/wp-content\/uploads\/usu1099\/2020\/03\/linea.png\"><img loading=\"lazy\" decoding=\"async\" class=\"alignleft size-full wp-image-19030\" src=\"https:\/\/serveiseducatius.xtec.cat\/pallars\/wp-content\/uploads\/usu1099\/2022\/07\/linea.png\" alt=\"\" width=\"290\" height=\"2\" srcset=\"https:\/\/serveiseducatius.xtec.cat\/pallars\/wp-content\/uploads\/usu1099\/2022\/07\/linea.png 290w, https:\/\/serveiseducatius.xtec.cat\/pallars\/wp-content\/uploads\/usu1099\/2022\/07\/linea-150x2.png 150w, https:\/\/serveiseducatius.xtec.cat\/pallars\/wp-content\/uploads\/usu1099\/2022\/07\/linea-200x2.png 200w\" sizes=\"auto, (max-width: 290px) 100vw, 290px\" \/><\/a><\/span><\/td>\n<td style=\"width: 305.388px; height: 24px; border-style: none; text-align: center;\"><span style=\"color: #008080;\"><strong><strong><span style=\"font-size: 20px;\"><a style=\"color: #008080;\" href=\"https:\/\/odissea.xtec.cat\/course\/index.php?categoryid=15121&amp;_ga=2.234859038.108487256.1656056611-74875501%20\/\">Formaci\u00f3 d&#8217;estiu<\/a><img loading=\"lazy\" decoding=\"async\" class=\"alignleft size-full wp-image-19030\" src=\"https:\/\/serveiseducatius.xtec.cat\/pallars\/wp-content\/uploads\/usu1099\/2022\/07\/linea.png\" alt=\"\" width=\"290\" height=\"2\" srcset=\"https:\/\/serveiseducatius.xtec.cat\/pallars\/wp-content\/uploads\/usu1099\/2022\/07\/linea.png 290w, https:\/\/serveiseducatius.xtec.cat\/pallars\/wp-content\/uploads\/usu1099\/2022\/07\/linea-150x2.png 150w, https:\/\/serveiseducatius.xtec.cat\/pallars\/wp-content\/uploads\/usu1099\/2022\/07\/linea-200x2.png 200w\" sizes=\"auto, (max-width: 290px) 100vw, 290px\" \/><br \/>\n<\/span><\/strong><\/strong><\/span><\/td>\n<td style=\"width: 276.35px; height: 24px; border-style: none; text-align: center;\"><span style=\"color: #008080;\"><strong><span style=\"font-size: 20px;\"><br \/>\n<a style=\"color: #008080;\" href=\"https:\/\/serveiseducatius.xtec.cat\/pallars\/general\/convocatoria-extraordinaria-programes-innovacio\/\">Convocat\u00f2ria<\/a><br \/>\n<\/span><\/strong><img loading=\"lazy\" decoding=\"async\" class=\"alignleft size-full wp-image-19030\" src=\"https:\/\/serveiseducatius.xtec.cat\/pallars\/wp-content\/uploads\/usu1099\/2022\/07\/linea.png\" alt=\"\" width=\"290\" height=\"2\" srcset=\"https:\/\/serveiseducatius.xtec.cat\/pallars\/wp-content\/uploads\/usu1099\/2022\/07\/linea.png 290w, https:\/\/serveiseducatius.xtec.cat\/pallars\/wp-content\/uploads\/usu1099\/2022\/07\/linea-150x2.png 150w, https:\/\/serveiseducatius.xtec.cat\/pallars\/wp-content\/uploads\/usu1099\/2022\/07\/linea-200x2.png 200w\" sizes=\"auto, (max-width: 290px) 100vw, 290px\" \/><br \/>\n<\/span><\/td>\n<\/tr>\n<tr style=\"height: 156px;\">\n<td style=\"width: 285.862px; height: 156px; border-style: none; text-align: center;\"><a href=\"https:\/\/projectes.xtec.cat\/nou-curriculum\/\"><img loading=\"lazy\" decoding=\"async\" class=\"size-full wp-image-19002\" src=\"https:\/\/serveiseducatius.xtec.cat\/pallars\/wp-content\/uploads\/usu1099\/2022\/07\/El-nou-curriculum.png\" alt=\"\" width=\"250\" height=\"180\" \/><\/a><\/td>\n<td style=\"width: 305.388px; height: 156px; border-style: none; text-align: center;\"><a href=\"https:\/\/odissea.xtec.cat\/course\/index.php?categoryid=15121&amp;_ga=2.234859038.108487256.1656056611-74875501%20\/\"><img loading=\"lazy\" decoding=\"async\" class=\"size-full wp-image-19003\" src=\"https:\/\/serveiseducatius.xtec.cat\/pallars\/wp-content\/uploads\/usu1099\/2022\/07\/formacio-estiu-kudis.png\" alt=\"\" width=\"250\" height=\"180\" \/><\/a><\/td>\n<td style=\"width: 276.35px; height: 156px; border-style: none; text-align: center;\"><a href=\"https:\/\/serveiseducatius.xtec.cat\/pallars\/general\/convocatoria-extraordinaria-programes-innovacio\/\"><img loading=\"lazy\" decoding=\"async\" class=\"size-full wp-image-19004\" src=\"https:\/\/serveiseducatius.xtec.cat\/pallars\/wp-content\/uploads\/usu1099\/2022\/07\/convocatoria-extraordinaria-pi.png\" alt=\"\" width=\"250\" height=\"180\" \/><\/a><\/td>\n<\/tr>\n<tr style=\"height: 33px;\">\n<td style=\"width: 285.862px; height: 33px; border-style: none;\"><\/td>\n<td style=\"width: 305.388px; height: 33px; border-style: none;\"><\/td>\n<td style=\"width: 276.35px; height: 33px; border-style: none;\"><\/td>\n<\/tr>\n<tr style=\"height: 33px;\">\n<td style=\"width: 285.862px; height: 33px; border-style: none; text-align: center;\"><span style=\"color: #ba1c00;\"><strong style=\"color: #222222; font-size: 20px; background-color: #ffffff;\"><br \/>\n<span style=\"color: #008080;\"><a style=\"color: #008080;\" href=\"https:\/\/serveiseducatius.xtec.cat\/pallars\/general\/guia-lectura-ciencies-de-la-terra\/\">Lectures<\/a><\/span><br \/>\n<\/strong><img loading=\"lazy\" decoding=\"async\" class=\"alignleft size-full wp-image-19030\" src=\"https:\/\/serveiseducatius.xtec.cat\/pallars\/wp-content\/uploads\/usu1099\/2022\/07\/linea.png\" alt=\"\" width=\"290\" height=\"2\" srcset=\"https:\/\/serveiseducatius.xtec.cat\/pallars\/wp-content\/uploads\/usu1099\/2022\/07\/linea.png 290w, https:\/\/serveiseducatius.xtec.cat\/pallars\/wp-content\/uploads\/usu1099\/2022\/07\/linea-150x2.png 150w, https:\/\/serveiseducatius.xtec.cat\/pallars\/wp-content\/uploads\/usu1099\/2022\/07\/linea-200x2.png 200w\" sizes=\"auto, (max-width: 290px) 100vw, 290px\" \/><br \/>\n<\/span><\/td>\n<td style=\"width: 305.388px; height: 33px; border-style: none; text-align: center;\"><span style=\"color: #008080;\"><span style=\"font-size: 20px;\">Medi_STEAM.<br \/>\nUna mirada que integra<b><br \/>\n<\/b><img loading=\"lazy\" decoding=\"async\" class=\"alignleft size-full wp-image-19030\" src=\"https:\/\/serveiseducatius.xtec.cat\/pallars\/wp-content\/uploads\/usu1099\/2022\/07\/linea.png\" alt=\"\" width=\"290\" height=\"2\" srcset=\"https:\/\/serveiseducatius.xtec.cat\/pallars\/wp-content\/uploads\/usu1099\/2022\/07\/linea.png 290w, https:\/\/serveiseducatius.xtec.cat\/pallars\/wp-content\/uploads\/usu1099\/2022\/07\/linea-150x2.png 150w, https:\/\/serveiseducatius.xtec.cat\/pallars\/wp-content\/uploads\/usu1099\/2022\/07\/linea-200x2.png 200w\" sizes=\"auto, (max-width: 290px) 100vw, 290px\" \/><b><br \/>\n<\/b><\/span><\/span><\/td>\n<td style=\"width: 276.35px; height: 33px; border-style: none; text-align: center;\"><span style=\"color: #008080;\"><span style=\"font-size: 20px;\"><strong><br \/>\n<a style=\"color: #008080;\" href=\"https:\/\/sites.google.com\/xtec.cat\/bancderecursos\">Butllet\u00ed Juny<img loading=\"lazy\" decoding=\"async\" class=\"alignleft size-full wp-image-19030\" src=\"https:\/\/serveiseducatius.xtec.cat\/pallars\/wp-content\/uploads\/usu1099\/2022\/07\/linea.png\" alt=\"\" width=\"290\" height=\"2\" srcset=\"https:\/\/serveiseducatius.xtec.cat\/pallars\/wp-content\/uploads\/usu1099\/2022\/07\/linea.png 290w, https:\/\/serveiseducatius.xtec.cat\/pallars\/wp-content\/uploads\/usu1099\/2022\/07\/linea-150x2.png 150w, https:\/\/serveiseducatius.xtec.cat\/pallars\/wp-content\/uploads\/usu1099\/2022\/07\/linea-200x2.png 200w\" sizes=\"auto, (max-width: 290px) 100vw, 290px\" \/><\/a><\/strong><\/span><\/span><\/td>\n<\/tr>\n<tr style=\"height: 33px;\">\n<td style=\"width: 285.862px; height: 33px; border-style: none; text-align: center;\"><a href=\"https:\/\/serveiseducatius.xtec.cat\/pallars\/general\/guia-lectura-ciencies-de-la-terra\/\"><img loading=\"lazy\" decoding=\"async\" class=\"size-full wp-image-19025\" src=\"https:\/\/serveiseducatius.xtec.cat\/pallars\/wp-content\/uploads\/usu1099\/2022\/07\/guia-lectura-geoparc.png\" alt=\"\" width=\"250\" height=\"180\" \/><\/a><\/td>\n<td style=\"width: 305.388px; height: 33px; border-style: none; text-align: center;\"><a href=\"https:\/\/serveiseducatius.xtec.cat\/pallars\/general\/medi_steam-una-mirada-que-integra\/\"><img loading=\"lazy\" decoding=\"async\" class=\"size-full wp-image-19026\" src=\"https:\/\/serveiseducatius.xtec.cat\/pallars\/wp-content\/uploads\/usu1099\/2022\/07\/presentacio-llibre-full-informatiu.png\" alt=\"\" width=\"250\" height=\"180\" \/><\/a><\/td>\n<td style=\"width: 276.35px; height: 33px; border-style: none; text-align: center;\"><a href=\"https:\/\/sites.google.com\/xtec.cat\/bancderecursos\"><img loading=\"lazy\" decoding=\"async\" class=\"alignleft size-full wp-image-19005\" src=\"https:\/\/serveiseducatius.xtec.cat\/pallars\/wp-content\/uploads\/usu1099\/2022\/07\/bdr.png\" alt=\"\" width=\"251\" height=\"180\" \/><\/a><\/td>\n<\/tr>\n<tr style=\"height: 31px;\">\n<td style=\"width: 285.862px; text-align: left; border-style: none; background-color: #fcfcfc; height: 31px;\"><strong>\u00a0<\/strong><\/td>\n<td style=\"width: 305.388px; text-align: left; border-style: none; background-color: #fcfcfc; height: 31px;\"><strong>\u00a0<\/strong><\/td>\n<td style=\"width: 276.35px; text-align: left; border-style: none; background-color: #fcfcfc; height: 31px;\"><strong>\u00a0<\/strong><\/td>\n<\/tr>\n<tr style=\"height: 68px;\">\n<td style=\"width: 285.862px; border-style: none; height: 68px; text-align: center;\"><span style=\"font-size: 20px; color: #008080;\"><strong><a style=\"color: #008080;\" href=\"https:\/\/serveiseducatius.xtec.cat\/pallars\/portada\/xiii-premi-per-a-la-diversitat-en-laudiovisual\/\">Premi Diversitat en l&#8217;Audiovisual<img loading=\"lazy\" decoding=\"async\" class=\"alignleft size-full wp-image-19030\" src=\"https:\/\/serveiseducatius.xtec.cat\/pallars\/wp-content\/uploads\/usu1099\/2022\/07\/linea.png\" alt=\"\" width=\"290\" height=\"2\" srcset=\"https:\/\/serveiseducatius.xtec.cat\/pallars\/wp-content\/uploads\/usu1099\/2022\/07\/linea.png 290w, https:\/\/serveiseducatius.xtec.cat\/pallars\/wp-content\/uploads\/usu1099\/2022\/07\/linea-150x2.png 150w, https:\/\/serveiseducatius.xtec.cat\/pallars\/wp-content\/uploads\/usu1099\/2022\/07\/linea-200x2.png 200w\" sizes=\"auto, (max-width: 290px) 100vw, 290px\" \/><\/a><\/strong><\/span><\/td>\n<td style=\"width: 305.388px; border-style: none; height: 68px; text-align: center;\">&nbsp;<\/p>\n<p><span style=\"font-size: 20px;\"><a style=\"color: #008080;\" href=\"https:\/\/sites.google.com\/xtec.cat\/lartperlavida\/inici\">Recurs<\/a><\/span><br \/>\n<img loading=\"lazy\" decoding=\"async\" class=\"alignleft size-full wp-image-19030\" src=\"https:\/\/serveiseducatius.xtec.cat\/pallars\/wp-content\/uploads\/usu1099\/2022\/07\/linea.png\" alt=\"\" width=\"290\" height=\"2\" srcset=\"https:\/\/serveiseducatius.xtec.cat\/pallars\/wp-content\/uploads\/usu1099\/2022\/07\/linea.png 290w, https:\/\/serveiseducatius.xtec.cat\/pallars\/wp-content\/uploads\/usu1099\/2022\/07\/linea-150x2.png 150w, https:\/\/serveiseducatius.xtec.cat\/pallars\/wp-content\/uploads\/usu1099\/2022\/07\/linea-200x2.png 200w\" sizes=\"auto, (max-width: 290px) 100vw, 290px\" \/><\/td>\n<td style=\"width: 276.35px; border-style: none; height: 68px; text-align: center;\"><span style=\"font-size: 20px; color: #008080;\"><br \/>\nBon estiu<strong><img loading=\"lazy\" decoding=\"async\" class=\"alignleft size-full wp-image-19030\" src=\"https:\/\/serveiseducatius.xtec.cat\/pallars\/wp-content\/uploads\/usu1099\/2022\/07\/linea.png\" alt=\"\" width=\"290\" height=\"2\" srcset=\"https:\/\/serveiseducatius.xtec.cat\/pallars\/wp-content\/uploads\/usu1099\/2022\/07\/linea.png 290w, https:\/\/serveiseducatius.xtec.cat\/pallars\/wp-content\/uploads\/usu1099\/2022\/07\/linea-150x2.png 150w, https:\/\/serveiseducatius.xtec.cat\/pallars\/wp-content\/uploads\/usu1099\/2022\/07\/linea-200x2.png 200w\" sizes=\"auto, (max-width: 290px) 100vw, 290px\" \/><\/strong><\/span><\/td>\n<\/tr>\n<tr style=\"height: 207px;\">\n<td style=\"width: 285.862px; border-style: none; height: 207px;\"><a href=\"https:\/\/serveiseducatius.xtec.cat\/pallars\/portada\/xiii-premi-per-a-la-diversitat-en-laudiovisual\/\"><img loading=\"lazy\" decoding=\"async\" class=\"alignleft size-full wp-image-19017\" src=\"https:\/\/serveiseducatius.xtec.cat\/pallars\/wp-content\/uploads\/usu1099\/2022\/07\/premi-audiovisual.png\" alt=\"\" width=\"250\" height=\"180\" \/><\/a><\/td>\n<td style=\"width: 305.388px; border-style: none; height: 207px;\"><a href=\"https:\/\/sites.google.com\/xtec.cat\/lartperlavida\/inici\"><img loading=\"lazy\" decoding=\"async\" class=\"size-full wp-image-18208 aligncenter\" src=\"https:\/\/serveiseducatius.xtec.cat\/pallars\/wp-content\/uploads\/usu1099\/2022\/03\/recursos-artweb.png\" alt=\"\" width=\"251\" height=\"180\" \/><\/a><\/td>\n<td style=\"width: 276.35px; border-style: none; height: 207px;\"><img loading=\"lazy\" decoding=\"async\" class=\"size-full wp-image-19027 aligncenter\" src=\"https:\/\/serveiseducatius.xtec.cat\/pallars\/wp-content\/uploads\/usu1099\/2022\/07\/bon-estiu.png\" alt=\"\" width=\"250\" height=\"180\" \/><\/td>\n<\/tr>\n<\/tbody>\n<\/table>\n<p>&nbsp;<\/p>\n","protected":false},"excerpt":{"rendered":"<p>Nou curr\u00edculum Formaci\u00f3 d&#8217;estiu Convocat\u00f2ria Lectures Medi_STEAM. Una mirada que integra Butllet\u00ed Juny \u00a0 \u00a0 \u00a0 Premi Diversitat en l&#8217;Audiovisual [&hellip;]<\/p>\n","protected":false},"author":1,"featured_media":0,"parent":20176,"menu_order":7,"comment_status":"closed","ping_status":"closed","template":"page-templates\/side-menu.php","meta":{"_bbp_topic_count":0,"_bbp_reply_count":0,"_bbp_total_topic_count":0,"_bbp_total_reply_count":0,"_bbp_voice_count":0,"_bbp_anonymous_reply_count":0,"_bbp_topic_count_hidden":0,"_bbp_reply_count_hidden":0,"_bbp_forum_subforum_count":0,"site-sidebar-layout":"default","site-content-layout":"","ast-site-content-layout":"","site-content-style":"default","site-sidebar-style":"default","ast-global-header-display":"","ast-banner-title-visibility":"","ast-main-header-display":"","ast-hfb-above-header-display":"","ast-hfb-below-header-display":"","ast-hfb-mobile-header-display":"","site-post-title":"","ast-breadcrumbs-content":"","ast-featured-img":"","footer-sml-layout":"","theme-transparent-header-meta":"","adv-header-id-meta":"","stick-header-meta":"","header-above-stick-meta":"","header-main-stick-meta":"","header-below-stick-meta":"","astra-migrate-meta-layouts":"default","ast-page-background-enabled":"default","ast-page-background-meta":{"desktop":{"background-color":"var(--ast-global-color-4)","background-image":"","background-repeat":"repeat","background-position":"center center","background-size":"auto","background-attachment":"scroll","background-type":"","background-media":"","overlay-type":"","overlay-color":"","overlay-opacity":"","overlay-gradient":""},"tablet":{"background-color":"","background-image":"","background-repeat":"repeat","background-position":"center center","background-size":"auto","background-attachment":"scroll","background-type":"","background-media":"","overlay-type":"","overlay-color":"","overlay-opacity":"","overlay-gradient":""},"mobile":{"background-color":"","background-image":"","background-repeat":"repeat","background-position":"center center","background-size":"auto","background-attachment":"scroll","background-type":"","background-media":"","overlay-type":"","overlay-color":"","overlay-opacity":"","overlay-gradient":""}},"ast-content-background-meta":{"desktop":{"background-color":"var(--ast-global-color-5)","background-image":"","background-repeat":"repeat","background-position":"center center","background-size":"auto","background-attachment":"scroll","background-type":"","background-media":"","overlay-type":"","overlay-color":"","overlay-opacity":"","overlay-gradient":""},"tablet":{"background-color":"var(--ast-global-color-5)","background-image":"","background-repeat":"repeat","background-position":"center center","background-size":"auto","background-attachment":"scroll","background-type":"","background-media":"","overlay-type":"","overlay-color":"","overlay-opacity":"","overlay-gradient":""},"mobile":{"background-color":"var(--ast-global-color-5)","background-image":"","background-repeat":"repeat","background-position":"center center","background-size":"auto","background-attachment":"scroll","background-type":"","background-media":"","overlay-type":"","overlay-color":"","overlay-opacity":"","overlay-gradient":""}},"footnotes":""},"class_list":["post-19007","page","type-page","status-publish","hentry"],"post_mailing_queue_ids":[],"_links":{"self":[{"href":"https:\/\/serveiseducatius.xtec.cat\/pallars\/wp-json\/wp\/v2\/pages\/19007","targetHints":{"allow":["GET"]}}],"collection":[{"href":"https:\/\/serveiseducatius.xtec.cat\/pallars\/wp-json\/wp\/v2\/pages"}],"about":[{"href":"https:\/\/serveiseducatius.xtec.cat\/pallars\/wp-json\/wp\/v2\/types\/page"}],"author":[{"embeddable":true,"href":"https:\/\/serveiseducatius.xtec.cat\/pallars\/wp-json\/wp\/v2\/users\/1"}],"replies":[{"embeddable":true,"href":"https:\/\/serveiseducatius.xtec.cat\/pallars\/wp-json\/wp\/v2\/comments?post=19007"}],"version-history":[{"count":3,"href":"https:\/\/serveiseducatius.xtec.cat\/pallars\/wp-json\/wp\/v2\/pages\/19007\/revisions"}],"predecessor-version":[{"id":19038,"href":"https:\/\/serveiseducatius.xtec.cat\/pallars\/wp-json\/wp\/v2\/pages\/19007\/revisions\/19038"}],"up":[{"embeddable":true,"href":"https:\/\/serveiseducatius.xtec.cat\/pallars\/wp-json\/wp\/v2\/pages\/20176"}],"wp:attachment":[{"href":"https:\/\/serveiseducatius.xtec.cat\/pallars\/wp-json\/wp\/v2\/media?parent=19007"}],"curies":[{"name":"wp","href":"https:\/\/api.w.org\/{rel}","templated":true}]}}