{"id":18714,"date":"2022-05-17T13:56:06","date_gmt":"2022-05-17T11:56:06","guid":{"rendered":"https:\/\/serveiseducatius.xtec.cat\/pallars\/?page_id=18714"},"modified":"2025-12-18T10:20:49","modified_gmt":"2025-12-18T09:20:49","slug":"mercat-tecnologia-pallars","status":"publish","type":"page","link":"https:\/\/serveiseducatius.xtec.cat\/pallars\/dinamitzacio\/steam\/mercat-tecnologia-pallars\/","title":{"rendered":"Mercat Tecnologia Pallars"},"content":{"rendered":"\n<p>La tecnologia i la ci\u00e8ncia han d\u2019ocupar un lloc central en l\u2019educaci\u00f3 del nostre alumnat, ja que s\u00f3n \u00e0rees fonamentals per comprendre i transformar el m\u00f3n en qu\u00e8 vivim. La seva incorporaci\u00f3 en el sistema educatiu afavoreix l\u2019adquisici\u00f3 de compet\u00e8ncies clau com ara el pensament cr\u00edtic, la capacitat de resoldre situacions complexes i la creativitat. En una societat cada vegada m\u00e9s digital i tecnol\u00f2gica, \u00e9s essencial dotar els estudiants dels coneixements i recursos necessaris per afrontar els reptes del futur amb garanties.<\/p>\n\n\n\n<p>Amb aquesta finalitat, el Servei Educatiu dels Pallars impulsa la cinquena edici\u00f3 del Mercat de Tecnologia dels Pallars a les nostres comarques.<\/p>\n\n\n\n<figure class=\"wp-block-image size-large\"><a href=\"https:\/\/view.genially.com\/690c738b83eac5605be6b3ba\/presentation-mercat-de-tecnologia-2026\"><img loading=\"lazy\" decoding=\"async\" width=\"1024\" height=\"574\" src=\"https:\/\/serveiseducatius.xtec.cat\/pallars\/wp-content\/uploads\/usu1099\/2025\/12\/mercat-de-tecnologia-2026-1-1024x574.png\" alt=\"\" class=\"wp-image-26614\" srcset=\"https:\/\/serveiseducatius.xtec.cat\/pallars\/wp-content\/uploads\/usu1099\/2025\/12\/mercat-de-tecnologia-2026-1-1024x574.png 1024w, https:\/\/serveiseducatius.xtec.cat\/pallars\/wp-content\/uploads\/usu1099\/2025\/12\/mercat-de-tecnologia-2026-1-300x168.png 300w, https:\/\/serveiseducatius.xtec.cat\/pallars\/wp-content\/uploads\/usu1099\/2025\/12\/mercat-de-tecnologia-2026-1-768x430.png 768w, https:\/\/serveiseducatius.xtec.cat\/pallars\/wp-content\/uploads\/usu1099\/2025\/12\/mercat-de-tecnologia-2026-1.png 1517w\" sizes=\"auto, (max-width: 1024px) 100vw, 1024px\" \/><\/a><\/figure>\n\n\n\n<p>Aquest Mercat va adre\u00e7at a alumnat de sis\u00e8 de prim\u00e0ria i primer d&#8217;ESO, edats clau per despertar l\u2019inter\u00e8s per la investigaci\u00f3 i la innovaci\u00f3. \u00c9s en aquest moment quan la curiositat natural dels infants i dels joves pot convertir-se en una passi\u00f3 per la ci\u00e8ncia i la tecnologia, impulsant-los cap a futurs estudis i carreres en aquests camps. Per altra banda, el Mercat tamb\u00e9 vol esdevenir una gran exposici\u00f3 de treballs i projectes de tecnologia i ci\u00e8ncia aplicada, realitzats per l\u2019alumnat de cicle superior de prim\u00e0ria, ESO i batxillerat. <br>Aquesta iniciativa creien que no nom\u00e9s permet compartir coneixements i experi\u00e8ncies, sin\u00f3 que crear un espai d\u2019aprenentatge din\u00e0mic i motivador.<\/p>\n","protected":false},"excerpt":{"rendered":"<p>La tecnologia i la ci\u00e8ncia han d\u2019ocupar un lloc central en l\u2019educaci\u00f3 del nostre alumnat, ja que s\u00f3n \u00e0rees fonamentals [&hellip;]<\/p>\n","protected":false},"author":1,"featured_media":0,"parent":20404,"menu_order":0,"comment_status":"closed","ping_status":"closed","template":"","meta":{"_bbp_topic_count":0,"_bbp_reply_count":0,"_bbp_total_topic_count":0,"_bbp_total_reply_count":0,"_bbp_voice_count":0,"_bbp_anonymous_reply_count":0,"_bbp_topic_count_hidden":0,"_bbp_reply_count_hidden":0,"_bbp_forum_subforum_count":0,"site-sidebar-layout":"left-sidebar","site-content-layout":"","ast-site-content-layout":"full-width-container","site-content-style":"default","site-sidebar-style":"default","ast-global-header-display":"","ast-banner-title-visibility":"","ast-main-header-display":"","ast-hfb-above-header-display":"","ast-hfb-below-header-display":"","ast-hfb-mobile-header-display":"","site-post-title":"","ast-breadcrumbs-content":"","ast-featured-img":"","footer-sml-layout":"","theme-transparent-header-meta":"","adv-header-id-meta":"","stick-header-meta":"","header-above-stick-meta":"","header-main-stick-meta":"","header-below-stick-meta":"","astra-migrate-meta-layouts":"set","ast-page-background-enabled":"default","ast-page-background-meta":{"desktop":{"background-color":"var(--ast-global-color-4)","background-image":"","background-repeat":"repeat","background-position":"center center","background-size":"auto","background-attachment":"scroll","background-type":"","background-media":"","overlay-type":"","overlay-color":"","overlay-opacity":"","overlay-gradient":""},"tablet":{"background-color":"","background-image":"","background-repeat":"repeat","background-position":"center center","background-size":"auto","background-attachment":"scroll","background-type":"","background-media":"","overlay-type":"","overlay-color":"","overlay-opacity":"","overlay-gradient":""},"mobile":{"background-color":"","background-image":"","background-repeat":"repeat","background-position":"center center","background-size":"auto","background-attachment":"scroll","background-type":"","background-media":"","overlay-type":"","overlay-color":"","overlay-opacity":"","overlay-gradient":""}},"ast-content-background-meta":{"desktop":{"background-color":"var(--ast-global-color-5)","background-image":"","background-repeat":"repeat","background-position":"center center","background-size":"auto","background-attachment":"scroll","background-type":"","background-media":"","overlay-type":"","overlay-color":"","overlay-opacity":"","overlay-gradient":""},"tablet":{"background-color":"var(--ast-global-color-5)","background-image":"","background-repeat":"repeat","background-position":"center center","background-size":"auto","background-attachment":"scroll","background-type":"","background-media":"","overlay-type":"","overlay-color":"","overlay-opacity":"","overlay-gradient":""},"mobile":{"background-color":"var(--ast-global-color-5)","background-image":"","background-repeat":"repeat","background-position":"center center","background-size":"auto","background-attachment":"scroll","background-type":"","background-media":"","overlay-type":"","overlay-color":"","overlay-opacity":"","overlay-gradient":""}},"footnotes":""},"class_list":["post-18714","page","type-page","status-publish","hentry"],"post_mailing_queue_ids":[],"_links":{"self":[{"href":"https:\/\/serveiseducatius.xtec.cat\/pallars\/wp-json\/wp\/v2\/pages\/18714","targetHints":{"allow":["GET"]}}],"collection":[{"href":"https:\/\/serveiseducatius.xtec.cat\/pallars\/wp-json\/wp\/v2\/pages"}],"about":[{"href":"https:\/\/serveiseducatius.xtec.cat\/pallars\/wp-json\/wp\/v2\/types\/page"}],"author":[{"embeddable":true,"href":"https:\/\/serveiseducatius.xtec.cat\/pallars\/wp-json\/wp\/v2\/users\/1"}],"replies":[{"embeddable":true,"href":"https:\/\/serveiseducatius.xtec.cat\/pallars\/wp-json\/wp\/v2\/comments?post=18714"}],"version-history":[{"count":6,"href":"https:\/\/serveiseducatius.xtec.cat\/pallars\/wp-json\/wp\/v2\/pages\/18714\/revisions"}],"predecessor-version":[{"id":26615,"href":"https:\/\/serveiseducatius.xtec.cat\/pallars\/wp-json\/wp\/v2\/pages\/18714\/revisions\/26615"}],"up":[{"embeddable":true,"href":"https:\/\/serveiseducatius.xtec.cat\/pallars\/wp-json\/wp\/v2\/pages\/20404"}],"wp:attachment":[{"href":"https:\/\/serveiseducatius.xtec.cat\/pallars\/wp-json\/wp\/v2\/media?parent=18714"}],"curies":[{"name":"wp","href":"https:\/\/api.w.org\/{rel}","templated":true}]}}