{"id":18544,"date":"2022-05-09T18:04:00","date_gmt":"2022-05-09T16:04:00","guid":{"rendered":"https:\/\/serveiseducatius.xtec.cat\/pallars\/?page_id=18544"},"modified":"2023-06-19T12:08:06","modified_gmt":"2023-06-19T10:08:06","slug":"jornada-talent-emprenedor-2018","status":"publish","type":"page","link":"https:\/\/serveiseducatius.xtec.cat\/pallars\/dinamitzacio\/pallars-educar-i-emprendre\/jornada-talent-emprenedor-3\/jornada-talent-emprenedor-2018\/","title":{"rendered":"Jornada Talent Emprenedor 2018"},"content":{"rendered":"<p><a href=\"http:\/\/serveiseducatius.xtec.cat\/pallars\/wp-content\/uploads\/usu1099\/2018\/01\/cartell_web-1.jpg\"><img loading=\"lazy\" decoding=\"async\" class=\"wp-image-9753 alignleft\" src=\"http:\/\/serveiseducatius.xtec.cat\/pallars\/wp-content\/uploads\/usu1099\/2018\/01\/cartell_web-1.jpg\" alt=\"\" width=\"226\" height=\"317\" srcset=\"https:\/\/serveiseducatius.xtec.cat\/pallars\/wp-content\/uploads\/usu1099\/2018\/01\/cartell_web-1.jpg 1670w, https:\/\/serveiseducatius.xtec.cat\/pallars\/wp-content\/uploads\/usu1099\/2018\/01\/cartell_web-1-213x300.jpg 213w, https:\/\/serveiseducatius.xtec.cat\/pallars\/wp-content\/uploads\/usu1099\/2018\/01\/cartell_web-1-768x1081.jpg 768w, https:\/\/serveiseducatius.xtec.cat\/pallars\/wp-content\/uploads\/usu1099\/2018\/01\/cartell_web-1-728x1024.jpg 728w\" sizes=\"auto, (max-width: 226px) 100vw, 226px\" \/><\/a>La Jornada de Talent Emprenedor vol difondre els treballs i projectes sobre emprenedoria que es realitzen als centres educatius dels Pallars, alhora que presentar experi\u00e8ncies empresarials destacades.<br \/>\nLa jornada del 2018 es va comptar amb una taula rodona, on joves emprenedors van exposar la seva experi\u00e8ncia professional; la presentaci\u00f3 de les cinc fotografies finalistes del concurs <em>Fotografia l\u2019Emprenedoria <\/em>amb la visita a l\u2019exposici\u00f3 corresponent; i la presentaci\u00f3 de projectes per part de l\u2019alumnat de 4t d\u2019ESO i de 2n curs de cicles formatius, adre\u00e7ada a l\u2019alumnat de 3r d\u2019ESO i 1r curs de cicles formatius.<br \/>\nLa jornada va tindr\u00e9 lloc a Tremp el dia <strong>24 de maig de 2018.<\/strong><\/p>\n<p><a class=\"button large\" style=\"padding: 1em; font-weight: 400; margin: 0.1em; color: white !important; background-color: #ff4c00;\" href=\"https:\/\/drive.google.com\/file\/d\/1vdMjcdsN-yrxU-CVnwYEZMmHLh3E0m6Z\/view\" rel=\"noopener noreferrer\">Programa<\/a> <a class=\"button large\" style=\"padding: 1em; font-weight: 400; margin: 0.1em; color: white !important; background-color: #c42300;\" href=\"https:\/\/drive.google.com\/open?id=1dRavlLhSGkGzj6cqyv_rAg6tuI0-GcZN\">Llibre de la Jornada<\/a><\/p>\n<p>&nbsp;<\/p>\n<p>&nbsp;<\/p>\n<table style=\"height: 875px; width: 100%; border-collapse: collapse; border-style: none;\">\n<tbody>\n<tr style=\"height: 66px;\">\n<td style=\"width: 27.5109%; text-align: center; height: 66px;\" colspan=\"3\">\n<h3>Experi\u00e8ncies presentades a la Jornada<\/h3>\n<\/td>\n<\/tr>\n<tr style=\"height: 32px;\">\n<td style=\"width: 27.5109%; height: 32px;\"><a href=\"https:\/\/serveiseducatius.xtec.cat\/pallars\/general\/piraguisme\/\"><img loading=\"lazy\" decoding=\"async\" class=\"size-full wp-image-18567 aligncenter\" src=\"https:\/\/serveiseducatius.xtec.cat\/pallars\/wp-content\/uploads\/usu1099\/2022\/05\/Piraguisme-1.png\" alt=\"\" width=\"252\" height=\"169\" \/><\/a><\/td>\n<td style=\"width: 37.9948%; height: 32px;\"><a href=\"https:\/\/serveiseducatius.xtec.cat\/pallars\/dinamitzacio\/experiencies_educatives\/empresa-simulada-esports-pallars-sas\/\"><img loading=\"lazy\" decoding=\"async\" class=\"size-full wp-image-18568 aligncenter\" src=\"https:\/\/serveiseducatius.xtec.cat\/pallars\/wp-content\/uploads\/usu1099\/2022\/05\/Empresa.png\" alt=\"\" width=\"252\" height=\"169\" \/><\/a><\/td>\n<td style=\"width: 34.4942%; height: 32px;\"><a href=\"https:\/\/serveiseducatius.xtec.cat\/pallars\/dinamitzacio\/experiencies_educatives\/credit-de-sintesi-gestio-administrativa\/\"><img loading=\"lazy\" decoding=\"async\" class=\"size-full wp-image-18571 aligncenter\" src=\"https:\/\/serveiseducatius.xtec.cat\/pallars\/wp-content\/uploads\/usu1099\/2022\/05\/experiencia-2.png\" alt=\"\" width=\"225\" height=\"169\" srcset=\"https:\/\/serveiseducatius.xtec.cat\/pallars\/wp-content\/uploads\/usu1099\/2022\/05\/experiencia-2.png 225w, https:\/\/serveiseducatius.xtec.cat\/pallars\/wp-content\/uploads\/usu1099\/2022\/05\/experiencia-2-200x150.png 200w\" sizes=\"auto, (max-width: 225px) 100vw, 225px\" \/><\/a><\/td>\n<\/tr>\n<tr style=\"height: 121px;\">\n<td style=\"width: 27.5109%; text-align: center; height: 121px;\">\n<h4><a href=\"https:\/\/serveiseducatius.xtec.cat\/pallars\/general\/piraguisme\/\"><strong>Pirag\u00fcisme<\/strong><\/a><\/h4>\n<p>INS La Pobla de Segur<br \/>\n<span style=\"font-size: 12px;\">Ensenyament de r\u00e8gim especial d&#8217;Esports<\/span><\/td>\n<td style=\"width: 37.9948%; height: 121px;\">\n<h4 style=\"text-align: center;\"><a href=\"https:\/\/serveiseducatius.xtec.cat\/pallars\/dinamitzacio\/experiencies_educatives\/empresa-simulada-esports-pallars-sas\/\"><strong>Empresa simulada Esports Pallars SAS<\/strong><\/a><\/h4>\n<p style=\"text-align: center;\">INS Tremp<br \/>\n<span style=\"font-size: 12px;\">CFGM de Gesti\u00f3 Administrativa i CFGS d\u2019Administraci\u00f3 i Finances<\/span><\/p>\n<\/td>\n<td style=\"width: 34.4942%; height: 121px;\">\n<h4 style=\"text-align: center;\"><a href=\"https:\/\/serveiseducatius.xtec.cat\/pallars\/dinamitzacio\/experiencies_educatives\/credit-de-sintesi-gestio-administrativa\/\"><strong>Cr\u00e8dit de s\u00edntesi: Gesti\u00f3 Administrativa<\/strong><\/a><\/h4>\n<p style=\"text-align: center;\">INS Hug Roger III<br \/>\n<span style=\"font-size: 12px;\">CFGM de Gesti\u00f3 Administrativa<\/span><\/p>\n<\/td>\n<\/tr>\n<tr style=\"height: 207px;\">\n<td style=\"width: 27.5109%; text-align: center; height: 207px;\">\n<h4><a href=\"https:\/\/serveiseducatius.xtec.cat\/pallars\/general\/sortides-guiades-per-la-neu\/\"><strong><img loading=\"lazy\" decoding=\"async\" class=\"size-full wp-image-18573\" src=\"https:\/\/serveiseducatius.xtec.cat\/pallars\/wp-content\/uploads\/usu1099\/2022\/05\/Sortides-guiades-per-la-neu.png\" alt=\"\" width=\"225\" height=\"169\" srcset=\"https:\/\/serveiseducatius.xtec.cat\/pallars\/wp-content\/uploads\/usu1099\/2022\/05\/Sortides-guiades-per-la-neu.png 225w, https:\/\/serveiseducatius.xtec.cat\/pallars\/wp-content\/uploads\/usu1099\/2022\/05\/Sortides-guiades-per-la-neu-200x150.png 200w\" sizes=\"auto, (max-width: 225px) 100vw, 225px\" \/><\/strong><\/a><\/h4>\n<\/td>\n<td style=\"width: 37.9948%; height: 207px;\">\n<h4 style=\"text-align: center;\"><a href=\"https:\/\/serveiseducatius.xtec.cat\/pallars\/general\/disseny-de-webs-i-emprenedoria\/\"><strong><img loading=\"lazy\" decoding=\"async\" class=\"size-full wp-image-18574\" src=\"https:\/\/serveiseducatius.xtec.cat\/pallars\/wp-content\/uploads\/usu1099\/2022\/05\/Disseny-de-webs.png\" alt=\"\" width=\"253\" height=\"162\" \/><\/strong><\/a><\/h4>\n<\/td>\n<td style=\"width: 34.4942%; height: 207px;\">\n<h4 style=\"text-align: center;\"><a href=\"https:\/\/serveiseducatius.xtec.cat\/pallars\/dinamitzacio\/experiencies_educatives\/__trashed\/\"><img loading=\"lazy\" decoding=\"async\" class=\"size-full wp-image-18579\" src=\"https:\/\/serveiseducatius.xtec.cat\/pallars\/wp-content\/uploads\/usu1099\/2022\/05\/metode-canvas.png\" alt=\"\" width=\"252\" height=\"169\" \/><\/a><\/h4>\n<\/td>\n<\/tr>\n<tr style=\"height: 121px;\">\n<td style=\"width: 27.5109%; text-align: center; height: 121px;\">\n<h4><a href=\"https:\/\/serveiseducatius.xtec.cat\/pallars\/general\/sortides-guiades-per-la-neu\/\"><strong>Sortides guiades per la neu<\/strong><\/a><\/h4>\n<p>INS La Pobla de Segur<br \/>\n<span style=\"font-size: 12px;\">Ensenyament de r\u00e8gim especial d&#8217;Esports<\/span><\/td>\n<td style=\"width: 37.9948%; height: 121px;\">\n<h4 style=\"text-align: center;\"><a href=\"https:\/\/serveiseducatius.xtec.cat\/pallars\/general\/disseny-de-webs-i-emprenedoria\/\"><strong>Disseny de webs i emprenedoria<\/strong><\/a><\/h4>\n<p style=\"text-align: center;\">INS Tremp<br \/>\n<span style=\"font-size: 12px;\">CFGM de Gesti\u00f3 Administrativa i Sistemes Microinform\u00e0tics i\u00a0 Xarxes<\/span><\/p>\n<\/td>\n<td style=\"width: 34.4942%; height: 121px;\">\n<h4 style=\"text-align: center;\"><a href=\"https:\/\/serveiseducatius.xtec.cat\/pallars\/dinamitzacio\/experiencies_educatives\/__trashed\/\"><strong>Pla d&#8217;Empresa i model Canvas<\/strong><\/a><\/h4>\n<p style=\"text-align: center;\">INS Hug Roger III<br \/>\n<span style=\"font-size: 12px;\">CFGS Animaci\u00f3 d\u2019Activitats F\u00edsiques i Esportives<\/span><\/p>\n<\/td>\n<\/tr>\n<tr style=\"height: 207px;\">\n<td style=\"width: 27.5109%; text-align: center; height: 207px;\">\n<h4><a href=\"https:\/\/serveiseducatius.xtec.cat\/pallars\/dinamitzacio\/experiencies_educatives\/itinerari-espeleologia\/\"><strong><img loading=\"lazy\" decoding=\"async\" class=\"size-full wp-image-18581\" src=\"https:\/\/serveiseducatius.xtec.cat\/pallars\/wp-content\/uploads\/usu1099\/2022\/05\/espeleo.png\" alt=\"\" width=\"252\" height=\"169\" \/><\/strong><\/a><\/h4>\n<\/td>\n<td style=\"width: 37.9948%; height: 207px;\">\n<h4 style=\"text-align: center;\"><a href=\"https:\/\/serveiseducatius.xtec.cat\/pallars\/dinamitzacio\/experiencies_educatives\/pla-dempresa-i-model-canvas\/\"><strong><img loading=\"lazy\" decoding=\"async\" class=\"size-full wp-image-18582\" src=\"https:\/\/serveiseducatius.xtec.cat\/pallars\/wp-content\/uploads\/usu1099\/2022\/05\/lhortc.png\" alt=\"\" width=\"252\" height=\"169\" \/><\/strong><\/a><\/h4>\n<\/td>\n<td style=\"width: 34.4942%; border-style: none; border-color: #ffffff; background-color: #ffffff; height: 328px;\" rowspan=\"2\">\n<h4 style=\"text-align: center;\"><\/h4>\n<h4 style=\"text-align: center;\"><\/h4>\n<\/td>\n<\/tr>\n<tr style=\"height: 121px;\">\n<td style=\"width: 27.5109%; text-align: center; height: 121px;\">\n<h4><a href=\"https:\/\/serveiseducatius.xtec.cat\/pallars\/dinamitzacio\/experiencies_educatives\/itinerari-espeleologia\/\"><strong>Itinerari espeleologia<\/strong><\/a><\/h4>\n<p>INS La Pobla de Segur<br \/>\n<span style=\"font-size: 12px;\">Ensenyament de r\u00e8gim especial d&#8217;Esports<\/span><\/td>\n<td style=\"width: 37.9948%; height: 121px;\">\n<h4 style=\"text-align: center;\"><a href=\"https:\/\/serveiseducatius.xtec.cat\/pallars\/dinamitzacio\/experiencies_educatives\/pla-dempresa-i-model-canvas\/\"><strong>L&#8217;hort una col\u00b7laboraci\u00f3 Internivells<\/strong><\/a><\/h4>\n<p style=\"text-align: center;\">INS Hug Roger III<br \/>\n<span style=\"font-size: 12px;\">CFGS\u00a0 Administraci\u00f3 i Gesti\u00f3 i ESO (Primer cicle i 3r ESO).<\/span><\/p>\n<\/td>\n<\/tr>\n<\/tbody>\n<\/table>\n","protected":false},"excerpt":{"rendered":"<p>La Jornada de Talent Emprenedor vol difondre els treballs i projectes sobre emprenedoria que es realitzen als centres educatius dels [&hellip;]<\/p>\n","protected":false},"author":1,"featured_media":0,"parent":19991,"menu_order":10,"comment_status":"closed","ping_status":"closed","template":"page-templates\/side-menu.php","meta":{"_bbp_topic_count":0,"_bbp_reply_count":0,"_bbp_total_topic_count":0,"_bbp_total_reply_count":0,"_bbp_voice_count":0,"_bbp_anonymous_reply_count":0,"_bbp_topic_count_hidden":0,"_bbp_reply_count_hidden":0,"_bbp_forum_subforum_count":0,"site-sidebar-layout":"default","site-content-layout":"","ast-site-content-layout":"","site-content-style":"default","site-sidebar-style":"default","ast-global-header-display":"","ast-banner-title-visibility":"","ast-main-header-display":"","ast-hfb-above-header-display":"","ast-hfb-below-header-display":"","ast-hfb-mobile-header-display":"","site-post-title":"","ast-breadcrumbs-content":"","ast-featured-img":"","footer-sml-layout":"","theme-transparent-header-meta":"","adv-header-id-meta":"","stick-header-meta":"","header-above-stick-meta":"","header-main-stick-meta":"","header-below-stick-meta":"","astra-migrate-meta-layouts":"default","ast-page-background-enabled":"default","ast-page-background-meta":{"desktop":{"background-color":"var(--ast-global-color-4)","background-image":"","background-repeat":"repeat","background-position":"center center","background-size":"auto","background-attachment":"scroll","background-type":"","background-media":"","overlay-type":"","overlay-color":"","overlay-opacity":"","overlay-gradient":""},"tablet":{"background-color":"","background-image":"","background-repeat":"repeat","background-position":"center center","background-size":"auto","background-attachment":"scroll","background-type":"","background-media":"","overlay-type":"","overlay-color":"","overlay-opacity":"","overlay-gradient":""},"mobile":{"background-color":"","background-image":"","background-repeat":"repeat","background-position":"center center","background-size":"auto","background-attachment":"scroll","background-type":"","background-media":"","overlay-type":"","overlay-color":"","overlay-opacity":"","overlay-gradient":""}},"ast-content-background-meta":{"desktop":{"background-color":"var(--ast-global-color-5)","background-image":"","background-repeat":"repeat","background-position":"center center","background-size":"auto","background-attachment":"scroll","background-type":"","background-media":"","overlay-type":"","overlay-color":"","overlay-opacity":"","overlay-gradient":""},"tablet":{"background-color":"var(--ast-global-color-5)","background-image":"","background-repeat":"repeat","background-position":"center center","background-size":"auto","background-attachment":"scroll","background-type":"","background-media":"","overlay-type":"","overlay-color":"","overlay-opacity":"","overlay-gradient":""},"mobile":{"background-color":"var(--ast-global-color-5)","background-image":"","background-repeat":"repeat","background-position":"center center","background-size":"auto","background-attachment":"scroll","background-type":"","background-media":"","overlay-type":"","overlay-color":"","overlay-opacity":"","overlay-gradient":""}},"footnotes":""},"class_list":["post-18544","page","type-page","status-publish","hentry"],"post_mailing_queue_ids":[],"_links":{"self":[{"href":"https:\/\/serveiseducatius.xtec.cat\/pallars\/wp-json\/wp\/v2\/pages\/18544","targetHints":{"allow":["GET"]}}],"collection":[{"href":"https:\/\/serveiseducatius.xtec.cat\/pallars\/wp-json\/wp\/v2\/pages"}],"about":[{"href":"https:\/\/serveiseducatius.xtec.cat\/pallars\/wp-json\/wp\/v2\/types\/page"}],"author":[{"embeddable":true,"href":"https:\/\/serveiseducatius.xtec.cat\/pallars\/wp-json\/wp\/v2\/users\/1"}],"replies":[{"embeddable":true,"href":"https:\/\/serveiseducatius.xtec.cat\/pallars\/wp-json\/wp\/v2\/comments?post=18544"}],"version-history":[{"count":3,"href":"https:\/\/serveiseducatius.xtec.cat\/pallars\/wp-json\/wp\/v2\/pages\/18544\/revisions"}],"predecessor-version":[{"id":18641,"href":"https:\/\/serveiseducatius.xtec.cat\/pallars\/wp-json\/wp\/v2\/pages\/18544\/revisions\/18641"}],"up":[{"embeddable":true,"href":"https:\/\/serveiseducatius.xtec.cat\/pallars\/wp-json\/wp\/v2\/pages\/19991"}],"wp:attachment":[{"href":"https:\/\/serveiseducatius.xtec.cat\/pallars\/wp-json\/wp\/v2\/media?parent=18544"}],"curies":[{"name":"wp","href":"https:\/\/api.w.org\/{rel}","templated":true}]}}