{"id":18538,"date":"2022-05-09T17:58:01","date_gmt":"2022-05-09T15:58:01","guid":{"rendered":"https:\/\/serveiseducatius.xtec.cat\/pallars\/?page_id=18538"},"modified":"2023-01-17T17:13:37","modified_gmt":"2023-01-17T16:13:37","slug":"jornada-talent-emprenedor-2","status":"publish","type":"page","link":"https:\/\/serveiseducatius.xtec.cat\/pallars\/dinamitzacio\/pallars-educar-i-emprendre\/jornada-talent-emprenedor-3\/jornada-talent-emprenedor-2\/","title":{"rendered":"Jornada Talent Emprenedor 2022"},"content":{"rendered":"<p><img loading=\"lazy\" decoding=\"async\" class=\"alignleft wp-image-18719\" src=\"https:\/\/serveiseducatius.xtec.cat\/pallars\/wp-content\/uploads\/usu1099\/2022\/05\/Emprenedoria.png\" alt=\"\" width=\"373\" height=\"361\" srcset=\"https:\/\/serveiseducatius.xtec.cat\/pallars\/wp-content\/uploads\/usu1099\/2022\/05\/Emprenedoria.png 800w, https:\/\/serveiseducatius.xtec.cat\/pallars\/wp-content\/uploads\/usu1099\/2022\/05\/Emprenedoria-300x291.png 300w, https:\/\/serveiseducatius.xtec.cat\/pallars\/wp-content\/uploads\/usu1099\/2022\/05\/Emprenedoria-768x744.png 768w\" sizes=\"auto, (max-width: 373px) 100vw, 373px\" \/>El proper 18 de maig se celebrar\u00e0 a Tremp (Pallars Juss\u00e0) la <strong>Jornada Talent Emprenedor 2022<\/strong>, a la sala Polivalent de l\u2019INS Tremp, adre\u00e7ada a l&#8217;alumnat de segon cicle de l&#8217;ESO i Cicles Formatius.<\/p>\n<p>El Servei Educatiu del Pallars, conjuntament amb l\u2019Ateneu Cooperatiu de l\u2019Alt Pirineu, l\u2019Oficina Jove del Pallars Juss\u00e0 i el Grup de Treball Dona i empresa del Programa Empr\u00e8n Cat al Pallars Juss\u00e0, impulsen aquestes jornades per fomentar els valors de l\u2019emprenedoria entre la gent jove.<\/p>\n<p>En aquesta edici\u00f3 es far\u00e0 un especial \u00e8mfasi a l\u2019emprenedoria des d\u2019una perspectiva de g\u00e8nere, ja que es posar\u00e0 en valor l\u2019impuls emprenedor de les dones pallareses.<\/p>\n<p>Cal retenir i conservar tot aquest talent per contribuir al creixement econ\u00f2mic i social, \u00a0\u00a0i a la vegada fixar la poblaci\u00f3 al m\u00f3n rural i zones de muntanya.<\/p>\n<p>Tal com s\u2019indica al programa de la jornada, es lliuraran els premis del concurs <em>Fotografiem l\u2019emprenedoria<\/em>, tamb\u00e9 tindr\u00e0 lloc una confer\u00e8ncia a c\u00e0rrec de la Mariona L\u00f3pez, experta en disseny, innovaci\u00f3 i emprenedoria, \u00a0amb el t\u00edtol <em>Emprenedoria al mon rural en clau femenina<\/em> i per finalitzar un col\u00b7loqui amb la jove emprenedora pallaresa Carla Roset, impulsora de projectes empresarials com la fundaci\u00f3 de les empreses CR Habitatges i The Handcrafted Factory.<\/p>\n<p>En aquesta jornada hi participaran estudiants dels centres de secund\u00e0ria de la comarca del Pallars Juss\u00e0 i del Pallars Sobir\u00e0, i en especial l\u2019alumnat de l\u2019assignatura d\u2019Emprenedoria de l\u2019 ESO, cicles formatius i els que cursen Economia al batxillerat.<\/p>\n<p>La Jornada Talent emprenedor, aix\u00ed com les activitats complement\u00e0ries que s\u2019hi proposen, \u00a0compten amb el suport i la col\u00b7laboraci\u00f3 de les institucions municipals, comarcal i supracomarcals\u00a0 del territori.<\/p>\n<p><a class=\"button large\" style=\"padding: 1em; font-weight: 400; margin: 0.1em; color: white !important; background-color: #ff4c00bf;\" href=\"https:\/\/drive.google.com\/file\/d\/1dksvyga74nO2sVWu6slZNcxKuXlAoREc\/view?usp=sharing\" target=\"_blank\" rel=\"noopener noreferrer\">Programa<\/a><\/p>\n","protected":false},"excerpt":{"rendered":"<p>El proper 18 de maig se celebrar\u00e0 a Tremp (Pallars Juss\u00e0) la Jornada Talent Emprenedor 2022, a la sala Polivalent [&hellip;]<\/p>\n","protected":false},"author":1,"featured_media":0,"parent":19991,"menu_order":0,"comment_status":"closed","ping_status":"closed","template":"page-templates\/side-menu.php","meta":{"_bbp_topic_count":0,"_bbp_reply_count":0,"_bbp_total_topic_count":0,"_bbp_total_reply_count":0,"_bbp_voice_count":0,"_bbp_anonymous_reply_count":0,"_bbp_topic_count_hidden":0,"_bbp_reply_count_hidden":0,"_bbp_forum_subforum_count":0,"site-sidebar-layout":"default","site-content-layout":"","ast-site-content-layout":"","site-content-style":"default","site-sidebar-style":"default","ast-global-header-display":"","ast-banner-title-visibility":"","ast-main-header-display":"","ast-hfb-above-header-display":"","ast-hfb-below-header-display":"","ast-hfb-mobile-header-display":"","site-post-title":"","ast-breadcrumbs-content":"","ast-featured-img":"","footer-sml-layout":"","theme-transparent-header-meta":"","adv-header-id-meta":"","stick-header-meta":"","header-above-stick-meta":"","header-main-stick-meta":"","header-below-stick-meta":"","astra-migrate-meta-layouts":"default","ast-page-background-enabled":"default","ast-page-background-meta":{"desktop":{"background-color":"var(--ast-global-color-4)","background-image":"","background-repeat":"repeat","background-position":"center center","background-size":"auto","background-attachment":"scroll","background-type":"","background-media":"","overlay-type":"","overlay-color":"","overlay-opacity":"","overlay-gradient":""},"tablet":{"background-color":"","background-image":"","background-repeat":"repeat","background-position":"center center","background-size":"auto","background-attachment":"scroll","background-type":"","background-media":"","overlay-type":"","overlay-color":"","overlay-opacity":"","overlay-gradient":""},"mobile":{"background-color":"","background-image":"","background-repeat":"repeat","background-position":"center center","background-size":"auto","background-attachment":"scroll","background-type":"","background-media":"","overlay-type":"","overlay-color":"","overlay-opacity":"","overlay-gradient":""}},"ast-content-background-meta":{"desktop":{"background-color":"var(--ast-global-color-5)","background-image":"","background-repeat":"repeat","background-position":"center center","background-size":"auto","background-attachment":"scroll","background-type":"","background-media":"","overlay-type":"","overlay-color":"","overlay-opacity":"","overlay-gradient":""},"tablet":{"background-color":"var(--ast-global-color-5)","background-image":"","background-repeat":"repeat","background-position":"center center","background-size":"auto","background-attachment":"scroll","background-type":"","background-media":"","overlay-type":"","overlay-color":"","overlay-opacity":"","overlay-gradient":""},"mobile":{"background-color":"var(--ast-global-color-5)","background-image":"","background-repeat":"repeat","background-position":"center center","background-size":"auto","background-attachment":"scroll","background-type":"","background-media":"","overlay-type":"","overlay-color":"","overlay-opacity":"","overlay-gradient":""}},"footnotes":""},"class_list":["post-18538","page","type-page","status-publish","hentry"],"post_mailing_queue_ids":[],"_links":{"self":[{"href":"https:\/\/serveiseducatius.xtec.cat\/pallars\/wp-json\/wp\/v2\/pages\/18538","targetHints":{"allow":["GET"]}}],"collection":[{"href":"https:\/\/serveiseducatius.xtec.cat\/pallars\/wp-json\/wp\/v2\/pages"}],"about":[{"href":"https:\/\/serveiseducatius.xtec.cat\/pallars\/wp-json\/wp\/v2\/types\/page"}],"author":[{"embeddable":true,"href":"https:\/\/serveiseducatius.xtec.cat\/pallars\/wp-json\/wp\/v2\/users\/1"}],"replies":[{"embeddable":true,"href":"https:\/\/serveiseducatius.xtec.cat\/pallars\/wp-json\/wp\/v2\/comments?post=18538"}],"version-history":[{"count":4,"href":"https:\/\/serveiseducatius.xtec.cat\/pallars\/wp-json\/wp\/v2\/pages\/18538\/revisions"}],"predecessor-version":[{"id":18872,"href":"https:\/\/serveiseducatius.xtec.cat\/pallars\/wp-json\/wp\/v2\/pages\/18538\/revisions\/18872"}],"up":[{"embeddable":true,"href":"https:\/\/serveiseducatius.xtec.cat\/pallars\/wp-json\/wp\/v2\/pages\/19991"}],"wp:attachment":[{"href":"https:\/\/serveiseducatius.xtec.cat\/pallars\/wp-json\/wp\/v2\/media?parent=18538"}],"curies":[{"name":"wp","href":"https:\/\/api.w.org\/{rel}","templated":true}]}}