{"id":18179,"date":"2022-04-04T09:14:39","date_gmt":"2022-04-04T07:14:39","guid":{"rendered":"https:\/\/serveiseducatius.xtec.cat\/pallars\/?page_id=18179"},"modified":"2023-01-26T10:44:47","modified_gmt":"2023-01-26T09:44:47","slug":"abril-2022","status":"publish","type":"page","link":"https:\/\/serveiseducatius.xtec.cat\/pallars\/full-informatiu\/fulls-informatius-2022\/abril-2022\/","title":{"rendered":"Abril 2022"},"content":{"rendered":"<table style=\"height: 717px; width: 78.5226%; border-style: none;\">\n<tbody>\n<tr style=\"height: 35px;\">\n<td style=\"width: 33.2577%; height: 24px; border-style: none; text-align: center;\"><a href=\"https:\/\/serveiseducatius.xtec.cat\/pallars\/general\/en-veu-alta-guanyadors-semifinals-dels-pallars\/\"><span style=\"color: #ba1c1c;\"><strong><strong><span style=\"font-size: 20px;\">Guanyadors semifinals<br \/>\ndels Pallars<\/span><\/strong><\/strong><\/span><\/a><br \/>\n<a href=\"https:\/\/serveiseducatius.xtec.cat\/pallars\/wp-content\/uploads\/usu1099\/2020\/03\/linea.png\"><img loading=\"lazy\" decoding=\"async\" class=\"alignnone size-full wp-image-12599\" src=\"https:\/\/serveiseducatius.xtec.cat\/pallars\/wp-content\/uploads\/usu1099\/2020\/03\/linea.png\" alt=\"\" width=\"290\" height=\"2\" srcset=\"https:\/\/serveiseducatius.xtec.cat\/pallars\/wp-content\/uploads\/usu1099\/2020\/03\/linea.png 290w, https:\/\/serveiseducatius.xtec.cat\/pallars\/wp-content\/uploads\/usu1099\/2020\/03\/linea-150x2.png 150w, https:\/\/serveiseducatius.xtec.cat\/pallars\/wp-content\/uploads\/usu1099\/2020\/03\/linea-200x2.png 200w\" sizes=\"auto, (max-width: 290px) 100vw, 290px\" \/><\/a><\/td>\n<td style=\"width: 35.3008%; height: 24px; border-style: none; text-align: center;\"><span style=\"color: #ba1c00;\"><strong><strong><span style=\"font-size: 20px;\"><a href=\"https:\/\/serveiseducatius.xtec.cat\/pallars\/general\/xv-jornada-invesjove\/\">XV Jornada<\/a><br \/>\n<a href=\"https:\/\/serveiseducatius.xtec.cat\/pallars\/general\/xv-jornada-invesjove\/\">Invesjove<\/a><img loading=\"lazy\" decoding=\"async\" class=\"alignnone size-full wp-image-12599\" src=\"https:\/\/serveiseducatius.xtec.cat\/pallars\/wp-content\/uploads\/usu1099\/2020\/03\/linea.png\" alt=\"\" width=\"290\" height=\"2\" srcset=\"https:\/\/serveiseducatius.xtec.cat\/pallars\/wp-content\/uploads\/usu1099\/2020\/03\/linea.png 290w, https:\/\/serveiseducatius.xtec.cat\/pallars\/wp-content\/uploads\/usu1099\/2020\/03\/linea-150x2.png 150w, https:\/\/serveiseducatius.xtec.cat\/pallars\/wp-content\/uploads\/usu1099\/2020\/03\/linea-200x2.png 200w\" sizes=\"auto, (max-width: 290px) 100vw, 290px\" \/><br \/>\n<\/span><\/strong><\/strong><\/span><\/td>\n<td style=\"width: 38.4419%; height: 24px; border-style: none; text-align: center;\"><span style=\"color: #ba1c00;\"><strong><span style=\"font-size: 20px;\"><span style=\"color: #ba1c00;\"><a href=\"https:\/\/serveiseducatius.xtec.cat\/pallars\/general\/formacio-pla-dimpuls-a-les-danses-vives-darrel-tradicional-4a-edicio\/\">Formaci\u00f3 de<br \/>\ndanses tradicionals<\/a><br \/>\n<\/span><\/span><\/strong><\/span><img loading=\"lazy\" decoding=\"async\" class=\"alignnone size-full wp-image-12599\" src=\"https:\/\/serveiseducatius.xtec.cat\/pallars\/wp-content\/uploads\/usu1099\/2020\/03\/linea.png\" alt=\"\" width=\"290\" height=\"2\" srcset=\"https:\/\/serveiseducatius.xtec.cat\/pallars\/wp-content\/uploads\/usu1099\/2020\/03\/linea.png 290w, https:\/\/serveiseducatius.xtec.cat\/pallars\/wp-content\/uploads\/usu1099\/2020\/03\/linea-150x2.png 150w, https:\/\/serveiseducatius.xtec.cat\/pallars\/wp-content\/uploads\/usu1099\/2020\/03\/linea-200x2.png 200w\" sizes=\"auto, (max-width: 290px) 100vw, 290px\" \/><\/td>\n<\/tr>\n<tr style=\"height: 156px;\">\n<td style=\"width: 33.2577%; height: 156px; border-style: none; text-align: center;\"><a href=\"https:\/\/serveiseducatius.xtec.cat\/pallars\/general\/en-veu-alta-guanyadors-semifinals-dels-pallars\/\"><img loading=\"lazy\" decoding=\"async\" class=\"size-full wp-image-18182 aligncenter\" src=\"https:\/\/serveiseducatius.xtec.cat\/pallars\/wp-content\/uploads\/usu1099\/2022\/03\/lectura-en-veu-alta-web.png\" alt=\"\" width=\"250\" height=\"180\" \/><\/a><\/td>\n<td style=\"width: 35.3008%; height: 156px; border-style: none; text-align: center;\"><a href=\"https:\/\/serveiseducatius.xtec.cat\/pallars\/general\/xv-jornada-invesjove\/\"><img loading=\"lazy\" decoding=\"async\" class=\"size-full wp-image-18183 aligncenter\" src=\"https:\/\/serveiseducatius.xtec.cat\/pallars\/wp-content\/uploads\/usu1099\/2022\/03\/invesjove-XV.png\" alt=\"\" width=\"263\" height=\"191\" \/><\/a><\/td>\n<td style=\"width: 38.4419%; height: 156px; border-style: none; text-align: center;\"><a href=\"https:\/\/serveiseducatius.xtec.cat\/pallars\/general\/formacio-pla-dimpuls-a-les-danses-vives-darrel-tradicional-4a-edicio\/\"><img loading=\"lazy\" decoding=\"async\" class=\"alignleft size-full wp-image-18184\" src=\"https:\/\/serveiseducatius.xtec.cat\/pallars\/wp-content\/uploads\/usu1099\/2022\/03\/formacio-danses-web.png\" alt=\"\" width=\"251\" height=\"180\" \/><\/a><\/td>\n<\/tr>\n<tr style=\"height: 33px;\">\n<td style=\"width: 33.2577%; height: 33px; border-style: none;\"><\/td>\n<td style=\"width: 35.3008%; height: 33px; border-style: none;\"><\/td>\n<td style=\"width: 38.4419%; height: 33px; border-style: none;\"><\/td>\n<\/tr>\n<tr style=\"height: 33px;\">\n<td style=\"width: 33.2577%; height: 33px; border-style: none; text-align: center;\"><span style=\"color: #ba1c00;\"><strong><span style=\"font-size: 20px;\"><a href=\"https:\/\/sites.google.com\/xtec.cat\/recursos-guerra-ucraina\/inici?authuser=1\">Recursos did\u00e0ctics<\/a><img loading=\"lazy\" decoding=\"async\" class=\"alignnone size-full wp-image-12599\" src=\"https:\/\/serveiseducatius.xtec.cat\/pallars\/wp-content\/uploads\/usu1099\/2020\/03\/linea.png\" alt=\"\" width=\"290\" height=\"2\" srcset=\"https:\/\/serveiseducatius.xtec.cat\/pallars\/wp-content\/uploads\/usu1099\/2020\/03\/linea.png 290w, https:\/\/serveiseducatius.xtec.cat\/pallars\/wp-content\/uploads\/usu1099\/2020\/03\/linea-150x2.png 150w, https:\/\/serveiseducatius.xtec.cat\/pallars\/wp-content\/uploads\/usu1099\/2020\/03\/linea-200x2.png 200w\" sizes=\"auto, (max-width: 290px) 100vw, 290px\" \/><\/span><\/strong><\/span><\/td>\n<td style=\"width: 35.3008%; height: 33px; border-style: none; text-align: center;\"><span style=\"font-size: 20px;\"><strong><a href=\"https:\/\/serveiseducatius.xtec.cat\/pallars\/general\/coeducant-contant-centres-del-pallars-jussa\/\">Coeducant contant<\/a><\/strong><\/span><img loading=\"lazy\" decoding=\"async\" class=\"alignnone size-full wp-image-12599\" src=\"https:\/\/serveiseducatius.xtec.cat\/pallars\/wp-content\/uploads\/usu1099\/2020\/03\/linea.png\" alt=\"\" width=\"290\" height=\"2\" srcset=\"https:\/\/serveiseducatius.xtec.cat\/pallars\/wp-content\/uploads\/usu1099\/2020\/03\/linea.png 290w, https:\/\/serveiseducatius.xtec.cat\/pallars\/wp-content\/uploads\/usu1099\/2020\/03\/linea-150x2.png 150w, https:\/\/serveiseducatius.xtec.cat\/pallars\/wp-content\/uploads\/usu1099\/2020\/03\/linea-200x2.png 200w\" sizes=\"auto, (max-width: 290px) 100vw, 290px\" \/><\/td>\n<td style=\"width: 38.4419%; height: 33px; border-style: none; text-align: center;\"><a href=\"https:\/\/serveiseducatius.xtec.cat\/pallars\/general\/histories-i-camins-exposicio\/\"><span style=\"color: #ba1c00;\"><span style=\"font-size: 20px;\"><b>Exposici\u00f3 Hist\u00f2ries i camins<\/b><\/span><\/span><img loading=\"lazy\" decoding=\"async\" class=\"alignnone size-full wp-image-12599\" src=\"https:\/\/serveiseducatius.xtec.cat\/pallars\/wp-content\/uploads\/usu1099\/2020\/03\/linea.png\" alt=\"\" width=\"290\" height=\"2\" srcset=\"https:\/\/serveiseducatius.xtec.cat\/pallars\/wp-content\/uploads\/usu1099\/2020\/03\/linea.png 290w, https:\/\/serveiseducatius.xtec.cat\/pallars\/wp-content\/uploads\/usu1099\/2020\/03\/linea-150x2.png 150w, https:\/\/serveiseducatius.xtec.cat\/pallars\/wp-content\/uploads\/usu1099\/2020\/03\/linea-200x2.png 200w\" sizes=\"auto, (max-width: 290px) 100vw, 290px\" \/><\/a><\/td>\n<\/tr>\n<tr style=\"height: 33px;\">\n<td style=\"width: 33.2577%; height: 33px; border-style: none; text-align: center;\"><a href=\"https:\/\/sites.google.com\/xtec.cat\/recursos-guerra-ucraina\/inici?authuser=1\"><img loading=\"lazy\" decoding=\"async\" class=\"size-full wp-image-18250 aligncenter\" src=\"https:\/\/serveiseducatius.xtec.cat\/pallars\/wp-content\/uploads\/usu1099\/2022\/03\/guerra_ucarina-1.png\" alt=\"\" width=\"250\" height=\"180\" \/><\/a><\/td>\n<td style=\"width: 35.3008%; height: 33px; border-style: none; text-align: center;\"><a href=\"https:\/\/serveiseducatius.xtec.cat\/pallars\/general\/coeducant-contant-centres-del-pallars-jussa\/\"><img loading=\"lazy\" decoding=\"async\" class=\"size-full wp-image-18185 aligncenter\" src=\"https:\/\/serveiseducatius.xtec.cat\/pallars\/wp-content\/uploads\/usu1099\/2022\/03\/coeducat-contantweb.png\" alt=\"\" width=\"251\" height=\"180\" \/><\/a><\/td>\n<td style=\"width: 38.4419%; height: 33px; border-style: none; text-align: center;\"><a href=\"https:\/\/serveiseducatius.xtec.cat\/pallars\/general\/histories-i-camins-exposicio\/\"><img loading=\"lazy\" decoding=\"async\" class=\"size-full wp-image-18186 aligncenter\" src=\"https:\/\/serveiseducatius.xtec.cat\/pallars\/wp-content\/uploads\/usu1099\/2022\/03\/Histories-i-camins-web.png\" alt=\"\" width=\"251\" height=\"180\" \/><\/a><\/td>\n<\/tr>\n<tr style=\"height: 31px;\">\n<td style=\"width: 33.2577%; text-align: left; border-style: none; background-color: #fcfcfc; height: 31px;\"><strong>\u00a0<\/strong><\/td>\n<td style=\"width: 35.3008%; text-align: left; border-style: none; background-color: #fcfcfc; height: 31px;\"><strong>\u00a0<\/strong><\/td>\n<td style=\"width: 38.4419%; text-align: left; border-style: none; background-color: #fcfcfc; height: 31px;\"><strong>\u00a0<\/strong><\/td>\n<\/tr>\n<tr style=\"height: 68px;\">\n<td style=\"width: 33.2577%; border-style: none; height: 68px; text-align: center;\"><span style=\"font-size: 20px;\"><strong><a href=\"https:\/\/serveiseducatius.xtec.cat\/pallars\/general\/convocatoria-programes-dinnovacio\/\"><span style=\"font-size: 20px; color: #ba1c00;\">M\u00e9s informaci\u00f3<\/span><\/a><img loading=\"lazy\" decoding=\"async\" class=\"alignnone size-full wp-image-12599\" src=\"https:\/\/serveiseducatius.xtec.cat\/pallars\/wp-content\/uploads\/usu1099\/2020\/03\/linea.png\" alt=\"\" width=\"290\" height=\"2\" srcset=\"https:\/\/serveiseducatius.xtec.cat\/pallars\/wp-content\/uploads\/usu1099\/2020\/03\/linea.png 290w, https:\/\/serveiseducatius.xtec.cat\/pallars\/wp-content\/uploads\/usu1099\/2020\/03\/linea-150x2.png 150w, https:\/\/serveiseducatius.xtec.cat\/pallars\/wp-content\/uploads\/usu1099\/2020\/03\/linea-200x2.png 200w\" sizes=\"auto, (max-width: 290px) 100vw, 290px\" \/><\/strong><\/span><\/td>\n<td style=\"width: 35.3008%; border-style: none; height: 68px; text-align: center;\"><span style=\"font-size: 20px;\"><strong><a href=\"https:\/\/serveiseducatius.xtec.cat\/pallars\/general\/jornada-dimatpirineus-2022\/\"><span style=\"color: #ba1c00;\">Jornada matem\u00e0tica<\/span><\/a><img loading=\"lazy\" decoding=\"async\" class=\"alignnone size-full wp-image-12599\" src=\"https:\/\/serveiseducatius.xtec.cat\/pallars\/wp-content\/uploads\/usu1099\/2020\/03\/linea.png\" alt=\"\" width=\"290\" height=\"2\" srcset=\"https:\/\/serveiseducatius.xtec.cat\/pallars\/wp-content\/uploads\/usu1099\/2020\/03\/linea.png 290w, https:\/\/serveiseducatius.xtec.cat\/pallars\/wp-content\/uploads\/usu1099\/2020\/03\/linea-150x2.png 150w, https:\/\/serveiseducatius.xtec.cat\/pallars\/wp-content\/uploads\/usu1099\/2020\/03\/linea-200x2.png 200w\" sizes=\"auto, (max-width: 290px) 100vw, 290px\" \/><\/strong><\/span><\/td>\n<td style=\"width: 38.4419%; border-style: none; height: 68px; text-align: center;\"><span style=\"font-size: 20px;\"><strong><span style=\"color: #ba1c00;\"><a href=\"https:\/\/projectes.xtec.cat\/camps\/\">Nou nodes dels EdA i CdA<\/a> <\/span><img loading=\"lazy\" decoding=\"async\" class=\"alignnone size-full wp-image-12599\" src=\"https:\/\/serveiseducatius.xtec.cat\/pallars\/wp-content\/uploads\/usu1099\/2020\/03\/linea.png\" alt=\"\" width=\"290\" height=\"2\" srcset=\"https:\/\/serveiseducatius.xtec.cat\/pallars\/wp-content\/uploads\/usu1099\/2020\/03\/linea.png 290w, https:\/\/serveiseducatius.xtec.cat\/pallars\/wp-content\/uploads\/usu1099\/2020\/03\/linea-150x2.png 150w, https:\/\/serveiseducatius.xtec.cat\/pallars\/wp-content\/uploads\/usu1099\/2020\/03\/linea-200x2.png 200w\" sizes=\"auto, (max-width: 290px) 100vw, 290px\" \/><\/strong><\/span><\/td>\n<\/tr>\n<tr style=\"height: 207px;\">\n<td style=\"width: 33.2577%; border-style: none; height: 207px;\"><a href=\"https:\/\/serveiseducatius.xtec.cat\/pallars\/general\/convocatoria-programes-dinnovacio\/\"><img loading=\"lazy\" decoding=\"async\" class=\"alignleft size-full wp-image-18187\" style=\"text-align: center; background-color: #ffffff;\" src=\"https:\/\/serveiseducatius.xtec.cat\/pallars\/wp-content\/uploads\/usu1099\/2022\/03\/convocatoria-de-programes-dinnovacioweb.png\" alt=\"\" width=\"251\" height=\"180\" \/><\/a><\/td>\n<td style=\"width: 35.3008%; border-style: none; height: 207px;\"><a href=\"https:\/\/serveiseducatius.xtec.cat\/pallars\/general\/jornada-dimatpirineus-2022\/\"><img loading=\"lazy\" decoding=\"async\" class=\"size-full wp-image-18188 aligncenter\" src=\"https:\/\/serveiseducatius.xtec.cat\/pallars\/wp-content\/uploads\/usu1099\/2022\/03\/dissabte-matematic-web.png\" alt=\"\" width=\"251\" height=\"180\" \/><\/a><\/td>\n<td style=\"width: 38.4419%; border-style: none; height: 207px;\"><a href=\"https:\/\/projectes.xtec.cat\/camps\/\"><img loading=\"lazy\" decoding=\"async\" class=\"alignleft size-full wp-image-18210\" src=\"https:\/\/serveiseducatius.xtec.cat\/pallars\/wp-content\/uploads\/usu1099\/2022\/03\/nou-nodes-eda-i-cdaweb.png\" alt=\"\" width=\"265\" height=\"192\" \/><\/a><\/td>\n<\/tr>\n<tr style=\"height: 31px;\">\n<td style=\"width: 33.2577%; border-style: none; height: 31px;\"><\/td>\n<td style=\"width: 35.3008%; border-style: none; height: 31px;\"><\/td>\n<td style=\"width: 38.4419%; border-style: none; height: 31px;\"><\/td>\n<\/tr>\n<tr style=\"height: 68px;\">\n<td style=\"width: 33.2577%; border-style: none; height: 68px; text-align: center;\"><span style=\"font-size: 20px;\"><strong><a href=\"https:\/\/serveiseducatius.xtec.cat\/pallars\/general\/vull-aprendre-parlem-deducacio\/\"><span style=\"color: #ba1c00;\">Vull aprendre<\/span><\/a><img loading=\"lazy\" decoding=\"async\" class=\"alignnone size-full wp-image-12599\" src=\"https:\/\/serveiseducatius.xtec.cat\/pallars\/wp-content\/uploads\/usu1099\/2020\/03\/linea.png\" alt=\"\" width=\"290\" height=\"2\" srcset=\"https:\/\/serveiseducatius.xtec.cat\/pallars\/wp-content\/uploads\/usu1099\/2020\/03\/linea.png 290w, https:\/\/serveiseducatius.xtec.cat\/pallars\/wp-content\/uploads\/usu1099\/2020\/03\/linea-150x2.png 150w, https:\/\/serveiseducatius.xtec.cat\/pallars\/wp-content\/uploads\/usu1099\/2020\/03\/linea-200x2.png 200w\" sizes=\"auto, (max-width: 290px) 100vw, 290px\" \/><\/strong><\/span><\/td>\n<td style=\"width: 35.3008%; border-style: none; height: 68px; text-align: center;\"><span style=\"font-size: 20px;\"><strong><a href=\"https:\/\/serveiseducatius.xtec.cat\/pallars\/recursos-2\/\"><span style=\"color: #ba1c00;\">Recursos<\/span><\/a><img loading=\"lazy\" decoding=\"async\" class=\"alignnone size-full wp-image-12599\" src=\"https:\/\/serveiseducatius.xtec.cat\/pallars\/wp-content\/uploads\/usu1099\/2020\/03\/linea.png\" alt=\"\" width=\"290\" height=\"2\" srcset=\"https:\/\/serveiseducatius.xtec.cat\/pallars\/wp-content\/uploads\/usu1099\/2020\/03\/linea.png 290w, https:\/\/serveiseducatius.xtec.cat\/pallars\/wp-content\/uploads\/usu1099\/2020\/03\/linea-150x2.png 150w, https:\/\/serveiseducatius.xtec.cat\/pallars\/wp-content\/uploads\/usu1099\/2020\/03\/linea-200x2.png 200w\" sizes=\"auto, (max-width: 290px) 100vw, 290px\" \/><\/strong><\/span><\/td>\n<td style=\"width: 38.4419%; border-style: none; height: 68px; text-align: center;\"><span style=\"font-size: 20px;\"><strong><span style=\"color: #ba1c00;\"><a href=\"https:\/\/serveiseducatius.xtec.cat\/pallars\/general\/nou-cataleg-del-cesire\/\">Nou cat\u00e0leg cesire<\/a> <\/span><img loading=\"lazy\" decoding=\"async\" class=\"alignnone size-full wp-image-12599\" src=\"https:\/\/serveiseducatius.xtec.cat\/pallars\/wp-content\/uploads\/usu1099\/2020\/03\/linea.png\" alt=\"\" width=\"290\" height=\"2\" srcset=\"https:\/\/serveiseducatius.xtec.cat\/pallars\/wp-content\/uploads\/usu1099\/2020\/03\/linea.png 290w, https:\/\/serveiseducatius.xtec.cat\/pallars\/wp-content\/uploads\/usu1099\/2020\/03\/linea-150x2.png 150w, https:\/\/serveiseducatius.xtec.cat\/pallars\/wp-content\/uploads\/usu1099\/2020\/03\/linea-200x2.png 200w\" sizes=\"auto, (max-width: 290px) 100vw, 290px\" \/><\/strong><\/span><\/td>\n<\/tr>\n<tr style=\"height: 33px;\">\n<td style=\"width: 33.2577%; border-style: none; height: 33px; text-align: center;\"><a href=\"https:\/\/serveiseducatius.xtec.cat\/pallars\/general\/vull-aprendre-parlem-deducacio\/\"><img loading=\"lazy\" decoding=\"async\" class=\"size-full wp-image-18212 aligncenter\" style=\"text-align: start; background-color: #f9f9f9;\" src=\"https:\/\/serveiseducatius.xtec.cat\/pallars\/wp-content\/uploads\/usu1099\/2022\/03\/vull-aprendre-web.png\" alt=\"\" width=\"251\" height=\"180\" \/><\/a><\/td>\n<td style=\"width: 35.3008%; border-style: none; height: 33px; text-align: center;\"><a href=\"https:\/\/serveiseducatius.xtec.cat\/pallars\/recursos-2\/\"><img loading=\"lazy\" decoding=\"async\" class=\"size-full wp-image-18208 aligncenter\" src=\"https:\/\/serveiseducatius.xtec.cat\/pallars\/wp-content\/uploads\/usu1099\/2022\/03\/recursos-artweb.png\" alt=\"\" width=\"251\" height=\"180\" \/><\/a><\/td>\n<td style=\"width: 38.4419%; border-style: none; height: 33px;\"><a href=\"https:\/\/serveiseducatius.xtec.cat\/pallars\/general\/nou-cataleg-del-cesire\/\"><img loading=\"lazy\" decoding=\"async\" class=\"size-full wp-image-18207\" src=\"https:\/\/serveiseducatius.xtec.cat\/pallars\/wp-content\/uploads\/usu1099\/2022\/03\/cataleg-cesire-web.png\" alt=\"\" width=\"251\" height=\"180\" \/><\/a><\/td>\n<\/tr>\n<\/tbody>\n<\/table>\n<p>&nbsp;<\/p>\n","protected":false},"excerpt":{"rendered":"<p>Guanyadors semifinals dels Pallars XV Jornada Invesjove Formaci\u00f3 de danses tradicionals Recursos did\u00e0ctics Coeducant contant Exposici\u00f3 Hist\u00f2ries i camins \u00a0 [&hellip;]<\/p>\n","protected":false},"author":1,"featured_media":0,"parent":20176,"menu_order":4,"comment_status":"closed","ping_status":"closed","template":"page-templates\/side-menu.php","meta":{"_bbp_topic_count":0,"_bbp_reply_count":0,"_bbp_total_topic_count":0,"_bbp_total_reply_count":0,"_bbp_voice_count":0,"_bbp_anonymous_reply_count":0,"_bbp_topic_count_hidden":0,"_bbp_reply_count_hidden":0,"_bbp_forum_subforum_count":0,"site-sidebar-layout":"default","site-content-layout":"","ast-site-content-layout":"","site-content-style":"default","site-sidebar-style":"default","ast-global-header-display":"","ast-banner-title-visibility":"","ast-main-header-display":"","ast-hfb-above-header-display":"","ast-hfb-below-header-display":"","ast-hfb-mobile-header-display":"","site-post-title":"","ast-breadcrumbs-content":"","ast-featured-img":"","footer-sml-layout":"","theme-transparent-header-meta":"","adv-header-id-meta":"","stick-header-meta":"","header-above-stick-meta":"","header-main-stick-meta":"","header-below-stick-meta":"","astra-migrate-meta-layouts":"default","ast-page-background-enabled":"default","ast-page-background-meta":{"desktop":{"background-color":"var(--ast-global-color-4)","background-image":"","background-repeat":"repeat","background-position":"center center","background-size":"auto","background-attachment":"scroll","background-type":"","background-media":"","overlay-type":"","overlay-color":"","overlay-opacity":"","overlay-gradient":""},"tablet":{"background-color":"","background-image":"","background-repeat":"repeat","background-position":"center center","background-size":"auto","background-attachment":"scroll","background-type":"","background-media":"","overlay-type":"","overlay-color":"","overlay-opacity":"","overlay-gradient":""},"mobile":{"background-color":"","background-image":"","background-repeat":"repeat","background-position":"center center","background-size":"auto","background-attachment":"scroll","background-type":"","background-media":"","overlay-type":"","overlay-color":"","overlay-opacity":"","overlay-gradient":""}},"ast-content-background-meta":{"desktop":{"background-color":"var(--ast-global-color-5)","background-image":"","background-repeat":"repeat","background-position":"center center","background-size":"auto","background-attachment":"scroll","background-type":"","background-media":"","overlay-type":"","overlay-color":"","overlay-opacity":"","overlay-gradient":""},"tablet":{"background-color":"var(--ast-global-color-5)","background-image":"","background-repeat":"repeat","background-position":"center center","background-size":"auto","background-attachment":"scroll","background-type":"","background-media":"","overlay-type":"","overlay-color":"","overlay-opacity":"","overlay-gradient":""},"mobile":{"background-color":"var(--ast-global-color-5)","background-image":"","background-repeat":"repeat","background-position":"center center","background-size":"auto","background-attachment":"scroll","background-type":"","background-media":"","overlay-type":"","overlay-color":"","overlay-opacity":"","overlay-gradient":""}},"footnotes":""},"class_list":["post-18179","page","type-page","status-publish","hentry"],"post_mailing_queue_ids":[],"_links":{"self":[{"href":"https:\/\/serveiseducatius.xtec.cat\/pallars\/wp-json\/wp\/v2\/pages\/18179","targetHints":{"allow":["GET"]}}],"collection":[{"href":"https:\/\/serveiseducatius.xtec.cat\/pallars\/wp-json\/wp\/v2\/pages"}],"about":[{"href":"https:\/\/serveiseducatius.xtec.cat\/pallars\/wp-json\/wp\/v2\/types\/page"}],"author":[{"embeddable":true,"href":"https:\/\/serveiseducatius.xtec.cat\/pallars\/wp-json\/wp\/v2\/users\/1"}],"replies":[{"embeddable":true,"href":"https:\/\/serveiseducatius.xtec.cat\/pallars\/wp-json\/wp\/v2\/comments?post=18179"}],"version-history":[{"count":3,"href":"https:\/\/serveiseducatius.xtec.cat\/pallars\/wp-json\/wp\/v2\/pages\/18179\/revisions"}],"predecessor-version":[{"id":18365,"href":"https:\/\/serveiseducatius.xtec.cat\/pallars\/wp-json\/wp\/v2\/pages\/18179\/revisions\/18365"}],"up":[{"embeddable":true,"href":"https:\/\/serveiseducatius.xtec.cat\/pallars\/wp-json\/wp\/v2\/pages\/20176"}],"wp:attachment":[{"href":"https:\/\/serveiseducatius.xtec.cat\/pallars\/wp-json\/wp\/v2\/media?parent=18179"}],"curies":[{"name":"wp","href":"https:\/\/api.w.org\/{rel}","templated":true}]}}