{"id":17798,"date":"2022-02-25T09:58:24","date_gmt":"2022-02-25T08:58:24","guid":{"rendered":"https:\/\/serveiseducatius.xtec.cat\/pallars\/?page_id=17798"},"modified":"2023-01-26T10:44:19","modified_gmt":"2023-01-26T09:44:19","slug":"marc-2022","status":"publish","type":"page","link":"https:\/\/serveiseducatius.xtec.cat\/pallars\/full-informatiu\/fulls-informatius-2022\/marc-2022\/","title":{"rendered":"Mar\u00e7 2022"},"content":{"rendered":"<table style=\"height: 717px; width: 78.2942%; border-style: none;\">\n<tbody>\n<tr style=\"height: 35px;\">\n<td style=\"width: 32.6812%; height: 24px; border-style: none; text-align: center;\"><a href=\"https:\/\/serveiseducatius.xtec.cat\/pallars\/conferencies-videos\/neuroeducacio-en-laprenentatge-i-el-paper-de-leducacio-2\/\"><strong><span style=\"color: #ba1c1c;\"><span style=\"font-size: 20px;\">Enlla\u00e7 a la confer\u00e8ncia: Neuroeducaci\u00f3<\/span><\/span><\/strong><\/a><br \/>\n<a href=\"https:\/\/serveiseducatius.xtec.cat\/pallars\/wp-content\/uploads\/usu1099\/2020\/03\/linea.png\"><img loading=\"lazy\" decoding=\"async\" class=\"alignnone size-full wp-image-12599\" src=\"https:\/\/serveiseducatius.xtec.cat\/pallars\/wp-content\/uploads\/usu1099\/2020\/03\/linea.png\" alt=\"\" width=\"290\" height=\"2\" srcset=\"https:\/\/serveiseducatius.xtec.cat\/pallars\/wp-content\/uploads\/usu1099\/2020\/03\/linea.png 290w, https:\/\/serveiseducatius.xtec.cat\/pallars\/wp-content\/uploads\/usu1099\/2020\/03\/linea-150x2.png 150w, https:\/\/serveiseducatius.xtec.cat\/pallars\/wp-content\/uploads\/usu1099\/2020\/03\/linea-200x2.png 200w\" sizes=\"auto, (max-width: 290px) 100vw, 290px\" \/><\/a><\/td>\n<td style=\"width: 36.939%; height: 24px; border-style: none; text-align: center;\"><span style=\"color: #ba1c00;\"><strong><strong><span style=\"font-size: 20px;\"><br \/>\n<\/span><\/strong><span style=\"font-size: 20px;\">Tallers: Let&#8217;s speak English <\/span><\/strong><\/span><a href=\"https:\/\/serveiseducatius.xtec.cat\/pallars\/wp-content\/uploads\/usu1099\/2020\/03\/linea.png\"><img loading=\"lazy\" decoding=\"async\" class=\"alignnone size-full wp-image-12599\" src=\"https:\/\/serveiseducatius.xtec.cat\/pallars\/wp-content\/uploads\/usu1099\/2020\/03\/linea.png\" alt=\"\" width=\"290\" height=\"2\" srcset=\"https:\/\/serveiseducatius.xtec.cat\/pallars\/wp-content\/uploads\/usu1099\/2020\/03\/linea.png 290w, https:\/\/serveiseducatius.xtec.cat\/pallars\/wp-content\/uploads\/usu1099\/2020\/03\/linea-150x2.png 150w, https:\/\/serveiseducatius.xtec.cat\/pallars\/wp-content\/uploads\/usu1099\/2020\/03\/linea-200x2.png 200w\" sizes=\"auto, (max-width: 290px) 100vw, 290px\" \/><\/a><\/td>\n<td style=\"width: 52.3669%; height: 24px; border-style: none; text-align: center;\"><span style=\"color: #ba1c00;\"><strong><span style=\"font-size: 20px;\"><span style=\"font-size: 20px; color: #ba1c00;\"><br \/>\n<\/span><\/span><a href=\"https:\/\/serveiseducatius.xtec.cat\/pallars\/general\/suma-valors-amb-els-curts\/\"><span style=\"font-size: 20px;\"><span style=\"font-size: 20px; color: #ba1c00;\">Curt\u00c0neu <\/span><\/span><\/a><\/strong><\/span><img loading=\"lazy\" decoding=\"async\" class=\"alignnone size-full wp-image-12599\" src=\"https:\/\/serveiseducatius.xtec.cat\/pallars\/wp-content\/uploads\/usu1099\/2020\/03\/linea.png\" alt=\"\" width=\"290\" height=\"2\" srcset=\"https:\/\/serveiseducatius.xtec.cat\/pallars\/wp-content\/uploads\/usu1099\/2020\/03\/linea.png 290w, https:\/\/serveiseducatius.xtec.cat\/pallars\/wp-content\/uploads\/usu1099\/2020\/03\/linea-150x2.png 150w, https:\/\/serveiseducatius.xtec.cat\/pallars\/wp-content\/uploads\/usu1099\/2020\/03\/linea-200x2.png 200w\" sizes=\"auto, (max-width: 290px) 100vw, 290px\" \/><\/td>\n<\/tr>\n<tr style=\"height: 156px;\">\n<td style=\"width: 32.6812%; height: 156px; border-style: none; text-align: center;\"><a href=\"https:\/\/serveiseducatius.xtec.cat\/pallars\/conferencies-videos\/neuroeducacio-en-laprenentatge-i-el-paper-de-leducacio-2\/\"><img loading=\"lazy\" decoding=\"async\" class=\"size-full wp-image-17282 aligncenter\" src=\"https:\/\/serveiseducatius.xtec.cat\/pallars\/wp-content\/uploads\/usu1099\/2022\/01\/neurociencia2.png\" alt=\"\" width=\"251\" height=\"180\" \/><\/a><\/td>\n<td style=\"width: 36.939%; height: 156px; border-style: none; text-align: center;\"><img loading=\"lazy\" decoding=\"async\" class=\"size-full wp-image-17800\" src=\"https:\/\/serveiseducatius.xtec.cat\/pallars\/wp-content\/uploads\/usu1099\/2022\/02\/speak.png\" alt=\"\" width=\"250\" height=\"180\" \/><\/td>\n<td style=\"width: 52.3669%; height: 156px; border-style: none; text-align: center;\"><a href=\"https:\/\/serveiseducatius.xtec.cat\/pallars\/general\/suma-valors-amb-els-curts\/\"><img loading=\"lazy\" decoding=\"async\" class=\"size-full wp-image-17759 aligncenter\" src=\"https:\/\/serveiseducatius.xtec.cat\/pallars\/wp-content\/uploads\/usu1099\/2022\/02\/Curtaneu-article.png\" alt=\"\" width=\"250\" height=\"180\" \/><\/a><\/td>\n<\/tr>\n<tr style=\"height: 33px;\">\n<td style=\"width: 32.6812%; height: 33px; border-style: none;\"><\/td>\n<td style=\"width: 36.939%; height: 33px; border-style: none;\"><\/td>\n<td style=\"width: 52.3669%; height: 33px; border-style: none;\"><\/td>\n<\/tr>\n<tr style=\"height: 33px;\">\n<td style=\"width: 32.6812%; height: 33px; border-style: none; text-align: center;\"><span style=\"color: #ba1c00;\"><strong style=\"color: #222222; font-size: 20px; background-color: #ffffff;\"><br \/>\n<\/strong><strong><span style=\"font-size: 20px;\"><a href=\"https:\/\/serveiseducatius.xtec.cat\/pallars\/general\/passaport-edunauta-formacio-tutores-i-tutors\/\"><span style=\"background-color: #ffffff;\">Formaci\u00f3 Passaport Edunauta. Tutores i tutors<\/span><\/a><span style=\"color: #ba1c00;\"><img loading=\"lazy\" decoding=\"async\" class=\"alignnone size-full wp-image-12599\" src=\"https:\/\/serveiseducatius.xtec.cat\/pallars\/wp-content\/uploads\/usu1099\/2020\/03\/linea.png\" alt=\"\" width=\"290\" height=\"2\" srcset=\"https:\/\/serveiseducatius.xtec.cat\/pallars\/wp-content\/uploads\/usu1099\/2020\/03\/linea.png 290w, https:\/\/serveiseducatius.xtec.cat\/pallars\/wp-content\/uploads\/usu1099\/2020\/03\/linea-150x2.png 150w, https:\/\/serveiseducatius.xtec.cat\/pallars\/wp-content\/uploads\/usu1099\/2020\/03\/linea-200x2.png 200w\" sizes=\"auto, (max-width: 290px) 100vw, 290px\" \/><\/span><\/span><\/strong><\/span><\/td>\n<td style=\"width: 36.939%; height: 33px; border-style: none; text-align: center;\"><span style=\"color: #ba1c00;\"><span style=\"font-size: 20px;\"><strong style=\"color: #222222; background-color: #ffffff;\"><br \/>\n<\/strong><b><a href=\"https:\/\/serveiseducatius.xtec.cat\/pallars\/general\/ix-jocs-florals-escolars-de-catalunya\/\">IX Jocs Florals Escolars de Catalunya<\/a><br \/>\n<\/b><\/span><\/span><img loading=\"lazy\" decoding=\"async\" class=\"alignnone size-full wp-image-12599\" src=\"https:\/\/serveiseducatius.xtec.cat\/pallars\/wp-content\/uploads\/usu1099\/2020\/03\/linea.png\" alt=\"\" width=\"290\" height=\"2\" srcset=\"https:\/\/serveiseducatius.xtec.cat\/pallars\/wp-content\/uploads\/usu1099\/2020\/03\/linea.png 290w, https:\/\/serveiseducatius.xtec.cat\/pallars\/wp-content\/uploads\/usu1099\/2020\/03\/linea-150x2.png 150w, https:\/\/serveiseducatius.xtec.cat\/pallars\/wp-content\/uploads\/usu1099\/2020\/03\/linea-200x2.png 200w\" sizes=\"auto, (max-width: 290px) 100vw, 290px\" \/><\/td>\n<td style=\"width: 52.3669%; height: 33px; border-style: none; text-align: center;\"><span style=\"font-size: 20px;\"><strong><br \/>\n<\/strong><\/span><a href=\"https:\/\/serveiseducatius.xtec.cat\/pallars\/general\/jornada-demprenedoria-a-la-formacio-professional\/\"><span style=\"font-size: 20px;\"><b>Jornada d&#8217;emprenedoria<\/b><\/span><\/a><img loading=\"lazy\" decoding=\"async\" class=\"alignnone size-full wp-image-12599\" src=\"https:\/\/serveiseducatius.xtec.cat\/pallars\/wp-content\/uploads\/usu1099\/2020\/03\/linea.png\" alt=\"\" width=\"290\" height=\"2\" srcset=\"https:\/\/serveiseducatius.xtec.cat\/pallars\/wp-content\/uploads\/usu1099\/2020\/03\/linea.png 290w, https:\/\/serveiseducatius.xtec.cat\/pallars\/wp-content\/uploads\/usu1099\/2020\/03\/linea-150x2.png 150w, https:\/\/serveiseducatius.xtec.cat\/pallars\/wp-content\/uploads\/usu1099\/2020\/03\/linea-200x2.png 200w\" sizes=\"auto, (max-width: 290px) 100vw, 290px\" \/><\/td>\n<\/tr>\n<tr style=\"height: 33px;\">\n<td style=\"width: 32.6812%; height: 33px; border-style: none; text-align: center;\"><a href=\"https:\/\/serveiseducatius.xtec.cat\/pallars\/general\/passaport-edunauta-formacio-tutores-i-tutors\/\"><img loading=\"lazy\" decoding=\"async\" class=\"size-full wp-image-17787 aligncenter\" src=\"https:\/\/serveiseducatius.xtec.cat\/pallars\/wp-content\/uploads\/usu1099\/2022\/02\/passaport-edunauta-web.png\" alt=\"\" width=\"251\" height=\"180\" \/><\/a><\/td>\n<td style=\"width: 36.939%; height: 33px; border-style: none; text-align: center;\"><a href=\"https:\/\/serveiseducatius.xtec.cat\/pallars\/general\/ix-jocs-florals-escolars-de-catalunya\/\"><img loading=\"lazy\" decoding=\"async\" class=\"size-full wp-image-17802 aligncenter\" src=\"https:\/\/serveiseducatius.xtec.cat\/pallars\/wp-content\/uploads\/usu1099\/2022\/02\/Jocs-florals-22-1.png\" alt=\"\" width=\"250\" height=\"180\" \/><\/a><\/td>\n<td style=\"width: 52.3669%; height: 33px; border-style: none; text-align: center;\"><a href=\"https:\/\/serveiseducatius.xtec.cat\/pallars\/general\/jornada-demprenedoria-a-la-formacio-professional\/\"><img loading=\"lazy\" decoding=\"async\" class=\"alignleft size-full wp-image-17782\" src=\"https:\/\/serveiseducatius.xtec.cat\/pallars\/wp-content\/uploads\/usu1099\/2022\/02\/emprenedoria-jornada.jpg\" alt=\"\" width=\"250\" height=\"180\" \/><\/a><\/td>\n<\/tr>\n<tr style=\"height: 31px;\">\n<td style=\"width: 32.6812%; text-align: left; border-style: none; background-color: #fcfcfc; height: 31px;\"><strong>\u00a0<\/strong><\/td>\n<td style=\"width: 36.939%; text-align: left; border-style: none; background-color: #fcfcfc; height: 31px;\"><strong>\u00a0<\/strong><\/td>\n<td style=\"width: 52.3669%; text-align: left; border-style: none; background-color: #fcfcfc; height: 31px;\"><strong>\u00a0<\/strong><\/td>\n<\/tr>\n<tr>\n<td style=\"width: 32.6812%; text-align: left; border-style: none; background-color: #fcfcfc;\"><strong>\u00a0<\/strong><\/td>\n<td style=\"width: 36.939%; text-align: left; border-style: none; background-color: #fcfcfc;\"><strong>\u00a0<\/strong><\/td>\n<td style=\"width: 52.3669%; text-align: left; border-style: none; background-color: #fcfcfc;\"><strong>\u00a0<\/strong><\/td>\n<\/tr>\n<tr style=\"height: 68px;\">\n<td style=\"width: 32.6812%; border-style: none; height: 68px; text-align: center;\"><a href=\"https:\/\/serveiseducatius.xtec.cat\/pallars\/general\/curs-de-deteccio-i-prevencio-de-la-violencia-sexual-en-entorns-esportius\/\"><span style=\"font-size: 20px;\"><span style=\"font-size: 20px; color: #ba1c00;\"><strong>Curs de prevenci\u00f3 i detecci\u00f3 de viol\u00e8ncia sexual<\/strong><\/span><\/span><\/a><a href=\"https:\/\/serveiseducatius.xtec.cat\/pallars\/general\/concursos-artistics\/\"><span style=\"font-size: 20px;\"><strong><img loading=\"lazy\" decoding=\"async\" class=\"alignnone size-full wp-image-12599\" src=\"https:\/\/serveiseducatius.xtec.cat\/pallars\/wp-content\/uploads\/usu1099\/2020\/03\/linea.png\" alt=\"\" width=\"290\" height=\"2\" srcset=\"https:\/\/serveiseducatius.xtec.cat\/pallars\/wp-content\/uploads\/usu1099\/2020\/03\/linea.png 290w, https:\/\/serveiseducatius.xtec.cat\/pallars\/wp-content\/uploads\/usu1099\/2020\/03\/linea-150x2.png 150w, https:\/\/serveiseducatius.xtec.cat\/pallars\/wp-content\/uploads\/usu1099\/2020\/03\/linea-200x2.png 200w\" sizes=\"auto, (max-width: 290px) 100vw, 290px\" \/><\/strong><\/span><\/a><\/td>\n<td style=\"width: 36.939%; border-style: none; height: 68px; text-align: center;\"><a href=\"https:\/\/serveiseducatius.xtec.cat\/pallars\/general\/documentals-gratuits-a-laula\/\"><strong><span style=\"font-size: 20px;\"><span style=\"color: #ba1c00;\">Documentals gratu\u00efts a l&#8217;aula<\/span><\/span><\/strong><\/a><img loading=\"lazy\" decoding=\"async\" class=\"alignnone size-full wp-image-12599\" src=\"https:\/\/serveiseducatius.xtec.cat\/pallars\/wp-content\/uploads\/usu1099\/2020\/03\/linea.png\" alt=\"\" width=\"290\" height=\"2\" srcset=\"https:\/\/serveiseducatius.xtec.cat\/pallars\/wp-content\/uploads\/usu1099\/2020\/03\/linea.png 290w, https:\/\/serveiseducatius.xtec.cat\/pallars\/wp-content\/uploads\/usu1099\/2020\/03\/linea-150x2.png 150w, https:\/\/serveiseducatius.xtec.cat\/pallars\/wp-content\/uploads\/usu1099\/2020\/03\/linea-200x2.png 200w\" sizes=\"auto, (max-width: 290px) 100vw, 290px\" \/><\/td>\n<td style=\"width: 52.3669%; border-style: none; height: 68px; text-align: center;\"><span style=\"font-size: 20px;\"><strong><a href=\"https:\/\/serveiseducatius.xtec.cat\/pallars\/general\/inspiracy-lleida\/\">INspiracy Lleida<\/a><img loading=\"lazy\" decoding=\"async\" class=\"alignnone size-full wp-image-12599\" src=\"https:\/\/serveiseducatius.xtec.cat\/pallars\/wp-content\/uploads\/usu1099\/2020\/03\/linea.png\" alt=\"\" width=\"290\" height=\"2\" srcset=\"https:\/\/serveiseducatius.xtec.cat\/pallars\/wp-content\/uploads\/usu1099\/2020\/03\/linea.png 290w, https:\/\/serveiseducatius.xtec.cat\/pallars\/wp-content\/uploads\/usu1099\/2020\/03\/linea-150x2.png 150w, https:\/\/serveiseducatius.xtec.cat\/pallars\/wp-content\/uploads\/usu1099\/2020\/03\/linea-200x2.png 200w\" sizes=\"auto, (max-width: 290px) 100vw, 290px\" \/><\/strong><\/span><\/td>\n<\/tr>\n<tr style=\"height: 207px;\">\n<td style=\"width: 32.6812%; border-style: none; height: 207px;\"><a href=\"https:\/\/serveiseducatius.xtec.cat\/pallars\/general\/curs-de-deteccio-i-prevencio-de-la-violencia-sexual-en-entorns-esportius\/\"><img loading=\"lazy\" decoding=\"async\" class=\"size-full wp-image-17807 aligncenter\" src=\"https:\/\/serveiseducatius.xtec.cat\/pallars\/wp-content\/uploads\/usu1099\/2022\/02\/curs.png\" alt=\"\" width=\"250\" height=\"180\" \/><\/a><\/td>\n<td style=\"width: 36.939%; border-style: none; height: 207px;\"><a href=\"https:\/\/serveiseducatius.xtec.cat\/pallars\/general\/documentals-gratuits-a-laula\/\"><img loading=\"lazy\" decoding=\"async\" class=\"size-full wp-image-17796 aligncenter\" src=\"https:\/\/serveiseducatius.xtec.cat\/pallars\/wp-content\/uploads\/usu1099\/2022\/02\/festival-docsbarcelonha.png\" alt=\"\" width=\"250\" height=\"180\" \/><\/a><\/td>\n<td style=\"width: 52.3669%; border-style: none; height: 207px;\"><a href=\"https:\/\/serveiseducatius.xtec.cat\/pallars\/general\/inspiracy-lleida\/\"><img loading=\"lazy\" decoding=\"async\" class=\"size-full wp-image-17805 aligncenter\" src=\"https:\/\/serveiseducatius.xtec.cat\/pallars\/wp-content\/uploads\/usu1099\/2022\/02\/irblleida.png\" alt=\"\" width=\"250\" height=\"180\" \/><\/a><\/td>\n<\/tr>\n<\/tbody>\n<\/table>\n<p>&nbsp;<\/p>\n","protected":false},"excerpt":{"rendered":"<p>Enlla\u00e7 a la confer\u00e8ncia: Neuroeducaci\u00f3 Tallers: Let&#8217;s speak English Curt\u00c0neu Formaci\u00f3 Passaport Edunauta. Tutores i tutors IX Jocs Florals Escolars [&hellip;]<\/p>\n","protected":false},"author":1,"featured_media":0,"parent":20176,"menu_order":3,"comment_status":"closed","ping_status":"closed","template":"page-templates\/side-menu.php","meta":{"_bbp_topic_count":0,"_bbp_reply_count":0,"_bbp_total_topic_count":0,"_bbp_total_reply_count":0,"_bbp_voice_count":0,"_bbp_anonymous_reply_count":0,"_bbp_topic_count_hidden":0,"_bbp_reply_count_hidden":0,"_bbp_forum_subforum_count":0,"site-sidebar-layout":"default","site-content-layout":"","ast-site-content-layout":"","site-content-style":"default","site-sidebar-style":"default","ast-global-header-display":"","ast-banner-title-visibility":"","ast-main-header-display":"","ast-hfb-above-header-display":"","ast-hfb-below-header-display":"","ast-hfb-mobile-header-display":"","site-post-title":"","ast-breadcrumbs-content":"","ast-featured-img":"","footer-sml-layout":"","theme-transparent-header-meta":"","adv-header-id-meta":"","stick-header-meta":"","header-above-stick-meta":"","header-main-stick-meta":"","header-below-stick-meta":"","astra-migrate-meta-layouts":"default","ast-page-background-enabled":"default","ast-page-background-meta":{"desktop":{"background-color":"var(--ast-global-color-4)","background-image":"","background-repeat":"repeat","background-position":"center center","background-size":"auto","background-attachment":"scroll","background-type":"","background-media":"","overlay-type":"","overlay-color":"","overlay-opacity":"","overlay-gradient":""},"tablet":{"background-color":"","background-image":"","background-repeat":"repeat","background-position":"center center","background-size":"auto","background-attachment":"scroll","background-type":"","background-media":"","overlay-type":"","overlay-color":"","overlay-opacity":"","overlay-gradient":""},"mobile":{"background-color":"","background-image":"","background-repeat":"repeat","background-position":"center center","background-size":"auto","background-attachment":"scroll","background-type":"","background-media":"","overlay-type":"","overlay-color":"","overlay-opacity":"","overlay-gradient":""}},"ast-content-background-meta":{"desktop":{"background-color":"var(--ast-global-color-5)","background-image":"","background-repeat":"repeat","background-position":"center center","background-size":"auto","background-attachment":"scroll","background-type":"","background-media":"","overlay-type":"","overlay-color":"","overlay-opacity":"","overlay-gradient":""},"tablet":{"background-color":"var(--ast-global-color-5)","background-image":"","background-repeat":"repeat","background-position":"center center","background-size":"auto","background-attachment":"scroll","background-type":"","background-media":"","overlay-type":"","overlay-color":"","overlay-opacity":"","overlay-gradient":""},"mobile":{"background-color":"var(--ast-global-color-5)","background-image":"","background-repeat":"repeat","background-position":"center center","background-size":"auto","background-attachment":"scroll","background-type":"","background-media":"","overlay-type":"","overlay-color":"","overlay-opacity":"","overlay-gradient":""}},"footnotes":""},"class_list":["post-17798","page","type-page","status-publish","hentry"],"post_mailing_queue_ids":[],"_links":{"self":[{"href":"https:\/\/serveiseducatius.xtec.cat\/pallars\/wp-json\/wp\/v2\/pages\/17798","targetHints":{"allow":["GET"]}}],"collection":[{"href":"https:\/\/serveiseducatius.xtec.cat\/pallars\/wp-json\/wp\/v2\/pages"}],"about":[{"href":"https:\/\/serveiseducatius.xtec.cat\/pallars\/wp-json\/wp\/v2\/types\/page"}],"author":[{"embeddable":true,"href":"https:\/\/serveiseducatius.xtec.cat\/pallars\/wp-json\/wp\/v2\/users\/1"}],"replies":[{"embeddable":true,"href":"https:\/\/serveiseducatius.xtec.cat\/pallars\/wp-json\/wp\/v2\/comments?post=17798"}],"version-history":[{"count":3,"href":"https:\/\/serveiseducatius.xtec.cat\/pallars\/wp-json\/wp\/v2\/pages\/17798\/revisions"}],"predecessor-version":[{"id":17829,"href":"https:\/\/serveiseducatius.xtec.cat\/pallars\/wp-json\/wp\/v2\/pages\/17798\/revisions\/17829"}],"up":[{"embeddable":true,"href":"https:\/\/serveiseducatius.xtec.cat\/pallars\/wp-json\/wp\/v2\/pages\/20176"}],"wp:attachment":[{"href":"https:\/\/serveiseducatius.xtec.cat\/pallars\/wp-json\/wp\/v2\/media?parent=17798"}],"curies":[{"name":"wp","href":"https:\/\/api.w.org\/{rel}","templated":true}]}}