{"id":17133,"date":"2021-12-09T13:32:55","date_gmt":"2021-12-09T12:32:55","guid":{"rendered":"https:\/\/serveiseducatius.xtec.cat\/pallars\/?page_id=17133"},"modified":"2024-04-02T19:01:33","modified_gmt":"2024-04-02T17:01:33","slug":"proves-cb-4t-deso","status":"publish","type":"page","link":"https:\/\/serveiseducatius.xtec.cat\/pallars\/proves-cb-4t-deso\/","title":{"rendered":"Proves compet\u00e8ncies b\u00e0siques quart d&#8217;ESO 2023-24"},"content":{"rendered":"\t\t\t\t\t\t<style>\r\n\t\t\t\t\r\n\t\t\t\t\t#tab_container_17132 {\r\n\toverflow:hidden;\r\n\tdisplay:block;\r\n\twidth:100%;\r\n\tborder:0px solid #ddd;\r\n\tmargin-bottom:30px;\r\n\t}\r\n\r\n#tab_container_17132 .tab-content{\r\n\tpadding:20px;\r\n\tborder: 1px solid #e6e6e6 !important;\r\n\tmargin-top: 0px;\r\n\tbackground-color:#ffffff !important;\r\n\tcolor: #000000 !important;\r\n\tfont-size:16px !important;\r\n\tfont-family: Arial !important;\r\n\t\r\n\t\tborder: 1px solid #e6e6e6 !important;\r\n\t}\r\n#tab_container_17132 .wpsm_nav-tabs {\r\n    border-bottom: 0px solid #ddd;\r\n}\r\n#tab_container_17132 .wpsm_nav-tabs > li.active > a, #tab_container_17132 .wpsm_nav-tabs > li.active > a:hover, #tab_container_17132 .wpsm_nav-tabs > li.active > a:focus {\r\n\tcolor: #ffffff !important;\r\n\tcursor: default;\r\n\tbackground-color: #dd3333 !important;\r\n\tborder: 1px solid #c41a1a !important;\r\n}\r\n\r\n#tab_container_17132 .wpsm_nav-tabs > li > a {\r\n    margin-right: 0px !important; \r\n    line-height: 1.42857143 !important;\r\n    border: 1px solid #d5d5d5 !important;\r\n    border-radius: 0px 0px 0 0 !important; \r\n\tbackground-color: #e8e8e8 !important;\r\n\tcolor: #000000 !important;\r\n\tpadding: 15px 18px 15px 18px !important;\r\n\ttext-decoration: none !important;\r\n\tfont-size: 18px !important;\r\n\ttext-align:center !important;\r\n\tfont-family: Arial !important;\r\n}\r\n#tab_container_17132 .wpsm_nav-tabs > li > a:focus {\r\noutline: 0px !important;\r\n}\r\n\r\n#tab_container_17132 .wpsm_nav-tabs > li > a:before {\r\n\tdisplay:none !important;\r\n}\r\n#tab_container_17132 .wpsm_nav-tabs > li > a:after {\r\n\tdisplay:none !important ;\r\n}\r\n#tab_container_17132 .wpsm_nav-tabs > li{\r\npadding:0px !important ;\r\nmargin:0px;\r\n}\r\n\r\n#tab_container_17132 .wpsm_nav-tabs > li > a:hover , #tab_container_17132 .wpsm_nav-tabs > li > a:focus {\r\n    color: #000000 !important;\r\n    background-color: #e8e8e8 !important;\r\n\tborder: 1px solid #d5d5d5 !important;\r\n\t\r\n}\r\n#tab_container_17132 .wpsm_nav-tabs > li > a .fa{\r\n\r\nmargin-right:5px !important;\r\n\r\nmargin-left:5px !important;\r\n\r\n\r\n}\r\n\r\n\t\t#tab_container_17132 .wpsm_nav-tabs a{\r\n\t\t\tbackground-image: none;\r\n\t\t\tbackground-position: 0 0;\r\n\t\t\tbackground-repeat: repeat-x;\r\n\t\t}\r\n\t\t\t\r\n\r\n\r\n#tab_container_17132 .wpsm_nav-tabs > li {\r\n    float: left;\r\n    margin-bottom: -1px !important;\r\n\tmargin-right:0px !important; \r\n}\r\n\r\n\r\n#tab_container_17132 .tab-content{\r\noverflow:hidden !important;\r\n}\r\n\r\n\r\n@media (min-width: 769px) {\r\n\r\n\t#tab_container_17132 .wpsm_nav-tabs > li{\r\n\t\tfloat:left !important ;\r\n\t\t\t\tmargin-right:-1px !important;\r\n\t\t\t\t\t}\r\n\t#tab_container_17132 .wpsm_nav-tabs{\r\n\t\tfloat:none !important;\r\n\t\tmargin:0px !important;\r\n\t}\r\n\r\n\t#tab_container_17132 .wpsm_nav-tabs > li {\r\n\t\t\t\t\t\t\t\t\tmargin-right: 8px !important;\r\n\t\t\t\t\r\n\t\t\t\t\r\n\t\t\t\t\r\n\t}\r\n\t#tab_container_17132 .wpsm_nav{\r\n\t\t\t\tmargin-bottom: 8px !important;\r\n\t\t\t}\r\n\r\n}\r\n\r\n\r\n\r\n@media (max-width: 768px) {\r\n\t#tab_container_17132 .wpsm_nav-tabs > li {\r\n\t\t\t\tmargin-bottom: 8px !important;\r\n\t\tmargin-right:0px !important;\r\n\t\tmargin-left:0px !important;\r\n\t\t\t\t\r\n\t}\r\n\t#tab_container_17132 .wpsm_nav{\r\n\t\t\t\tmargin-bottom: 8px !important;\r\n\t\tmargin-right:0px !important;\r\n\t\tmargin-left:0px !important;\r\n\t\t\t}\r\n}\r\n\r\n\r\n\t.wpsm_nav-tabs li:before{\r\n\t\tdisplay:none !important;\r\n\t}\r\n\r\n\t@media (max-width: 768px) {\r\n\t\t\t\t\r\n\t\t\t\t.wpsm_nav-tabs{\r\n\t\t\tmargin-left:0px !important;\r\n\t\t\tmargin-right:0px !important; \r\n\t\t\t\r\n\t\t}\r\n\t\t\t\t#tab_container_17132 .wpsm_nav-tabs > li{\r\n\t\t\tfloat:none !important;\r\n\t\t}\r\n\t\t\t\r\n\t}\t\t\t\t<\/style>\r\n\t\t\t\t<div id=\"tab_container_17132\" >\r\n\t \r\n\t\t\t\t\t<ul class=\"wpsm_nav wpsm_nav-tabs\" role=\"tablist\" id=\"myTab_17132\">\r\n\t\t\t\t\t\t\t\r\n\t\t\t\t\t\t\t<li role=\"presentation\"  class=\"active\"  onclick=\"do_resize()\">\r\n\r\n\t\t\t\t\t\t\t\t<!-- XTEC ************ MODIFICAT - Disable scrolling on tab change. Fixes error in option \"Tabs Description Animation\" -->\r\n\t\t\t\t\t\t\t\t<!-- 2021.12.01 @aginard -->\r\n\t\t\t\t\t\t\t\t<a href=\"javascript:void(0);\" aria-controls=\"tabs_desc_17132_1\" role=\"tab\" data-toggle=\"tab\" data-target=\"#tabs_desc_17132_1\">\r\n\t\t\t\t\t\t\t\t<!-- ORIGINAL\r\n\t\t\t\t\t\t\t\t<a href=\"#tabs_desc_17132_1\" aria-controls=\"tabs_desc_17132_1\" role=\"tab\" data-toggle=\"tab\">\r\n\t\t\t\t\t\t\t\t-->\r\n\t\t\t\t\t\t\t\t<!-- ************ FI -->\r\n\t\t\t\t\t\t\t\t\t\r\n\t\t\t\t\t\t\t\t\t\t\t\t\t\t\t\t\t\t\t\t\t\t\t\t\t\t\t\t\r\n\t\t\t\t\t\t\t\t\t\t\t\t\t\t\t\t\t\t\r\n\t\t\t\t\t\t\t\t\t<span>Direccions<\/span>\r\n\t\t\t\t\t\t\t\t\t\r\n\t\t\t\t\t\t\t\t\t\t\t\t\t\t\t\t\t\t\r\n\t\t\t\t\t\t\t\t\t\t\t\t\t\t\t\t\t\t\t\t\r\n\t\t\t\t\t\t\t\t\t\r\n\t\t\t\t\t\t\t\t<\/a>\r\n\t\t\t\t\t\t\t<\/li>\r\n\t\t\t\t\t\t\t\r\n\t\t\t\t\t\t\t<li role=\"presentation\"  onclick=\"do_resize()\">\r\n\r\n\t\t\t\t\t\t\t\t<!-- XTEC ************ MODIFICAT - Disable scrolling on tab change. Fixes error in option \"Tabs Description Animation\" -->\r\n\t\t\t\t\t\t\t\t<!-- 2021.12.01 @aginard -->\r\n\t\t\t\t\t\t\t\t<a href=\"javascript:void(0);\" aria-controls=\"tabs_desc_17132_2\" role=\"tab\" data-toggle=\"tab\" data-target=\"#tabs_desc_17132_2\">\r\n\t\t\t\t\t\t\t\t<!-- ORIGINAL\r\n\t\t\t\t\t\t\t\t<a href=\"#tabs_desc_17132_2\" aria-controls=\"tabs_desc_17132_2\" role=\"tab\" data-toggle=\"tab\">\r\n\t\t\t\t\t\t\t\t-->\r\n\t\t\t\t\t\t\t\t<!-- ************ FI -->\r\n\t\t\t\t\t\t\t\t\t\r\n\t\t\t\t\t\t\t\t\t\t\t\t\t\t\t\t\t\t\t\t\t\t\t\t\t\t\t\t\r\n\t\t\t\t\t\t\t\t\t\t\t\t\t\t\t\t\t\t\r\n\t\t\t\t\t\t\t\t\t<span>Aplicadors\/es<\/span>\r\n\t\t\t\t\t\t\t\t\t\r\n\t\t\t\t\t\t\t\t\t\t\t\t\t\t\t\t\t\t\r\n\t\t\t\t\t\t\t\t\t\t\t\t\t\t\t\t\t\t\t\t\r\n\t\t\t\t\t\t\t\t\t\r\n\t\t\t\t\t\t\t\t<\/a>\r\n\t\t\t\t\t\t\t<\/li>\r\n\t\t\t\t\t\t\t\r\n\t\t\t\t\t\t\t<li role=\"presentation\"  onclick=\"do_resize()\">\r\n\r\n\t\t\t\t\t\t\t\t<!-- XTEC ************ MODIFICAT - Disable scrolling on tab change. Fixes error in option \"Tabs Description Animation\" -->\r\n\t\t\t\t\t\t\t\t<!-- 2021.12.01 @aginard -->\r\n\t\t\t\t\t\t\t\t<a href=\"javascript:void(0);\" aria-controls=\"tabs_desc_17132_3\" role=\"tab\" data-toggle=\"tab\" data-target=\"#tabs_desc_17132_3\">\r\n\t\t\t\t\t\t\t\t<!-- ORIGINAL\r\n\t\t\t\t\t\t\t\t<a href=\"#tabs_desc_17132_3\" aria-controls=\"tabs_desc_17132_3\" role=\"tab\" data-toggle=\"tab\">\r\n\t\t\t\t\t\t\t\t-->\r\n\t\t\t\t\t\t\t\t<!-- ************ FI -->\r\n\t\t\t\t\t\t\t\t\t\r\n\t\t\t\t\t\t\t\t\t\t\t\t\t\t\t\t\t\t\t\t\t\t\t\t\t\t\t\t\r\n\t\t\t\t\t\t\t\t\t\t\t\t\t\t\t\t\t\t\r\n\t\t\t\t\t\t\t\t\t<span>Horaris proves<\/span>\r\n\t\t\t\t\t\t\t\t\t\r\n\t\t\t\t\t\t\t\t\t\t\t\t\t\t\t\t\t\t\r\n\t\t\t\t\t\t\t\t\t\t\t\t\t\t\t\t\t\t\t\t\r\n\t\t\t\t\t\t\t\t\t\r\n\t\t\t\t\t\t\t\t<\/a>\r\n\t\t\t\t\t\t\t<\/li>\r\n\t\t\t\t\t\t\t\r\n\t\t\t\t\t\t\t<li role=\"presentation\"  onclick=\"do_resize()\">\r\n\r\n\t\t\t\t\t\t\t\t<!-- XTEC ************ MODIFICAT - Disable scrolling on tab change. Fixes error in option \"Tabs Description Animation\" -->\r\n\t\t\t\t\t\t\t\t<!-- 2021.12.01 @aginard -->\r\n\t\t\t\t\t\t\t\t<a href=\"javascript:void(0);\" aria-controls=\"tabs_desc_17132_4\" role=\"tab\" data-toggle=\"tab\" data-target=\"#tabs_desc_17132_4\">\r\n\t\t\t\t\t\t\t\t<!-- ORIGINAL\r\n\t\t\t\t\t\t\t\t<a href=\"#tabs_desc_17132_4\" aria-controls=\"tabs_desc_17132_4\" role=\"tab\" data-toggle=\"tab\">\r\n\t\t\t\t\t\t\t\t-->\r\n\t\t\t\t\t\t\t\t<!-- ************ FI -->\r\n\t\t\t\t\t\t\t\t\t\r\n\t\t\t\t\t\t\t\t\t\t\t\t\t\t\t\t\t\t\t\t\t\t\t\t\t\t\t\t\r\n\t\t\t\t\t\t\t\t\t\t\t\t\t\t\t\t\t\t\r\n\t\t\t\t\t\t\t\t\t<span>Correctors\/es<\/span>\r\n\t\t\t\t\t\t\t\t\t\r\n\t\t\t\t\t\t\t\t\t\t\t\t\t\t\t\t\t\t\r\n\t\t\t\t\t\t\t\t\t\t\t\t\t\t\t\t\t\t\t\t\r\n\t\t\t\t\t\t\t\t\t\r\n\t\t\t\t\t\t\t\t<\/a>\r\n\t\t\t\t\t\t\t<\/li>\r\n\t\t\t\t\t\t\t\r\n\t\t\t\t\t\t\t<li role=\"presentation\"  onclick=\"do_resize()\">\r\n\r\n\t\t\t\t\t\t\t\t<!-- XTEC ************ MODIFICAT - Disable scrolling on tab change. Fixes error in option \"Tabs Description Animation\" -->\r\n\t\t\t\t\t\t\t\t<!-- 2021.12.01 @aginard -->\r\n\t\t\t\t\t\t\t\t<a href=\"javascript:void(0);\" aria-controls=\"tabs_desc_17132_5\" role=\"tab\" data-toggle=\"tab\" data-target=\"#tabs_desc_17132_5\">\r\n\t\t\t\t\t\t\t\t<!-- ORIGINAL\r\n\t\t\t\t\t\t\t\t<a href=\"#tabs_desc_17132_5\" aria-controls=\"tabs_desc_17132_5\" role=\"tab\" data-toggle=\"tab\">\r\n\t\t\t\t\t\t\t\t-->\r\n\t\t\t\t\t\t\t\t<!-- ************ FI -->\r\n\t\t\t\t\t\t\t\t\t\r\n\t\t\t\t\t\t\t\t\t\t\t\t\t\t\t\t\t\t\t\t\t\t\t\t\t\t\t\t\r\n\t\t\t\t\t\t\t\t\t\t\t\t\t\t\t\t\t\t\r\n\t\t\t\t\t\t\t\t\t<span>Consultes i incid\u00e8ncies<\/span>\r\n\t\t\t\t\t\t\t\t\t\r\n\t\t\t\t\t\t\t\t\t\t\t\t\t\t\t\t\t\t\r\n\t\t\t\t\t\t\t\t\t\t\t\t\t\t\t\t\t\t\t\t\r\n\t\t\t\t\t\t\t\t\t\r\n\t\t\t\t\t\t\t\t<\/a>\r\n\t\t\t\t\t\t\t<\/li>\r\n\t\t\t\t\t\t\t\t\t\t\t <\/ul>\r\n\r\n\t\t\t\t\t  <!-- Tab panes -->\r\n\t\t\t\t\t  <div class=\"tab-content\" id=\"tab-content_17132\">\r\n\t\t\t\t\t\t\t\t\t\t\t\t <div role=\"tabpanel\" class=\"tab-pane  in active \" id=\"tabs_desc_17132_1\">\r\n\t\t\t\t\t\t\t\t<p><span style=\"font-size: 20px;\"><a href=\"https:\/\/serveiseducatius.xtec.cat\/pallars\/wp-content\/uploads\/usu1099\/2021\/04\/education_school_highlighter_highlight_marker_pen_office_icon_133465-1-e1618937552462.png\"><img loading=\"lazy\" decoding=\"async\" class=\"alignnone size-full wp-image-15739\" src=\"https:\/\/serveiseducatius.xtec.cat\/pallars\/wp-content\/uploads\/usu1099\/2021\/04\/education_school_highlighter_highlight_marker_pen_office_icon_133465-1-e1618937552462.png\" alt=\"\" width=\"30\" height=\"30\" \/><\/a> \u00a0<a href=\"https:\/\/drive.google.com\/file\/d\/1sKJTXbRx12JblHWyznRMeCmh6cpphFQg\/view?usp=sharing\">Guia d'aplicaci\u00f3 de les proves<\/a><\/span><\/p>\n<p><span style=\"font-size: 20px;\"><a href=\"https:\/\/serveiseducatius.xtec.cat\/pallars\/wp-content\/uploads\/usu1099\/2021\/04\/education_school_highlighter_highlight_marker_pen_office_icon_133465-1-e1618937552462.png\"><img loading=\"lazy\" decoding=\"async\" class=\"alignnone size-full wp-image-15739\" src=\"https:\/\/serveiseducatius.xtec.cat\/pallars\/wp-content\/uploads\/usu1099\/2021\/04\/education_school_highlighter_highlight_marker_pen_office_icon_133465-1-e1618937552462.png\" alt=\"\" width=\"30\" height=\"30\" \/><\/a> \u00a0<a href=\"https:\/\/drive.google.com\/file\/d\/1i7Yqg1Vv-A15G6IlGXWYbByjzzC6nzWB\/view?usp=sharing\">Infografia calendari\u00a0<\/a><\/span><\/p>\n\t\t\t\t\t\t <\/div>\r\n\t\t\t\t\t\t\t\t\t\t\t\t <div role=\"tabpanel\" class=\"tab-pane \" id=\"tabs_desc_17132_2\">\r\n\t\t\t\t\t\t\t\t<p><span style=\"font-size: 20px;\"><a href=\"https:\/\/serveiseducatius.xtec.cat\/pallars\/wp-content\/uploads\/usu1099\/2021\/04\/education_school_highlighter_highlight_marker_pen_office_icon_133465-1-e1618860550288.png\"><img loading=\"lazy\" decoding=\"async\" class=\"alignnone wp-image-15739 size-full\" src=\"https:\/\/serveiseducatius.xtec.cat\/pallars\/wp-content\/uploads\/usu1099\/2021\/04\/education_school_highlighter_highlight_marker_pen_office_icon_133465-1-e1618937552462.png\" alt=\"\" width=\"30\" height=\"30\" \/><\/a> <a href=\"https:\/\/drive.google.com\/file\/d\/1sKJTXbRx12JblHWyznRMeCmh6cpphFQg\/view?usp=sharing\">Guia d'aplicaci\u00f3 de les proves<\/a><\/span><\/p>\n<p><span style=\"font-size: 20px;\"><a href=\"https:\/\/serveiseducatius.xtec.cat\/pallars\/wp-content\/uploads\/usu1099\/2021\/04\/education_school_highlighter_highlight_marker_pen_office_icon_133465-1-e1618937552462.png\"><img loading=\"lazy\" decoding=\"async\" class=\"alignnone size-full wp-image-15739\" src=\"https:\/\/serveiseducatius.xtec.cat\/pallars\/wp-content\/uploads\/usu1099\/2021\/04\/education_school_highlighter_highlight_marker_pen_office_icon_133465-1-e1618937552462.png\" alt=\"\" width=\"30\" height=\"30\" \/>\u00a0<\/a> <a href=\"https:\/\/drive.google.com\/file\/d\/1GNN_s7-84jYd8xn0pMfUn-kzMLcPFEBG\/view?usp=sharing\">Instruccions aplicadors\/es<\/a><\/span><\/p>\n<p><span style=\"font-size: 20px;\"><a href=\"https:\/\/serveiseducatius.xtec.cat\/pallars\/wp-content\/uploads\/usu1099\/2021\/04\/education_school_highlighter_highlight_marker_pen_office_icon_133465-1-e1618937552462.png\"><img loading=\"lazy\" decoding=\"async\" class=\"alignnone size-full wp-image-15739\" src=\"https:\/\/serveiseducatius.xtec.cat\/pallars\/wp-content\/uploads\/usu1099\/2021\/04\/education_school_highlighter_highlight_marker_pen_office_icon_133465-1-e1618937552462.png\" alt=\"\" width=\"30\" height=\"30\" \/>\u00a0<\/a> <a href=\"http:\/\/consaval.cat\/aplicadors\/\">Instruccions aplicadors\/es en l\u00ednia<\/a><\/span><\/p>\n\t\t\t\t\t\t <\/div>\r\n\t\t\t\t\t\t\t\t\t\t\t\t <div role=\"tabpanel\" class=\"tab-pane \" id=\"tabs_desc_17132_3\">\r\n\t\t\t\t\t\t\t\t<table style=\"width: 97.9666%; height: 325px;\">\n<tbody>\n<tr style=\"height: 30px;\">\n<td style=\"width: 23.4352%; background-color: #b31d1d; text-align: center; height: 30px;\"><span style=\"color: #ffffff;\"><strong>Dia<\/strong><\/span><\/td>\n<td style=\"width: 25.5978%; background-color: #b31d1d; text-align: center; height: 30px;\"><span style=\"color: #ffffff;\"><strong>Hora<\/strong><\/span><\/td>\n<td style=\"width: 125.307%; background-color: #b31d1d; text-align: center; height: 30px;\"><span style=\"color: #ffffff;\"><strong>Prova<\/strong><\/span><\/td>\n<\/tr>\n<tr style=\"height: 39px;\">\n<td style=\"width: 23.4352%; text-align: center; height: 157px;\" rowspan=\"4\"><span style=\"font-size: 20px;\">16 d'abril<\/span><br \/>\n<span style=\"font-size: 20px;\">dimarts<\/span><br \/>\n<span style=\"font-size: 20px;\"><br \/>\n<\/span><\/td>\n<td style=\"width: 25.5978%; height: 39px;\"><span style=\"font-size: 20px;\">\u00a09 h a 10 h<\/span><\/td>\n<td style=\"width: 125.307%; height: 39px;\"><span style=\"font-size: 20px;\">Compet\u00e8ncia comunicativa ling\u00fc\u00edstica en llengua catalana<\/span><\/td>\n<\/tr>\n<tr style=\"height: 34px;\">\n<td style=\"width: 25.5978%; background-color: #ffffff; height: 34px;\"><span style=\"font-size: 20px;\">10 h a 11\u202fh<\/span><\/td>\n<td style=\"width: 125.307%; background-color: #ffffff; height: 34px;\"><span style=\"font-size: 20px;\">Compet\u00e8ncia en ci\u00e8ncia, tecnologia i enginyeria<\/span><\/td>\n<\/tr>\n<tr style=\"height: 34px;\">\n<td style=\"width: 25.5978%; background-color: #ffffff; height: 34px;\"><span style=\"font-size: 20px;\">11 h a 11:30 h<\/span><\/td>\n<td style=\"width: 125.307%; background-color: #ffffff; height: 34px;\"><span style=\"font-size: 20px;\">Descans<\/span><\/td>\n<\/tr>\n<tr style=\"height: 50px;\">\n<td style=\"width: 25.5978%; background-color: #ffffff; height: 50px;\"><span style=\"font-size: 20px;\">11:30 h a 12:30 h\u00a0<\/span><\/td>\n<td style=\"width: 125.307%; background-color: #ffffff; height: 50px;\"><span style=\"font-size: 20px;\">Compet\u00e8ncia comunicativa ling\u00fc\u00edstica en llengua castellana<\/span><\/td>\n<\/tr>\n<tr style=\"height: 46px;\">\n<td style=\"width: 23.4352%; text-align: center; height: 138px;\" rowspan=\"4\"><span style=\"font-size: 20px;\">17 d'abril<\/span><br \/>\n<span style=\"font-size: 20px;\">dimecres<\/span><br \/>\n<span style=\"font-size: 20px;\"><br \/>\n<\/span><\/td>\n<td style=\"width: 25.5978%; background-color: #ffffff; height: 10px;\"><span style=\"font-size: 20px;\">9 h a 10 h<\/span><\/td>\n<td style=\"width: 125.307%; background-color: #ffffff; height: 10px;\"><span style=\"font-size: 20px;\">Compet\u00e8ncia matem\u00e0tica<\/span><\/td>\n<\/tr>\n<tr style=\"height: 61px;\">\n<td style=\"width: 25.5978%; height: 61px;\"><span style=\"font-size: 20px;\">10: h a 11:15 h<\/span><\/td>\n<td style=\"width: 125.307%; height: 61px;\"><span style=\"font-size: 20px;\">Compet\u00e8ncia comunicativa ling\u00fc\u00edstica en llengua estrangera<\/span><\/td>\n<\/tr>\n<tr style=\"height: 34px;\">\n<td style=\"width: 25.5978%; height: 34px;\"><span style=\"font-size: 20px;\">11:15 h a 12:45 h<\/span><\/td>\n<td style=\"width: 125.307%; height: 34px;\"><span style=\"font-size: 20px;\">Descans<\/span><\/td>\n<\/tr>\n<tr style=\"height: 33px;\">\n<td style=\"width: 25.5978%; height: 33px;\"><span style=\"font-size: 20px;\">12:45 h a 13 h<\/span><\/td>\n<td style=\"width: 125.307%; height: 33px;\"><span style=\"font-size: 20px;\">Compet\u00e8ncia comunicativa ling\u00fc\u00edstica en aran\u00e8s<\/span><\/td>\n<\/tr>\n<\/tbody>\n<\/table>\n\t\t\t\t\t\t <\/div>\r\n\t\t\t\t\t\t\t\t\t\t\t\t <div role=\"tabpanel\" class=\"tab-pane \" id=\"tabs_desc_17132_4\">\r\n\t\t\t\t\t\t\t\t<p><span style=\"font-size: 20px;\"><a href=\"https:\/\/serveiseducatius.xtec.cat\/pallars\/wp-content\/uploads\/usu1099\/2021\/04\/education_school_highlighter_highlight_marker_pen_office_icon_133465-1-e1618937552462.png\"><img loading=\"lazy\" decoding=\"async\" class=\"alignnone size-full wp-image-15739\" src=\"https:\/\/serveiseducatius.xtec.cat\/pallars\/wp-content\/uploads\/usu1099\/2021\/04\/education_school_highlighter_highlight_marker_pen_office_icon_133465-1-e1618937552462.png\" alt=\"\" width=\"30\" height=\"30\" \/><\/a>\u00a0<a href=\"https:\/\/drive.google.com\/file\/d\/11erg3h3L8-yHp9DZ8VoxKDWtaCtGLT6b\/view?usp=sharing\"><span style=\"font-family: helvetica,arial,sans-serif;\"> Manual corrector\/a<\/span><\/a><\/span><\/p>\n<p><span style=\"font-size: 20px;\"><a href=\"https:\/\/serveiseducatius.xtec.cat\/pallars\/wp-content\/uploads\/usu1099\/2021\/04\/education_school_highlighter_highlight_marker_pen_office_icon_133465-1-e1618937552462.png\"><img loading=\"lazy\" decoding=\"async\" class=\"alignnone size-full wp-image-15739\" src=\"https:\/\/serveiseducatius.xtec.cat\/pallars\/wp-content\/uploads\/usu1099\/2021\/04\/education_school_highlighter_highlight_marker_pen_office_icon_133465-1-e1618937552462.png\" alt=\"\" width=\"30\" height=\"30\" \/><\/a>\u00a0<a href=\"http:\/\/consaval.cat\/correctorsA4S\/\"><span style=\"font-family: helvetica,arial,sans-serif;\"> Instruccions correctors\/es en l\u00ednia<\/span><\/a><\/span><\/p>\n<p><span style=\"font-size: 20px;\"><a href=\"https:\/\/serveiseducatius.xtec.cat\/pallars\/wp-content\/uploads\/usu1099\/2021\/04\/education_school_highlighter_highlight_marker_pen_office_icon_133465-1-e1618937552462.png\"><img loading=\"lazy\" decoding=\"async\" class=\"alignnone size-full wp-image-15739\" src=\"https:\/\/serveiseducatius.xtec.cat\/pallars\/wp-content\/uploads\/usu1099\/2021\/04\/education_school_highlighter_highlight_marker_pen_office_icon_133465-1-e1618937552462.png\" alt=\"\" width=\"30\" height=\"30\" \/><\/a> \u00a0<a href=\"https:\/\/drive.google.com\/file\/d\/1QEwnSA5nHtaCb3iSL24nU9poXAEZ-zN_\/view?usp=sharing\">Manual d\u2019usuari del corrector\/a<\/a><\/span><\/p>\n<p><span style=\"font-size: 20px;\"><a href=\"https:\/\/serveiseducatius.xtec.cat\/pallars\/wp-content\/uploads\/usu1099\/2021\/04\/education_school_highlighter_highlight_marker_pen_office_icon_133465-1-e1618937552462.png\"><img loading=\"lazy\" decoding=\"async\" class=\"alignnone size-full wp-image-15739\" src=\"https:\/\/serveiseducatius.xtec.cat\/pallars\/wp-content\/uploads\/usu1099\/2021\/04\/education_school_highlighter_highlight_marker_pen_office_icon_133465-1-e1618937552462.png\" alt=\"\" width=\"30\" height=\"30\" \/><\/a> \u00a0<a href=\"https:\/\/www2.complet.es\/engine\/P170062JRVY\">Demostraci\u00f3 plataforma web de correcci\u00f3<\/a><\/span><\/p>\n<table style=\"border-collapse: collapse; width: 50.779%; height: 180px;\">\n<tbody>\n<tr>\n<td style=\"width: 31.6898%;\">\n<h5><strong>Compet\u00e8ncia<\/strong><\/h5>\n<\/td>\n<td style=\"width: 22.9639%;\">\n<h5><strong>Usuari<\/strong><\/h5>\n<\/td>\n<td style=\"width: 11.5178%;\">\n<h5><strong>Contrasenya<\/strong><\/h5>\n<\/td>\n<\/tr>\n<tr>\n<td style=\"width: 31.6898%;\">Catal\u00e0<\/td>\n<td style=\"width: 22.9639%; text-align: center;\">dCAT<\/td>\n<td style=\"width: 11.5178%; text-align: center;\">dCAT<\/td>\n<\/tr>\n<tr>\n<td style=\"width: 31.6898%;\">Castell\u00e0<\/td>\n<td style=\"width: 22.9639%; text-align: center;\">dCAS<\/td>\n<td style=\"width: 11.5178%; text-align: center;\">dCAS<\/td>\n<\/tr>\n<tr>\n<td style=\"width: 31.6898%;\">Angl\u00e8s<\/td>\n<td style=\"width: 22.9639%; text-align: center;\">dANG<\/td>\n<td style=\"width: 11.5178%; text-align: center;\">dANG<\/td>\n<\/tr>\n<\/tbody>\n<\/table>\n\t\t\t\t\t\t <\/div>\r\n\t\t\t\t\t\t\t\t\t\t\t\t <div role=\"tabpanel\" class=\"tab-pane \" id=\"tabs_desc_17132_5\">\r\n\t\t\t\t\t\t\t\t<p>Totes les incid\u00e8ncies t\u00e8cniques relacionades amb l\u2019acc\u00e9s a l\u2019aplicaci\u00f3 inform\u00e0tica s\u2019adrecen al Servei<br \/>\nd\u2019Atenci\u00f3 Unificat (SAU): sau.tic@pautic.gencat.cat, o al tel\u00e8fon 900 82 82 82 (extensi\u00f3 4).<\/p>\n<p>A l'intranet - Portal de centre, del Departament d'educaci\u00f3 hi ha informacions i avisos sobre les<strong> incid\u00e8ncies i consultes m\u00e9s freq\u00fcents .<\/strong><\/p>\n<div id=\"gtx-trans\" style=\"position: absolute; left: 609px; top: 257.312px;\">\n<div class=\"gtx-trans-icon\"><\/div>\n<\/div>\n\t\t\t\t\t\t <\/div>\r\n\t\t\t\t\t\t\t\r\n\t\t\t\t\t <\/div>\r\n\t\t\t\t\t \r\n\t\t\t\t <\/div>\r\n <script>\r\n\t\tjQuery(function () {\r\n\t\t\tjQuery('#myTab_17132 a:first').tab('show')\r\n\t\t});\r\n\t\t\r\n\t\t\t\tjQuery(function(){\r\n\t\t\tvar b=\"fadeIn\";\r\n\t\t\tvar c;\r\n\t\t\tvar a;\r\n\t\t\td(jQuery(\"#myTab_17132 a\"),jQuery(\"#tab-content_17132\"));function d(e,f,g){\r\n\t\t\t\te.click(function(i){\r\n\t\t\t\t\ti.preventDefault();\r\n\t\t\t\t\tjQuery(this).tab(\"show\");\r\n\t\t\t\t\tvar h=jQuery(this).data(\"easein\");\r\n\t\t\t\t\tif(c){c.removeClass(a);}\r\n\t\t\t\t\tif(h){f.find(\"div.active\").addClass(\"animated \"+h);a=h;}\r\n\t\t\t\t\telse{if(g){f.find(\"div.active\").addClass(\"animated \"+g);a=g;}else{f.find(\"div.active\").addClass(\"animated \"+b);a=b;}}c=f.find(\"div.active\");\r\n\t\t\t\t});\r\n\t\t\t}\r\n\t\t});\r\n\t\t\r\n\r\n\t\tfunction do_resize(){\r\n\r\n\t\t\tvar width=jQuery( '.tab-content .tab-pane iframe' ).width();\r\n\t\t\tvar height=jQuery( '.tab-content .tab-pane iframe' ).height();\r\n\r\n\t\t\tvar toggleSize = true;\r\n\t\t\tjQuery('iframe').animate({\r\n\t\t\t    width: toggleSize ? width : 640,\r\n\t\t\t    height: toggleSize ? height : 360\r\n\t\t\t  }, 250);\r\n\r\n\t\t\t  toggleSize = !toggleSize;\r\n\t\t}\r\n\r\n\r\n\t<\/script>\r\n\t\t\t\t\r\n\t\t\t\n","protected":false},"excerpt":{"rendered":"","protected":false},"author":1,"featured_media":0,"parent":0,"menu_order":0,"comment_status":"closed","ping_status":"closed","template":"","meta":{"_bbp_topic_count":0,"_bbp_reply_count":0,"_bbp_total_topic_count":0,"_bbp_total_reply_count":0,"_bbp_voice_count":0,"_bbp_anonymous_reply_count":0,"_bbp_topic_count_hidden":0,"_bbp_reply_count_hidden":0,"_bbp_forum_subforum_count":0,"site-sidebar-layout":"default","site-content-layout":"","ast-site-content-layout":"","site-content-style":"default","site-sidebar-style":"default","ast-global-header-display":"","ast-banner-title-visibility":"","ast-main-header-display":"","ast-hfb-above-header-display":"","ast-hfb-below-header-display":"","ast-hfb-mobile-header-display":"","site-post-title":"","ast-breadcrumbs-content":"","ast-featured-img":"","footer-sml-layout":"","theme-transparent-header-meta":"","adv-header-id-meta":"","stick-header-meta":"","header-above-stick-meta":"","header-main-stick-meta":"","header-below-stick-meta":"","astra-migrate-meta-layouts":"default","ast-page-background-enabled":"default","ast-page-background-meta":{"desktop":{"background-color":"var(--ast-global-color-4)","background-image":"","background-repeat":"repeat","background-position":"center center","background-size":"auto","background-attachment":"scroll","background-type":"","background-media":"","overlay-type":"","overlay-color":"","overlay-opacity":"","overlay-gradient":""},"tablet":{"background-color":"","background-image":"","background-repeat":"repeat","background-position":"center center","background-size":"auto","background-attachment":"scroll","background-type":"","background-media":"","overlay-type":"","overlay-color":"","overlay-opacity":"","overlay-gradient":""},"mobile":{"background-color":"","background-image":"","background-repeat":"repeat","background-position":"center center","background-size":"auto","background-attachment":"scroll","background-type":"","background-media":"","overlay-type":"","overlay-color":"","overlay-opacity":"","overlay-gradient":""}},"ast-content-background-meta":{"desktop":{"background-color":"var(--ast-global-color-5)","background-image":"","background-repeat":"repeat","background-position":"center center","background-size":"auto","background-attachment":"scroll","background-type":"","background-media":"","overlay-type":"","overlay-color":"","overlay-opacity":"","overlay-gradient":""},"tablet":{"background-color":"var(--ast-global-color-5)","background-image":"","background-repeat":"repeat","background-position":"center center","background-size":"auto","background-attachment":"scroll","background-type":"","background-media":"","overlay-type":"","overlay-color":"","overlay-opacity":"","overlay-gradient":""},"mobile":{"background-color":"var(--ast-global-color-5)","background-image":"","background-repeat":"repeat","background-position":"center center","background-size":"auto","background-attachment":"scroll","background-type":"","background-media":"","overlay-type":"","overlay-color":"","overlay-opacity":"","overlay-gradient":""}},"footnotes":""},"class_list":["post-17133","page","type-page","status-publish","hentry"],"post_mailing_queue_ids":[],"_links":{"self":[{"href":"https:\/\/serveiseducatius.xtec.cat\/pallars\/wp-json\/wp\/v2\/pages\/17133","targetHints":{"allow":["GET"]}}],"collection":[{"href":"https:\/\/serveiseducatius.xtec.cat\/pallars\/wp-json\/wp\/v2\/pages"}],"about":[{"href":"https:\/\/serveiseducatius.xtec.cat\/pallars\/wp-json\/wp\/v2\/types\/page"}],"author":[{"embeddable":true,"href":"https:\/\/serveiseducatius.xtec.cat\/pallars\/wp-json\/wp\/v2\/users\/1"}],"replies":[{"embeddable":true,"href":"https:\/\/serveiseducatius.xtec.cat\/pallars\/wp-json\/wp\/v2\/comments?post=17133"}],"version-history":[{"count":4,"href":"https:\/\/serveiseducatius.xtec.cat\/pallars\/wp-json\/wp\/v2\/pages\/17133\/revisions"}],"predecessor-version":[{"id":22914,"href":"https:\/\/serveiseducatius.xtec.cat\/pallars\/wp-json\/wp\/v2\/pages\/17133\/revisions\/22914"}],"wp:attachment":[{"href":"https:\/\/serveiseducatius.xtec.cat\/pallars\/wp-json\/wp\/v2\/media?parent=17133"}],"curies":[{"name":"wp","href":"https:\/\/api.w.org\/{rel}","templated":true}]}}