{"id":16250,"date":"2021-07-16T14:43:43","date_gmt":"2021-07-16T12:43:43","guid":{"rendered":"http:\/\/serveiseducatius.xtec.cat\/pallars\/?page_id=16250"},"modified":"2022-06-13T10:55:10","modified_gmt":"2022-06-13T08:55:10","slug":"juliol-2021","status":"publish","type":"page","link":"https:\/\/serveiseducatius.xtec.cat\/pallars\/full-informatiu\/fulls-informatius-2021\/juliol-2021\/","title":{"rendered":"Juliol 2021"},"content":{"rendered":"<table style=\"height: 717px; width: 874px; border-style: none;\">\n<tbody>\n<tr style=\"height: 35px;\">\n<td style=\"width: 870.8px; height: 24px; border-style: none; text-align: center;\" colspan=\"3\"><a href=\"https:\/\/sites.google.com\/xtec.cat\/placomarcaljussaeducacio\/teatre-cinema-i-joc\/teatre?authuser=0\"><span style=\"color: #ba1c1c;\"><strong><strong><span style=\"font-size: 20px;\">Pr\u00e0ctiques de refer\u00e8ncia dels centres dels Pallars<\/span><\/strong><\/strong><\/span><\/a><br \/>\n<a href=\"https:\/\/serveiseducatius.xtec.cat\/pallars\/wp-content\/uploads\/usu1099\/2020\/03\/linea.png\"><img loading=\"lazy\" decoding=\"async\" class=\"alignnone wp-image-12599\" src=\"https:\/\/serveiseducatius.xtec.cat\/pallars\/wp-content\/uploads\/usu1099\/2020\/03\/linea.png\" alt=\"\" width=\"725\" height=\"5\" srcset=\"https:\/\/serveiseducatius.xtec.cat\/pallars\/wp-content\/uploads\/usu1099\/2020\/03\/linea.png 290w, https:\/\/serveiseducatius.xtec.cat\/pallars\/wp-content\/uploads\/usu1099\/2020\/03\/linea-150x2.png 150w, https:\/\/serveiseducatius.xtec.cat\/pallars\/wp-content\/uploads\/usu1099\/2020\/03\/linea-200x2.png 200w\" sizes=\"auto, (max-width: 725px) 100vw, 725px\" \/><\/a><br \/>\n<span style=\"color: #ba1c00;\"><strong><strong><span style=\"font-size: 20px;\"><br \/>\n<\/span><\/strong><\/strong><\/span><\/td>\n<\/tr>\n<tr style=\"height: 156px;\">\n<td style=\"width: 285.825px; height: 156px; border-style: none; text-align: center;\"><a href=\"https:\/\/serveiseducatius.xtec.cat\/pallars\/general\/pissarra-magnetica\/\"><img loading=\"lazy\" decoding=\"async\" class=\"alignnone size-full wp-image-16252\" src=\"https:\/\/serveiseducatius.xtec.cat\/pallars\/wp-content\/uploads\/usu1099\/2021\/06\/pissarra-magnetica.jpg\" alt=\"\" width=\"760\" height=\"570\" srcset=\"https:\/\/serveiseducatius.xtec.cat\/pallars\/wp-content\/uploads\/usu1099\/2021\/06\/pissarra-magnetica.jpg 760w, https:\/\/serveiseducatius.xtec.cat\/pallars\/wp-content\/uploads\/usu1099\/2021\/06\/pissarra-magnetica-300x225.jpg 300w, https:\/\/serveiseducatius.xtec.cat\/pallars\/wp-content\/uploads\/usu1099\/2021\/06\/pissarra-magnetica-200x150.jpg 200w\" sizes=\"auto, (max-width: 760px) 100vw, 760px\" \/><\/a><\/td>\n<td style=\"width: 305.388px; height: 156px; border-style: none; text-align: center;\"><a href=\"https:\/\/serveiseducatius.xtec.cat\/pallars\/general\/maquines-simples\/\"><img loading=\"lazy\" decoding=\"async\" class=\"alignnone wp-image-16253\" src=\"https:\/\/serveiseducatius.xtec.cat\/pallars\/wp-content\/uploads\/usu1099\/2021\/06\/m\u00e0quines-simples.jpg\" alt=\"\" width=\"278\" height=\"205\" srcset=\"https:\/\/serveiseducatius.xtec.cat\/pallars\/wp-content\/uploads\/usu1099\/2021\/06\/m\u00e0quines-simples.jpg 626w, https:\/\/serveiseducatius.xtec.cat\/pallars\/wp-content\/uploads\/usu1099\/2021\/06\/m\u00e0quines-simples-300x221.jpg 300w\" sizes=\"auto, (max-width: 278px) 100vw, 278px\" \/><\/a><\/td>\n<td style=\"width: 276.388px; height: 156px; border-style: none; text-align: center;\"><a href=\"https:\/\/serveiseducatius.xtec.cat\/pallars\/general\/somriu\/\"><img loading=\"lazy\" decoding=\"async\" class=\"alignnone wp-image-16254\" src=\"https:\/\/serveiseducatius.xtec.cat\/pallars\/wp-content\/uploads\/usu1099\/2021\/06\/PROC\u00c9S-Festival-LAURA-LOPEZ-CABOS-1.jpg\" alt=\"\" width=\"201\" height=\"201\" srcset=\"https:\/\/serveiseducatius.xtec.cat\/pallars\/wp-content\/uploads\/usu1099\/2021\/06\/PROC\u00c9S-Festival-LAURA-LOPEZ-CABOS-1.jpg 1200w, https:\/\/serveiseducatius.xtec.cat\/pallars\/wp-content\/uploads\/usu1099\/2021\/06\/PROC\u00c9S-Festival-LAURA-LOPEZ-CABOS-1-150x150.jpg 150w, https:\/\/serveiseducatius.xtec.cat\/pallars\/wp-content\/uploads\/usu1099\/2021\/06\/PROC\u00c9S-Festival-LAURA-LOPEZ-CABOS-1-300x300.jpg 300w, https:\/\/serveiseducatius.xtec.cat\/pallars\/wp-content\/uploads\/usu1099\/2021\/06\/PROC\u00c9S-Festival-LAURA-LOPEZ-CABOS-1-768x768.jpg 768w, https:\/\/serveiseducatius.xtec.cat\/pallars\/wp-content\/uploads\/usu1099\/2021\/06\/PROC\u00c9S-Festival-LAURA-LOPEZ-CABOS-1-1024x1024.jpg 1024w\" sizes=\"auto, (max-width: 201px) 100vw, 201px\" \/><\/a><\/td>\n<\/tr>\n<tr style=\"height: 33px;\">\n<td style=\"width: 285.825px; height: 10px; border-style: none; text-align: center;\"><a href=\"https:\/\/serveiseducatius.xtec.cat\/pallars\/general\/pissarra-magnetica\/\"><strong>Pissarra magn\u00e8tica<\/strong><\/a><br \/>\n<strong>Escola Aeso<\/strong><\/td>\n<td style=\"width: 305.388px; height: 10px; border-style: none; text-align: center;\"><a href=\"https:\/\/serveiseducatius.xtec.cat\/pallars\/general\/maquines-simples\/\"><strong>M\u00e0quines simples<\/strong><\/a><br \/>\n<strong>Escola Aeso<\/strong><\/td>\n<td style=\"width: 276.388px; height: 10px; border-style: none; text-align: center;\"><a href=\"https:\/\/serveiseducatius.xtec.cat\/pallars\/general\/somriu\/\"><strong>Somriu<\/strong><\/a><br \/>\n<strong>Escola Valldeflors<\/strong><\/td>\n<\/tr>\n<tr style=\"height: 33px;\">\n<td style=\"width: 285.825px; height: 33px; border-style: none; text-align: center;\"><a href=\"https:\/\/serveiseducatius.xtec.cat\/pallars\/experiencies_educatives\/ampollon-residu-zero\/\"><img loading=\"lazy\" decoding=\"async\" class=\"alignnone size-full wp-image-16259\" src=\"https:\/\/serveiseducatius.xtec.cat\/pallars\/wp-content\/uploads\/usu1099\/2021\/07\/ampollon.jpg\" alt=\"\" width=\"1237\" height=\"695\" srcset=\"https:\/\/serveiseducatius.xtec.cat\/pallars\/wp-content\/uploads\/usu1099\/2021\/07\/ampollon.jpg 1237w, https:\/\/serveiseducatius.xtec.cat\/pallars\/wp-content\/uploads\/usu1099\/2021\/07\/ampollon-300x169.jpg 300w, https:\/\/serveiseducatius.xtec.cat\/pallars\/wp-content\/uploads\/usu1099\/2021\/07\/ampollon-768x431.jpg 768w, https:\/\/serveiseducatius.xtec.cat\/pallars\/wp-content\/uploads\/usu1099\/2021\/07\/ampollon-1024x575.jpg 1024w\" sizes=\"auto, (max-width: 1237px) 100vw, 1237px\" \/><\/a><\/td>\n<td style=\"width: 305.388px; height: 33px; border-style: none; text-align: center;\"><a href=\"https:\/\/serveiseducatius.xtec.cat\/pallars\/general\/la-capsa-dels-reptes\/\"><img loading=\"lazy\" decoding=\"async\" class=\"alignnone wp-image-16258\" src=\"https:\/\/serveiseducatius.xtec.cat\/pallars\/wp-content\/uploads\/usu1099\/2021\/07\/reptes-matem\u00e0tics.jpg\" alt=\"\" width=\"241\" height=\"188\" srcset=\"https:\/\/serveiseducatius.xtec.cat\/pallars\/wp-content\/uploads\/usu1099\/2021\/07\/reptes-matem\u00e0tics.jpg 436w, https:\/\/serveiseducatius.xtec.cat\/pallars\/wp-content\/uploads\/usu1099\/2021\/07\/reptes-matem\u00e0tics-300x234.jpg 300w\" sizes=\"auto, (max-width: 241px) 100vw, 241px\" \/><\/a><\/td>\n<td style=\"width: 276.388px; height: 33px; border-style: none; text-align: center;\"><a href=\"https:\/\/serveiseducatius.xtec.cat\/pallars\/general\/som-farandulers\/\"><img loading=\"lazy\" decoding=\"async\" class=\"alignnone wp-image-16265\" src=\"https:\/\/serveiseducatius.xtec.cat\/pallars\/wp-content\/uploads\/usu1099\/2021\/07\/farandulers.png\" alt=\"\" width=\"238\" height=\"197\" srcset=\"https:\/\/serveiseducatius.xtec.cat\/pallars\/wp-content\/uploads\/usu1099\/2021\/07\/farandulers.png 456w, https:\/\/serveiseducatius.xtec.cat\/pallars\/wp-content\/uploads\/usu1099\/2021\/07\/farandulers-300x250.png 300w\" sizes=\"auto, (max-width: 238px) 100vw, 238px\" \/><\/a><\/td>\n<\/tr>\n<tr style=\"height: 31px;\">\n<td style=\"width: 285.825px; border-style: none; background-color: #fcfcfc; height: 31px; text-align: center;\"><strong><a href=\"https:\/\/serveiseducatius.xtec.cat\/pallars\/experiencies_educatives\/ampollon-residu-zero\/\">\u00a0Ampoll\u00f3n Residu Zero<\/a><br \/>\nCol\u00b7legi M. Immaculada &#8211; Tremp<\/strong><\/td>\n<td style=\"width: 305.388px; border-style: none; background-color: #fcfcfc; height: 31px; text-align: center;\"><strong><a href=\"https:\/\/serveiseducatius.xtec.cat\/pallars\/general\/la-capsa-dels-reptes\/\">\u00a0La capsa dels reptes<\/a><br \/>\nCol\u00b7legi M. Immaculada- Tremp<\/strong><\/td>\n<td style=\"width: 276.388px; border-style: none; background-color: #fcfcfc; height: 31px; text-align: center;\"><strong><a href=\"https:\/\/serveiseducatius.xtec.cat\/pallars\/general\/som-farandulers\/\">\u00a0Som farandulers!!!<\/a><br \/>\nINS Hug Roger III<\/strong><\/td>\n<\/tr>\n<tr style=\"height: 191px;\">\n<td style=\"width: 285.825px; border-style: none; background-color: #fcfcfc; text-align: center; height: 191px;\"><a href=\"https:\/\/serveiseducatius.xtec.cat\/pallars\/experiencies_educatives\/colonia-a-mart\/\"><img loading=\"lazy\" decoding=\"async\" class=\"alignnone size-full wp-image-16266\" src=\"https:\/\/serveiseducatius.xtec.cat\/pallars\/wp-content\/uploads\/usu1099\/2021\/07\/colonia-a-mart.jpg\" alt=\"\" width=\"360\" height=\"203\" srcset=\"https:\/\/serveiseducatius.xtec.cat\/pallars\/wp-content\/uploads\/usu1099\/2021\/07\/colonia-a-mart.jpg 360w, https:\/\/serveiseducatius.xtec.cat\/pallars\/wp-content\/uploads\/usu1099\/2021\/07\/colonia-a-mart-300x169.jpg 300w\" sizes=\"auto, (max-width: 360px) 100vw, 360px\" \/><\/a><\/td>\n<td style=\"width: 305.388px; border-style: none; background-color: #fcfcfc; text-align: center; height: 191px;\"><strong><a href=\"https:\/\/serveiseducatius.xtec.cat\/pallars\/general\/masaka-kids-africana\/\"><img loading=\"lazy\" decoding=\"async\" class=\"alignnone wp-image-16256\" src=\"https:\/\/serveiseducatius.xtec.cat\/pallars\/wp-content\/uploads\/usu1099\/2021\/06\/IMG_0480-INGRID-PEREZ-ROSET-1.jpg\" alt=\"\" width=\"258\" height=\"172\" srcset=\"https:\/\/serveiseducatius.xtec.cat\/pallars\/wp-content\/uploads\/usu1099\/2021\/06\/IMG_0480-INGRID-PEREZ-ROSET-1.jpg 1280w, https:\/\/serveiseducatius.xtec.cat\/pallars\/wp-content\/uploads\/usu1099\/2021\/06\/IMG_0480-INGRID-PEREZ-ROSET-1-300x200.jpg 300w, https:\/\/serveiseducatius.xtec.cat\/pallars\/wp-content\/uploads\/usu1099\/2021\/06\/IMG_0480-INGRID-PEREZ-ROSET-1-768x512.jpg 768w, https:\/\/serveiseducatius.xtec.cat\/pallars\/wp-content\/uploads\/usu1099\/2021\/06\/IMG_0480-INGRID-PEREZ-ROSET-1-1024x683.jpg 1024w\" sizes=\"auto, (max-width: 258px) 100vw, 258px\" \/><\/a>\u00a0<\/strong><\/td>\n<td style=\"width: 276.388px; border-style: none; background-color: #fcfcfc; text-align: center; height: 191px;\"><a href=\"https:\/\/serveiseducatius.xtec.cat\/pallars\/general\/coneixem-la-bioconstruccio\/\"><strong> <img loading=\"lazy\" decoding=\"async\" class=\"alignnone wp-image-16268\" src=\"https:\/\/serveiseducatius.xtec.cat\/pallars\/wp-content\/uploads\/usu1099\/2021\/07\/WhatsApp-Image-2021-06-22-at-13.13.21.jpeg\" alt=\"\" width=\"225\" height=\"171\" srcset=\"https:\/\/serveiseducatius.xtec.cat\/pallars\/wp-content\/uploads\/usu1099\/2021\/07\/WhatsApp-Image-2021-06-22-at-13.13.21.jpeg 1678w, https:\/\/serveiseducatius.xtec.cat\/pallars\/wp-content\/uploads\/usu1099\/2021\/07\/WhatsApp-Image-2021-06-22-at-13.13.21-300x228.jpeg 300w, https:\/\/serveiseducatius.xtec.cat\/pallars\/wp-content\/uploads\/usu1099\/2021\/07\/WhatsApp-Image-2021-06-22-at-13.13.21-768x584.jpeg 768w, https:\/\/serveiseducatius.xtec.cat\/pallars\/wp-content\/uploads\/usu1099\/2021\/07\/WhatsApp-Image-2021-06-22-at-13.13.21-1024x778.jpeg 1024w\" sizes=\"auto, (max-width: 225px) 100vw, 225px\" \/><\/strong><\/a><\/td>\n<\/tr>\n<tr style=\"height: 46px;\">\n<td style=\"width: 285.825px; border-style: none; background-color: #fcfcfc; text-align: center; height: 46px;\"><a href=\"https:\/\/serveiseducatius.xtec.cat\/pallars\/experiencies_educatives\/colonia-a-mart\/\"><strong><span style=\"color: #2795b6;\">Col\u00f2nia<\/span>\u00a0a Mart<\/strong><\/a><br \/>\n<b>INS La Pobla de Segur<\/b><\/td>\n<td style=\"width: 305.388px; border-style: none; background-color: #fcfcfc; text-align: center; height: 46px;\"><strong><a href=\"https:\/\/serveiseducatius.xtec.cat\/pallars\/general\/masaka-kids-africana\/\">Masaka Kids africana<\/a><br \/>\nINS La Pobla de Segur<\/strong><\/td>\n<td style=\"width: 276.388px; border-style: none; background-color: #fcfcfc; text-align: center; height: 46px;\"><strong><a href=\"https:\/\/serveiseducatius.xtec.cat\/pallars\/general\/coneixem-la-bioconstruccio\/\">Coneixem la bioconstrucci\u00f3<\/a><br \/>\nINS Tremp<\/strong><\/td>\n<\/tr>\n<tr style=\"height: 68px;\">\n<td style=\"width: 285.825px; border-style: none; height: 68px; text-align: center;\"><span style=\"font-size: 20px;\"><strong><a href=\"https:\/\/sites.google.com\/xtec.cat\/siteselic2021\/p%C3%A0gina-principal\">Nou espai LIC<\/a><img loading=\"lazy\" decoding=\"async\" class=\"alignnone size-full wp-image-12599\" src=\"https:\/\/serveiseducatius.xtec.cat\/pallars\/wp-content\/uploads\/usu1099\/2020\/03\/linea.png\" alt=\"\" width=\"290\" height=\"2\" srcset=\"https:\/\/serveiseducatius.xtec.cat\/pallars\/wp-content\/uploads\/usu1099\/2020\/03\/linea.png 290w, https:\/\/serveiseducatius.xtec.cat\/pallars\/wp-content\/uploads\/usu1099\/2020\/03\/linea-150x2.png 150w, https:\/\/serveiseducatius.xtec.cat\/pallars\/wp-content\/uploads\/usu1099\/2020\/03\/linea-200x2.png 200w\" sizes=\"auto, (max-width: 290px) 100vw, 290px\" \/><\/strong><\/span><\/td>\n<td style=\"width: 305.388px; border-style: none; height: 68px; text-align: center;\"><span style=\"font-size: 20px;\"><a href=\"https:\/\/sites.google.com\/a\/xtec.cat\/butlleti-bdr\/\"><span style=\"color: #2795b6;\"><span style=\"font-size: 20px;\"><b>Butllet\u00ed<\/b><\/span><\/span>\u00a0Digital BDR<\/a><br \/>\n<b style=\"font-size: 20px;\"><img loading=\"lazy\" decoding=\"async\" class=\"alignnone size-full wp-image-12599\" src=\"https:\/\/serveiseducatius.xtec.cat\/pallars\/wp-content\/uploads\/usu1099\/2020\/03\/linea.png\" alt=\"\" width=\"290\" height=\"2\" srcset=\"https:\/\/serveiseducatius.xtec.cat\/pallars\/wp-content\/uploads\/usu1099\/2020\/03\/linea.png 290w, https:\/\/serveiseducatius.xtec.cat\/pallars\/wp-content\/uploads\/usu1099\/2020\/03\/linea-150x2.png 150w, https:\/\/serveiseducatius.xtec.cat\/pallars\/wp-content\/uploads\/usu1099\/2020\/03\/linea-200x2.png 200w\" sizes=\"auto, (max-width: 290px) 100vw, 290px\" \/><\/b><\/span><\/td>\n<td style=\"width: 276.388px; border-style: none; height: 68px; text-align: center;\"><span style=\"font-size: 20px;\"><strong>Bon estiu<img loading=\"lazy\" decoding=\"async\" class=\"alignnone size-full wp-image-12599\" src=\"https:\/\/serveiseducatius.xtec.cat\/pallars\/wp-content\/uploads\/usu1099\/2020\/03\/linea.png\" alt=\"\" width=\"290\" height=\"2\" srcset=\"https:\/\/serveiseducatius.xtec.cat\/pallars\/wp-content\/uploads\/usu1099\/2020\/03\/linea.png 290w, https:\/\/serveiseducatius.xtec.cat\/pallars\/wp-content\/uploads\/usu1099\/2020\/03\/linea-150x2.png 150w, https:\/\/serveiseducatius.xtec.cat\/pallars\/wp-content\/uploads\/usu1099\/2020\/03\/linea-200x2.png 200w\" sizes=\"auto, (max-width: 290px) 100vw, 290px\" \/><\/strong><\/span><\/td>\n<\/tr>\n<tr style=\"height: 207px;\">\n<td style=\"width: 285.825px; border-style: none; height: 158px;\"><a href=\"https:\/\/sites.google.com\/xtec.cat\/siteselic2021\/p%C3%A0gina-principal\"><img loading=\"lazy\" decoding=\"async\" class=\"alignnone wp-image-16159\" src=\"https:\/\/serveiseducatius.xtec.cat\/pallars\/wp-content\/uploads\/usu1099\/2021\/06\/espaiLIC.jpg\" alt=\"\" width=\"249\" height=\"172\" srcset=\"https:\/\/serveiseducatius.xtec.cat\/pallars\/wp-content\/uploads\/usu1099\/2021\/06\/espaiLIC.jpg 435w, https:\/\/serveiseducatius.xtec.cat\/pallars\/wp-content\/uploads\/usu1099\/2021\/06\/espaiLIC-300x206.jpg 300w\" sizes=\"auto, (max-width: 249px) 100vw, 249px\" \/><\/a><\/td>\n<td style=\"width: 305.388px; border-style: none; height: 158px;\"><a href=\"https:\/\/sites.google.com\/a\/xtec.cat\/butlleti-bdr\/\"><img loading=\"lazy\" decoding=\"async\" class=\"alignnone wp-image-16271\" src=\"https:\/\/serveiseducatius.xtec.cat\/pallars\/wp-content\/uploads\/usu1099\/2021\/07\/bdr.jpg\" alt=\"\" width=\"259\" height=\"171\" srcset=\"https:\/\/serveiseducatius.xtec.cat\/pallars\/wp-content\/uploads\/usu1099\/2021\/07\/bdr.jpg 301w, https:\/\/serveiseducatius.xtec.cat\/pallars\/wp-content\/uploads\/usu1099\/2021\/07\/bdr-300x199.jpg 300w\" sizes=\"auto, (max-width: 259px) 100vw, 259px\" \/><\/a><\/td>\n<td style=\"width: 276.388px; border-style: none; height: 158px;\"><a href=\"https:\/\/serveiseducatius.xtec.cat\/pallars\/wp-content\/uploads\/usu1099\/2021\/07\/estiu-1.jpg\"><img loading=\"lazy\" decoding=\"async\" class=\"alignnone size-full wp-image-16347\" src=\"https:\/\/serveiseducatius.xtec.cat\/pallars\/wp-content\/uploads\/usu1099\/2021\/07\/estiu-1.jpg\" alt=\"\" width=\"480\" height=\"320\" srcset=\"https:\/\/serveiseducatius.xtec.cat\/pallars\/wp-content\/uploads\/usu1099\/2021\/07\/estiu-1.jpg 480w, https:\/\/serveiseducatius.xtec.cat\/pallars\/wp-content\/uploads\/usu1099\/2021\/07\/estiu-1-300x200.jpg 300w\" sizes=\"auto, (max-width: 480px) 100vw, 480px\" \/><\/a><\/td>\n<\/tr>\n<\/tbody>\n<\/table>\n","protected":false},"excerpt":{"rendered":"<p>Pr\u00e0ctiques de refer\u00e8ncia dels centres dels Pallars Pissarra magn\u00e8tica Escola Aeso M\u00e0quines simples Escola Aeso Somriu Escola Valldeflors \u00a0Ampoll\u00f3n Residu [&hellip;]<\/p>\n","protected":false},"author":1,"featured_media":0,"parent":18850,"menu_order":7,"comment_status":"closed","ping_status":"closed","template":"page-templates\/side-menu.php","meta":{"_bbp_topic_count":0,"_bbp_reply_count":0,"_bbp_total_topic_count":0,"_bbp_total_reply_count":0,"_bbp_voice_count":0,"_bbp_anonymous_reply_count":0,"_bbp_topic_count_hidden":0,"_bbp_reply_count_hidden":0,"_bbp_forum_subforum_count":0,"site-sidebar-layout":"default","site-content-layout":"","ast-site-content-layout":"","site-content-style":"default","site-sidebar-style":"default","ast-global-header-display":"","ast-banner-title-visibility":"","ast-main-header-display":"","ast-hfb-above-header-display":"","ast-hfb-below-header-display":"","ast-hfb-mobile-header-display":"","site-post-title":"","ast-breadcrumbs-content":"","ast-featured-img":"","footer-sml-layout":"","theme-transparent-header-meta":"","adv-header-id-meta":"","stick-header-meta":"","header-above-stick-meta":"","header-main-stick-meta":"","header-below-stick-meta":"","astra-migrate-meta-layouts":"default","ast-page-background-enabled":"default","ast-page-background-meta":{"desktop":{"background-color":"var(--ast-global-color-4)","background-image":"","background-repeat":"repeat","background-position":"center center","background-size":"auto","background-attachment":"scroll","background-type":"","background-media":"","overlay-type":"","overlay-color":"","overlay-opacity":"","overlay-gradient":""},"tablet":{"background-color":"","background-image":"","background-repeat":"repeat","background-position":"center center","background-size":"auto","background-attachment":"scroll","background-type":"","background-media":"","overlay-type":"","overlay-color":"","overlay-opacity":"","overlay-gradient":""},"mobile":{"background-color":"","background-image":"","background-repeat":"repeat","background-position":"center center","background-size":"auto","background-attachment":"scroll","background-type":"","background-media":"","overlay-type":"","overlay-color":"","overlay-opacity":"","overlay-gradient":""}},"ast-content-background-meta":{"desktop":{"background-color":"var(--ast-global-color-5)","background-image":"","background-repeat":"repeat","background-position":"center center","background-size":"auto","background-attachment":"scroll","background-type":"","background-media":"","overlay-type":"","overlay-color":"","overlay-opacity":"","overlay-gradient":""},"tablet":{"background-color":"var(--ast-global-color-5)","background-image":"","background-repeat":"repeat","background-position":"center center","background-size":"auto","background-attachment":"scroll","background-type":"","background-media":"","overlay-type":"","overlay-color":"","overlay-opacity":"","overlay-gradient":""},"mobile":{"background-color":"var(--ast-global-color-5)","background-image":"","background-repeat":"repeat","background-position":"center center","background-size":"auto","background-attachment":"scroll","background-type":"","background-media":"","overlay-type":"","overlay-color":"","overlay-opacity":"","overlay-gradient":""}},"footnotes":""},"class_list":["post-16250","page","type-page","status-publish","hentry"],"post_mailing_queue_ids":[],"_links":{"self":[{"href":"https:\/\/serveiseducatius.xtec.cat\/pallars\/wp-json\/wp\/v2\/pages\/16250","targetHints":{"allow":["GET"]}}],"collection":[{"href":"https:\/\/serveiseducatius.xtec.cat\/pallars\/wp-json\/wp\/v2\/pages"}],"about":[{"href":"https:\/\/serveiseducatius.xtec.cat\/pallars\/wp-json\/wp\/v2\/types\/page"}],"author":[{"embeddable":true,"href":"https:\/\/serveiseducatius.xtec.cat\/pallars\/wp-json\/wp\/v2\/users\/1"}],"replies":[{"embeddable":true,"href":"https:\/\/serveiseducatius.xtec.cat\/pallars\/wp-json\/wp\/v2\/comments?post=16250"}],"version-history":[{"count":3,"href":"https:\/\/serveiseducatius.xtec.cat\/pallars\/wp-json\/wp\/v2\/pages\/16250\/revisions"}],"predecessor-version":[{"id":16387,"href":"https:\/\/serveiseducatius.xtec.cat\/pallars\/wp-json\/wp\/v2\/pages\/16250\/revisions\/16387"}],"up":[{"embeddable":true,"href":"https:\/\/serveiseducatius.xtec.cat\/pallars\/wp-json\/wp\/v2\/pages\/18850"}],"wp:attachment":[{"href":"https:\/\/serveiseducatius.xtec.cat\/pallars\/wp-json\/wp\/v2\/media?parent=16250"}],"curies":[{"name":"wp","href":"https:\/\/api.w.org\/{rel}","templated":true}]}}