{"id":15959,"date":"2021-05-07T12:50:36","date_gmt":"2021-05-07T10:50:36","guid":{"rendered":"http:\/\/serveiseducatius.xtec.cat\/pallars\/?page_id=15959"},"modified":"2025-02-27T10:09:57","modified_gmt":"2025-02-27T09:09:57","slug":"activitats-geologia-icgc","status":"publish","type":"page","link":"https:\/\/serveiseducatius.xtec.cat\/pallars\/activitats-geologia-icgc\/","title":{"rendered":"Activitats geologia. ICGC"},"content":{"rendered":"\n<h2 class=\"wp-block-heading\"><span style=\"color: #ba1c1c;\"><strong><span style=\"font-size: 20px;\">GEOLOGIA I CI\u00c8NCIES DE LA TERRA<\/span><\/strong><\/span><\/h2>\n\n\n\n<figure style=\"padding-right:var(--wp--preset--spacing--20);padding-left:var(--wp--preset--spacing--20)\" class=\"wp-block-table\"><table class=\"has-border-color has-white-border-color has-fixed-layout\"><tbody><tr><td class=\"has-text-align-center\" data-align=\"center\"><span style=\"color: #ba1c1c;\"><strong><span style=\"font-size: 20px;\">Atles geol\u00f2gic de Catalunya<\/span><\/strong><\/span><\/td><td class=\"has-text-align-center\" data-align=\"center\"><span style=\"color: #ba1c00;\"><strong><span style=\"font-size: 20px;\">Recursos Planeta Terra <\/span><\/strong><\/span><\/td><td class=\"has-text-align-center\" data-align=\"center\"><span style=\"color: #ba1c00;\"><strong><span style=\"font-size: 20px;\">Apr\u00e8n a interpretar un mapa geol\u00f2gic<\/span><\/strong><\/span><\/td><\/tr><tr><td class=\"has-text-align-center\" data-align=\"center\"><a href=\"https:\/\/icgc.cat\/Ciutada\/Explora-Catalunya\/Atles\/Atles-geologic-de-Catalunya\"><img loading=\"lazy\" decoding=\"async\" width=\"272\" height=\"184\" class=\"alignnone size-full wp-image-15962\" src=\"https:\/\/serveiseducatius.xtec.cat\/pallars\/wp-content\/uploads\/usu1099\/2021\/05\/atles-1.png\" alt=\"\"><\/a><\/td><td class=\"has-text-align-center\" data-align=\"center\"><a href=\"https:\/\/www.icgc.cat\/L-ICGC\/Sobre-l-ICGC\/Recursos-didactics\/Recursos-Planeta-Terra-2008\"><img loading=\"lazy\" decoding=\"async\" width=\"272\" height=\"184\" class=\"alignnone size-full wp-image-15967\" src=\"https:\/\/serveiseducatius.xtec.cat\/pallars\/wp-content\/uploads\/usu1099\/2021\/05\/recursos-planeta-terra-1.png\" alt=\"\"><\/a><\/td><td class=\"has-text-align-center\" data-align=\"center\"><a href=\"https:\/\/www.icgc.cat\/L-ICGC\/Sobre-l-ICGC\/Recursos-didactics\/Apren-a-interpretar-un-mapa-geologic\"><img loading=\"lazy\" decoding=\"async\" width=\"274\" height=\"184\" class=\"alignnone size-full wp-image-15968\" src=\"https:\/\/serveiseducatius.xtec.cat\/pallars\/wp-content\/uploads\/usu1099\/2021\/05\/mapa-geologic.png\" alt=\"\"><\/a><\/td><\/tr><tr><td class=\"has-text-align-center\" data-align=\"center\"><strong>Educaci\u00f3 prim\u00e0ria i secund\u00e0ria<\/strong><\/td><td class=\"has-text-align-center\" data-align=\"center\"><strong>Educaci\u00f3 prim\u00e0ria i secund\u00e0ria<\/strong><\/td><td class=\"has-text-align-center\" data-align=\"center\"><strong>Educaci\u00f3 prim\u00e0ria i secund\u00e0ria<\/strong><\/td><\/tr><tr><td class=\"has-text-align-center\" data-align=\"center\"><a href=\"https:\/\/icgc.cat\/Ciutada\/Explora-Catalunya\/Atles\/Atles-geologic-de-Catalunya\"><strong>M\u00e9s informaci\u00f3<\/strong><\/a><\/td><td class=\"has-text-align-center\" data-align=\"center\"><a href=\"https:\/\/www.icgc.cat\/L-ICGC\/Sobre-l-ICGC\/Recursos-didactics\/Recursos-Planeta-Terra-2008\"><strong>M\u00e9s informaci\u00f3<\/strong><\/a><\/td><td class=\"has-text-align-center\" data-align=\"center\"><a href=\"https:\/\/www.icgc.cat\/L-ICGC\/Sobre-l-ICGC\/Recursos-didactics\/Apren-a-interpretar-un-mapa-geologic\"><strong>M\u00e9s informaci\u00f3<\/strong><\/a><\/td><\/tr><tr><td class=\"has-text-align-center\" data-align=\"center\"><\/td><td class=\"has-text-align-center\" data-align=\"center\"><\/td><td class=\"has-text-align-center\" data-align=\"center\"><\/td><\/tr><tr><td class=\"has-text-align-center\" data-align=\"center\"><span style=\"color: #ba1c1c;\"><strong><span style=\"font-size: 20px;\">El temps geol\u00f2gic: Taules<\/span><\/strong><\/span><\/td><td class=\"has-text-align-center\" data-align=\"center\"><span style=\"color: #ba1c00;\"><strong><span style=\"font-size: 20px;\">Taula peri\u00f2dica per a les Ci\u00e8ncies de la Terra<\/span><\/strong><\/span><\/td><td class=\"has-text-align-center\" data-align=\"center\"><span style=\"color: #ba1c00;\"><strong><span style=\"font-size: 20px;\">Textures de les roques- recurs did\u00e0ctic<\/span><\/strong><\/span><\/td><\/tr><tr><td class=\"has-text-align-center\" data-align=\"center\"><a href=\"https:\/\/www.icgc.cat\/Administracio-i-empresa\/Serveis\/Geologia\/El-Temps-geologic-Taules\/Altres-taules\"><img loading=\"lazy\" decoding=\"async\" width=\"272\" height=\"185\" class=\"alignnone size-full wp-image-15969\" src=\"https:\/\/serveiseducatius.xtec.cat\/pallars\/wp-content\/uploads\/usu1099\/2021\/05\/Temps-geol\u00f2gic.png\" alt=\"\"><\/a><\/td><td class=\"has-text-align-center\" data-align=\"center\"><a href=\"https:\/\/www.icgc.cat\/L-ICGC\/Sobre-l-ICGC\/Recursos-didactics\/Taula-Periodica-per-a-les-Ciencies-de-la-Terra\"><img loading=\"lazy\" decoding=\"async\" width=\"272\" height=\"184\" class=\"alignnone size-full wp-image-15971\" src=\"https:\/\/serveiseducatius.xtec.cat\/pallars\/wp-content\/uploads\/usu1099\/2021\/05\/Taula-periodica.png\" alt=\"\"><\/a><\/td><td class=\"has-text-align-center\" data-align=\"center\"><a href=\"https:\/\/www.icgc.cat\/L-ICGC\/Sobre-l-ICGC\/Recursos-didactics\/Textures-de-les-roques-Recurs-didactic\"><img loading=\"lazy\" decoding=\"async\" width=\"272\" height=\"184\" class=\"alignnone size-full wp-image-15975\" src=\"https:\/\/serveiseducatius.xtec.cat\/pallars\/wp-content\/uploads\/usu1099\/2021\/05\/textures.png\" alt=\"\"><\/a><a href=\"https:\/\/www.icgc.cat\/L-ICGC\/Sobre-l-ICGC\/Recursos-didactics\/Textures-de-les-roques-Recurs-didactic\"><\/a><a href=\"https:\/\/www.icgc.cat\/L-ICGC\/Sobre-l-ICGC\/Recursos-didactics\/Textures-de-les-roques-Recurs-didactic\"><\/a><\/td><\/tr><tr><td class=\"has-text-align-center\" data-align=\"center\"><b>Educaci\u00f3 prim\u00e0ria i secund\u00e0ria<\/b><\/td><td class=\"has-text-align-center\" data-align=\"center\"><strong>Batxillerat<\/strong><\/td><td class=\"has-text-align-center\" data-align=\"center\"><b>Educaci\u00f3 prim\u00e0ria i secund\u00e0ria<\/b><\/td><\/tr><tr><td class=\"has-text-align-center\" data-align=\"center\"><a href=\"https:\/\/www.icgc.cat\/Administracio-i-empresa\/Serveis\/Geologia\/El-Temps-geologic-Taules\/Altres-taules\"><strong>M\u00e9s informaci\u00f3<\/strong><\/a><\/td><td class=\"has-text-align-center\" data-align=\"center\"><a href=\"https:\/\/www.icgc.cat\/L-ICGC\/Sobre-l-ICGC\/Recursos-didactics\/Taula-Periodica-per-a-les-Ciencies-de-la-Terra\"><strong>M\u00e9s informaci\u00f3<\/strong><\/a><\/td><td class=\"has-text-align-center\" data-align=\"center\"><a href=\"https:\/\/www.icgc.cat\/L-ICGC\/Sobre-l-ICGC\/Recursos-didactics\/Textures-de-les-roques-Recurs-didactic\"><strong>M\u00e9s informaci\u00f3<\/strong><\/a><\/td><\/tr><tr><td class=\"has-text-align-center\" data-align=\"center\"><\/td><td class=\"has-text-align-center\" data-align=\"center\"><\/td><td class=\"has-text-align-center\" data-align=\"center\"><\/td><\/tr><tr><td class=\"has-text-align-center\" data-align=\"center\"><span style=\"color: #ba1c1c;\"><strong><span style=\"font-size: 20px;\">EXPOSICIONS<\/span><\/strong><\/span><\/td><td class=\"has-text-align-center\" data-align=\"center\"><\/td><td class=\"has-text-align-center\" data-align=\"center\"><\/td><\/tr><tr><td class=\"has-text-align-center\" data-align=\"center\"><span style=\"color: #ba1c1c;\"><strong><span style=\"font-size: 20px;\">Pirineus Geological Open Museum (PGOM)<\/span><\/strong><\/span><\/td><td class=\"has-text-align-center\" data-align=\"center\"><span style=\"color: #ba1c00;\"><strong><span style=\"font-size: 20px;\">Les allaus de Catalunya, com <\/span><\/strong><\/span><br><span style=\"color: #ba1c00;\"><strong><span style=\"font-size: 20px;\">prevenir-les<\/span><\/strong><\/span><\/td><td class=\"has-text-align-center\" data-align=\"center\"><span style=\"color: #ba1c1c;\"><strong><span style=\"font-size: 20px;\">Energia Geot\u00e8rmica: una aposta de futur sostenible<\/span><\/strong><\/span><\/td><\/tr><tr><td class=\"has-text-align-center\" data-align=\"center\"><a href=\"http:\/\/www.icgc.cat\/pgom\"><img loading=\"lazy\" decoding=\"async\" width=\"274\" height=\"182\" class=\"alignnone size-full wp-image-15973\" src=\"https:\/\/serveiseducatius.xtec.cat\/pallars\/wp-content\/uploads\/usu1099\/2021\/05\/PGOM.png\" alt=\"\"><\/a><\/td><td class=\"has-text-align-center\" data-align=\"center\"><a href=\"https:\/\/www.icgc.cat\/L-ICGC\/Agenda\/Exposicio-Les-allaus-al-Pirineu-de-Catalunya-com-prevenir-les-.-A-Tremp\"><img loading=\"lazy\" decoding=\"async\" width=\"272\" height=\"185\" class=\"alignnone size-full wp-image-15976\" src=\"https:\/\/serveiseducatius.xtec.cat\/pallars\/wp-content\/uploads\/usu1099\/2021\/05\/allaus.png\" alt=\"\"><\/a><\/td><td class=\"has-text-align-center\" data-align=\"center\"><a href=\"https:\/\/www.icgc.cat\/L-ICGC\/Agenda\/Exposicio-Energia-geotermica-Una-aposta-de-futur-sostenible\"><img loading=\"lazy\" decoding=\"async\" width=\"272\" height=\"185\" class=\"alignnone size-full wp-image-15977\" src=\"https:\/\/serveiseducatius.xtec.cat\/pallars\/wp-content\/uploads\/usu1099\/2021\/05\/geotermica.png\" alt=\"\"><\/a><\/td><\/tr><tr><td class=\"has-text-align-center\" data-align=\"center\"><b>Educaci\u00f3 prim\u00e0ria i secund\u00e0ria<\/b><\/td><td class=\"has-text-align-center\" data-align=\"center\"><b>Educaci\u00f3 prim\u00e0ria i secund\u00e0ria<\/b><\/td><td class=\"has-text-align-center\" data-align=\"center\"><b>Educaci\u00f3 prim\u00e0ria i secund\u00e0ria<\/b><\/td><\/tr><tr><td class=\"has-text-align-center\" data-align=\"center\"><a href=\"http:\/\/www.icgc.cat\/pgom\"><strong>M\u00e9s informaci\u00f3<\/strong><\/a><\/td><td class=\"has-text-align-center\" data-align=\"center\"><a href=\"https:\/\/www.icgc.cat\/L-ICGC\/Agenda\/Exposicio-Les-allaus-al-Pirineu-de-Catalunya-com-prevenir-les-.-A-Tremp\"><strong>M\u00e9s informaci\u00f3<\/strong><\/a><\/td><td class=\"has-text-align-center\" data-align=\"center\"><a href=\"https:\/\/www.icgc.cat\/L-ICGC\/Agenda\/Exposicio-Energia-geotermica-Una-aposta-de-futur-sostenible\"><strong>M\u00e9s informaci\u00f3<\/strong><\/a><\/td><\/tr><\/tbody><\/table><\/figure>\n\n\n\n<figure class=\"wp-block-image alignright is-resized\"><a href=\"https:\/\/www.icgc.cat\/ca\" target=\"_blank\" rel=\"noreferrer noopener\"><img loading=\"lazy\" decoding=\"async\" width=\"1076\" height=\"438\" src=\"https:\/\/serveiseducatius.xtec.cat\/pallars\/wp-content\/uploads\/usu1099\/2018\/12\/Logo-ICGC-JPEG.jpg\" alt=\"\" class=\"wp-image-10817\" style=\"width:298px\" srcset=\"https:\/\/serveiseducatius.xtec.cat\/pallars\/wp-content\/uploads\/usu1099\/2018\/12\/Logo-ICGC-JPEG.jpg 1076w, https:\/\/serveiseducatius.xtec.cat\/pallars\/wp-content\/uploads\/usu1099\/2018\/12\/Logo-ICGC-JPEG-300x122.jpg 300w, https:\/\/serveiseducatius.xtec.cat\/pallars\/wp-content\/uploads\/usu1099\/2018\/12\/Logo-ICGC-JPEG-768x313.jpg 768w, https:\/\/serveiseducatius.xtec.cat\/pallars\/wp-content\/uploads\/usu1099\/2018\/12\/Logo-ICGC-JPEG-1024x417.jpg 1024w\" sizes=\"auto, (max-width: 1076px) 100vw, 1076px\" \/><\/a><\/figure>\n","protected":false},"excerpt":{"rendered":"<p>GEOLOGIA I CI\u00c8NCIES DE LA TERRA Atles geol\u00f2gic de Catalunya Recursos Planeta Terra Apr\u00e8n a interpretar un mapa geol\u00f2gic Educaci\u00f3 [&hellip;]<\/p>\n","protected":false},"author":1,"featured_media":0,"parent":0,"menu_order":0,"comment_status":"closed","ping_status":"closed","template":"","meta":{"_bbp_topic_count":0,"_bbp_reply_count":0,"_bbp_total_topic_count":0,"_bbp_total_reply_count":0,"_bbp_voice_count":0,"_bbp_anonymous_reply_count":0,"_bbp_topic_count_hidden":0,"_bbp_reply_count_hidden":0,"_bbp_forum_subforum_count":0,"site-sidebar-layout":"default","site-content-layout":"","ast-site-content-layout":"default","site-content-style":"default","site-sidebar-style":"default","ast-global-header-display":"","ast-banner-title-visibility":"","ast-main-header-display":"","ast-hfb-above-header-display":"","ast-hfb-below-header-display":"","ast-hfb-mobile-header-display":"","site-post-title":"","ast-breadcrumbs-content":"","ast-featured-img":"","footer-sml-layout":"","theme-transparent-header-meta":"","adv-header-id-meta":"","stick-header-meta":"","header-above-stick-meta":"","header-main-stick-meta":"","header-below-stick-meta":"","astra-migrate-meta-layouts":"set","ast-page-background-enabled":"default","ast-page-background-meta":{"desktop":{"background-color":"var(--ast-global-color-4)","background-image":"","background-repeat":"repeat","background-position":"center center","background-size":"auto","background-attachment":"scroll","background-type":"","background-media":"","overlay-type":"","overlay-color":"","overlay-opacity":"","overlay-gradient":""},"tablet":{"background-color":"","background-image":"","background-repeat":"repeat","background-position":"center center","background-size":"auto","background-attachment":"scroll","background-type":"","background-media":"","overlay-type":"","overlay-color":"","overlay-opacity":"","overlay-gradient":""},"mobile":{"background-color":"","background-image":"","background-repeat":"repeat","background-position":"center center","background-size":"auto","background-attachment":"scroll","background-type":"","background-media":"","overlay-type":"","overlay-color":"","overlay-opacity":"","overlay-gradient":""}},"ast-content-background-meta":{"desktop":{"background-color":"var(--ast-global-color-5)","background-image":"","background-repeat":"repeat","background-position":"center center","background-size":"auto","background-attachment":"scroll","background-type":"","background-media":"","overlay-type":"","overlay-color":"","overlay-opacity":"","overlay-gradient":""},"tablet":{"background-color":"var(--ast-global-color-5)","background-image":"","background-repeat":"repeat","background-position":"center center","background-size":"auto","background-attachment":"scroll","background-type":"","background-media":"","overlay-type":"","overlay-color":"","overlay-opacity":"","overlay-gradient":""},"mobile":{"background-color":"var(--ast-global-color-5)","background-image":"","background-repeat":"repeat","background-position":"center center","background-size":"auto","background-attachment":"scroll","background-type":"","background-media":"","overlay-type":"","overlay-color":"","overlay-opacity":"","overlay-gradient":""}},"footnotes":""},"class_list":["post-15959","page","type-page","status-publish","hentry"],"post_mailing_queue_ids":[],"_links":{"self":[{"href":"https:\/\/serveiseducatius.xtec.cat\/pallars\/wp-json\/wp\/v2\/pages\/15959","targetHints":{"allow":["GET"]}}],"collection":[{"href":"https:\/\/serveiseducatius.xtec.cat\/pallars\/wp-json\/wp\/v2\/pages"}],"about":[{"href":"https:\/\/serveiseducatius.xtec.cat\/pallars\/wp-json\/wp\/v2\/types\/page"}],"author":[{"embeddable":true,"href":"https:\/\/serveiseducatius.xtec.cat\/pallars\/wp-json\/wp\/v2\/users\/1"}],"replies":[{"embeddable":true,"href":"https:\/\/serveiseducatius.xtec.cat\/pallars\/wp-json\/wp\/v2\/comments?post=15959"}],"version-history":[{"count":6,"href":"https:\/\/serveiseducatius.xtec.cat\/pallars\/wp-json\/wp\/v2\/pages\/15959\/revisions"}],"predecessor-version":[{"id":25123,"href":"https:\/\/serveiseducatius.xtec.cat\/pallars\/wp-json\/wp\/v2\/pages\/15959\/revisions\/25123"}],"wp:attachment":[{"href":"https:\/\/serveiseducatius.xtec.cat\/pallars\/wp-json\/wp\/v2\/media?parent=15959"}],"curies":[{"name":"wp","href":"https:\/\/api.w.org\/{rel}","templated":true}]}}