{"id":15923,"date":"2021-04-30T11:38:38","date_gmt":"2021-04-30T09:38:38","guid":{"rendered":"http:\/\/serveiseducatius.xtec.cat\/pallars\/?page_id=15923"},"modified":"2022-06-13T10:54:05","modified_gmt":"2022-06-13T08:54:05","slug":"maig-2021","status":"publish","type":"page","link":"https:\/\/serveiseducatius.xtec.cat\/pallars\/full-informatiu\/fulls-informatius-2021\/maig-2021\/","title":{"rendered":"Maig 2021"},"content":{"rendered":"<div class=\"row\" style=\"margin-bottom: 1em !important;\">\n<div class=\"small-12 large-4 text-center columns\"><a href=\"https:\/\/serveiseducatius.xtec.cat\/pallars\/general\/deteccio-de-necessitats-de-formacio-curs-21-22\/\"><span style=\"color: #ba1c1c;\"><strong><strong><span style=\"font-size: 20px;\">Detecci\u00f3 de necessitats formatives curs 21-22<\/span><\/strong><\/strong><\/span><\/a><br \/>\n<a href=\"https:\/\/serveiseducatius.xtec.cat\/pallars\/wp-content\/uploads\/usu1099\/2020\/03\/linea.png\"><img loading=\"lazy\" decoding=\"async\" class=\"alignnone size-full wp-image-12599\" src=\"https:\/\/serveiseducatius.xtec.cat\/pallars\/wp-content\/uploads\/usu1099\/2020\/03\/linea.png\" alt=\"\" width=\"290\" height=\"2\" srcset=\"https:\/\/serveiseducatius.xtec.cat\/pallars\/wp-content\/uploads\/usu1099\/2020\/03\/linea.png 290w, https:\/\/serveiseducatius.xtec.cat\/pallars\/wp-content\/uploads\/usu1099\/2020\/03\/linea-150x2.png 150w, https:\/\/serveiseducatius.xtec.cat\/pallars\/wp-content\/uploads\/usu1099\/2020\/03\/linea-200x2.png 200w\" sizes=\"auto, (max-width: 290px) 100vw, 290px\" \/><\/a><\/div>\n<div class=\"small-12 large-4 text-center columns\"><span style=\"color: #ba1c00;\"><strong><strong><span style=\"font-size: 20px;\"><a href=\"https:\/\/serveiseducatius.xtec.cat\/pallars\/general\/jornada-virtual-talent-emprenedor\/\">Jornada<\/a><br \/>\n<a href=\"https:\/\/serveiseducatius.xtec.cat\/pallars\/general\/jornada-virtual-talent-emprenedor\/\">Talent Emprenedor<\/a><a href=\"https:\/\/serveiseducatius.xtec.cat\/pallars\/wp-content\/uploads\/usu1099\/2020\/03\/linea.png\"><img loading=\"lazy\" decoding=\"async\" class=\"alignnone size-full wp-image-12599\" src=\"https:\/\/serveiseducatius.xtec.cat\/pallars\/wp-content\/uploads\/usu1099\/2020\/03\/linea.png\" alt=\"\" width=\"290\" height=\"2\" srcset=\"https:\/\/serveiseducatius.xtec.cat\/pallars\/wp-content\/uploads\/usu1099\/2020\/03\/linea.png 290w, https:\/\/serveiseducatius.xtec.cat\/pallars\/wp-content\/uploads\/usu1099\/2020\/03\/linea-150x2.png 150w, https:\/\/serveiseducatius.xtec.cat\/pallars\/wp-content\/uploads\/usu1099\/2020\/03\/linea-200x2.png 200w\" sizes=\"auto, (max-width: 290px) 100vw, 290px\" \/><\/a><br \/>\n<\/span><\/strong><\/strong><\/span><\/div>\n<div class=\"small-12 large-4 text-center columns\"><span style=\"color: #ba1c00;\"><strong><span style=\"font-size: 20px;\"><a href=\"https:\/\/serveiseducatius.xtec.cat\/pallars\/general\/mercat-de-tecnologia-dels-pallars-2\/\"><span style=\"color: #ba1c00;\">Mercat de Tecnologia<br \/>\ndels Pallars<\/span><\/a><img loading=\"lazy\" decoding=\"async\" class=\"alignnone size-full wp-image-12599\" src=\"https:\/\/serveiseducatius.xtec.cat\/pallars\/wp-content\/uploads\/usu1099\/2020\/03\/linea.png\" alt=\"\" width=\"290\" height=\"2\" srcset=\"https:\/\/serveiseducatius.xtec.cat\/pallars\/wp-content\/uploads\/usu1099\/2020\/03\/linea.png 290w, https:\/\/serveiseducatius.xtec.cat\/pallars\/wp-content\/uploads\/usu1099\/2020\/03\/linea-150x2.png 150w, https:\/\/serveiseducatius.xtec.cat\/pallars\/wp-content\/uploads\/usu1099\/2020\/03\/linea-200x2.png 200w\" sizes=\"auto, (max-width: 290px) 100vw, 290px\" \/><\/span><\/strong><\/span><\/div>\n<\/div>\n<div class=\"row\" style=\"margin-bottom: 1em !important;\">\n<div class=\"small-12 large-4 text-center columns\"><a href=\"https:\/\/serveiseducatius.xtec.cat\/pallars\/general\/deteccio-de-necessitats-de-formacio-curs-21-22\/\"><img loading=\"lazy\" decoding=\"async\" class=\"alignnone size-full wp-image-15790\" src=\"https:\/\/serveiseducatius.xtec.cat\/pallars\/wp-content\/uploads\/usu1099\/2021\/04\/pla-de-formaci\u00f3-de-zona-detecci\u00f3-necessitats.png\" alt=\"\" width=\"280\" height=\"150\" \/><\/a><\/div>\n<div class=\"small-12 large-4 text-center columns\"><a href=\"https:\/\/serveiseducatius.xtec.cat\/pallars\/general\/jornada-virtual-talent-emprenedor\/\"><img loading=\"lazy\" decoding=\"async\" class=\"alignnone size-full wp-image-15791\" src=\"https:\/\/serveiseducatius.xtec.cat\/pallars\/wp-content\/uploads\/usu1099\/2021\/04\/Jornada-Talent-emprenedor.png\" alt=\"\" width=\"273\" height=\"150\" \/><\/a><\/div>\n<div class=\"small-12 large-4 text-center columns\"><a href=\"https:\/\/serveiseducatius.xtec.cat\/pallars\/general\/mercat-de-tecnologia-dels-pallars-2\/\"><img loading=\"lazy\" decoding=\"async\" class=\"alignnone size-full wp-image-15792\" src=\"https:\/\/serveiseducatius.xtec.cat\/pallars\/wp-content\/uploads\/usu1099\/2021\/04\/Mercat-de-tecnologia-full-informatiu.png\" alt=\"\" width=\"273\" height=\"150\" \/><\/a><\/div>\n<\/div>\n<div class=\"row\" style=\"margin-bottom: 1em !important;\">\n<div class=\"small-12 large-4 text-center columns\"><\/div>\n<div class=\"small-12 large-4 text-center columns\"><\/div>\n<div class=\"small-12 large-4 text-center columns\"><\/div>\n<\/div>\n<div class=\"row\" style=\"margin-bottom: 1em !important;\">\n<div class=\"small-12 large-4 text-center columns\"><span style=\"color: #ba1c00;\"><strong><span style=\"font-size: 20px;\"><a href=\"https:\/\/serveiseducatius.xtec.cat\/pallars\/general\/tallers-de-teatre-musical\/\">Tallers en angl\u00e8s centres Pallars Juss\u00e0<\/a><a href=\"https:\/\/serveiseducatius.xtec.cat\/pallars\/wp-content\/uploads\/usu1099\/2020\/03\/linea.png\"><img loading=\"lazy\" decoding=\"async\" class=\"alignnone size-full wp-image-12599\" src=\"https:\/\/serveiseducatius.xtec.cat\/pallars\/wp-content\/uploads\/usu1099\/2020\/03\/linea.png\" alt=\"\" width=\"290\" height=\"2\" srcset=\"https:\/\/serveiseducatius.xtec.cat\/pallars\/wp-content\/uploads\/usu1099\/2020\/03\/linea.png 290w, https:\/\/serveiseducatius.xtec.cat\/pallars\/wp-content\/uploads\/usu1099\/2020\/03\/linea-150x2.png 150w, https:\/\/serveiseducatius.xtec.cat\/pallars\/wp-content\/uploads\/usu1099\/2020\/03\/linea-200x2.png 200w\" sizes=\"auto, (max-width: 290px) 100vw, 290px\" \/><\/a><\/span><\/strong><\/span><\/div>\n<div class=\"small-12 large-4 text-center columns\"><span style=\"color: #ba1c00;\"><span style=\"font-size: 20px;\"><b><a href=\"https:\/\/serveiseducatius.xtec.cat\/pallars\/general\/taller-des-educar-se-per-educar\/\">Taller<\/a><br \/>\n<a href=\"https:\/\/serveiseducatius.xtec.cat\/pallars\/general\/taller-des-educar-se-per-educar\/\">Des-educar-se per educar<\/a><br \/>\n<\/b><\/span><\/span><img loading=\"lazy\" decoding=\"async\" class=\"alignnone size-full wp-image-12599\" src=\"https:\/\/serveiseducatius.xtec.cat\/pallars\/wp-content\/uploads\/usu1099\/2020\/03\/linea.png\" alt=\"\" width=\"290\" height=\"2\" srcset=\"https:\/\/serveiseducatius.xtec.cat\/pallars\/wp-content\/uploads\/usu1099\/2020\/03\/linea.png 290w, https:\/\/serveiseducatius.xtec.cat\/pallars\/wp-content\/uploads\/usu1099\/2020\/03\/linea-150x2.png 150w, https:\/\/serveiseducatius.xtec.cat\/pallars\/wp-content\/uploads\/usu1099\/2020\/03\/linea-200x2.png 200w\" sizes=\"auto, (max-width: 290px) 100vw, 290px\" \/><\/div>\n<div class=\"small-12 large-4 text-center columns\"><span style=\"font-size: 20px; color: #ba1c00;\"><strong><a href=\"https:\/\/serveiseducatius.xtec.cat\/pallars\/general\/inscripcions-als-cda-i-eda-pel-curs-21-22\/\">Inscripcions<\/a><br \/>\n<a href=\"https:\/\/serveiseducatius.xtec.cat\/pallars\/general\/inscripcions-als-cda-i-eda-pel-curs-21-22\/\">CdA i EdA<\/a><br \/>\n<\/strong><\/span><img loading=\"lazy\" decoding=\"async\" class=\"alignnone size-full wp-image-12599\" src=\"https:\/\/serveiseducatius.xtec.cat\/pallars\/wp-content\/uploads\/usu1099\/2020\/03\/linea.png\" alt=\"\" width=\"290\" height=\"2\" srcset=\"https:\/\/serveiseducatius.xtec.cat\/pallars\/wp-content\/uploads\/usu1099\/2020\/03\/linea.png 290w, https:\/\/serveiseducatius.xtec.cat\/pallars\/wp-content\/uploads\/usu1099\/2020\/03\/linea-150x2.png 150w, https:\/\/serveiseducatius.xtec.cat\/pallars\/wp-content\/uploads\/usu1099\/2020\/03\/linea-200x2.png 200w\" sizes=\"auto, (max-width: 290px) 100vw, 290px\" \/><\/div>\n<\/div>\n<div class=\"row\" style=\"margin-bottom: 1em !important;\">\n<div class=\"small-12 large-4 text-center columns\"><a href=\"https:\/\/serveiseducatius.xtec.cat\/pallars\/general\/tallers-de-teatre-musical\/\"><img loading=\"lazy\" decoding=\"async\" class=\"alignnone size-full wp-image-15801\" src=\"https:\/\/serveiseducatius.xtec.cat\/pallars\/wp-content\/uploads\/usu1099\/2021\/04\/English-secundaria.png\" alt=\"\" width=\"273\" height=\"150\" \/><\/a><\/div>\n<div class=\"small-12 large-4 text-center columns\"><a href=\"https:\/\/serveiseducatius.xtec.cat\/pallars\/general\/taller-des-educar-se-per-educar\/\"><img loading=\"lazy\" decoding=\"async\" class=\"alignnone size-full wp-image-15794\" src=\"https:\/\/serveiseducatius.xtec.cat\/pallars\/wp-content\/uploads\/usu1099\/2021\/04\/colors-petit-full-informatiu.png\" alt=\"\" width=\"273\" height=\"150\" \/><\/a><\/div>\n<div class=\"small-12 large-4 text-center columns\"><a href=\"https:\/\/serveiseducatius.xtec.cat\/pallars\/general\/inscripcions-als-cda-i-eda-pel-curs-21-22\/\"><img loading=\"lazy\" decoding=\"async\" class=\"alignnone size-full wp-image-15816\" src=\"https:\/\/serveiseducatius.xtec.cat\/pallars\/wp-content\/uploads\/usu1099\/2021\/04\/preinscripcions.png\" alt=\"\" width=\"273\" height=\"150\" \/><\/a><\/div>\n<\/div>\n<div class=\"row\" style=\"margin-bottom: 1em !important;\">\n<div class=\"small-12 large-4 text-center columns\"><strong>\u00a0<\/strong><\/div>\n<div class=\"small-12 large-4 text-center columns\"><strong>\u00a0<\/strong><\/div>\n<div class=\"small-12 large-4 text-center columns\"><strong>\u00a0<\/strong><\/div>\n<\/div>\n<div class=\"row\" style=\"margin-bottom: 1em !important;\">\n<div class=\"small-12 large-4 text-center columns\"><span style=\"font-size: 20px;\"><strong><a href=\"https:\/\/serveiseducatius.xtec.cat\/pallars\/general\/tu-tens-la-clau\/\"><span style=\"color: #ba1c00;\">Exposici\u00f3<br \/>\n<em>Tu tens la clau<\/em><\/span><\/a><img loading=\"lazy\" decoding=\"async\" class=\"alignnone size-full wp-image-12599\" src=\"https:\/\/serveiseducatius.xtec.cat\/pallars\/wp-content\/uploads\/usu1099\/2020\/03\/linea.png\" alt=\"\" width=\"290\" height=\"2\" srcset=\"https:\/\/serveiseducatius.xtec.cat\/pallars\/wp-content\/uploads\/usu1099\/2020\/03\/linea.png 290w, https:\/\/serveiseducatius.xtec.cat\/pallars\/wp-content\/uploads\/usu1099\/2020\/03\/linea-150x2.png 150w, https:\/\/serveiseducatius.xtec.cat\/pallars\/wp-content\/uploads\/usu1099\/2020\/03\/linea-200x2.png 200w\" sizes=\"auto, (max-width: 290px) 100vw, 290px\" \/><\/strong><\/span><\/div>\n<div class=\"small-12 large-4 text-center columns\"><span style=\"font-size: 20px;\"><strong><a href=\"https:\/\/serveiseducatius.xtec.cat\/pallars\/general\/convocatoria-programes-dinnovacio-pedagogica\/\"><span style=\"color: #ba1c00;\">Convocatoria Programes d&#8217;Innovaci\u00f3 fins 12\/05<\/span><\/a><img loading=\"lazy\" decoding=\"async\" class=\"alignnone size-full wp-image-12599\" src=\"https:\/\/serveiseducatius.xtec.cat\/pallars\/wp-content\/uploads\/usu1099\/2020\/03\/linea.png\" alt=\"\" width=\"290\" height=\"2\" srcset=\"https:\/\/serveiseducatius.xtec.cat\/pallars\/wp-content\/uploads\/usu1099\/2020\/03\/linea.png 290w, https:\/\/serveiseducatius.xtec.cat\/pallars\/wp-content\/uploads\/usu1099\/2020\/03\/linea-150x2.png 150w, https:\/\/serveiseducatius.xtec.cat\/pallars\/wp-content\/uploads\/usu1099\/2020\/03\/linea-200x2.png 200w\" sizes=\"auto, (max-width: 290px) 100vw, 290px\" \/><\/strong><\/span><\/div>\n<div class=\"small-12 large-4 text-center columns\"><span style=\"font-size: 20px;\"><strong><br \/>\n<a href=\"https:\/\/serveiseducatius.xtec.cat\/pallars\/general\/tast-de-dades-25\/\"><span style=\"color: #ba1c00;\">Consell Superior d&#8217;avaluaci\u00f3 <\/span><\/a><img loading=\"lazy\" decoding=\"async\" class=\"alignnone size-full wp-image-12599\" src=\"https:\/\/serveiseducatius.xtec.cat\/pallars\/wp-content\/uploads\/usu1099\/2020\/03\/linea.png\" alt=\"\" width=\"290\" height=\"2\" srcset=\"https:\/\/serveiseducatius.xtec.cat\/pallars\/wp-content\/uploads\/usu1099\/2020\/03\/linea.png 290w, https:\/\/serveiseducatius.xtec.cat\/pallars\/wp-content\/uploads\/usu1099\/2020\/03\/linea-150x2.png 150w, https:\/\/serveiseducatius.xtec.cat\/pallars\/wp-content\/uploads\/usu1099\/2020\/03\/linea-200x2.png 200w\" sizes=\"auto, (max-width: 290px) 100vw, 290px\" \/><\/strong><\/span><\/div>\n<\/div>\n<div class=\"row\" style=\"margin-bottom: 1em !important;\">\n<div class=\"small-12 large-4 text-center columns\"><a href=\"https:\/\/serveiseducatius.xtec.cat\/pallars\/general\/tu-tens-la-clau\/\"><img loading=\"lazy\" decoding=\"async\" class=\"alignnone size-full wp-image-15846\" src=\"https:\/\/serveiseducatius.xtec.cat\/pallars\/wp-content\/uploads\/usu1099\/2021\/04\/tu-tens-la-clau-1.png\" alt=\"\" width=\"273\" height=\"150\" \/><\/a><\/div>\n<div class=\"small-12 large-4 text-center columns\"><a href=\"https:\/\/serveiseducatius.xtec.cat\/pallars\/general\/convocatoria-programes-dinnovacio-pedagogica\/\"><img loading=\"lazy\" decoding=\"async\" class=\"size-full wp-image-15879 aligncenter\" src=\"https:\/\/serveiseducatius.xtec.cat\/pallars\/wp-content\/uploads\/usu1099\/2021\/04\/programes-dinnovaci\u00f3.png\" alt=\"\" width=\"273\" height=\"150\" \/><\/a><\/div>\n<div class=\"small-12 large-4 text-center columns\"><a href=\"https:\/\/serveiseducatius.xtec.cat\/pallars\/wp-content\/uploads\/usu1099\/2021\/04\/Tast-25-1.png\"><img loading=\"lazy\" decoding=\"async\" class=\"size-full wp-image-15847 aligncenter\" src=\"https:\/\/serveiseducatius.xtec.cat\/pallars\/wp-content\/uploads\/usu1099\/2021\/04\/Tast-25-1.png\" alt=\"\" width=\"273\" height=\"150\" \/><\/a><\/div>\n<\/div>\n<div class=\"row\" style=\"margin-bottom: 1em !important;\">\n<div class=\"small-12 large-4 text-center columns\"><\/div>\n<div class=\"small-12 large-4 text-center columns\"><\/div>\n<div class=\"small-12 large-4 text-center columns\"><\/div>\n<\/div>\n<div class=\"row\" style=\"margin-bottom: 1em !important;\">\n<div class=\"small-12 large-4 text-center columns\"><span style=\"font-size: 20px;\"><strong><strong style=\"font-family: inherit;\"><br \/>\n<a href=\"https:\/\/serveiseducatius.xtec.cat\/pallars\/general\/fem-ho-facil\/\">Fem-ho f\u00e0cil<\/a><\/strong><img loading=\"lazy\" decoding=\"async\" class=\"alignnone size-full wp-image-12599\" src=\"https:\/\/serveiseducatius.xtec.cat\/pallars\/wp-content\/uploads\/usu1099\/2020\/03\/linea.png\" alt=\"\" width=\"290\" height=\"2\" srcset=\"https:\/\/serveiseducatius.xtec.cat\/pallars\/wp-content\/uploads\/usu1099\/2020\/03\/linea.png 290w, https:\/\/serveiseducatius.xtec.cat\/pallars\/wp-content\/uploads\/usu1099\/2020\/03\/linea-150x2.png 150w, https:\/\/serveiseducatius.xtec.cat\/pallars\/wp-content\/uploads\/usu1099\/2020\/03\/linea-200x2.png 200w\" sizes=\"auto, (max-width: 290px) 100vw, 290px\" \/><\/strong><\/span><\/div>\n<div class=\"small-12 large-4 text-center columns\"><span style=\"font-size: 20px;\"><strong><a href=\"http:\/\/www.torredecapdella.org\/v-concurs-de-microrelats\/\"><span style=\"color: #ba1c00;\">V Concurs<br \/>\nde microrelats<\/span><\/a><img loading=\"lazy\" decoding=\"async\" class=\"alignnone size-full wp-image-12599\" src=\"https:\/\/serveiseducatius.xtec.cat\/pallars\/wp-content\/uploads\/usu1099\/2020\/03\/linea.png\" alt=\"\" width=\"290\" height=\"2\" srcset=\"https:\/\/serveiseducatius.xtec.cat\/pallars\/wp-content\/uploads\/usu1099\/2020\/03\/linea.png 290w, https:\/\/serveiseducatius.xtec.cat\/pallars\/wp-content\/uploads\/usu1099\/2020\/03\/linea-150x2.png 150w, https:\/\/serveiseducatius.xtec.cat\/pallars\/wp-content\/uploads\/usu1099\/2020\/03\/linea-200x2.png 200w\" sizes=\"auto, (max-width: 290px) 100vw, 290px\" \/><\/strong><\/span><\/div>\n<div class=\"small-12 large-4 text-center columns\"><span style=\"font-size: 20px;\"><a href=\"https:\/\/serveiseducatius.xtec.cat\/pallars\/general\/premi-participa-a-lescola\/\"><strong><span style=\"font-size: 20px; color: #ba1c00;\">Premi Participa a<br \/>\nl&#8217;escola 2021<\/span><\/strong><\/a><strong style=\"font-family: inherit;\"><img loading=\"lazy\" decoding=\"async\" class=\"alignnone size-full wp-image-12599\" src=\"https:\/\/serveiseducatius.xtec.cat\/pallars\/wp-content\/uploads\/usu1099\/2020\/03\/linea.png\" alt=\"\" width=\"290\" height=\"2\" srcset=\"https:\/\/serveiseducatius.xtec.cat\/pallars\/wp-content\/uploads\/usu1099\/2020\/03\/linea.png 290w, https:\/\/serveiseducatius.xtec.cat\/pallars\/wp-content\/uploads\/usu1099\/2020\/03\/linea-150x2.png 150w, https:\/\/serveiseducatius.xtec.cat\/pallars\/wp-content\/uploads\/usu1099\/2020\/03\/linea-200x2.png 200w\" sizes=\"auto, (max-width: 290px) 100vw, 290px\" \/><\/strong><strong><a href=\"https:\/\/serveiseducatius.xtec.cat\/pallars\/general\/concurs-tenim-la-paraula\/\"><span style=\"color: #ba1c00;\"><br \/>\n<\/span><\/a><\/strong><\/span><\/div>\n<\/div>\n<div class=\"row\" style=\"margin-bottom: 1em !important;\">\n<div class=\"small-12 large-4 text-center columns\"><a href=\"https:\/\/serveiseducatius.xtec.cat\/pallars\/general\/fem-ho-facil\/\"><img loading=\"lazy\" decoding=\"async\" class=\"alignnone size-full wp-image-15912\" src=\"https:\/\/serveiseducatius.xtec.cat\/pallars\/wp-content\/uploads\/usu1099\/2021\/04\/Fem-ho-f\u00e0cil.png\" alt=\"\" width=\"273\" height=\"150\" \/><\/a><\/div>\n<div class=\"small-12 large-4 text-center columns\"><a href=\"http:\/\/www.torredecapdella.org\/v-concurs-de-microrelats\/\"><img loading=\"lazy\" decoding=\"async\" class=\"alignnone size-full wp-image-15835\" src=\"https:\/\/serveiseducatius.xtec.cat\/pallars\/wp-content\/uploads\/usu1099\/2021\/04\/concurs-de-micro-relats.png\" alt=\"\" width=\"273\" height=\"150\" \/><\/a><\/div>\n<div class=\"small-12 large-4 text-center columns\"><a href=\"https:\/\/serveiseducatius.xtec.cat\/pallars\/general\/premi-participa-a-lescola\/\"><img loading=\"lazy\" decoding=\"async\" class=\"alignnone size-full wp-image-15908\" src=\"https:\/\/serveiseducatius.xtec.cat\/pallars\/wp-content\/uploads\/usu1099\/2021\/04\/premi-participa-a-lescola.png\" alt=\"\" width=\"273\" height=\"150\" \/><\/a><\/div>\n<\/div>\n<div class=\"row\" style=\"margin-bottom: 1em !important;\">\n<div class=\"small-12 large-4 text-center columns\"><\/div>\n<div class=\"small-12 large-4 text-center columns\"><\/div>\n<div class=\"small-12 large-4 text-center columns\"><\/div>\n<\/div>\n<div class=\"row\" style=\"margin-bottom: 1em !important;\">\n<div class=\"small-12 large-4 text-center columns\"><span style=\"font-size: 20px;\"><strong><a href=\"https:\/\/serveiseducatius.xtec.cat\/pallars\/general\/mooc-la-tasca-docent-en-educacio-hibrida\/\"><span style=\"color: #ba1c00;\">MOOC La tasca docent en educaci\u00f3 hibrida<\/span><\/a><img loading=\"lazy\" decoding=\"async\" class=\"alignnone size-full wp-image-12599\" src=\"https:\/\/serveiseducatius.xtec.cat\/pallars\/wp-content\/uploads\/usu1099\/2020\/03\/linea.png\" alt=\"\" width=\"290\" height=\"2\" srcset=\"https:\/\/serveiseducatius.xtec.cat\/pallars\/wp-content\/uploads\/usu1099\/2020\/03\/linea.png 290w, https:\/\/serveiseducatius.xtec.cat\/pallars\/wp-content\/uploads\/usu1099\/2020\/03\/linea-150x2.png 150w, https:\/\/serveiseducatius.xtec.cat\/pallars\/wp-content\/uploads\/usu1099\/2020\/03\/linea-200x2.png 200w\" sizes=\"auto, (max-width: 290px) 100vw, 290px\" \/><\/strong><\/span><\/div>\n<div class=\"small-12 large-4 text-center columns\"><span style=\"font-size: 20px;\"><strong><a href=\"https:\/\/serveiseducatius.xtec.cat\/pallars\/general\/jornada-deducacio-cientifica-i-inclusiva\/\"><span style=\"color: #ba1c00;\">Jornada d&#8217;educaci\u00f3<br \/>\ncient\u00edfica inclusiva<\/span><\/a><img loading=\"lazy\" decoding=\"async\" class=\"alignnone size-full wp-image-12599\" src=\"https:\/\/serveiseducatius.xtec.cat\/pallars\/wp-content\/uploads\/usu1099\/2020\/03\/linea.png\" alt=\"\" width=\"290\" height=\"2\" srcset=\"https:\/\/serveiseducatius.xtec.cat\/pallars\/wp-content\/uploads\/usu1099\/2020\/03\/linea.png 290w, https:\/\/serveiseducatius.xtec.cat\/pallars\/wp-content\/uploads\/usu1099\/2020\/03\/linea-150x2.png 150w, https:\/\/serveiseducatius.xtec.cat\/pallars\/wp-content\/uploads\/usu1099\/2020\/03\/linea-200x2.png 200w\" sizes=\"auto, (max-width: 290px) 100vw, 290px\" \/><\/strong><\/span><\/div>\n<div class=\"small-12 large-4 text-center columns\"><span style=\"font-size: 20px;\"><strong style=\"font-family: inherit;\"><a href=\"https:\/\/serveiseducatius.xtec.cat\/pallars\/general\/formacio-interpretem-el-paisatge\/\">Formaci\u00f3 Interpretem<\/a><br \/>\n<a href=\"https:\/\/serveiseducatius.xtec.cat\/pallars\/general\/formacio-interpretem-el-paisatge\/\">el paisatge<\/a><img loading=\"lazy\" decoding=\"async\" class=\"alignnone size-full wp-image-12599\" src=\"https:\/\/serveiseducatius.xtec.cat\/pallars\/wp-content\/uploads\/usu1099\/2020\/03\/linea.png\" alt=\"\" width=\"290\" height=\"2\" srcset=\"https:\/\/serveiseducatius.xtec.cat\/pallars\/wp-content\/uploads\/usu1099\/2020\/03\/linea.png 290w, https:\/\/serveiseducatius.xtec.cat\/pallars\/wp-content\/uploads\/usu1099\/2020\/03\/linea-150x2.png 150w, https:\/\/serveiseducatius.xtec.cat\/pallars\/wp-content\/uploads\/usu1099\/2020\/03\/linea-200x2.png 200w\" sizes=\"auto, (max-width: 290px) 100vw, 290px\" \/><\/strong><strong><a href=\"https:\/\/serveiseducatius.xtec.cat\/pallars\/general\/concurs-tenim-la-paraula\/\"><span style=\"color: #ba1c00;\"><br \/>\n<\/span><\/a><\/strong><\/span><\/div>\n<\/div>\n<div class=\"row\" style=\"margin-bottom: 1em !important;\">\n<div class=\"small-12 large-4 text-center columns\"><a href=\"https:\/\/serveiseducatius.xtec.cat\/pallars\/general\/mooc-la-tasca-docent-en-educacio-hibrida\/\"><img loading=\"lazy\" decoding=\"async\" class=\"alignnone size-full wp-image-15898\" src=\"https:\/\/serveiseducatius.xtec.cat\/pallars\/wp-content\/uploads\/usu1099\/2021\/04\/Educacion-hibrida.png\" alt=\"\" width=\"273\" height=\"150\" \/><\/a><\/div>\n<div class=\"small-12 large-4 text-center columns\"><a href=\"https:\/\/serveiseducatius.xtec.cat\/pallars\/general\/jornada-deducacio-cientifica-i-inclusiva\/\"><img loading=\"lazy\" decoding=\"async\" class=\"alignnone size-full wp-image-15905\" src=\"https:\/\/serveiseducatius.xtec.cat\/pallars\/wp-content\/uploads\/usu1099\/2021\/04\/jornada-cientifica.png\" alt=\"\" width=\"273\" height=\"150\" \/><\/a><\/div>\n<div class=\"small-12 large-4 text-center columns\"><a href=\"https:\/\/serveiseducatius.xtec.cat\/pallars\/general\/formacio-interpretem-el-paisatge\/\"><img loading=\"lazy\" decoding=\"async\" class=\"alignnone size-full wp-image-15881\" src=\"https:\/\/serveiseducatius.xtec.cat\/pallars\/wp-content\/uploads\/usu1099\/2021\/04\/Interpretem-el-paisatge.png\" alt=\"\" width=\"273\" height=\"150\" \/><\/a><\/div>\n<\/div>\n","protected":false},"excerpt":{"rendered":"<p>Detecci\u00f3 de necessitats formatives curs 21-22 Jornada Talent Emprenedor Mercat de Tecnologia dels Pallars Tallers en angl\u00e8s centres Pallars Juss\u00e0 [&hellip;]<\/p>\n","protected":false},"author":1,"featured_media":0,"parent":18850,"menu_order":5,"comment_status":"closed","ping_status":"closed","template":"page-templates\/side-menu.php","meta":{"_bbp_topic_count":0,"_bbp_reply_count":0,"_bbp_total_topic_count":0,"_bbp_total_reply_count":0,"_bbp_voice_count":0,"_bbp_anonymous_reply_count":0,"_bbp_topic_count_hidden":0,"_bbp_reply_count_hidden":0,"_bbp_forum_subforum_count":0,"site-sidebar-layout":"default","site-content-layout":"","ast-site-content-layout":"","site-content-style":"default","site-sidebar-style":"default","ast-global-header-display":"","ast-banner-title-visibility":"","ast-main-header-display":"","ast-hfb-above-header-display":"","ast-hfb-below-header-display":"","ast-hfb-mobile-header-display":"","site-post-title":"","ast-breadcrumbs-content":"","ast-featured-img":"","footer-sml-layout":"","theme-transparent-header-meta":"","adv-header-id-meta":"","stick-header-meta":"","header-above-stick-meta":"","header-main-stick-meta":"","header-below-stick-meta":"","astra-migrate-meta-layouts":"default","ast-page-background-enabled":"default","ast-page-background-meta":{"desktop":{"background-color":"var(--ast-global-color-4)","background-image":"","background-repeat":"repeat","background-position":"center center","background-size":"auto","background-attachment":"scroll","background-type":"","background-media":"","overlay-type":"","overlay-color":"","overlay-opacity":"","overlay-gradient":""},"tablet":{"background-color":"","background-image":"","background-repeat":"repeat","background-position":"center center","background-size":"auto","background-attachment":"scroll","background-type":"","background-media":"","overlay-type":"","overlay-color":"","overlay-opacity":"","overlay-gradient":""},"mobile":{"background-color":"","background-image":"","background-repeat":"repeat","background-position":"center center","background-size":"auto","background-attachment":"scroll","background-type":"","background-media":"","overlay-type":"","overlay-color":"","overlay-opacity":"","overlay-gradient":""}},"ast-content-background-meta":{"desktop":{"background-color":"var(--ast-global-color-5)","background-image":"","background-repeat":"repeat","background-position":"center center","background-size":"auto","background-attachment":"scroll","background-type":"","background-media":"","overlay-type":"","overlay-color":"","overlay-opacity":"","overlay-gradient":""},"tablet":{"background-color":"var(--ast-global-color-5)","background-image":"","background-repeat":"repeat","background-position":"center center","background-size":"auto","background-attachment":"scroll","background-type":"","background-media":"","overlay-type":"","overlay-color":"","overlay-opacity":"","overlay-gradient":""},"mobile":{"background-color":"var(--ast-global-color-5)","background-image":"","background-repeat":"repeat","background-position":"center center","background-size":"auto","background-attachment":"scroll","background-type":"","background-media":"","overlay-type":"","overlay-color":"","overlay-opacity":"","overlay-gradient":""}},"footnotes":""},"class_list":["post-15923","page","type-page","status-publish","hentry"],"post_mailing_queue_ids":[],"_links":{"self":[{"href":"https:\/\/serveiseducatius.xtec.cat\/pallars\/wp-json\/wp\/v2\/pages\/15923","targetHints":{"allow":["GET"]}}],"collection":[{"href":"https:\/\/serveiseducatius.xtec.cat\/pallars\/wp-json\/wp\/v2\/pages"}],"about":[{"href":"https:\/\/serveiseducatius.xtec.cat\/pallars\/wp-json\/wp\/v2\/types\/page"}],"author":[{"embeddable":true,"href":"https:\/\/serveiseducatius.xtec.cat\/pallars\/wp-json\/wp\/v2\/users\/1"}],"replies":[{"embeddable":true,"href":"https:\/\/serveiseducatius.xtec.cat\/pallars\/wp-json\/wp\/v2\/comments?post=15923"}],"version-history":[{"count":2,"href":"https:\/\/serveiseducatius.xtec.cat\/pallars\/wp-json\/wp\/v2\/pages\/15923\/revisions"}],"predecessor-version":[{"id":15932,"href":"https:\/\/serveiseducatius.xtec.cat\/pallars\/wp-json\/wp\/v2\/pages\/15923\/revisions\/15932"}],"up":[{"embeddable":true,"href":"https:\/\/serveiseducatius.xtec.cat\/pallars\/wp-json\/wp\/v2\/pages\/18850"}],"wp:attachment":[{"href":"https:\/\/serveiseducatius.xtec.cat\/pallars\/wp-json\/wp\/v2\/media?parent=15923"}],"curies":[{"name":"wp","href":"https:\/\/api.w.org\/{rel}","templated":true}]}}