{"id":14795,"date":"2021-01-26T09:46:04","date_gmt":"2021-01-26T08:46:04","guid":{"rendered":"http:\/\/serveiseducatius.xtec.cat\/pallars\/?page_id=14795"},"modified":"2025-02-26T17:18:24","modified_gmt":"2025-02-26T16:18:24","slug":"activitats-geologia-geoparc-origens-als-pirineus-catalans","status":"publish","type":"page","link":"https:\/\/serveiseducatius.xtec.cat\/pallars\/activitats-geologia-geoparc-origens-als-pirineus-catalans\/","title":{"rendered":"Activitats geologia. Geoparc mundial UNESCO Or\u00edgens"},"content":{"rendered":"\n<figure style=\"padding-right:var(--wp--preset--spacing--20);padding-left:var(--wp--preset--spacing--20)\" class=\"wp-block-table\"><table class=\"has-border-color has-white-border-color has-fixed-layout\"><tbody><tr><td class=\"has-text-align-center\" data-align=\"center\"><span style=\"color: #ba1c1c;\"><strong><span style=\"font-size: 20px;\">Un geoparc de pel\u00b7l\u00edcula<\/span><\/strong><\/span><\/td><td class=\"has-text-align-center\" data-align=\"center\"><span style=\"color: #ba1c00;\"><strong><span style=\"font-size: 20px;\">Proposta treballs de recerca<\/span><\/strong><\/span><\/td><td class=\"has-text-align-center\" data-align=\"center\"><span style=\"color: #ba1c1c;\"><strong><span style=\"font-size: 20px;\">Els guardians del Geoparc<\/span><\/strong><\/span><\/td><\/tr><tr><td class=\"has-text-align-center\" data-align=\"center\"><a href=\"https:\/\/serveiseducatius.xtec.cat\/pallars\/wp-content\/uploads\/usu1099\/2018\/10\/maleta-categoria.jpg\"><img loading=\"lazy\" decoding=\"async\" width=\"1060\" height=\"575\" class=\"alignnone size-full wp-image-10619\" src=\"https:\/\/serveiseducatius.xtec.cat\/pallars\/wp-content\/uploads\/usu1099\/2018\/10\/maleta-categoria.jpg\" alt=\"\" srcset=\"https:\/\/serveiseducatius.xtec.cat\/pallars\/wp-content\/uploads\/usu1099\/2018\/10\/maleta-categoria.jpg 1060w, https:\/\/serveiseducatius.xtec.cat\/pallars\/wp-content\/uploads\/usu1099\/2018\/10\/maleta-categoria-300x163.jpg 300w, https:\/\/serveiseducatius.xtec.cat\/pallars\/wp-content\/uploads\/usu1099\/2018\/10\/maleta-categoria-768x417.jpg 768w, https:\/\/serveiseducatius.xtec.cat\/pallars\/wp-content\/uploads\/usu1099\/2018\/10\/maleta-categoria-1024x555.jpg 1024w\" sizes=\"auto, (max-width: 1060px) 100vw, 1060px\" \/><\/a><\/td><td class=\"has-text-align-center\" data-align=\"center\"><a href=\"https:\/\/serveiseducatius.xtec.cat\/pallars\/wp-content\/uploads\/usu1099\/2021\/01\/Treballs-de-recerca-1.png\"><img loading=\"lazy\" decoding=\"async\" width=\"558\" height=\"376\" class=\"alignnone size-full wp-image-14841\" src=\"https:\/\/serveiseducatius.xtec.cat\/pallars\/wp-content\/uploads\/usu1099\/2021\/01\/Treballs-de-recerca-1.png\" alt=\"\" srcset=\"https:\/\/serveiseducatius.xtec.cat\/pallars\/wp-content\/uploads\/usu1099\/2021\/01\/Treballs-de-recerca-1.png 558w, https:\/\/serveiseducatius.xtec.cat\/pallars\/wp-content\/uploads\/usu1099\/2021\/01\/Treballs-de-recerca-1-300x202.png 300w\" sizes=\"auto, (max-width: 558px) 100vw, 558px\" \/><\/a><a href=\"https:\/\/serveiseducatius.xtec.cat\/pallars\/wp-content\/uploads\/usu1099\/2021\/01\/Treballs-de-recerca-1.png\"><\/a><a href=\"https:\/\/serveiseducatius.xtec.cat\/pallars\/wp-content\/uploads\/usu1099\/2021\/01\/Treballs-de-recerca-1.png\"><\/a><\/td><td class=\"has-text-align-center\" data-align=\"center\"><a href=\"https:\/\/serveiseducatius.xtec.cat\/pallars\/wp-content\/uploads\/usu1099\/2021\/01\/els-guardians-del-geoparc-1.png\"><img loading=\"lazy\" decoding=\"async\" width=\"558\" height=\"376\" class=\"alignnone size-full wp-image-14840\" src=\"https:\/\/serveiseducatius.xtec.cat\/pallars\/wp-content\/uploads\/usu1099\/2021\/01\/els-guardians-del-geoparc-1.png\" alt=\"\" srcset=\"https:\/\/serveiseducatius.xtec.cat\/pallars\/wp-content\/uploads\/usu1099\/2021\/01\/els-guardians-del-geoparc-1.png 558w, https:\/\/serveiseducatius.xtec.cat\/pallars\/wp-content\/uploads\/usu1099\/2021\/01\/els-guardians-del-geoparc-1-300x202.png 300w\" sizes=\"auto, (max-width: 558px) 100vw, 558px\" \/><\/a><\/td><\/tr><tr><td class=\"has-text-align-center\" data-align=\"center\"><strong>Cicle superior de prim\u00e0ria i secund\u00e0ria<\/strong><\/td><td class=\"has-text-align-center\" data-align=\"center\"><strong>Batxillerat<\/strong><\/td><td class=\"has-text-align-center\" data-align=\"center\"><strong>Cicle inicial i mitj\u00e0 de prim\u00e0ria<\/strong><\/td><\/tr><tr><td class=\"has-text-align-center\" data-align=\"center\"><a href=\"https:\/\/serveiseducatius.xtec.cat\/pallars\/general\/un-geoparc-de-pellicula\/\"><strong>M\u00e9s informaci\u00f3<\/strong><\/a><\/td><td class=\"has-text-align-center\" data-align=\"center\"><a href=\"https:\/\/www.geoparcorigens.cat\/wp-content\/uploads\/2023\/10\/Proposta-TdR_2023-2024.pdf\"><strong>M\u00e9s informaci\u00f3<\/strong><\/a><\/td><td class=\"has-text-align-center\" data-align=\"center\"><a href=\"https:\/\/serveiseducatius.xtec.cat\/pallars\/general\/els-guardians-del-geoparc-origens\/\"><strong>M\u00e9s informaci\u00f3<\/strong><\/a><\/td><\/tr><tr><td class=\"has-text-align-center\" data-align=\"center\"><\/td><td class=\"has-text-align-center\" data-align=\"center\"><\/td><td class=\"has-text-align-center\" data-align=\"center\"><\/td><\/tr><tr><td class=\"has-text-align-center\" data-align=\"center\"><span style=\"color: #ba1c00;\"><strong><span style=\"font-size: 20px;\">Els poders del riu<\/span><\/strong><\/span><\/td><td class=\"has-text-align-center\" data-align=\"center\"><span style=\"color: #ba1c00;\"><strong><span style=\"font-size: 20px;\">Guia Lectura Hist\u00f2ria i arqueologia<\/span><\/strong><\/span><\/td><td class=\"has-text-align-center\" data-align=\"center\"><span style=\"color: #ba1c1c;\"><strong><span style=\"font-size: 20px;\">Guia de Lectura Ci\u00e8ncies de la Terra<\/span><\/strong><\/span><\/td><\/tr><tr><td class=\"has-text-align-center\" data-align=\"center\"><a href=\"https:\/\/serveiseducatius.xtec.cat\/pallars\/wp-content\/uploads\/usu1099\/2023\/11\/drop-3698073_640.jpg\"><img loading=\"lazy\" decoding=\"async\" width=\"640\" height=\"352\" class=\"alignleft size-full wp-image-22207\" src=\"https:\/\/serveiseducatius.xtec.cat\/pallars\/wp-content\/uploads\/usu1099\/2023\/11\/drop-3698073_640.jpg\" alt=\"\" srcset=\"https:\/\/serveiseducatius.xtec.cat\/pallars\/wp-content\/uploads\/usu1099\/2023\/11\/drop-3698073_640.jpg 640w, https:\/\/serveiseducatius.xtec.cat\/pallars\/wp-content\/uploads\/usu1099\/2023\/11\/drop-3698073_640-300x165.jpg 300w\" sizes=\"auto, (max-width: 640px) 100vw, 640px\" \/><\/a><\/td><td class=\"has-text-align-center\" data-align=\"center\"><a href=\"https:\/\/serveiseducatius.xtec.cat\/pallars\/wp-content\/uploads\/usu1099\/2023\/09\/Captura-1.jpg\"><img loading=\"lazy\" decoding=\"async\" width=\"1192\" height=\"692\" class=\"alignleft size-full wp-image-21816\" src=\"https:\/\/serveiseducatius.xtec.cat\/pallars\/wp-content\/uploads\/usu1099\/2023\/09\/Captura-1.jpg\" alt=\"\" srcset=\"https:\/\/serveiseducatius.xtec.cat\/pallars\/wp-content\/uploads\/usu1099\/2023\/09\/Captura-1.jpg 1192w, https:\/\/serveiseducatius.xtec.cat\/pallars\/wp-content\/uploads\/usu1099\/2023\/09\/Captura-1-300x174.jpg 300w, https:\/\/serveiseducatius.xtec.cat\/pallars\/wp-content\/uploads\/usu1099\/2023\/09\/Captura-1-1024x594.jpg 1024w, https:\/\/serveiseducatius.xtec.cat\/pallars\/wp-content\/uploads\/usu1099\/2023\/09\/Captura-1-768x446.jpg 768w\" sizes=\"auto, (max-width: 1192px) 100vw, 1192px\" \/><\/a><\/td><td class=\"has-text-align-center\" data-align=\"center\"><a href=\"https:\/\/serveiseducatius.xtec.cat\/pallars\/wp-content\/uploads\/usu1099\/2022\/06\/Portada-guia-lectura-CCTT-scaled.jpg\"><img loading=\"lazy\" decoding=\"async\" width=\"2560\" height=\"1447\" class=\"alignleft size-full wp-image-18956\" src=\"https:\/\/serveiseducatius.xtec.cat\/pallars\/wp-content\/uploads\/usu1099\/2022\/06\/Portada-guia-lectura-CCTT-scaled.jpg\" alt=\"\" srcset=\"https:\/\/serveiseducatius.xtec.cat\/pallars\/wp-content\/uploads\/usu1099\/2022\/06\/Portada-guia-lectura-CCTT-scaled.jpg 2560w, https:\/\/serveiseducatius.xtec.cat\/pallars\/wp-content\/uploads\/usu1099\/2022\/06\/Portada-guia-lectura-CCTT-300x170.jpg 300w, https:\/\/serveiseducatius.xtec.cat\/pallars\/wp-content\/uploads\/usu1099\/2022\/06\/Portada-guia-lectura-CCTT-1024x579.jpg 1024w, https:\/\/serveiseducatius.xtec.cat\/pallars\/wp-content\/uploads\/usu1099\/2022\/06\/Portada-guia-lectura-CCTT-768x434.jpg 768w, https:\/\/serveiseducatius.xtec.cat\/pallars\/wp-content\/uploads\/usu1099\/2022\/06\/Portada-guia-lectura-CCTT-1536x868.jpg 1536w, https:\/\/serveiseducatius.xtec.cat\/pallars\/wp-content\/uploads\/usu1099\/2022\/06\/Portada-guia-lectura-CCTT-2048x1157.jpg 2048w\" sizes=\"auto, (max-width: 2560px) 100vw, 2560px\" \/><\/a><\/td><\/tr><tr><td class=\"has-text-align-center\" data-align=\"center\"><strong>Ed. Infantil i Cicle Inicial de prim\u00e0ria<\/strong><\/td><td class=\"has-text-align-center\" data-align=\"center\"><strong>Educaci\u00f3 Prim\u00e0ria i Secund\u00e0ria<\/strong><\/td><td class=\"has-text-align-center\" data-align=\"center\"><strong>Educaci\u00f3 Prim\u00e0ria i Secund\u00e0ria<\/strong><\/td><\/tr><tr><td class=\"has-text-align-center\" data-align=\"center\"><a href=\"https:\/\/serveiseducatius.xtec.cat\/pallars\/general\/els-poders-del-riu\/\"><strong>M\u00e9s informaci\u00f3<\/strong><\/a><\/td><td class=\"has-text-align-center\" data-align=\"center\"><a href=\"https:\/\/www.geoparcorigens.cat\/wp-content\/uploads\/2023\/07\/GUIA_LECTURA_HISTORIA_DEF.pdf\"><strong>M\u00e9s informaci\u00f3<\/strong><\/a><\/td><td class=\"has-text-align-center\" data-align=\"center\"><a href=\"https:\/\/www.geoparcorigens.cat\/wp-content\/uploads\/2022\/05\/GUIA_LECTURA_CIENCIES-DE-LA-TERRA_def.pdf\"><strong>M\u00e9s informaci\u00f3<\/strong><\/a><\/td><\/tr><tr><td class=\"has-text-align-center\" data-align=\"center\"><\/td><td class=\"has-text-align-center\" data-align=\"center\"><\/td><td class=\"has-text-align-center\" data-align=\"center\"><\/td><\/tr><tr><td class=\"has-text-align-center\" data-align=\"center\"><span style=\"color: #ba1c1c;\"><span style=\"font-size: 20px;\"><b>Activity book: Where stones talk<\/b><\/span><\/span><\/td><td class=\"has-text-align-center\" data-align=\"center\"><\/td><td class=\"has-text-align-center\" data-align=\"center\"><\/td><\/tr><tr><td class=\"has-text-align-center\" data-align=\"center\"><a href=\"https:\/\/serveiseducatius.xtec.cat\/pallars\/wp-content\/uploads\/usu1099\/2023\/10\/stones.jpg\"><img loading=\"lazy\" decoding=\"async\" width=\"109\" height=\"155\" class=\"wp-image-21943 aligncenter\" src=\"https:\/\/serveiseducatius.xtec.cat\/pallars\/wp-content\/uploads\/usu1099\/2023\/10\/stones.jpg\" alt=\"\"><\/a><\/td><td class=\"has-text-align-center\" data-align=\"center\"><\/td><td class=\"has-text-align-center\" data-align=\"center\"><\/td><\/tr><tr><td class=\"has-text-align-center\" data-align=\"center\"><strong>Cicle Superior de prim\u00e0ria i 1r cicle d&#8217;ESO<\/strong><\/td><td class=\"has-text-align-center\" data-align=\"center\"><\/td><td class=\"has-text-align-center\" data-align=\"center\"><\/td><\/tr><tr><td class=\"has-text-align-center\" data-align=\"center\"><a href=\"https:\/\/serveiseducatius.xtec.cat\/pallars\/general\/activity-book-where-stones-talk\/\"><strong>M\u00e9s informaci\u00f3<\/strong><\/a><\/td><td class=\"has-text-align-center\" data-align=\"center\"><\/td><td class=\"has-text-align-center\" data-align=\"center\"><\/td><\/tr><\/tbody><\/table><\/figure>\n\n\n\n<figure class=\"wp-block-image alignright\"><a href=\"https:\/\/www.geoparcorigens.cat\/educacio-geoparc-origens\/\" target=\"_blank\" rel=\"noreferrer noopener\"><img loading=\"lazy\" decoding=\"async\" width=\"283\" height=\"119\" src=\"https:\/\/serveiseducatius.xtec.cat\/pallars\/wp-content\/uploads\/usu1099\/2023\/11\/origens.jpg\" alt=\"\" class=\"wp-image-22205\"\/><\/a><\/figure>\n","protected":false},"excerpt":{"rendered":"<p>Un geoparc de pel\u00b7l\u00edcula Proposta treballs de recerca Els guardians del Geoparc Cicle superior de prim\u00e0ria i secund\u00e0ria Batxillerat Cicle [&hellip;]<\/p>\n","protected":false},"author":1,"featured_media":0,"parent":0,"menu_order":0,"comment_status":"closed","ping_status":"closed","template":"","meta":{"_bbp_topic_count":0,"_bbp_reply_count":0,"_bbp_total_topic_count":0,"_bbp_total_reply_count":0,"_bbp_voice_count":0,"_bbp_anonymous_reply_count":0,"_bbp_topic_count_hidden":0,"_bbp_reply_count_hidden":0,"_bbp_forum_subforum_count":0,"site-sidebar-layout":"default","site-content-layout":"","ast-site-content-layout":"default","site-content-style":"default","site-sidebar-style":"default","ast-global-header-display":"","ast-banner-title-visibility":"","ast-main-header-display":"","ast-hfb-above-header-display":"","ast-hfb-below-header-display":"","ast-hfb-mobile-header-display":"","site-post-title":"","ast-breadcrumbs-content":"","ast-featured-img":"","footer-sml-layout":"","theme-transparent-header-meta":"","adv-header-id-meta":"","stick-header-meta":"","header-above-stick-meta":"","header-main-stick-meta":"","header-below-stick-meta":"","astra-migrate-meta-layouts":"set","ast-page-background-enabled":"default","ast-page-background-meta":{"desktop":{"background-color":"var(--ast-global-color-4)","background-image":"","background-repeat":"repeat","background-position":"center center","background-size":"auto","background-attachment":"scroll","background-type":"","background-media":"","overlay-type":"","overlay-color":"","overlay-opacity":"","overlay-gradient":""},"tablet":{"background-color":"","background-image":"","background-repeat":"repeat","background-position":"center center","background-size":"auto","background-attachment":"scroll","background-type":"","background-media":"","overlay-type":"","overlay-color":"","overlay-opacity":"","overlay-gradient":""},"mobile":{"background-color":"","background-image":"","background-repeat":"repeat","background-position":"center center","background-size":"auto","background-attachment":"scroll","background-type":"","background-media":"","overlay-type":"","overlay-color":"","overlay-opacity":"","overlay-gradient":""}},"ast-content-background-meta":{"desktop":{"background-color":"var(--ast-global-color-5)","background-image":"","background-repeat":"repeat","background-position":"center center","background-size":"auto","background-attachment":"scroll","background-type":"","background-media":"","overlay-type":"","overlay-color":"","overlay-opacity":"","overlay-gradient":""},"tablet":{"background-color":"var(--ast-global-color-5)","background-image":"","background-repeat":"repeat","background-position":"center center","background-size":"auto","background-attachment":"scroll","background-type":"","background-media":"","overlay-type":"","overlay-color":"","overlay-opacity":"","overlay-gradient":""},"mobile":{"background-color":"var(--ast-global-color-5)","background-image":"","background-repeat":"repeat","background-position":"center center","background-size":"auto","background-attachment":"scroll","background-type":"","background-media":"","overlay-type":"","overlay-color":"","overlay-opacity":"","overlay-gradient":""}},"footnotes":""},"class_list":["post-14795","page","type-page","status-publish","hentry"],"post_mailing_queue_ids":[],"_links":{"self":[{"href":"https:\/\/serveiseducatius.xtec.cat\/pallars\/wp-json\/wp\/v2\/pages\/14795","targetHints":{"allow":["GET"]}}],"collection":[{"href":"https:\/\/serveiseducatius.xtec.cat\/pallars\/wp-json\/wp\/v2\/pages"}],"about":[{"href":"https:\/\/serveiseducatius.xtec.cat\/pallars\/wp-json\/wp\/v2\/types\/page"}],"author":[{"embeddable":true,"href":"https:\/\/serveiseducatius.xtec.cat\/pallars\/wp-json\/wp\/v2\/users\/1"}],"replies":[{"embeddable":true,"href":"https:\/\/serveiseducatius.xtec.cat\/pallars\/wp-json\/wp\/v2\/comments?post=14795"}],"version-history":[{"count":6,"href":"https:\/\/serveiseducatius.xtec.cat\/pallars\/wp-json\/wp\/v2\/pages\/14795\/revisions"}],"predecessor-version":[{"id":25085,"href":"https:\/\/serveiseducatius.xtec.cat\/pallars\/wp-json\/wp\/v2\/pages\/14795\/revisions\/25085"}],"wp:attachment":[{"href":"https:\/\/serveiseducatius.xtec.cat\/pallars\/wp-json\/wp\/v2\/media?parent=14795"}],"curies":[{"name":"wp","href":"https:\/\/api.w.org\/{rel}","templated":true}]}}