{"id":14792,"date":"2021-01-25T10:29:26","date_gmt":"2021-01-25T09:29:26","guid":{"rendered":"http:\/\/serveiseducatius.xtec.cat\/pallars\/?page_id=14792"},"modified":"2024-02-06T14:59:47","modified_gmt":"2024-02-06T13:59:47","slug":"activitats-geologia-eda-de-tremp","status":"publish","type":"page","link":"https:\/\/serveiseducatius.xtec.cat\/pallars\/activitats-geologia-eda-de-tremp\/","title":{"rendered":"Activitats Geologia. CdA de Tremp"},"content":{"rendered":"<p><a href=\"https:\/\/serveiseducatius.xtec.cat\/pallars\/wp-content\/uploads\/usu1099\/2024\/02\/logo-CdA-4.png\"><img loading=\"lazy\" decoding=\"async\" class=\"wp-image-22626 alignright\" src=\"https:\/\/serveiseducatius.xtec.cat\/pallars\/wp-content\/uploads\/usu1099\/2024\/02\/logo-CdA-4.png\" alt=\"\" width=\"125\" height=\"115\" srcset=\"https:\/\/serveiseducatius.xtec.cat\/pallars\/wp-content\/uploads\/usu1099\/2024\/02\/logo-CdA-4.png 549w, https:\/\/serveiseducatius.xtec.cat\/pallars\/wp-content\/uploads\/usu1099\/2024\/02\/logo-CdA-4-300x275.png 300w\" sizes=\"auto, (max-width: 125px) 100vw, 125px\" \/><\/a><\/p>\n<p>&nbsp;<\/p>\n<table style=\"height: 679px; color: #ffffff; font-weight: bold; width: 57.0186%;\" border=\"0\" cellspacing=\"2\" cellpadding=\"2\">\n<tbody>\n<tr style=\"height: 46px;\">\n<td style=\"height: 82px; background-color: #99310e; width: 454.833px; text-align: center;\" rowspan=\"2\" bgcolor=\"#ad6b51\"><span style=\"color: #ffffff; font-size: x-large;\"><b>Activitats<\/b><\/span><\/td>\n<td style=\"background-color: #99310e; width: 169.117px; text-align: center; height: 49px;\" colspan=\"3\"><b><span style=\"color: #ffffff;\">Prim\u00e0ria<\/span><\/b><\/td>\n<td style=\"height: 49px; background-color: #99310e; width: 105.317px;\" colspan=\"2\" align=\"center\" valign=\"middle\" bgcolor=\"#ad6b51\"><span style=\"color: #ffffff;\"><b>ESO<\/b><\/span><\/td>\n<td style=\"height: 82px; background-color: #99310e; width: 57.2px;\" rowspan=\"2\" bgcolor=\"#ad6b51\"><span style=\"color: #ffffff;\"><b>Batx.<\/b><\/span><\/td>\n<td style=\"text-align: center; height: 49px; background-color: #99310e; width: 105.3px;\" colspan=\"2\" bgcolor=\"#ad6b51\"><span style=\"color: #ffffff;\"><b>Cicles Formatius<\/b><\/span><\/td>\n<\/tr>\n<tr style=\"height: 31px;\">\n<td style=\"width: 56.7167px; background-color: #99310e; text-align: center; height: 33px;\"><b><span style=\"color: #ffffff;\">CI<br \/>\n<\/span><\/b><\/td>\n<td style=\"width: 56.7333px; height: 33px; background-color: #99310e;\" align=\"center\" valign=\"middle\" bgcolor=\"#ad6b51\"><b><span style=\"color: #ffffff;\">\u00a0CM<\/span><\/b><\/td>\n<td style=\"height: 33px; background-color: #99310e; width: 51.6667px;\" align=\"center\" valign=\"middle\" bgcolor=\"#ad6b51\"><span style=\"color: #ffffff;\">CS<\/span><\/td>\n<td style=\"width: 51.65px; height: 33px; background-color: #99310e;\" align=\"center\" valign=\"middle\" bgcolor=\"#ad6b51\"><span style=\"color: #ffffff;\">1r\u00a0 2n<br \/>\n<\/span><\/td>\n<td style=\"width: 51.6667px; height: 33px; background-color: #99310e;\" align=\"center\" valign=\"middle\" bgcolor=\"#ad6b51\"><span style=\"color: #ffffff;\"><b>\u00a03r\u00a0 4t<br \/>\n<\/b><\/span><\/td>\n<td style=\"text-align: center; height: 33px; background-color: #99310e; width: 51.6667px;\" bgcolor=\"#ad6b51\"><span style=\"color: #ffffff;\">GM<\/span><\/td>\n<td style=\"text-align: center; height: 33px; background-color: #99310e; width: 51.6333px;\" bgcolor=\"#ad6b51\"><span style=\"color: #ffffff;\">GS<\/span><\/td>\n<\/tr>\n<tr style=\"height: 40px;\">\n<td style=\"width: 454.833px; background-color: #fad3b4; height: 40px;\">\n<div><a href=\"https:\/\/serveiseducatius.xtec.cat\/cda-tremp\/ambits\/el-bosc\/tremp-ciutat-geologica\/\"><em><strong>Tremp, ciutat geol\u00f2gica.<\/strong><\/em><em>\u00a0<\/em><\/a><\/div>\n<div>Visita a la seu de l&#8217;ICGC<\/div>\n<\/td>\n<td style=\"background-color: #ffe699; width: 56.7167px; height: 40px;\"><\/td>\n<td style=\"background-color: #c6e0b4; width: 56.7333px; height: 40px;\"><\/td>\n<td style=\"background-color: #c6e0b4; width: 51.6667px; height: 40px;\"><\/td>\n<td style=\"background-color: #c6e0b4; width: 51.65px; height: 40px;\"><\/td>\n<td style=\"background-color: #c6e0b4; width: 51.6667px; height: 40px;\"><span style=\"color: #ffffff;\"><b>\u00a0<\/b><\/span><\/td>\n<td style=\"background-color: #c6e0b4; width: 57.2px; height: 40px;\"><\/td>\n<td style=\"background-color: #c6e0b4; width: 51.6667px; height: 40px;\"><\/td>\n<td style=\"background-color: #c6e0b4; width: 51.6333px; height: 40px;\"><\/td>\n<\/tr>\n<tr style=\"height: 47px;\">\n<td style=\"height: 49px; width: 454.833px; background-color: #fad3b4;\" bgcolor=\"#edded8\">\n<div><a href=\"https:\/\/serveiseducatius.xtec.cat\/cda-tremp\/ambits\/el-bosc\/els-fossilslempremta-del-passat\/\"><em><strong>Els f\u00f2ssils, l&#8217;empremta del passat.<\/strong> <\/em><\/a><\/div>\n<div>Taller de paleontologia<\/div>\n<\/td>\n<td style=\"background-color: #f6eeec; width: 56.7167px; height: 49px;\"><\/td>\n<td style=\"background-color: #ffe699; height: 49px; width: 56.7333px;\" bgcolor=\"#f6eeec\"><\/td>\n<td style=\"background-color: #c6e0b4; height: 49px; width: 51.6667px;\" bgcolor=\"#f6eeec\"><\/td>\n<td style=\"background-color: #c6e0b4; height: 49px; width: 51.65px;\" bgcolor=\"#C6E0B4\"><\/td>\n<td style=\"background-color: #c6e0b4; height: 49px; width: 51.6667px;\" bgcolor=\"#C6E0B4\"><span style=\"color: #ffffff;\"><b>\u00a0<\/b><\/span><\/td>\n<td style=\"background-color: #c6e0b4; height: 49px; width: 57.2px;\" bgcolor=\"#F6eeec\"><\/td>\n<td style=\"background-color: #c6e0b4; height: 49px; width: 51.6667px;\" bgcolor=\"#F6eeec\"><\/td>\n<td style=\"background-color: #c6e0b4; height: 49px; width: 51.6333px;\" bgcolor=\"#F6eeec\"><\/td>\n<\/tr>\n<tr style=\"height: 47px;\">\n<td style=\"height: 49px; width: 454.833px; background-color: #fad3b4;\" bgcolor=\"#edded8\">\n<div><a href=\"https:\/\/serveiseducatius.xtec.cat\/cda-tremp\/ambits\/el-bosc\/el-mon-dels-ultims-dinosaures\/\"><em><strong>El m\u00f3n dels \u00faltims dinosaures.<\/strong><\/em><\/a><\/div>\n<div>Estudi dels jaciments d&#8217;Orcau i la Posa<\/div>\n<\/td>\n<td style=\"background-color: #ffe699; width: 56.7167px; height: 49px;\"><\/td>\n<td style=\"background-color: #ffe699; height: 49px; width: 56.7333px;\" bgcolor=\"#edded8\"><\/td>\n<td style=\"background-color: #c6e0b4; height: 49px; width: 51.6667px;\" bgcolor=\"#edded8\"><b>\u00a0<\/b><\/td>\n<td style=\"background-color: #c6e0b4; height: 49px; width: 51.65px;\" bgcolor=\"#F6eeec\"><\/td>\n<td style=\"background-color: #c6e0b4; height: 49px; width: 51.6667px;\" bgcolor=\"#F6eeec\"><span style=\"color: #ffffff;\"><b>\u00a0<\/b><\/span><\/td>\n<td style=\"background-color: #c6e0b4; height: 49px; width: 57.2px;\" bgcolor=\"#F6eeec\"><\/td>\n<td style=\"background-color: #c6e0b4; height: 49px; width: 51.6667px;\" bgcolor=\"#F6eeec\"><\/td>\n<td style=\"background-color: #c6e0b4; height: 49px; width: 51.6333px;\" bgcolor=\"#F6eeec\"><\/td>\n<\/tr>\n<tr style=\"height: 47px;\">\n<td style=\"height: 49px; width: 454.833px; background-color: #fad3b4;\" bgcolor=\"#edded8\">\n<div><a href=\"https:\/\/serveiseducatius.xtec.cat\/cda-tremp\/ambits\/el-bosc\/llegint-les-pedres\/\"><em><strong>Llegint les pedres.<\/strong><\/em><\/a><\/div>\n<div>Itinerari de geologia urbana per Tremp<\/div>\n<\/td>\n<td style=\"background-color: #f6eeec; width: 56.7167px; height: 49px;\"><\/td>\n<td style=\"background-color: #f6eeec; height: 49px; width: 56.7333px;\" bgcolor=\"#edded8\"><\/td>\n<td style=\"background-color: #ffe699; height: 49px; width: 51.6667px;\" bgcolor=\"#edded8\"><\/td>\n<td style=\"background-color: #c6e0b4; height: 49px; width: 51.65px;\" bgcolor=\"#edded8\"><\/td>\n<td style=\"background-color: #c6e0b4; height: 49px; width: 51.6667px;\" bgcolor=\"#edded8\"><b><span style=\"color: #ffffff;\">\u00a0<\/span><\/b><\/td>\n<td style=\"background-color: #c6e0b4; height: 49px; width: 57.2px;\" bgcolor=\"#F6eeec\"><b><span style=\"color: #ffffff;\">\u00a0<\/span><\/b><\/td>\n<td style=\"background-color: #ffe699; height: 49px; width: 51.6667px;\" bgcolor=\"#edded8\"><\/td>\n<td style=\"background-color: #ffe699; height: 49px; width: 51.6333px;\" bgcolor=\"#edded8\"><\/td>\n<\/tr>\n<tr style=\"height: 47px;\">\n<td style=\"height: 65px; width: 454.833px; background-color: #fad3b4;\" bgcolor=\"#edded8\">\n<div>\n<div>\n<div><a href=\"https:\/\/serveiseducatius.xtec.cat\/cda-tremp\/ambits\/el-bosc\/la-pell-de-la-terra\/\"><em><strong>La pell de la Terra.<\/strong><\/em><\/a><\/div>\n<div>Sortida de camp per a la descoberta dels s\u00f2ls i visita a l&#8217;exposici\u00f3 de mon\u00f2lits de s\u00f2ls al CISP<\/div>\n<\/div>\n<\/div>\n<\/td>\n<td style=\"background-color: #f6eeec; width: 56.7167px; height: 65px;\"><\/td>\n<td style=\"background-color: #f6eeec; height: 65px; width: 56.7333px;\" bgcolor=\"#edded8\"><\/td>\n<td style=\"background-color: #ffe699; height: 65px; width: 51.6667px;\" bgcolor=\"#edded8\"><\/td>\n<td style=\"background-color: #c6e0b4; height: 65px; width: 51.65px;\" bgcolor=\"#edded8\"><\/td>\n<td style=\"background-color: #c6e0b4; height: 65px; width: 51.6667px;\" bgcolor=\"#edded8\"><\/td>\n<td style=\"background-color: #c6e0b4; height: 65px; width: 57.2px;\" bgcolor=\"#F6eeec\"><\/td>\n<td style=\"background-color: #ffe699; height: 65px; width: 51.6667px;\" bgcolor=\"#edded8\"><\/td>\n<td style=\"background-color: #ffe699; height: 65px; width: 51.6333px;\" bgcolor=\"#edded8\"><\/td>\n<\/tr>\n<tr style=\"height: 47px;\">\n<td style=\"height: 65px; width: 454.833px; background-color: #fad3b4;\" bgcolor=\"#edded8\">\n<div><a href=\"https:\/\/serveiseducatius.xtec.cat\/cda-tremp\/ambits\/el-bosc\/tot-es-mou\/\"><em><strong>Quan la muntanya es mou.\u00a0<\/strong><\/em><\/a><\/div>\n<div>Itinerari i estudi dels riscos geol\u00f2gics que afecten diferents indrets de la zona<\/div>\n<\/td>\n<td style=\"background-color: #f6eeec; width: 56.7167px; height: 65px;\"><\/td>\n<td style=\"background-color: #f6eeec; height: 65px; width: 56.7333px;\" bgcolor=\"#edded8\"><\/td>\n<td style=\"background-color: #f6eeec; height: 65px; width: 51.6667px;\" bgcolor=\"#edded8\"><\/td>\n<td style=\"background-color: #ffe699; height: 65px; width: 51.65px;\" bgcolor=\"#edded8\"><\/td>\n<td style=\"background-color: #c6e0b4; height: 65px; width: 51.6667px;\" bgcolor=\"#edded8\"><\/td>\n<td style=\"background-color: #c6e0b4; height: 65px; width: 57.2px;\" bgcolor=\"#F6eeec\"><\/td>\n<td style=\"background-color: #c6e0b4; height: 65px; width: 51.6667px;\" bgcolor=\"#F6eeec\"><\/td>\n<td style=\"background-color: #c6e0b4; height: 65px; width: 51.6333px;\" bgcolor=\"#F6eeec\"><\/td>\n<\/tr>\n<tr style=\"height: 47px;\">\n<td style=\"height: 49px; width: 454.833px; background-color: #fad3b4;\" bgcolor=\"#edded8\">\n<div><a href=\"https:\/\/serveiseducatius.xtec.cat\/cda-tremp\/ambits\/el-bosc\/la-memoria-de-la-terra\/\"><em><strong>La mem\u00f2ria de la terra.<\/strong><\/em><\/a><\/div>\n<div>Itinerari geoambiental per la Conca de Dell\u00e0<\/div>\n<\/td>\n<td style=\"background-color: #f6eeec; width: 56.7167px; height: 49px;\"><\/td>\n<td style=\"background-color: #f6eeec; height: 49px; width: 56.7333px;\" bgcolor=\"#edded8\"><\/td>\n<td style=\"background-color: #f6eeec; height: 49px; width: 51.6667px;\" bgcolor=\"#edded8\"><\/td>\n<td style=\"background-color: #ffe699; height: 49px; width: 51.65px;\" bgcolor=\"#edded8\"><\/td>\n<td style=\"background-color: #c6e0b4; height: 49px; width: 51.6667px;\" bgcolor=\"#edded8\"><\/td>\n<td style=\"background-color: #c6e0b4; height: 49px; width: 57.2px;\" bgcolor=\"#edded8\"><\/td>\n<td style=\"background-color: #ffe699; height: 49px; width: 51.6667px;\" bgcolor=\"#F6eeec\"><\/td>\n<td style=\"height: 49px; width: 51.6333px;\" bgcolor=\"#F6eeec\"><\/td>\n<\/tr>\n<tr style=\"height: 47px;\">\n<td style=\"height: 49px; width: 454.833px; background-color: #fad3b4;\" bgcolor=\"#edded8\">\n<div><a href=\"https:\/\/serveiseducatius.xtec.cat\/cda-tremp\/ambits\/el-bosc\/la-interpretacio-geologica-del-paisatge\/\"><em><strong>La interpretaci\u00f3 geol\u00f2gica del paisatge.<\/strong><\/em><\/a><\/div>\n<div>Itinerari geoambiental per la Conca de Dalt<\/div>\n<\/td>\n<td style=\"background-color: #f6eeec; width: 56.7167px; height: 49px;\"><\/td>\n<td style=\"background-color: #f6eeec; height: 49px; width: 56.7333px;\" bgcolor=\"#edded8\"><\/td>\n<td style=\"background-color: #f6eeec; height: 49px; width: 51.6667px;\" bgcolor=\"#edded8\"><\/td>\n<td style=\"background-color: #ffe699; height: 49px; width: 51.65px;\" bgcolor=\"#edded8\"><\/td>\n<td style=\"background-color: #c6e0b4; height: 49px; width: 51.6667px;\" bgcolor=\"#edded8\"><span style=\"color: #ffffff;\"><b>\u00a0<\/b><\/span><\/td>\n<td style=\"background-color: #c6e0b4; height: 49px; width: 57.2px;\" bgcolor=\"#edded8\"><span style=\"color: #ffffff;\"><b>\u00a0<\/b><\/span><\/td>\n<td style=\"background-color: #ffe699; height: 49px; width: 51.6667px;\" bgcolor=\"#edded8\"><\/td>\n<td style=\"background-color: #f6eeec; height: 49px; width: 51.6333px;\" bgcolor=\"#edded8\"><\/td>\n<\/tr>\n<tr style=\"height: 47px;\">\n<td style=\"height: 49px; width: 454.833px; background-color: #fad3b4;\" bgcolor=\"#edded8\">\n<div><a href=\"https:\/\/serveiseducatius.xtec.cat\/cda-tremp\/ambits\/el-bosc\/el-paisatge-ens-parla\/\"><strong><em>El paisatge ens parla.\u00a0<\/em><\/strong><\/a><\/div>\n<div>Itinerari geol\u00f2gic de Tremp a Claret<\/div>\n<\/td>\n<td style=\"background-color: #f6eeec; width: 56.7167px; height: 49px;\"><\/td>\n<td style=\"background-color: #f6eeec; height: 49px; width: 56.7333px;\" bgcolor=\"#edded8\"><\/td>\n<td style=\"background-color: #ffe699; height: 49px; width: 51.6667px;\" bgcolor=\"#edded8\"><\/td>\n<td style=\"background-color: #c6e0b4; height: 49px; width: 51.65px;\" bgcolor=\"#edded8\"><\/td>\n<td style=\"background-color: #c6e0b4; height: 49px; width: 51.6667px;\" bgcolor=\"#edded8\"><\/td>\n<td style=\"background-color: #ffe699; height: 49px; width: 57.2px;\" bgcolor=\"#edded8\"><\/td>\n<td style=\"background-color: #ffe699; height: 49px; width: 51.6667px;\" bgcolor=\"#edded8\"><\/td>\n<td style=\"background-color: #ffe699; height: 49px; width: 51.6333px;\" bgcolor=\"#edded8\"><\/td>\n<\/tr>\n<tr style=\"height: 68px;\">\n<td style=\"width: 454.833px; background-color: #fad3b4; height: 68px;\">\n<div><a href=\"https:\/\/serveiseducatius.xtec.cat\/cda-tremp\/ambits\/el-bosc\/relleus-als-pirineus\/\"><strong><em>Relleus als Pirineus!.<\/em><\/strong><\/a><\/div>\n<div>Taller sobre la formaci\u00f3 del Pirineu i els principals materials geol\u00f2gics de Catalunya<\/div>\n<\/td>\n<td style=\"background-color: #f6eeec; width: 56.7167px; height: 68px;\"><\/td>\n<td style=\"background-color: #ffe699; width: 56.7333px; height: 68px;\"><\/td>\n<td style=\"background-color: #c6e0b4; width: 51.6667px; height: 68px;\"><\/td>\n<td style=\"background-color: #c6e0b4; width: 51.65px; height: 68px;\"><\/td>\n<td style=\"background-color: #ffe699; width: 51.6667px; height: 68px;\"><\/td>\n<td style=\"background-color: #ffe699; width: 57.2px; height: 68px;\"><\/td>\n<td style=\"background-color: #ffe699; width: 51.6667px; height: 68px;\"><\/td>\n<td style=\"background-color: #ffe699; width: 51.6333px; height: 68px;\"><\/td>\n<\/tr>\n<tr style=\"height: 47px;\">\n<td style=\"height: 65px; width: 454.833px; background-color: #fad3b4;\">\n<div><a href=\"https:\/\/serveiseducatius.xtec.cat\/cda-tremp\/ambits\/el-bosc\/amb-tot-el-temps-del-mon-toquem-els-pirineus\/\"><strong><em>Tot el temps del m\u00f3n, toquem els Pirineus.\u00a0<\/em><\/strong><\/a><\/div>\n<div>Activitat a l&#8217;avinguda dels temps geol\u00f2gics i al jard\u00ed de roques del PGOM<\/div>\n<\/td>\n<td style=\"background-color: #f6eeec; width: 56.7167px; height: 65px;\"><\/td>\n<td style=\"background-color: #ffe699; height: 65px; width: 56.7333px;\"><\/td>\n<td style=\"background-color: #c6e0b4; height: 65px; width: 51.6667px;\"><\/td>\n<td style=\"background-color: #c6e0b4; height: 65px; width: 51.65px;\"><\/td>\n<td style=\"background-color: #c6e0b4; height: 65px; width: 51.6667px;\"><\/td>\n<td style=\"background-color: #c6e0b4; height: 65px; width: 57.2px;\"><\/td>\n<td style=\"background-color: #c6e0b4; height: 65px; width: 51.6667px;\"><\/td>\n<td style=\"background-color: #c6e0b4; height: 65px; width: 51.6333px;\"><\/td>\n<\/tr>\n<\/tbody>\n<\/table>\n<p>&nbsp;<\/p>\n<table style=\"height: 77px;\" width=\"295\">\n<tbody>\n<tr>\n<td style=\"width: 50px;\" bgcolor=\"#c6e0b4\"><\/td>\n<td>Oferta recomanada especialment<\/td>\n<\/tr>\n<tr>\n<td bgcolor=\"#ffe699\"><\/td>\n<td>Oferta adaptable<\/td>\n<\/tr>\n<\/tbody>\n<\/table>\n<p>&nbsp;<\/p>\n","protected":false},"excerpt":{"rendered":"<p>&nbsp; Activitats Prim\u00e0ria ESO Batx. Cicles Formatius CI \u00a0CM CS 1r\u00a0 2n \u00a03r\u00a0 4t GM GS Tremp, ciutat geol\u00f2gica.\u00a0 Visita [&hellip;]<\/p>\n","protected":false},"author":1,"featured_media":0,"parent":0,"menu_order":0,"comment_status":"closed","ping_status":"closed","template":"","meta":{"_bbp_topic_count":0,"_bbp_reply_count":0,"_bbp_total_topic_count":0,"_bbp_total_reply_count":0,"_bbp_voice_count":0,"_bbp_anonymous_reply_count":0,"_bbp_topic_count_hidden":0,"_bbp_reply_count_hidden":0,"_bbp_forum_subforum_count":0,"site-sidebar-layout":"default","site-content-layout":"","ast-site-content-layout":"","site-content-style":"default","site-sidebar-style":"default","ast-global-header-display":"","ast-banner-title-visibility":"","ast-main-header-display":"","ast-hfb-above-header-display":"","ast-hfb-below-header-display":"","ast-hfb-mobile-header-display":"","site-post-title":"","ast-breadcrumbs-content":"","ast-featured-img":"","footer-sml-layout":"","theme-transparent-header-meta":"","adv-header-id-meta":"","stick-header-meta":"","header-above-stick-meta":"","header-main-stick-meta":"","header-below-stick-meta":"","astra-migrate-meta-layouts":"default","ast-page-background-enabled":"default","ast-page-background-meta":{"desktop":{"background-color":"var(--ast-global-color-4)","background-image":"","background-repeat":"repeat","background-position":"center center","background-size":"auto","background-attachment":"scroll","background-type":"","background-media":"","overlay-type":"","overlay-color":"","overlay-opacity":"","overlay-gradient":""},"tablet":{"background-color":"","background-image":"","background-repeat":"repeat","background-position":"center center","background-size":"auto","background-attachment":"scroll","background-type":"","background-media":"","overlay-type":"","overlay-color":"","overlay-opacity":"","overlay-gradient":""},"mobile":{"background-color":"","background-image":"","background-repeat":"repeat","background-position":"center center","background-size":"auto","background-attachment":"scroll","background-type":"","background-media":"","overlay-type":"","overlay-color":"","overlay-opacity":"","overlay-gradient":""}},"ast-content-background-meta":{"desktop":{"background-color":"var(--ast-global-color-5)","background-image":"","background-repeat":"repeat","background-position":"center center","background-size":"auto","background-attachment":"scroll","background-type":"","background-media":"","overlay-type":"","overlay-color":"","overlay-opacity":"","overlay-gradient":""},"tablet":{"background-color":"var(--ast-global-color-5)","background-image":"","background-repeat":"repeat","background-position":"center center","background-size":"auto","background-attachment":"scroll","background-type":"","background-media":"","overlay-type":"","overlay-color":"","overlay-opacity":"","overlay-gradient":""},"mobile":{"background-color":"var(--ast-global-color-5)","background-image":"","background-repeat":"repeat","background-position":"center center","background-size":"auto","background-attachment":"scroll","background-type":"","background-media":"","overlay-type":"","overlay-color":"","overlay-opacity":"","overlay-gradient":""}},"footnotes":""},"class_list":["post-14792","page","type-page","status-publish","hentry"],"post_mailing_queue_ids":[],"_links":{"self":[{"href":"https:\/\/serveiseducatius.xtec.cat\/pallars\/wp-json\/wp\/v2\/pages\/14792","targetHints":{"allow":["GET"]}}],"collection":[{"href":"https:\/\/serveiseducatius.xtec.cat\/pallars\/wp-json\/wp\/v2\/pages"}],"about":[{"href":"https:\/\/serveiseducatius.xtec.cat\/pallars\/wp-json\/wp\/v2\/types\/page"}],"author":[{"embeddable":true,"href":"https:\/\/serveiseducatius.xtec.cat\/pallars\/wp-json\/wp\/v2\/users\/1"}],"replies":[{"embeddable":true,"href":"https:\/\/serveiseducatius.xtec.cat\/pallars\/wp-json\/wp\/v2\/comments?post=14792"}],"version-history":[{"count":6,"href":"https:\/\/serveiseducatius.xtec.cat\/pallars\/wp-json\/wp\/v2\/pages\/14792\/revisions"}],"predecessor-version":[{"id":22632,"href":"https:\/\/serveiseducatius.xtec.cat\/pallars\/wp-json\/wp\/v2\/pages\/14792\/revisions\/22632"}],"wp:attachment":[{"href":"https:\/\/serveiseducatius.xtec.cat\/pallars\/wp-json\/wp\/v2\/media?parent=14792"}],"curies":[{"name":"wp","href":"https:\/\/api.w.org\/{rel}","templated":true}]}}