{"id":14319,"date":"2020-12-03T18:10:30","date_gmt":"2020-12-03T17:10:30","guid":{"rendered":"http:\/\/serveiseducatius.xtec.cat\/pallars\/?page_id=14319"},"modified":"2022-02-09T11:02:39","modified_gmt":"2022-02-09T10:02:39","slug":"desembre-2020","status":"publish","type":"page","link":"https:\/\/serveiseducatius.xtec.cat\/pallars\/full-informatiu\/fulls-informatius-2020\/desembre-2020\/","title":{"rendered":"Desembre 2020"},"content":{"rendered":"<p>&nbsp;<\/p>\n<table style=\"height: 382px; border-style: none; width: 776px;\" border=\"0\" width=\"776\">\n<tbody>\n<tr style=\"height: 142px;\">\n<td style=\"width: 259px; height: 142px; border-style: none; background-color: #f5eadf; text-align: center;\" scope=\"row\" height=\"124\"><a href=\"https:\/\/serveiseducatius.xtec.cat\/pallars\/general\/presentacio-virtual-del-19e-pla-comarcal-jussaeducacio\/\"><img loading=\"lazy\" decoding=\"async\" class=\"alignnone size-full wp-image-14431\" src=\"https:\/\/serveiseducatius.xtec.cat\/pallars\/wp-content\/uploads\/usu1099\/2020\/12\/presentaci\u00f3-pla-comarcal.png\" alt=\"\" width=\"222\" height=\"122\" \/><\/a><\/td>\n<td style=\"width: 252px; height: 142px; border-style: none; text-align: center;\" align=\"center\"><a href=\"https:\/\/serveiseducatius.xtec.cat\/pallars\/general\/ara-tambe-ens-trobareu-al-movil-o-al-whatsapp\/\"><img loading=\"lazy\" decoding=\"async\" class=\"alignnone size-full wp-image-14321\" src=\"https:\/\/serveiseducatius.xtec.cat\/pallars\/wp-content\/uploads\/usu1099\/2020\/11\/telefon.png\" alt=\"\" width=\"222\" height=\"123\" \/><\/a><\/td>\n<td style=\"width: 257px; height: 142px; border-style: none; background-color: #f5eadf; text-align: center;\"><a href=\"https:\/\/serveiseducatius.xtec.cat\/pallars\/general\/nova-maleta-de-lectura-matematica-mathpallars\/\"><img loading=\"lazy\" decoding=\"async\" class=\"alignnone size-full wp-image-11865\" src=\"https:\/\/serveiseducatius.xtec.cat\/pallars\/wp-content\/uploads\/usu1099\/2019\/10\/Sin-t\u00edtulo-1.png\" alt=\"\" width=\"225\" height=\"122\" \/><\/a><\/td>\n<\/tr>\n<tr style=\"height: 49px;\">\n<td style=\"width: 259px; height: 49px; border-style: none; background-color: #f5eadf; text-align: center;\" scope=\"row\" height=\"21\"><a href=\"https:\/\/serveiseducatius.xtec.cat\/pallars\/general\/presentacio-virtual-del-19e-pla-comarcal-jussaeducacio\/\"><strong>Presentaci\u00f3 del<br \/>\n19\u00e8 Pla Comarcal JussaEducaci\u00f3<\/strong><\/a><\/td>\n<td style=\"width: 252px; height: 49px; border-style: none; text-align: center;\"><a href=\"https:\/\/serveiseducatius.xtec.cat\/pallars\/general\/ara-tambe-ens-trobareu-al-movil-o-al-whatsapp\/\"><strong>Nous\u00a0<\/strong><b>tel\u00e8fons m\u00f2bils als CRP<\/b><\/a><\/td>\n<td style=\"width: 257px; height: 49px; border-style: none; background-color: #f5eadf; text-align: center;\"><a href=\"https:\/\/serveiseducatius.xtec.cat\/pallars\/general\/nova-maleta-de-lectura-matematica-mathpallars\/\"><strong><b>Nova Maleta de<br \/>\nlectures matem\u00e0tiques<\/b><\/strong><\/a><\/td>\n<\/tr>\n<tr style=\"height: 33px;\">\n<td style=\"width: 259px; height: 33px; border-style: none; text-align: center;\" scope=\"row\"><a href=\"https:\/\/serveiseducatius.xtec.cat\/pallars\/general\/nous-robots\/\"><img loading=\"lazy\" decoding=\"async\" class=\"alignnone size-full wp-image-14359\" src=\"https:\/\/serveiseducatius.xtec.cat\/pallars\/wp-content\/uploads\/usu1099\/2020\/12\/robots.png\" alt=\"\" width=\"222\" height=\"122\" \/><\/a><\/td>\n<td style=\"width: 252px; height: 33px; border-style: none; background-color: #f5eadf; text-align: center;\"><a href=\"https:\/\/serveiseducatius.xtec.cat\/pallars\/general\/fotografia-lemprenedoria-2021\/\"><img loading=\"lazy\" decoding=\"async\" class=\"alignnone size-full wp-image-14432\" src=\"https:\/\/serveiseducatius.xtec.cat\/pallars\/wp-content\/uploads\/usu1099\/2020\/12\/fotografia-emprenedoria.png\" alt=\"\" width=\"222\" height=\"122\" \/><\/a><\/td>\n<td style=\"width: 257px; height: 33px; border-style: none; text-align: center;\"><a href=\"https:\/\/serveiseducatius.xtec.cat\/pallars\/general\/animacio-a-la-lectura\/\"><img loading=\"lazy\" decoding=\"async\" class=\"alignnone size-full wp-image-14364\" src=\"https:\/\/serveiseducatius.xtec.cat\/pallars\/wp-content\/uploads\/usu1099\/2020\/12\/animaci\u00f3-a-la-lectura.png\" alt=\"\" width=\"222\" height=\"119\" \/><\/a><\/td>\n<\/tr>\n<tr style=\"height: 33px;\">\n<td style=\"width: 259px; height: 33px; border-style: none; text-align: center;\" scope=\"row\" height=\"21\"><strong><a href=\"https:\/\/serveiseducatius.xtec.cat\/pallars\/general\/nous-robots\/\">Nous Robots<\/a><\/strong><\/td>\n<td style=\"width: 252px; height: 33px; border-style: none; background-color: #f5eadf; text-align: center;\"><a href=\"https:\/\/serveiseducatius.xtec.cat\/pallars\/general\/fotografia-lemprenedoria-2021\/\"><strong>\u00a0Concurs a Instagram<br \/>\nFotografiem l&#8217;emprenedoria 2021<\/strong><\/a><\/td>\n<td style=\"width: 257px; height: 33px; border-style: none; text-align: center;\"><a href=\"https:\/\/serveiseducatius.xtec.cat\/pallars\/general\/animacio-a-la-lectura\/\"><b>Animaci\u00f3 a la lectura<br \/>\nBiblioteca P\u00fablica Maria Barbal<\/b><\/a><\/td>\n<\/tr>\n<tr style=\"height: 33px;\">\n<td style=\"width: 259px; height: 33px; border-style: none; background-color: #f5eadf; text-align: center;\" scope=\"row\"><a href=\"https:\/\/serveiseducatius.xtec.cat\/pallars\/general\/convocatoria-de-reconeixement-de-projectes-dinnovacio-pedagogica\/\"><img loading=\"lazy\" decoding=\"async\" class=\"alignnone size-full wp-image-14322\" src=\"https:\/\/serveiseducatius.xtec.cat\/pallars\/wp-content\/uploads\/usu1099\/2020\/11\/projectes-dinnovaci\u00f3.png\" alt=\"\" width=\"222\" height=\"122\" \/><\/a><\/td>\n<td style=\"width: 252px; height: 33px; border-style: none; text-align: center;\"><a href=\"https:\/\/serveiseducatius.xtec.cat\/pallars\/general\/jornades-virtuals-catedra-pirineus-udl\/\"><img loading=\"lazy\" decoding=\"async\" class=\"alignnone size-full wp-image-14433\" src=\"https:\/\/serveiseducatius.xtec.cat\/pallars\/wp-content\/uploads\/usu1099\/2020\/12\/maletes-udl.png\" alt=\"\" width=\"222\" height=\"123\" \/><\/a><\/td>\n<td style=\"width: 257px; height: 33px; border-style: none; background-color: #f5eadf; text-align: center;\"><a href=\"https:\/\/projectes.xtec.cat\/acollidasuport\/portada\/mes-dun-nadal-a-laula\/\"><img loading=\"lazy\" decoding=\"async\" class=\"alignnone size-full wp-image-14390\" src=\"https:\/\/serveiseducatius.xtec.cat\/pallars\/wp-content\/uploads\/usu1099\/2020\/12\/M\u00e9s-dun-nadal-a-laula.png\" alt=\"\" width=\"222\" height=\"122\" \/><\/a><\/td>\n<\/tr>\n<tr style=\"height: 33px;\">\n<td style=\"width: 259px; height: 33px; border-style: none; background-color: #f5eadf; text-align: center;\" scope=\"row\"><a href=\"https:\/\/serveiseducatius.xtec.cat\/pallars\/general\/convocatoria-de-reconeixement-de-projectes-dinnovacio-pedagogica\/\"><span style=\"font-family: helvetica, arial, sans-serif;\"><strong>Reconeixement<br \/>\nprojectes\u00a0<\/strong><\/span><span style=\"font-family: helvetica, arial, sans-serif;\"><b>d&#8217;innovaci\u00f3<\/b><\/span><\/a><\/td>\n<td style=\"width: 252px; height: 33px; border-style: none; text-align: center;\"><a href=\"https:\/\/serveiseducatius.xtec.cat\/pallars\/general\/jornades-virtuals-catedra-pirineus-udl\/\">Jornades virtuals C\u00e0tedra Pirineus<br \/>\nPresentaci\u00f3de maletes<\/a><\/td>\n<td style=\"width: 257px; height: 33px; border-style: none; background-color: #f5eadf; text-align: center;\"><a href=\"https:\/\/projectes.xtec.cat\/acollidasuport\/portada\/mes-dun-nadal-a-laula\/\"><b>\u00a0<\/b><strong>M\u00e9s d&#8217;un Nadal a l&#8217;aula<br \/>\n<\/strong><\/a><\/td>\n<\/tr>\n<\/tbody>\n<\/table>\n","protected":false},"excerpt":{"rendered":"<p>&nbsp; Presentaci\u00f3 del 19\u00e8 Pla Comarcal JussaEducaci\u00f3 Nous\u00a0tel\u00e8fons m\u00f2bils als CRP Nova Maleta de lectures matem\u00e0tiques Nous Robots \u00a0Concurs a [&hellip;]<\/p>\n","protected":false},"author":1,"featured_media":0,"parent":17694,"menu_order":13,"comment_status":"closed","ping_status":"closed","template":"page-templates\/side-menu.php","meta":{"_bbp_topic_count":0,"_bbp_reply_count":0,"_bbp_total_topic_count":0,"_bbp_total_reply_count":0,"_bbp_voice_count":0,"_bbp_anonymous_reply_count":0,"_bbp_topic_count_hidden":0,"_bbp_reply_count_hidden":0,"_bbp_forum_subforum_count":0,"site-sidebar-layout":"default","site-content-layout":"","ast-site-content-layout":"","site-content-style":"default","site-sidebar-style":"default","ast-global-header-display":"","ast-banner-title-visibility":"","ast-main-header-display":"","ast-hfb-above-header-display":"","ast-hfb-below-header-display":"","ast-hfb-mobile-header-display":"","site-post-title":"","ast-breadcrumbs-content":"","ast-featured-img":"","footer-sml-layout":"","theme-transparent-header-meta":"","adv-header-id-meta":"","stick-header-meta":"","header-above-stick-meta":"","header-main-stick-meta":"","header-below-stick-meta":"","astra-migrate-meta-layouts":"default","ast-page-background-enabled":"default","ast-page-background-meta":{"desktop":{"background-color":"var(--ast-global-color-4)","background-image":"","background-repeat":"repeat","background-position":"center center","background-size":"auto","background-attachment":"scroll","background-type":"","background-media":"","overlay-type":"","overlay-color":"","overlay-opacity":"","overlay-gradient":""},"tablet":{"background-color":"","background-image":"","background-repeat":"repeat","background-position":"center center","background-size":"auto","background-attachment":"scroll","background-type":"","background-media":"","overlay-type":"","overlay-color":"","overlay-opacity":"","overlay-gradient":""},"mobile":{"background-color":"","background-image":"","background-repeat":"repeat","background-position":"center center","background-size":"auto","background-attachment":"scroll","background-type":"","background-media":"","overlay-type":"","overlay-color":"","overlay-opacity":"","overlay-gradient":""}},"ast-content-background-meta":{"desktop":{"background-color":"var(--ast-global-color-5)","background-image":"","background-repeat":"repeat","background-position":"center center","background-size":"auto","background-attachment":"scroll","background-type":"","background-media":"","overlay-type":"","overlay-color":"","overlay-opacity":"","overlay-gradient":""},"tablet":{"background-color":"var(--ast-global-color-5)","background-image":"","background-repeat":"repeat","background-position":"center center","background-size":"auto","background-attachment":"scroll","background-type":"","background-media":"","overlay-type":"","overlay-color":"","overlay-opacity":"","overlay-gradient":""},"mobile":{"background-color":"var(--ast-global-color-5)","background-image":"","background-repeat":"repeat","background-position":"center center","background-size":"auto","background-attachment":"scroll","background-type":"","background-media":"","overlay-type":"","overlay-color":"","overlay-opacity":"","overlay-gradient":""}},"footnotes":""},"class_list":["post-14319","page","type-page","status-publish","hentry"],"post_mailing_queue_ids":[],"_links":{"self":[{"href":"https:\/\/serveiseducatius.xtec.cat\/pallars\/wp-json\/wp\/v2\/pages\/14319","targetHints":{"allow":["GET"]}}],"collection":[{"href":"https:\/\/serveiseducatius.xtec.cat\/pallars\/wp-json\/wp\/v2\/pages"}],"about":[{"href":"https:\/\/serveiseducatius.xtec.cat\/pallars\/wp-json\/wp\/v2\/types\/page"}],"author":[{"embeddable":true,"href":"https:\/\/serveiseducatius.xtec.cat\/pallars\/wp-json\/wp\/v2\/users\/1"}],"replies":[{"embeddable":true,"href":"https:\/\/serveiseducatius.xtec.cat\/pallars\/wp-json\/wp\/v2\/comments?post=14319"}],"version-history":[{"count":3,"href":"https:\/\/serveiseducatius.xtec.cat\/pallars\/wp-json\/wp\/v2\/pages\/14319\/revisions"}],"predecessor-version":[{"id":16886,"href":"https:\/\/serveiseducatius.xtec.cat\/pallars\/wp-json\/wp\/v2\/pages\/14319\/revisions\/16886"}],"up":[{"embeddable":true,"href":"https:\/\/serveiseducatius.xtec.cat\/pallars\/wp-json\/wp\/v2\/pages\/17694"}],"wp:attachment":[{"href":"https:\/\/serveiseducatius.xtec.cat\/pallars\/wp-json\/wp\/v2\/media?parent=14319"}],"curies":[{"name":"wp","href":"https:\/\/api.w.org\/{rel}","templated":true}]}}