{"id":14122,"date":"2020-11-05T10:09:46","date_gmt":"2020-11-05T09:09:46","guid":{"rendered":"http:\/\/serveiseducatius.xtec.cat\/pallars\/?page_id=14122"},"modified":"2022-02-09T11:08:13","modified_gmt":"2022-02-09T10:08:13","slug":"novembre-2020","status":"publish","type":"page","link":"https:\/\/serveiseducatius.xtec.cat\/pallars\/full-informatiu\/fulls-informatius-2020\/novembre-2020\/","title":{"rendered":"Novembre 2020"},"content":{"rendered":"<p>&nbsp;<\/p>\n<table style=\"height: 443px; border-style: none; width: 776px;\" border=\"0\" width=\"776\">\n<tbody>\n<tr style=\"height: 142px;\">\n<td style=\"width: 259px; height: 142px; border-style: none; background-color: #f5eadf; text-align: center;\" scope=\"row\" height=\"124\"><a href=\"https:\/\/serveiseducatius.xtec.cat\/pallars\/recursos\/maletes-pedagogiques\/emocions-i-coeducacio\/\"><img loading=\"lazy\" decoding=\"async\" class=\"alignnone size-full wp-image-14125\" src=\"https:\/\/serveiseducatius.xtec.cat\/pallars\/wp-content\/uploads\/usu1099\/2020\/11\/maletes-coeducaci\u00f3-i-emocions.png\" alt=\"\" width=\"222\" height=\"122\" \/><\/a><\/td>\n<td style=\"width: 252px; height: 142px; border-style: none; text-align: center;\" align=\"center\"><a href=\"https:\/\/blocs.xtec.cat\/coeducacioiigualtat\/\"><img loading=\"lazy\" decoding=\"async\" class=\"alignnone size-full wp-image-14126\" src=\"https:\/\/serveiseducatius.xtec.cat\/pallars\/wp-content\/uploads\/usu1099\/2020\/11\/Coeducat.png\" alt=\"\" width=\"223\" height=\"122\" \/><\/a><\/td>\n<td style=\"width: 257px; height: 142px; border-style: none; background-color: #f5eadf; text-align: center;\"><a href=\"https:\/\/serveiseducatius.xtec.cat\/pallars\/general\/nova-maleta-de-lectura-matematica-mathpallars\/\"><img loading=\"lazy\" decoding=\"async\" class=\"alignnone size-full wp-image-11865\" src=\"https:\/\/serveiseducatius.xtec.cat\/pallars\/wp-content\/uploads\/usu1099\/2019\/10\/Sin-t\u00edtulo-1.png\" alt=\"\" width=\"225\" height=\"122\" \/><\/a><\/td>\n<\/tr>\n<tr style=\"height: 49px;\">\n<td style=\"width: 259px; height: 49px; border-style: none; background-color: #f5eadf; text-align: center;\" scope=\"row\" height=\"21\"><strong><a href=\"https:\/\/serveiseducatius.xtec.cat\/pallars\/recursos\/maletes-pedagogiques\/emocions-i-coeducacio\/\">Maletes Coeducaci\u00f3 i Emocions<br \/>\ndel SE dels Pallars<\/a><br \/>\n<\/strong><\/td>\n<td style=\"width: 252px; height: 49px; border-style: none; text-align: center;\"><a href=\"https:\/\/blocs.xtec.cat\/coeducacioiigualtat\/\"><b>Bloc Coeduca&#8217;t<\/b><\/a><\/td>\n<td style=\"width: 257px; height: 49px; border-style: none; background-color: #f5eadf; text-align: center;\"><a href=\"https:\/\/serveiseducatius.xtec.cat\/pallars\/general\/nova-maleta-de-lectura-matematica-mathpallars\/\"><strong>Maleta de lectura<br \/>\nmatem\u00e0tiques<\/strong><\/a><\/td>\n<\/tr>\n<tr style=\"height: 33px;\">\n<td style=\"width: 259px; height: 33px; border-style: none; text-align: center;\" scope=\"row\"><a href=\"https:\/\/serveiseducatius.xtec.cat\/pallars\/general\/teatre-forum-edicio-online\/\"><img loading=\"lazy\" decoding=\"async\" class=\"alignnone size-full wp-image-14127\" src=\"https:\/\/serveiseducatius.xtec.cat\/pallars\/wp-content\/uploads\/usu1099\/2020\/11\/Teatre-forum-online.png\" alt=\"\" width=\"222\" height=\"122\" \/><\/a><\/td>\n<td style=\"width: 252px; height: 33px; border-style: none; background-color: #f5eadf; text-align: center;\"><a href=\"https:\/\/drive.google.com\/file\/d\/1ZrgntAwB93ol7AvPTWygYrJNlAa6Vs29\/view?usp=sharing\"><img loading=\"lazy\" decoding=\"async\" class=\"alignnone size-full wp-image-14128\" src=\"https:\/\/serveiseducatius.xtec.cat\/pallars\/wp-content\/uploads\/usu1099\/2020\/11\/dinamitzem.png\" alt=\"\" width=\"222\" height=\"122\" \/><\/a><\/td>\n<td style=\"width: 257px; height: 33px; border-style: none; text-align: center;\"><a href=\"https:\/\/serveiseducatius.xtec.cat\/pallars\/general\/agroecologia-escolar\/\"><img loading=\"lazy\" decoding=\"async\" class=\"alignnone size-full wp-image-14130\" src=\"https:\/\/serveiseducatius.xtec.cat\/pallars\/wp-content\/uploads\/usu1099\/2020\/11\/agroecologia.png\" alt=\"\" width=\"222\" height=\"122\" \/><\/a><\/td>\n<\/tr>\n<tr style=\"height: 33px;\">\n<td style=\"width: 259px; height: 33px; border-style: none; text-align: center;\" scope=\"row\" height=\"21\"><a href=\"https:\/\/serveiseducatius.xtec.cat\/pallars\/general\/teatre-forum-edicio-online\/\"><strong><b>M\u00e9s informaci\u00f3<\/b><\/strong><\/a><\/td>\n<td style=\"width: 252px; height: 33px; border-style: none; background-color: #f5eadf; text-align: center;\"><strong><a href=\"https:\/\/drive.google.com\/file\/d\/1ZrgntAwB93ol7AvPTWygYrJNlAa6Vs29\/view?usp=sharing\">Enlla\u00e7 al document<\/a><br \/>\n<\/strong><\/td>\n<td style=\"width: 257px; height: 33px; border-style: none; text-align: center;\"><a href=\"https:\/\/serveiseducatius.xtec.cat\/pallars\/general\/agroecologia-escolar\/\"><span style=\"font-family: helvetica, arial, sans-serif;\"><strong>M\u00e9s informaci\u00f3<\/strong><\/span><\/a><\/td>\n<\/tr>\n<tr style=\"height: 33px;\">\n<td style=\"width: 259px; height: 33px; border-style: none; background-color: #f5eadf; text-align: center;\" scope=\"row\"><a href=\"https:\/\/serveiseducatius.xtec.cat\/pallars\/general\/projecte-bosc-i-sostenibilitat\/\"><img loading=\"lazy\" decoding=\"async\" class=\"alignnone size-full wp-image-14129\" src=\"https:\/\/serveiseducatius.xtec.cat\/pallars\/wp-content\/uploads\/usu1099\/2020\/11\/Projecte-boscos.png\" alt=\"\" width=\"223\" height=\"122\" \/><\/a><\/td>\n<td style=\"width: 252px; height: 33px; border-style: none; text-align: center;\"><a href=\"https:\/\/serveiseducatius.xtec.cat\/pallars\/general\/sessions-de-divulgacio-adrecades-a-centres-educatius-de-secundaria-aquesta-marato-toca-a-tothom\/\"><img loading=\"lazy\" decoding=\"async\" class=\"alignnone size-full wp-image-14131\" src=\"https:\/\/serveiseducatius.xtec.cat\/pallars\/wp-content\/uploads\/usu1099\/2020\/11\/marat\u00f3.png\" alt=\"\" width=\"222\" height=\"122\" \/><\/a><\/td>\n<td style=\"width: 257px; height: 33px; border-style: none; background-color: #f5eadf; text-align: center;\"><a href=\"https:\/\/setmanaciencia.fundaciorecerca.cat\/frontend\/\"><img loading=\"lazy\" decoding=\"async\" class=\"alignnone size-full wp-image-14132\" src=\"https:\/\/serveiseducatius.xtec.cat\/pallars\/wp-content\/uploads\/usu1099\/2020\/11\/Setmana-de-la-ciencia.png\" alt=\"\" width=\"222\" height=\"122\" \/><\/a><\/td>\n<\/tr>\n<tr style=\"height: 33px;\">\n<td style=\"width: 259px; height: 33px; border-style: none; background-color: #f5eadf; text-align: center;\" scope=\"row\"><strong><a href=\"https:\/\/serveiseducatius.xtec.cat\/pallars\/general\/projecte-bosc-i-sostenibilitat\/\">M\u00e9s informaci\u00f3<\/a><br \/>\n<\/strong><\/td>\n<td style=\"width: 252px; height: 33px; border-style: none; text-align: center;\"><a href=\"https:\/\/serveiseducatius.xtec.cat\/pallars\/general\/sessions-de-divulgacio-adrecades-a-centres-educatius-de-secundaria-aquesta-marato-toca-a-tothom\/\"><b style=\"font-weight: bold;\">M\u00e9s\u00a0<\/b><b>informaci\u00f3<\/b><\/a><\/td>\n<td style=\"width: 257px; height: 33px; border-style: none; background-color: #f5eadf; text-align: center;\"><a href=\"https:\/\/setmanaciencia.fundaciorecerca.cat\/frontend\/\"><strong><b>M\u00e9s\u00a0<\/b><\/strong><b>informaci\u00f3<\/b><\/a><\/td>\n<\/tr>\n<tr style=\"height: 30px;\">\n<td style=\"width: 259px; border-style: none; background-color: #ffffff; height: 30px; text-align: center;\"><a href=\"https:\/\/serveiseducatius.xtec.cat\/pallars\/general\/5e-edicio-de-la-robocat\/\"><strong><img loading=\"lazy\" decoding=\"async\" class=\"alignnone size-full wp-image-14133\" src=\"https:\/\/serveiseducatius.xtec.cat\/pallars\/wp-content\/uploads\/usu1099\/2020\/11\/robocat.png\" alt=\"\" width=\"222\" height=\"122\" \/><\/strong><\/a><\/td>\n<td style=\"width: 252px; border-style: none; height: 30px; background-color: #f5eadf; text-align: center;\"><a href=\"https:\/\/filmoteca.cat\/web\/ca\/article\/maleta-didactica-online-7-de-cinema\"><strong><b><img loading=\"lazy\" decoding=\"async\" class=\"alignnone size-full wp-image-14134\" src=\"https:\/\/serveiseducatius.xtec.cat\/pallars\/wp-content\/uploads\/usu1099\/2020\/11\/set-de-cinema.png\" alt=\"\" width=\"222\" height=\"122\" \/><\/b><\/strong><\/a><\/td>\n<td style=\"width: 257px; border-style: none; height: 30px; text-align: center;\"><a href=\"https:\/\/serveiseducatius.xtec.cat\/pallars\/general\/xv-premi-sambori-2021\/\"><strong><b><img loading=\"lazy\" decoding=\"async\" class=\"alignnone size-full wp-image-14135\" src=\"https:\/\/serveiseducatius.xtec.cat\/pallars\/wp-content\/uploads\/usu1099\/2020\/11\/premis-sambori.png\" alt=\"\" width=\"222\" height=\"122\" \/><\/b><\/strong><\/a><\/td>\n<\/tr>\n<tr style=\"height: 30px;\">\n<td style=\"width: 259px; border-style: none; background-color: #f7f7f7; text-align: center; height: 30px;\"><a href=\"https:\/\/serveiseducatius.xtec.cat\/pallars\/general\/5e-edicio-de-la-robocat\/\"><strong>\u00a0M\u00e9s informaci\u00f3<\/strong><\/a><\/td>\n<td style=\"width: 252px; border-style: none; height: 30px; background-color: #f5eadf; text-align: center;\"><a href=\"https:\/\/filmoteca.cat\/web\/ca\/article\/maleta-didactica-online-7-de-cinema\"><strong><b>M\u00e9s Informaci\u00f3\u00a0<\/b><\/strong><\/a><\/td>\n<td style=\"width: 257px; border-style: none; background-color: #f7f7f7; height: 30px; text-align: center;\"><a href=\"https:\/\/serveiseducatius.xtec.cat\/pallars\/general\/xv-premi-sambori-2021\/\"><strong><b>M\u00e9s informaci\u00f3\u00a0<\/b><\/strong><\/a><\/td>\n<\/tr>\n<\/tbody>\n<\/table>\n","protected":false},"excerpt":{"rendered":"<p>&nbsp; Maletes Coeducaci\u00f3 i Emocions del SE dels Pallars Bloc Coeduca&#8217;t Maleta de lectura matem\u00e0tiques M\u00e9s informaci\u00f3 Enlla\u00e7 al document [&hellip;]<\/p>\n","protected":false},"author":1,"featured_media":0,"parent":17694,"menu_order":12,"comment_status":"closed","ping_status":"closed","template":"page-templates\/side-menu.php","meta":{"_bbp_topic_count":0,"_bbp_reply_count":0,"_bbp_total_topic_count":0,"_bbp_total_reply_count":0,"_bbp_voice_count":0,"_bbp_anonymous_reply_count":0,"_bbp_topic_count_hidden":0,"_bbp_reply_count_hidden":0,"_bbp_forum_subforum_count":0,"site-sidebar-layout":"default","site-content-layout":"","ast-site-content-layout":"","site-content-style":"default","site-sidebar-style":"default","ast-global-header-display":"","ast-banner-title-visibility":"","ast-main-header-display":"","ast-hfb-above-header-display":"","ast-hfb-below-header-display":"","ast-hfb-mobile-header-display":"","site-post-title":"","ast-breadcrumbs-content":"","ast-featured-img":"","footer-sml-layout":"","theme-transparent-header-meta":"","adv-header-id-meta":"","stick-header-meta":"","header-above-stick-meta":"","header-main-stick-meta":"","header-below-stick-meta":"","astra-migrate-meta-layouts":"default","ast-page-background-enabled":"default","ast-page-background-meta":{"desktop":{"background-color":"var(--ast-global-color-4)","background-image":"","background-repeat":"repeat","background-position":"center center","background-size":"auto","background-attachment":"scroll","background-type":"","background-media":"","overlay-type":"","overlay-color":"","overlay-opacity":"","overlay-gradient":""},"tablet":{"background-color":"","background-image":"","background-repeat":"repeat","background-position":"center center","background-size":"auto","background-attachment":"scroll","background-type":"","background-media":"","overlay-type":"","overlay-color":"","overlay-opacity":"","overlay-gradient":""},"mobile":{"background-color":"","background-image":"","background-repeat":"repeat","background-position":"center center","background-size":"auto","background-attachment":"scroll","background-type":"","background-media":"","overlay-type":"","overlay-color":"","overlay-opacity":"","overlay-gradient":""}},"ast-content-background-meta":{"desktop":{"background-color":"var(--ast-global-color-5)","background-image":"","background-repeat":"repeat","background-position":"center center","background-size":"auto","background-attachment":"scroll","background-type":"","background-media":"","overlay-type":"","overlay-color":"","overlay-opacity":"","overlay-gradient":""},"tablet":{"background-color":"var(--ast-global-color-5)","background-image":"","background-repeat":"repeat","background-position":"center center","background-size":"auto","background-attachment":"scroll","background-type":"","background-media":"","overlay-type":"","overlay-color":"","overlay-opacity":"","overlay-gradient":""},"mobile":{"background-color":"var(--ast-global-color-5)","background-image":"","background-repeat":"repeat","background-position":"center center","background-size":"auto","background-attachment":"scroll","background-type":"","background-media":"","overlay-type":"","overlay-color":"","overlay-opacity":"","overlay-gradient":""}},"footnotes":""},"class_list":["post-14122","page","type-page","status-publish","hentry"],"post_mailing_queue_ids":[],"_links":{"self":[{"href":"https:\/\/serveiseducatius.xtec.cat\/pallars\/wp-json\/wp\/v2\/pages\/14122","targetHints":{"allow":["GET"]}}],"collection":[{"href":"https:\/\/serveiseducatius.xtec.cat\/pallars\/wp-json\/wp\/v2\/pages"}],"about":[{"href":"https:\/\/serveiseducatius.xtec.cat\/pallars\/wp-json\/wp\/v2\/types\/page"}],"author":[{"embeddable":true,"href":"https:\/\/serveiseducatius.xtec.cat\/pallars\/wp-json\/wp\/v2\/users\/1"}],"replies":[{"embeddable":true,"href":"https:\/\/serveiseducatius.xtec.cat\/pallars\/wp-json\/wp\/v2\/comments?post=14122"}],"version-history":[{"count":3,"href":"https:\/\/serveiseducatius.xtec.cat\/pallars\/wp-json\/wp\/v2\/pages\/14122\/revisions"}],"predecessor-version":[{"id":14228,"href":"https:\/\/serveiseducatius.xtec.cat\/pallars\/wp-json\/wp\/v2\/pages\/14122\/revisions\/14228"}],"up":[{"embeddable":true,"href":"https:\/\/serveiseducatius.xtec.cat\/pallars\/wp-json\/wp\/v2\/pages\/17694"}],"wp:attachment":[{"href":"https:\/\/serveiseducatius.xtec.cat\/pallars\/wp-json\/wp\/v2\/media?parent=14122"}],"curies":[{"name":"wp","href":"https:\/\/api.w.org\/{rel}","templated":true}]}}