{"id":14082,"date":"2020-10-02T16:06:02","date_gmt":"2020-10-02T14:06:02","guid":{"rendered":"http:\/\/serveiseducatius.xtec.cat\/pallars\/?page_id=14082"},"modified":"2022-02-09T11:52:52","modified_gmt":"2022-02-09T10:52:52","slug":"octubre-2020","status":"publish","type":"page","link":"https:\/\/serveiseducatius.xtec.cat\/pallars\/full-informatiu\/fulls-informatius-2020\/octubre-2020\/","title":{"rendered":"Octubre 2020"},"content":{"rendered":"<p>&nbsp;<\/p>\n<table style=\"height: 335px; border-style: none; width: 776px;\" border=\"0\" width=\"776\">\n<tbody>\n<tr style=\"height: 142px;\">\n<td style=\"width: 258.167px; height: 142px; border-style: none; background-color: #f5eadf; text-align: center;\" scope=\"row\" height=\"124\"><a href=\"https:\/\/serveiseducatius.xtec.cat\/pallars\/general\/jornada-virtual-de-biblioteca-publica-i-centres-educatius-dels-pallars-i-alta-ribagorca\/\"><img loading=\"lazy\" decoding=\"async\" class=\"alignnone size-full wp-image-13926\" src=\"https:\/\/serveiseducatius.xtec.cat\/pallars\/wp-content\/uploads\/usu1099\/2020\/09\/jornada-de-biblioteca-pw.png\" alt=\"\" width=\"220\" height=\"122\" \/><\/a><\/td>\n<td style=\"width: 252.483px; height: 142px; border-style: none; text-align: center;\" align=\"center\"><a href=\"https:\/\/serveiseducatius.xtec.cat\/pallars\/general\/oferta-formativa-2020-2021\/\"><img loading=\"lazy\" decoding=\"async\" class=\"alignnone size-full wp-image-14091\" src=\"https:\/\/serveiseducatius.xtec.cat\/pallars\/wp-content\/uploads\/usu1099\/2020\/10\/fromaci\u00f3.png\" alt=\"\" width=\"222\" height=\"123\" \/><\/a><\/td>\n<td style=\"width: 255.35px; height: 142px; border-style: none; background-color: #f5eadf; text-align: center;\"><a href=\"https:\/\/serveiseducatius.xtec.cat\/pallars\/portada\/xvii-certamen-de-lectura-en-veu-alta\/\"><img loading=\"lazy\" decoding=\"async\" class=\"alignnone size-full wp-image-14063\" src=\"https:\/\/serveiseducatius.xtec.cat\/pallars\/wp-content\/uploads\/usu1099\/2020\/10\/lectura-en-veu-alta-full-informatiu20.png\" alt=\"\" width=\"222\" height=\"122\" \/><\/a><\/td>\n<\/tr>\n<tr style=\"height: 49px;\">\n<td style=\"width: 258.167px; height: 49px; border-style: none; background-color: #f5eadf; text-align: center;\" scope=\"row\" height=\"21\"><a href=\"https:\/\/serveiseducatius.xtec.cat\/pallars\/general\/jornada-virtual-de-biblioteca-publica-i-centres-educatius-dels-pallars-i-alta-ribagorca\/\"><strong>Jornada Virtual de Biblioteca P\u00fablica i Centres Educatius de l&#8217;Alta Ribagor\u00e7a i dels Pallars<\/strong><\/a><\/td>\n<td style=\"width: 252.483px; height: 49px; border-style: none; text-align: center;\"><a href=\"https:\/\/serveiseducatius.xtec.cat\/pallars\/general\/oferta-formativa-2020-2021\/\"><strong>Inscripcions<\/strong><\/a><\/td>\n<td style=\"width: 255.35px; height: 49px; border-style: none; background-color: #f5eadf; text-align: center;\"><a href=\"https:\/\/serveiseducatius.xtec.cat\/pallars\/portada\/xvii-certamen-de-lectura-en-veu-alta\/\"><strong>M\u00e9s informaci\u00f3<\/strong><\/a><\/td>\n<\/tr>\n<tr style=\"height: 33px;\">\n<td style=\"width: 258.167px; height: 33px; border-style: none; text-align: center;\" scope=\"row\"><a href=\"https:\/\/projectes.xtec.cat\/gep\/\"><img loading=\"lazy\" decoding=\"async\" class=\"size-full wp-image-14065 aligncenter\" src=\"https:\/\/serveiseducatius.xtec.cat\/pallars\/wp-content\/uploads\/usu1099\/2020\/10\/GEPnodes.png\" alt=\"\" width=\"223\" height=\"122\" \/><\/a><\/td>\n<td style=\"width: 252.483px; height: 33px; border-style: none; background-color: #f5eadf; text-align: center;\"><a href=\"https:\/\/projectes.xtec.cat\/internacional\/#\"><img loading=\"lazy\" decoding=\"async\" class=\"size-full wp-image-14066 aligncenter\" src=\"https:\/\/serveiseducatius.xtec.cat\/pallars\/wp-content\/uploads\/usu1099\/2020\/10\/Projectes-internacionals.png\" alt=\"\" width=\"222\" height=\"122\" \/><\/a><\/td>\n<td style=\"width: 255.35px; height: 33px; border-style: none; text-align: center;\"><a href=\"https:\/\/serveiseducatius.xtec.cat\/pallars\/general\/autoformacio-en-obert-del-cesire\/\"><img loading=\"lazy\" decoding=\"async\" class=\"alignnone size-full wp-image-14068\" src=\"https:\/\/serveiseducatius.xtec.cat\/pallars\/wp-content\/uploads\/usu1099\/2020\/10\/cesire.png\" alt=\"\" width=\"222\" height=\"123\" \/><\/a><\/td>\n<\/tr>\n<tr style=\"height: 33px;\">\n<td style=\"width: 258.167px; height: 33px; border-style: none; text-align: center;\" scope=\"row\" height=\"21\"><a href=\"https:\/\/projectes.xtec.cat\/gep\/\"><strong> <b>Bones pr\u00e0ctiques<\/b><\/strong><\/a><\/td>\n<td style=\"width: 252.483px; height: 33px; border-style: none; background-color: #f5eadf; text-align: center;\"><a href=\"https:\/\/projectes.xtec.cat\/internacional\/#\"><strong>Nodes<\/strong> <\/a><\/td>\n<td style=\"width: 255.35px; height: 33px; border-style: none; text-align: center;\"><span style=\"font-family: helvetica, arial, sans-serif;\"><strong><a href=\"https:\/\/serveiseducatius.xtec.cat\/pallars\/general\/autoformacio-en-obert-del-cesire\/\">Autoformaci\u00f3 en obert<\/a> <\/strong><\/span><\/td>\n<\/tr>\n<tr style=\"height: 33px;\">\n<td style=\"width: 258.167px; height: 33px; border-style: none; background-color: #f5eadf; text-align: center;\" scope=\"row\"><a href=\"https:\/\/c2em.feemcat.org\/\"><img loading=\"lazy\" decoding=\"async\" class=\"alignnone size-full wp-image-14069\" src=\"https:\/\/serveiseducatius.xtec.cat\/pallars\/wp-content\/uploads\/usu1099\/2020\/10\/Congres-de-matem\u00e0tiques.png\" alt=\"\" width=\"222\" height=\"122\" \/><\/a><\/td>\n<td style=\"width: 252.483px; height: 33px; border-style: none; text-align: center;\"><a href=\"https:\/\/sc20.netlify.app\/\"><img loading=\"lazy\" decoding=\"async\" class=\"alignnone size-full wp-image-14070\" src=\"https:\/\/serveiseducatius.xtec.cat\/pallars\/wp-content\/uploads\/usu1099\/2020\/10\/Steamcon.png\" alt=\"\" width=\"222\" height=\"122\" \/><\/a><\/td>\n<td style=\"width: 255.35px; height: 33px; border-style: none; background-color: #f5eadf; text-align: center;\"><a href=\"https:\/\/serveiseducatius.xtec.cat\/pallars\/general\/atencio-primaria-sense-fum-oferta-formativa\/\"><img loading=\"lazy\" decoding=\"async\" class=\"alignnone size-full wp-image-14080\" src=\"https:\/\/serveiseducatius.xtec.cat\/pallars\/wp-content\/uploads\/usu1099\/2020\/10\/atencio-primaria.png\" alt=\"\" width=\"222\" height=\"123\" \/><\/a><\/td>\n<\/tr>\n<tr style=\"height: 33px;\">\n<td style=\"width: 258.167px; height: 33px; border-style: none; background-color: #f5eadf; text-align: center;\" scope=\"row\"><a href=\"https:\/\/c2em.feemcat.org\/\"><strong>Congr\u00e9s Catal\u00e0 d&#8217;Educaci\u00f3 Matem\u00e0tica<\/strong><\/a><\/td>\n<td style=\"width: 252.483px; height: 33px; border-style: none; text-align: center;\"><strong><a href=\"https:\/\/sc20.netlify.app\/\"><b>M\u00e9s informaci\u00f3<\/b><\/a><br \/>\n<\/strong><\/td>\n<td style=\"width: 255.35px; height: 33px; border-style: none; background-color: #f5eadf; text-align: center;\"><a href=\"https:\/\/serveiseducatius.xtec.cat\/pallars\/general\/atencio-primaria-sense-fum-oferta-formativa\/\"><strong> <b>Formaci\u00f3 en l\u00ednia <\/b><\/strong><\/a><\/td>\n<\/tr>\n<\/tbody>\n<\/table>\n","protected":false},"excerpt":{"rendered":"<p>&nbsp; Jornada Virtual de Biblioteca P\u00fablica i Centres Educatius de l&#8217;Alta Ribagor\u00e7a i dels Pallars Inscripcions M\u00e9s informaci\u00f3 Bones pr\u00e0ctiques [&hellip;]<\/p>\n","protected":false},"author":1,"featured_media":0,"parent":17694,"menu_order":10,"comment_status":"closed","ping_status":"closed","template":"page-templates\/side-menu.php","meta":{"_bbp_topic_count":0,"_bbp_reply_count":0,"_bbp_total_topic_count":0,"_bbp_total_reply_count":0,"_bbp_voice_count":0,"_bbp_anonymous_reply_count":0,"_bbp_topic_count_hidden":0,"_bbp_reply_count_hidden":0,"_bbp_forum_subforum_count":0,"site-sidebar-layout":"default","site-content-layout":"","ast-site-content-layout":"","site-content-style":"default","site-sidebar-style":"default","ast-global-header-display":"","ast-banner-title-visibility":"","ast-main-header-display":"","ast-hfb-above-header-display":"","ast-hfb-below-header-display":"","ast-hfb-mobile-header-display":"","site-post-title":"","ast-breadcrumbs-content":"","ast-featured-img":"","footer-sml-layout":"","theme-transparent-header-meta":"","adv-header-id-meta":"","stick-header-meta":"","header-above-stick-meta":"","header-main-stick-meta":"","header-below-stick-meta":"","astra-migrate-meta-layouts":"default","ast-page-background-enabled":"default","ast-page-background-meta":{"desktop":{"background-color":"var(--ast-global-color-4)","background-image":"","background-repeat":"repeat","background-position":"center center","background-size":"auto","background-attachment":"scroll","background-type":"","background-media":"","overlay-type":"","overlay-color":"","overlay-opacity":"","overlay-gradient":""},"tablet":{"background-color":"","background-image":"","background-repeat":"repeat","background-position":"center center","background-size":"auto","background-attachment":"scroll","background-type":"","background-media":"","overlay-type":"","overlay-color":"","overlay-opacity":"","overlay-gradient":""},"mobile":{"background-color":"","background-image":"","background-repeat":"repeat","background-position":"center center","background-size":"auto","background-attachment":"scroll","background-type":"","background-media":"","overlay-type":"","overlay-color":"","overlay-opacity":"","overlay-gradient":""}},"ast-content-background-meta":{"desktop":{"background-color":"var(--ast-global-color-5)","background-image":"","background-repeat":"repeat","background-position":"center center","background-size":"auto","background-attachment":"scroll","background-type":"","background-media":"","overlay-type":"","overlay-color":"","overlay-opacity":"","overlay-gradient":""},"tablet":{"background-color":"var(--ast-global-color-5)","background-image":"","background-repeat":"repeat","background-position":"center center","background-size":"auto","background-attachment":"scroll","background-type":"","background-media":"","overlay-type":"","overlay-color":"","overlay-opacity":"","overlay-gradient":""},"mobile":{"background-color":"var(--ast-global-color-5)","background-image":"","background-repeat":"repeat","background-position":"center center","background-size":"auto","background-attachment":"scroll","background-type":"","background-media":"","overlay-type":"","overlay-color":"","overlay-opacity":"","overlay-gradient":""}},"footnotes":""},"class_list":["post-14082","page","type-page","status-publish","hentry"],"post_mailing_queue_ids":[],"_links":{"self":[{"href":"https:\/\/serveiseducatius.xtec.cat\/pallars\/wp-json\/wp\/v2\/pages\/14082","targetHints":{"allow":["GET"]}}],"collection":[{"href":"https:\/\/serveiseducatius.xtec.cat\/pallars\/wp-json\/wp\/v2\/pages"}],"about":[{"href":"https:\/\/serveiseducatius.xtec.cat\/pallars\/wp-json\/wp\/v2\/types\/page"}],"author":[{"embeddable":true,"href":"https:\/\/serveiseducatius.xtec.cat\/pallars\/wp-json\/wp\/v2\/users\/1"}],"replies":[{"embeddable":true,"href":"https:\/\/serveiseducatius.xtec.cat\/pallars\/wp-json\/wp\/v2\/comments?post=14082"}],"version-history":[{"count":3,"href":"https:\/\/serveiseducatius.xtec.cat\/pallars\/wp-json\/wp\/v2\/pages\/14082\/revisions"}],"predecessor-version":[{"id":14092,"href":"https:\/\/serveiseducatius.xtec.cat\/pallars\/wp-json\/wp\/v2\/pages\/14082\/revisions\/14092"}],"up":[{"embeddable":true,"href":"https:\/\/serveiseducatius.xtec.cat\/pallars\/wp-json\/wp\/v2\/pages\/17694"}],"wp:attachment":[{"href":"https:\/\/serveiseducatius.xtec.cat\/pallars\/wp-json\/wp\/v2\/media?parent=14082"}],"curies":[{"name":"wp","href":"https:\/\/api.w.org\/{rel}","templated":true}]}}